{"id":6991,"date":"2025-03-04T10:27:31","date_gmt":"2025-03-04T08:27:31","guid":{"rendered":"https:\/\/rif.gdu.edu.az\/?page_id=6991"},"modified":"2025-03-04T10:27:33","modified_gmt":"2025-03-04T08:27:33","slug":"riyazi-analiz-8","status":"publish","type":"page","link":"https:\/\/rif.gdu.edu.az\/?page_id=6991","title":{"rendered":"R\u0130YAZ\u0130 ANAL\u0130Z"},"content":{"rendered":"\n<p class=\"has-text-align-center\" style=\"font-size:27px\"><strong>\u0130smay\u0131lova Samir\u0259 Akif q\u0131z\u0131<\/strong><\/p>\n\n\n<div class=\"wp-block-image\">\n<figure class=\"aligncenter size-full is-resized\"><img loading=\"lazy\" decoding=\"async\" width=\"556\" height=\"702\" src=\"https:\/\/rif.gdu.edu.az\/wp-content\/uploads\/2025\/03\/IMG_20250304_121244-1.jpg\" alt=\"\" class=\"wp-image-6993\" style=\"width:250px;height:auto\"\/><\/figure><\/div>\n\n\n<p><strong>QISA B\u0130OQRAF\u0130K M\u018fLUMAT<\/strong><\/p>\n\n\n\n<p>1995-ci il may 21 G\u0259nc\u0259 \u015f\u0259h\u0259rind\u0259 anadan olub.<\/p>\n\n\n\n<p><strong>Telefon:\u00a0<\/strong><\/p>\n\n\n\n<p><strong>\u00a0E-mail:<\/strong><\/p>\n\n\n\n<p><strong>T\u018fHS\u0130L\u0130, ELM\u0130 D\u018fR\u018fC\u018fS\u0130 V\u018f ELM\u0130 ADLARI<\/strong><strong><\/strong><\/p>\n\n\n\n<p>2002-2013- c\u00fc ill\u0259rd\u0259 G\u0259nc\u0259 \u015f\u0259h\u0259r \u00a0\u015eah \u0130smay\u0131l X\u0259tai ad\u0131na 13 \u2116 -li\u00a0 orta m\u0259kt\u0259bd\u0259 t\u0259hsil al\u0131b.<\/p>\n\n\n\n<p>2013-2017 \u2013ci ill\u0259rd\u0259 G\u0259nc\u0259 D\u00f6vl\u0259t Universitetinin Riyaziyyat-\u0130nformatika fak\u00fclt\u0259sinin \u0130nformatika m\u00fc\u0259llimliyi ixtisas\u0131nda t\u0259hsil al\u0131b.<\/p>\n\n\n\n<p><strong>\u018fM\u018fK F\u018fAL\u0130YY\u018fT\u0130<\/strong><\/p>\n\n\n\n<p>2022-2023 \u2013c\u00fc t\u0259dris ilind\u0259 Goranboy rayon Sarovlu k\u0259nd \u00fcmumi orta m\u0259kt\u0259bind\u0259 \u0130nformatika m\u00fc\u0259llimi\u00a0 i\u015fl\u0259yib.<\/p>\n\n\n\n<p>2024-c\u00fc ild\u0259n GDU \u2013nun Riyaziyyat-\u0130nformatika fak\u00fclt\u0259sinin Riyazi analiz kafedras\u0131nda laborant kimi \u00e7al\u0131\u015f\u0131r.<\/p>\n\n\n\n<p><strong>SE\u00c7\u0130LM\u0130\u015e \u018fS\u018fRL\u018fR\u0130<\/strong><strong><\/strong><\/p>\n","protected":false},"excerpt":{"rendered":"<p>\u0130smay\u0131lova Samir\u0259 Akif q\u0131z\u0131 QISA B\u0130OQRAF\u0130K M\u018fLUMAT 1995-ci il may 21 G\u0259nc\u0259 \u015f\u0259h\u0259rind\u0259 anadan olub. Telefon:\u00a0 \u00a0E-mail: T\u018fHS\u0130L\u0130, ELM\u0130 D\u018fR\u018fC\u018fS\u0130 V\u018f ELM\u0130 ADLARI 2002-2013- c\u00fc ill\u0259rd\u0259 G\u0259nc\u0259 \u015f\u0259h\u0259r \u00a0\u015eah \u0130smay\u0131l X\u0259tai ad\u0131na 13 \u2116 -li\u00a0 orta m\u0259kt\u0259bd\u0259 t\u0259hsil al\u0131b. 2013-2017 \u2013ci ill\u0259rd\u0259 G\u0259nc\u0259 D\u00f6vl\u0259t Universitetinin Riyaziyyat-\u0130nformatika fak\u00fclt\u0259sinin \u0130nformatika m\u00fc\u0259llimliyi ixtisas\u0131nda t\u0259hsil al\u0131b. \u018fM\u018fK F\u018fAL\u0130YY\u018fT\u0130 2022-2023<\/p>\n<p><a href=\"https:\/\/rif.gdu.edu.az\/?page_id=6991\" class=\"more-link themebutton\">Daha \u0259trafl\u0131<\/a><\/p>\n","protected":false},"author":4,"featured_media":0,"parent":0,"menu_order":0,"comment_status":"closed","ping_status":"closed","template":"","meta":{"footnotes":""},"class_list":["post-6991","page","type-page","status-publish","hentry"],"_links":{"self":[{"href":"https:\/\/rif.gdu.edu.az\/index.php?rest_route=\/wp\/v2\/pages\/6991","targetHints":{"allow":["GET"]}}],"collection":[{"href":"https:\/\/rif.gdu.edu.az\/index.php?rest_route=\/wp\/v2\/pages"}],"about":[{"href":"https:\/\/rif.gdu.edu.az\/index.php?rest_route=\/wp\/v2\/types\/page"}],"author":[{"embeddable":true,"href":"https:\/\/rif.gdu.edu.az\/index.php?rest_route=\/wp\/v2\/users\/4"}],"replies":[{"embeddable":true,"href":"https:\/\/rif.gdu.edu.az\/index.php?rest_route=%2Fwp%2Fv2%2Fcomments&post=6991"}],"version-history":[{"count":1,"href":"https:\/\/rif.gdu.edu.az\/index.php?rest_route=\/wp\/v2\/pages\/6991\/revisions"}],"predecessor-version":[{"id":6994,"href":"https:\/\/rif.gdu.edu.az\/index.php?rest_route=\/wp\/v2\/pages\/6991\/revisions\/6994"}],"wp:attachment":[{"href":"https:\/\/rif.gdu.edu.az\/index.php?rest_route=%2Fwp%2Fv2%2Fmedia&parent=6991"}],"curies":[{"name":"wp","href":"https:\/\/api.w.org\/{rel}","templated":true}]}}