{"id":5857,"date":"2024-04-02T16:27:35","date_gmt":"2024-04-02T14:27:35","guid":{"rendered":"https:\/\/rif.gdu.edu.az\/?page_id=5857"},"modified":"2025-11-02T16:18:22","modified_gmt":"2025-11-02T14:18:22","slug":"riyaziyyat-mu%c9%99llimliyi-3","status":"publish","type":"page","link":"https:\/\/rif.gdu.edu.az\/?page_id=5857","title":{"rendered":"R\u0130YAZ\u0130YYAT M\u00dc\u018fLL\u0130ML\u0130Y\u0130"},"content":{"rendered":"\n<p class=\"has-large-font-size\"><strong><a href=\"https:\/\/disk.yandex.ru\/i\/FCpnXcRUK-aZng\">\u0130xtisas\u0131n t\u0259lim n\u0259tic\u0259l\u0259ri<\/a><\/strong>  <\/p>\n\n\n\n<figure class=\"wp-block-image size-full\"><img loading=\"lazy\" decoding=\"async\" width=\"402\" height=\"599\" src=\"http:\/\/rif.gdu.edu.az\/wp-content\/uploads\/2025\/11\/1.jpg\" alt=\"\" class=\"wp-image-8058\"\/><\/figure>\n","protected":false},"excerpt":{"rendered":"<p>\u0130xtisas\u0131n t\u0259lim n\u0259tic\u0259l\u0259ri<\/p>\n","protected":false},"author":4,"featured_media":0,"parent":0,"menu_order":0,"comment_status":"closed","ping_status":"closed","template":"","meta":{"footnotes":""},"class_list":["post-5857","page","type-page","status-publish","hentry"],"_links":{"self":[{"href":"https:\/\/rif.gdu.edu.az\/index.php?rest_route=\/wp\/v2\/pages\/5857","targetHints":{"allow":["GET"]}}],"collection":[{"href":"https:\/\/rif.gdu.edu.az\/index.php?rest_route=\/wp\/v2\/pages"}],"about":[{"href":"https:\/\/rif.gdu.edu.az\/index.php?rest_route=\/wp\/v2\/types\/page"}],"author":[{"embeddable":true,"href":"https:\/\/rif.gdu.edu.az\/index.php?rest_route=\/wp\/v2\/users\/4"}],"replies":[{"embeddable":true,"href":"https:\/\/rif.gdu.edu.az\/index.php?rest_route=%2Fwp%2Fv2%2Fcomments&post=5857"}],"version-history":[{"count":8,"href":"https:\/\/rif.gdu.edu.az\/index.php?rest_route=\/wp\/v2\/pages\/5857\/revisions"}],"predecessor-version":[{"id":8061,"href":"https:\/\/rif.gdu.edu.az\/index.php?rest_route=\/wp\/v2\/pages\/5857\/revisions\/8061"}],"wp:attachment":[{"href":"https:\/\/rif.gdu.edu.az\/index.php?rest_route=%2Fwp%2Fv2%2Fmedia&parent=5857"}],"curies":[{"name":"wp","href":"https:\/\/api.w.org\/{rel}","templated":true}]}}