{"id":5855,"date":"2024-04-02T16:27:35","date_gmt":"2024-04-02T14:27:35","guid":{"rendered":"https:\/\/rif.gdu.edu.az\/?page_id=5855"},"modified":"2024-04-02T16:27:35","modified_gmt":"2024-04-02T14:27:35","slug":"ixtisaslar-uzr%c9%99-t%c9%99lim-n%c9%99tic%c9%99l%c9%99ri","status":"publish","type":"page","link":"https:\/\/rif.gdu.edu.az\/?page_id=5855","title":{"rendered":"\u0130XT\u0130SASLAR \u00dcZR\u018f T\u018fL\u0130M N\u018fT\u0130C\u018fL\u018fR\u0130"},"content":{"rendered":"","protected":false},"excerpt":{"rendered":"","protected":false},"author":4,"featured_media":0,"parent":0,"menu_order":0,"comment_status":"closed","ping_status":"closed","template":"","meta":{"footnotes":""},"class_list":["post-5855","page","type-page","status-publish","hentry"],"_links":{"self":[{"href":"https:\/\/rif.gdu.edu.az\/index.php?rest_route=\/wp\/v2\/pages\/5855","targetHints":{"allow":["GET"]}}],"collection":[{"href":"https:\/\/rif.gdu.edu.az\/index.php?rest_route=\/wp\/v2\/pages"}],"about":[{"href":"https:\/\/rif.gdu.edu.az\/index.php?rest_route=\/wp\/v2\/types\/page"}],"author":[{"embeddable":true,"href":"https:\/\/rif.gdu.edu.az\/index.php?rest_route=\/wp\/v2\/users\/4"}],"replies":[{"embeddable":true,"href":"https:\/\/rif.gdu.edu.az\/index.php?rest_route=%2Fwp%2Fv2%2Fcomments&post=5855"}],"version-history":[{"count":1,"href":"https:\/\/rif.gdu.edu.az\/index.php?rest_route=\/wp\/v2\/pages\/5855\/revisions"}],"predecessor-version":[{"id":5861,"href":"https:\/\/rif.gdu.edu.az\/index.php?rest_route=\/wp\/v2\/pages\/5855\/revisions\/5861"}],"wp:attachment":[{"href":"https:\/\/rif.gdu.edu.az\/index.php?rest_route=%2Fwp%2Fv2%2Fmedia&parent=5855"}],"curies":[{"name":"wp","href":"https:\/\/api.w.org\/{rel}","templated":true}]}}