{"id":5776,"date":"2024-03-02T22:08:10","date_gmt":"2024-03-02T20:08:10","guid":{"rendered":"https:\/\/rif.gdu.edu.az\/?page_id=5776"},"modified":"2024-03-02T22:08:10","modified_gmt":"2024-03-02T20:08:10","slug":"umumi-riyaziyyat-32","status":"publish","type":"page","link":"https:\/\/rif.gdu.edu.az\/?page_id=5776","title":{"rendered":"\u00dcmumi riyaziyyat"},"content":{"rendered":"\n<p class=\"has-text-align-center\" style=\"font-size:28px\"><strong>Laborant M\u0259simova Ziba Kamil q\u0131z\u0131<\/strong><\/p>\n\n\n\n<div class=\"wp-block-image\"><figure class=\"aligncenter size-full is-resized\"><img loading=\"lazy\" decoding=\"async\" src=\"http:\/\/rif.gdu.edu.az\/wp-content\/uploads\/2024\/03\/Zibicka.jpg\" alt=\"\" class=\"wp-image-5713\" width=\"346\" height=\"488\"\/><\/figure><\/div>\n\n\n\n<p><strong>QISA B\u0130OQRAF\u0130K M\u018fLUMAT<\/strong><\/p>\n\n\n\n<p class=\"has-medium-font-size\">8 may 1987-ci ild\u0259 G\u0259nc\u0259 \u015f\u0259h\u0259rind\u0259 anadan olmu\u015fdur.<\/p>\n\n\n\n<p class=\"has-medium-font-size\">Ail\u0259lidir, 2 \u00f6vlad\u0131 var.&nbsp; 2018-ci ild\u0259n YAP-\u0131n \u00fczv\u00fcd\u00fcr.<\/p>\n\n\n\n<p class=\"has-medium-font-size\"><strong>Telefon: <\/strong>+994558129887<\/p>\n\n\n\n<p class=\"has-medium-font-size\"><strong>&nbsp;&nbsp;&nbsp;&nbsp; E-mail: <\/strong>mesimova87@gmail.com<\/p>\n\n\n\n<p class=\"has-medium-font-size\"><strong>T\u018fHS\u0130L\u0130, ELM\u0130 D\u018fR\u018fC\u018fS\u0130 V\u018f ELM\u0130 ADLARI<\/strong><strong><\/strong><\/p>\n\n\n\n<ol type=\"1\" class=\"has-medium-font-size wp-block-list\"><li>2005-2009-cu ill\u0259r G\u0259nc\u0259 D\u00f6vl\u0259t Universiteti, Riyaziyyat-informatika fak\u00fclt\u0259si<\/li><li>2022-ci ild\u0259n G\u0259nc\u0259 D\u00f6vl\u0259t Universitetinin \u0259yani, magistratura<\/li><li>2018-ci ild\u0259 G\u0259nc\u0259 D\u00f6vl\u0259t Universiteti, laborant<\/li><\/ol>\n\n\n\n<p class=\"has-medium-font-size\"><strong>\u018fM\u018fK F\u018fAL\u0130YY\u018fT\u0130<\/strong><\/p>\n\n\n\n<p class=\"has-medium-font-size\"><strong>2018-ci ild\u0259n <\/strong>G\u0259nc\u0259 D\u00f6vl\u0259t Universitetinin Riyazi analiz kafedras\u0131n\u0131n laborant\u0131<\/p>\n\n\n\n<p class=\"has-medium-font-size\">&nbsp;&nbsp;&nbsp;&nbsp;&nbsp; <strong>ELM\u0130 \u018fS\u018fRL\u018fR\u0130<\/strong><\/p>\n\n\n\n<ol type=\"1\" class=\"has-medium-font-size wp-block-list\"><li><strong>S\u0259th \u00fcz\u0259rind\u0259 ba\u015f istiqam\u0259tl\u0259r<\/strong><strong><\/strong><\/li><li>S\u0259thin 2-ci v\u0259 3-c\u00fc kvadratik formalar\u0131<strong><\/strong><\/li><\/ol>\n\n\n\n<p class=\"has-medium-font-size\"><strong>BEYN\u018fLXALQ SEM\u0130NAR, S\u0130MPOZ\u0130UM V\u018f KONFRANSLARDA \u0130\u015eT\u0130RAKI<\/strong><\/p>\n\n\n\n<p class=\"has-medium-font-size\">\u2022 2-d\u0259n art\u0131q beyn\u0259lxalq v\u0259 respublika elmi konfranslar\u0131nda m\u00fcxt\u0259lif m\u00f6vzulu m\u0259ruz\u0259l\u0259rl\u0259 \u00e7\u0131x\u0131\u015f etmi\u015fdir.<\/p>\n","protected":false},"excerpt":{"rendered":"<p>Laborant M\u0259simova Ziba Kamil q\u0131z\u0131 QISA B\u0130OQRAF\u0130K M\u018fLUMAT 8 may 1987-ci ild\u0259 G\u0259nc\u0259 \u015f\u0259h\u0259rind\u0259 anadan olmu\u015fdur. Ail\u0259lidir, 2 \u00f6vlad\u0131 var.&nbsp; 2018-ci ild\u0259n YAP-\u0131n \u00fczv\u00fcd\u00fcr. Telefon: +994558129887 &nbsp;&nbsp;&nbsp;&nbsp; E-mail: mesimova87@gmail.com T\u018fHS\u0130L\u0130, ELM\u0130 D\u018fR\u018fC\u018fS\u0130 V\u018f ELM\u0130 ADLARI 2005-2009-cu ill\u0259r G\u0259nc\u0259 D\u00f6vl\u0259t Universiteti, Riyaziyyat-informatika fak\u00fclt\u0259si 2022-ci ild\u0259n G\u0259nc\u0259 D\u00f6vl\u0259t Universitetinin \u0259yani, magistratura 2018-ci ild\u0259 G\u0259nc\u0259 D\u00f6vl\u0259t Universiteti, laborant<\/p>\n<p><a href=\"https:\/\/rif.gdu.edu.az\/?page_id=5776\" class=\"more-link themebutton\">Daha \u0259trafl\u0131<\/a><\/p>\n","protected":false},"author":4,"featured_media":0,"parent":0,"menu_order":0,"comment_status":"closed","ping_status":"closed","template":"","meta":{"footnotes":""},"class_list":["post-5776","page","type-page","status-publish","hentry"],"_links":{"self":[{"href":"https:\/\/rif.gdu.edu.az\/index.php?rest_route=\/wp\/v2\/pages\/5776","targetHints":{"allow":["GET"]}}],"collection":[{"href":"https:\/\/rif.gdu.edu.az\/index.php?rest_route=\/wp\/v2\/pages"}],"about":[{"href":"https:\/\/rif.gdu.edu.az\/index.php?rest_route=\/wp\/v2\/types\/page"}],"author":[{"embeddable":true,"href":"https:\/\/rif.gdu.edu.az\/index.php?rest_route=\/wp\/v2\/users\/4"}],"replies":[{"embeddable":true,"href":"https:\/\/rif.gdu.edu.az\/index.php?rest_route=%2Fwp%2Fv2%2Fcomments&post=5776"}],"version-history":[{"count":1,"href":"https:\/\/rif.gdu.edu.az\/index.php?rest_route=\/wp\/v2\/pages\/5776\/revisions"}],"predecessor-version":[{"id":5777,"href":"https:\/\/rif.gdu.edu.az\/index.php?rest_route=\/wp\/v2\/pages\/5776\/revisions\/5777"}],"wp:attachment":[{"href":"https:\/\/rif.gdu.edu.az\/index.php?rest_route=%2Fwp%2Fv2%2Fmedia&parent=5776"}],"curies":[{"name":"wp","href":"https:\/\/api.w.org\/{rel}","templated":true}]}}