{"id":5774,"date":"2024-03-02T22:05:20","date_gmt":"2024-03-02T20:05:20","guid":{"rendered":"https:\/\/rif.gdu.edu.az\/?page_id=5774"},"modified":"2024-03-02T22:05:20","modified_gmt":"2024-03-02T20:05:20","slug":"umumi-riyaziyyat-31","status":"publish","type":"page","link":"https:\/\/rif.gdu.edu.az\/?page_id=5774","title":{"rendered":"\u00dcmumi riyaziyyat"},"content":{"rendered":"\n<p class=\"has-text-align-center\" style=\"font-size:28px\"><strong>Laborant Zeynalova Nazil\u0259 Firuddin q\u0131z\u0131<\/strong><\/p>\n\n\n\n<div class=\"wp-block-image\"><figure class=\"aligncenter size-full is-resized\"><img loading=\"lazy\" decoding=\"async\" src=\"http:\/\/rif.gdu.edu.az\/wp-content\/uploads\/2024\/03\/Nazil\u0259.jpg\" alt=\"\" class=\"wp-image-5701\" width=\"324\" height=\"457\"\/><\/figure><\/div>\n\n\n\n<p class=\"has-medium-font-size\"><strong>&nbsp; QISA B\u0130OQRAF\u0130K M\u018fLUMAT<\/strong><\/p>\n\n\n\n<ul class=\"has-medium-font-size wp-block-list\"><li>1976-c\u0130 il\u00a0 yanvarin 31-d\u0259 G\u0259nc\u0259 \u015f\u0259h\u0259rind\u0259 anadan olmu\u015fdur.<\/li><li>1983 \u2013c\u0131\u00a0 ild\u0259 G\u0259nc\u0259 \u015f\u0259h\u0259rind\u0259 31 sayl\u0131 \u00a0\u00a0orta m\u0259kt\u0259bind\u0259 oxumu\u015fdur.<\/li><li>1993-ci ild\u0259 G\u0259nc\u0259 \u015f\u0259h\u0259rind\u0259 31 sayli\u00a0 orta m\u0259kt\u0259bind\u0259\u00a0 t\u0259hsil alm\u0131\u015f, h\u0259min m\u0259kt\u0259bi bitirmi\u015fdir\u00a0 Ail\u0259lidir 1 \u00f6vlad\u0131 var. YAP-\u0131n \u00fczv\u00fcd\u00fcr.<\/li><\/ul>\n\n\n\n<p class=\"has-medium-font-size\"><strong>&nbsp;&nbsp;&nbsp;&nbsp;&nbsp;&nbsp;&nbsp;&nbsp;&nbsp;&nbsp;&nbsp;&nbsp;&nbsp; T\u018fHS\u0130L\u0130 v\u0259 ELM\u0130 D\u018fR\u018fC\u018f ADLARI<\/strong><\/p>\n\n\n\n<ul class=\"has-medium-font-size wp-block-list\"><li>1997-ci ild\u0259 -c\u00fc ild\u0259 GDU-nun Riyaziyyat-informatika&nbsp; fakult\u0259sinin&nbsp; daxil oub.<\/li><li>2002-ci &nbsp;ild\u0259 GDU-nun Riyaziyyat-informatika&nbsp; fakult\u0259sini &nbsp;(qiyabi ) bitirmi\u015fdir.<\/li><li>&nbsp;<\/li><\/ul>\n\n\n\n<p class=\"has-medium-font-size\"><strong>&nbsp;&nbsp;&nbsp;&nbsp;&nbsp;&nbsp;&nbsp;&nbsp;&nbsp;&nbsp;&nbsp;&nbsp;&nbsp;&nbsp; \u018fM\u018fK F\u018fAL\u0130YY\u018fT\u0130<\/strong><\/p>\n\n\n\n<ul class=\"has-medium-font-size wp-block-list\"><li>2000-ci ild\u0259 GDU-nun \u201d\u00dcmumi riyaziyyat\u201d&nbsp; kafedras\u0131nda laborant v\u0259zif\u0259sind\u0259 i\u015fl\u0259yir.<\/li><\/ul>\n","protected":false},"excerpt":{"rendered":"<p>Laborant Zeynalova Nazil\u0259 Firuddin q\u0131z\u0131 &nbsp; QISA B\u0130OQRAF\u0130K M\u018fLUMAT 1976-c\u0130 il\u00a0 yanvarin 31-d\u0259 G\u0259nc\u0259 \u015f\u0259h\u0259rind\u0259 anadan olmu\u015fdur. 1983 \u2013c\u0131\u00a0 ild\u0259 G\u0259nc\u0259 \u015f\u0259h\u0259rind\u0259 31 sayl\u0131 \u00a0\u00a0orta m\u0259kt\u0259bind\u0259 oxumu\u015fdur. 1993-ci ild\u0259 G\u0259nc\u0259 \u015f\u0259h\u0259rind\u0259 31 sayli\u00a0 orta m\u0259kt\u0259bind\u0259\u00a0 t\u0259hsil alm\u0131\u015f, h\u0259min m\u0259kt\u0259bi bitirmi\u015fdir\u00a0 Ail\u0259lidir 1 \u00f6vlad\u0131 var. YAP-\u0131n \u00fczv\u00fcd\u00fcr. &nbsp;&nbsp;&nbsp;&nbsp;&nbsp;&nbsp;&nbsp;&nbsp;&nbsp;&nbsp;&nbsp;&nbsp;&nbsp; T\u018fHS\u0130L\u0130 v\u0259 ELM\u0130 D\u018fR\u018fC\u018f ADLARI 1997-ci ild\u0259 -c\u00fc<\/p>\n<p><a href=\"https:\/\/rif.gdu.edu.az\/?page_id=5774\" class=\"more-link themebutton\">Daha \u0259trafl\u0131<\/a><\/p>\n","protected":false},"author":4,"featured_media":0,"parent":0,"menu_order":0,"comment_status":"closed","ping_status":"closed","template":"","meta":{"footnotes":""},"class_list":["post-5774","page","type-page","status-publish","hentry"],"_links":{"self":[{"href":"https:\/\/rif.gdu.edu.az\/index.php?rest_route=\/wp\/v2\/pages\/5774","targetHints":{"allow":["GET"]}}],"collection":[{"href":"https:\/\/rif.gdu.edu.az\/index.php?rest_route=\/wp\/v2\/pages"}],"about":[{"href":"https:\/\/rif.gdu.edu.az\/index.php?rest_route=\/wp\/v2\/types\/page"}],"author":[{"embeddable":true,"href":"https:\/\/rif.gdu.edu.az\/index.php?rest_route=\/wp\/v2\/users\/4"}],"replies":[{"embeddable":true,"href":"https:\/\/rif.gdu.edu.az\/index.php?rest_route=%2Fwp%2Fv2%2Fcomments&post=5774"}],"version-history":[{"count":1,"href":"https:\/\/rif.gdu.edu.az\/index.php?rest_route=\/wp\/v2\/pages\/5774\/revisions"}],"predecessor-version":[{"id":5775,"href":"https:\/\/rif.gdu.edu.az\/index.php?rest_route=\/wp\/v2\/pages\/5774\/revisions\/5775"}],"wp:attachment":[{"href":"https:\/\/rif.gdu.edu.az\/index.php?rest_route=%2Fwp%2Fv2%2Fmedia&parent=5774"}],"curies":[{"name":"wp","href":"https:\/\/api.w.org\/{rel}","templated":true}]}}