{"id":5766,"date":"2024-03-02T21:51:21","date_gmt":"2024-03-02T19:51:21","guid":{"rendered":"https:\/\/rif.gdu.edu.az\/?page_id=5766"},"modified":"2024-03-02T21:51:22","modified_gmt":"2024-03-02T19:51:22","slug":"umumi-riyaziyyat-27","status":"publish","type":"page","link":"https:\/\/rif.gdu.edu.az\/?page_id=5766","title":{"rendered":"\u00dcmumi riyaziyyat"},"content":{"rendered":"\n<p class=\"has-text-align-center\" style=\"font-size:28px\"><strong>M\u00fc\u0259llim Babayeva Humay Rza q\u0131z\u0131<\/strong><\/p>\n\n\n\n<div class=\"wp-block-image\"><figure class=\"aligncenter size-full is-resized\"><img loading=\"lazy\" decoding=\"async\" src=\"http:\/\/rif.gdu.edu.az\/wp-content\/uploads\/2024\/03\/Humay.jpg\" alt=\"\" class=\"wp-image-5694\" width=\"371\" height=\"518\"\/><\/figure><\/div>\n\n\n\n<p class=\"has-medium-font-size\"><strong>QISA B\u0130OQRAF\u0130K M\u018fLUMAT<\/strong><\/p>\n\n\n\n<ul class=\"has-medium-font-size wp-block-list\"><li>22.05.1997-ci ild\u0259 G\u0259nc\u0259 \u015f\u0259h\u0259rind\u0259 anadan olmu\u015fdur .<\/li><li>2003-2014-cu ill\u0259rd\u0259 Nizami G\u0259nc\u0259vi ad\u0131na 11 n\u00f6mr\u0259li tam orta m\u0259kt\u0259bd\u0259 t\u0259hsil alm\u0131\u015fd\u0131r.<\/li><li>2014-2019ci ill\u0259rd\u0259 G\u0259nc\u0259 D\u00f6vl\u0259t universitetinin riyaziyyat -informatika fak\u00fclt\u0259sinin riyaziyyat-informatika m\u00fc\u0259llimliyi ixtisas\u0131nda t\u0259hsil alm\u0131\u015fd\u0131r.<\/li><li>2019-2021 -ci ill\u0259rd\u0259 G\u0259nc\u0259 D\u00f6vl\u0259t universitetinin magistratura \u015f\u00f6b\u0259sinin, Hesablama riyaziyyati ixtisas\u0131nda t\u0259hsil alm\u0131\u015fd\u0131r.<\/li><li>Ail\u0259lidir, 2 \u00f6vlad\u0131 var.<\/li><\/ul>\n\n\n\n<p class=\"has-medium-font-size\"><strong>T\u018fHS\u0130L\u0130 v\u0259 ELM\u0130 D\u018fR\u018fC\u018fS\u0130<\/strong><\/p>\n\n\n\n<ul class=\"has-medium-font-size wp-block-list\"><li>Ali, magistr<\/li><\/ul>\n\n\n\n<p class=\"has-medium-font-size\"><strong>\u018fM\u018fK  F\u018fAL\u0130YY\u018fT\u0130<\/strong><\/p>\n\n\n\n<ul class=\"has-medium-font-size wp-block-list\"><li>2023-ci ild\u0259n G\u0259nc\u0259 D\u00f6vl\u0259t Universitetind\u0259 \u00e7al\u0131\u015f\u0131r.<\/li><li>Riyaziyyat\u0131n t\u0259drisi metodikas\u0131, Optimalla\u015fd\u0131rma \u00fcsullar\u0131 v\u0259 s. f\u0259nl\u0259rini t\u0259dris edir.<\/li><li>2 elmi m\u0259qal\u0259nin m\u00fc\u0259llifidir.<\/li><\/ul>\n\n\n\n<p class=\"has-medium-font-size\"><strong>ELM\u0130 \u018fS\u018fRL\u018fR\u0130<\/strong><\/p>\n\n\n\n<ol type=\"1\" class=\"has-medium-font-size wp-block-list\"><li>\u0421\u0438\u043c\u043f\u043b\u0435\u043a\u0441 \u043c\u0435\u0442\u043e\u0434 \u0440\u0435\u0448\u0435\u043d\u0438\u044f \u0437\u0430\u0434\u0430\u0447 \u043b\u0438\u043d\u0435\u0439\u043d\u043e\u0433\u043e \u043f\u0440\u043e\u0433\u0440\u0430\u043c\u043c\u0438\u0440\u043e\u0432\u0430\u043d\u0438\u044f: \u0442\u0438\u043f\u0438\u0447\u043d\u044b\u0439 \u043f\u0440\u0438\u043c\u0435\u0440 \u0438 \u0430\u043b\u0433\u043e\u0440\u0438\u0442\u043c<\/li><li>Simplex method for solving linear programming problems: a typical example and algorithm<\/li><\/ol>\n","protected":false},"excerpt":{"rendered":"<p>M\u00fc\u0259llim Babayeva Humay Rza q\u0131z\u0131 QISA B\u0130OQRAF\u0130K M\u018fLUMAT 22.05.1997-ci ild\u0259 G\u0259nc\u0259 \u015f\u0259h\u0259rind\u0259 anadan olmu\u015fdur . 2003-2014-cu ill\u0259rd\u0259 Nizami G\u0259nc\u0259vi ad\u0131na 11 n\u00f6mr\u0259li tam orta m\u0259kt\u0259bd\u0259 t\u0259hsil alm\u0131\u015fd\u0131r. 2014-2019ci ill\u0259rd\u0259 G\u0259nc\u0259 D\u00f6vl\u0259t universitetinin riyaziyyat -informatika fak\u00fclt\u0259sinin riyaziyyat-informatika m\u00fc\u0259llimliyi ixtisas\u0131nda t\u0259hsil alm\u0131\u015fd\u0131r. 2019-2021 -ci ill\u0259rd\u0259 G\u0259nc\u0259 D\u00f6vl\u0259t universitetinin magistratura \u015f\u00f6b\u0259sinin, Hesablama riyaziyyati ixtisas\u0131nda t\u0259hsil alm\u0131\u015fd\u0131r. Ail\u0259lidir, 2<\/p>\n<p><a href=\"https:\/\/rif.gdu.edu.az\/?page_id=5766\" class=\"more-link themebutton\">Daha \u0259trafl\u0131<\/a><\/p>\n","protected":false},"author":4,"featured_media":0,"parent":0,"menu_order":0,"comment_status":"closed","ping_status":"closed","template":"","meta":{"footnotes":""},"class_list":["post-5766","page","type-page","status-publish","hentry"],"_links":{"self":[{"href":"https:\/\/rif.gdu.edu.az\/index.php?rest_route=\/wp\/v2\/pages\/5766","targetHints":{"allow":["GET"]}}],"collection":[{"href":"https:\/\/rif.gdu.edu.az\/index.php?rest_route=\/wp\/v2\/pages"}],"about":[{"href":"https:\/\/rif.gdu.edu.az\/index.php?rest_route=\/wp\/v2\/types\/page"}],"author":[{"embeddable":true,"href":"https:\/\/rif.gdu.edu.az\/index.php?rest_route=\/wp\/v2\/users\/4"}],"replies":[{"embeddable":true,"href":"https:\/\/rif.gdu.edu.az\/index.php?rest_route=%2Fwp%2Fv2%2Fcomments&post=5766"}],"version-history":[{"count":1,"href":"https:\/\/rif.gdu.edu.az\/index.php?rest_route=\/wp\/v2\/pages\/5766\/revisions"}],"predecessor-version":[{"id":5767,"href":"https:\/\/rif.gdu.edu.az\/index.php?rest_route=\/wp\/v2\/pages\/5766\/revisions\/5767"}],"wp:attachment":[{"href":"https:\/\/rif.gdu.edu.az\/index.php?rest_route=%2Fwp%2Fv2%2Fmedia&parent=5766"}],"curies":[{"name":"wp","href":"https:\/\/api.w.org\/{rel}","templated":true}]}}