{"id":5764,"date":"2024-03-02T21:47:15","date_gmt":"2024-03-02T19:47:15","guid":{"rendered":"https:\/\/rif.gdu.edu.az\/?page_id=5764"},"modified":"2024-03-02T21:47:15","modified_gmt":"2024-03-02T19:47:15","slug":"umumi-riyaziyyat-26","status":"publish","type":"page","link":"https:\/\/rif.gdu.edu.az\/?page_id=5764","title":{"rendered":"\u00dcmumi riyaziyyat"},"content":{"rendered":"\n<p class=\"has-text-align-center\" style=\"font-size:28px\"><strong>M\u00fc\u0259llim Quliyeva N\u0259zrin Ceyhun q\u0131z\u0131<\/strong><\/p>\n\n\n\n<div class=\"wp-block-image\"><figure class=\"aligncenter size-full is-resized\"><img loading=\"lazy\" decoding=\"async\" src=\"http:\/\/rif.gdu.edu.az\/wp-content\/uploads\/2024\/03\/N\u0259zrin.jpg\" alt=\"\" class=\"wp-image-5702\" width=\"312\" height=\"509\"\/><\/figure><\/div>\n\n\n\n<p class=\"has-medium-font-size\"><strong>&nbsp;&nbsp;&nbsp;&nbsp;&nbsp;&nbsp;&nbsp;&nbsp;&nbsp; QISA B\u0130OQRAF\u0130K M\u018fLUMAT<\/strong><\/p>\n\n\n\n<ul class=\"has-medium-font-size wp-block-list\"><li>1995-ci ild\u0259 G\u0259nc\u0259 \u015f\u0259h\u0259rind\u0259 m\u00fc\u0259llim ail\u0259sind\u0259 anadan olmu\u015fdur.<\/li><li>2001-c\u00fc ild\u0259 G\u0259nc\u0259 \u015f\u0259h\u0259r \u0130.Qay\u0131bov ad\u0131na 1 sayl\u0131 tam orta m\u0259kt\u0259b\u0259 daxil olmu\u015fdur.<\/li><li>2011-c\u00fc ild\u0259 G\u0259nc\u0259 \u015f\u0259h\u0259r \u0130.Qay\u0131bov ad\u0131na 1 sayl\u0131 tam orta m\u0259kt\u0259bi bitirmi\u015fdir.<\/li><\/ul>\n\n\n\n<p class=\"has-medium-font-size\"><strong>&nbsp;&nbsp;&nbsp;&nbsp;&nbsp;&nbsp;&nbsp;&nbsp; T\u018fHS\u0130L\u0130 v\u0259 ELM\u0130 D\u018fR\u018fC\u018f ADLARI<\/strong><\/p>\n\n\n\n<ul class=\"has-medium-font-size wp-block-list\"><li>2011-cu ild\u0259 G\u0259nc\u0259 D\u00f6vl\u0259t Universitetinin Riyaziyyat-informatika fakult\u0259sinin.Riyaziyyat-informatika m\u00fc\u0259llimliyi ixtisas\u0131n\u0131 bitirmi\u015fdir.<\/li><li>2020-ci ild\u0259 G\u0259nc\u0259 D\u00f6vl\u0259t Universitetinin Magistatura fakult\u0259sinin Riyaziyyat\u0259\u0131n t\u0259drisi metodikas\u0131 v\u0259 metodologiyas\u0131n\u0131 f\u0259rql\u0259nm\u0259 diplomu il\u0259&nbsp;&nbsp;&nbsp;&nbsp;&nbsp;&nbsp; bitirmi\u015fdir.<\/li><\/ul>\n\n\n\n<p class=\"has-medium-font-size\"><strong>&nbsp;&nbsp;&nbsp;&nbsp;&nbsp;&nbsp;&nbsp;&nbsp;&nbsp;&nbsp; \u018fM\u018fK F\u018fAL\u0130YY\u018fT\u0130<\/strong><\/p>\n\n\n\n<ul class=\"has-medium-font-size wp-block-list\"><li>2023-ci ilin fevral\u0131nda GDU-nun \u00dcmumi riyaziyyat kafedrasinda&nbsp; saat hesab\u0131 mu\u0259llim i\u015fl\u0259yir.<\/li><\/ul>\n\n\n\n<p class=\"has-medium-font-size\">&nbsp;&nbsp;&nbsp;&nbsp;&nbsp;&nbsp;&nbsp;&nbsp; <strong>ELM\u0130 \u018fS\u018fRL\u018fR\u0130<\/strong><\/p>\n\n\n\n<ul class=\"has-medium-font-size wp-block-list\"><li>&nbsp;2 d\u0259n\u0259 elmi m\u0259qal\u0259nin m\u00fc\u0259llifidir.<ul><li>Simplex method for solving linear programming problems: a typical example and algorithm<\/li><\/ul><\/li><\/ul>\n","protected":false},"excerpt":{"rendered":"<p>M\u00fc\u0259llim Quliyeva N\u0259zrin Ceyhun q\u0131z\u0131 &nbsp;&nbsp;&nbsp;&nbsp;&nbsp;&nbsp;&nbsp;&nbsp;&nbsp; QISA B\u0130OQRAF\u0130K M\u018fLUMAT 1995-ci ild\u0259 G\u0259nc\u0259 \u015f\u0259h\u0259rind\u0259 m\u00fc\u0259llim ail\u0259sind\u0259 anadan olmu\u015fdur. 2001-c\u00fc ild\u0259 G\u0259nc\u0259 \u015f\u0259h\u0259r \u0130.Qay\u0131bov ad\u0131na 1 sayl\u0131 tam orta m\u0259kt\u0259b\u0259 daxil olmu\u015fdur. 2011-c\u00fc ild\u0259 G\u0259nc\u0259 \u015f\u0259h\u0259r \u0130.Qay\u0131bov ad\u0131na 1 sayl\u0131 tam orta m\u0259kt\u0259bi bitirmi\u015fdir. &nbsp;&nbsp;&nbsp;&nbsp;&nbsp;&nbsp;&nbsp;&nbsp; T\u018fHS\u0130L\u0130 v\u0259 ELM\u0130 D\u018fR\u018fC\u018f ADLARI 2011-cu ild\u0259 G\u0259nc\u0259 D\u00f6vl\u0259t Universitetinin Riyaziyyat-informatika fakult\u0259sinin.Riyaziyyat-informatika<\/p>\n<p><a href=\"https:\/\/rif.gdu.edu.az\/?page_id=5764\" class=\"more-link themebutton\">Daha \u0259trafl\u0131<\/a><\/p>\n","protected":false},"author":4,"featured_media":0,"parent":0,"menu_order":0,"comment_status":"closed","ping_status":"closed","template":"","meta":{"footnotes":""},"class_list":["post-5764","page","type-page","status-publish","hentry"],"_links":{"self":[{"href":"https:\/\/rif.gdu.edu.az\/index.php?rest_route=\/wp\/v2\/pages\/5764","targetHints":{"allow":["GET"]}}],"collection":[{"href":"https:\/\/rif.gdu.edu.az\/index.php?rest_route=\/wp\/v2\/pages"}],"about":[{"href":"https:\/\/rif.gdu.edu.az\/index.php?rest_route=\/wp\/v2\/types\/page"}],"author":[{"embeddable":true,"href":"https:\/\/rif.gdu.edu.az\/index.php?rest_route=\/wp\/v2\/users\/4"}],"replies":[{"embeddable":true,"href":"https:\/\/rif.gdu.edu.az\/index.php?rest_route=%2Fwp%2Fv2%2Fcomments&post=5764"}],"version-history":[{"count":1,"href":"https:\/\/rif.gdu.edu.az\/index.php?rest_route=\/wp\/v2\/pages\/5764\/revisions"}],"predecessor-version":[{"id":5765,"href":"https:\/\/rif.gdu.edu.az\/index.php?rest_route=\/wp\/v2\/pages\/5764\/revisions\/5765"}],"wp:attachment":[{"href":"https:\/\/rif.gdu.edu.az\/index.php?rest_route=%2Fwp%2Fv2%2Fmedia&parent=5764"}],"curies":[{"name":"wp","href":"https:\/\/api.w.org\/{rel}","templated":true}]}}