{"id":5750,"date":"2024-03-02T21:25:12","date_gmt":"2024-03-02T19:25:12","guid":{"rendered":"https:\/\/rif.gdu.edu.az\/?page_id=5750"},"modified":"2024-03-02T21:25:12","modified_gmt":"2024-03-02T19:25:12","slug":"umumi-riyaziyyat-21","status":"publish","type":"page","link":"https:\/\/rif.gdu.edu.az\/?page_id=5750","title":{"rendered":"\u00dcmumi riyaziyyat"},"content":{"rendered":"\n<p class=\"has-text-align-center\" style=\"font-size:25px\"><strong>M\u00fc\u0259llim H\u0259s\u0259nova M\u0259tan\u0259t \u018fliqulu<\/strong> <strong>q\u0131z\u0131<\/strong><\/p>\n\n\n\n<div class=\"wp-block-image\"><figure class=\"aligncenter size-full is-resized\"><img loading=\"lazy\" decoding=\"async\" src=\"http:\/\/rif.gdu.edu.az\/wp-content\/uploads\/2024\/03\/M\u0259tan\u0259t.jpg\" alt=\"\" class=\"wp-image-5699\" width=\"303\" height=\"392\"\/><\/figure><\/div>\n\n\n\n<p class=\"has-medium-font-size\"><strong>QISA B\u0130OQRAF\u0130K M\u018fLUMAT<\/strong><\/p>\n\n\n\n<ul class=\"has-medium-font-size wp-block-list\"><li>1972-ci il yanvar\u0131n 2-d\u0259 G\u0259nc\u0259 \u015f\u0259h\u0259rind\u0259 m\u00fc\u0259llim ail\u0259sind\u0259 \u00a0anadan olmu\u015fdur.<\/li><li>1978 \u2013ci\u00a0 ild\u0259 G\u0259nc\u0259 \u015f\u0259h\u0259rind\u0259 25 sayl\u0131 tam orta m\u0259kt\u0259bind\u0259 oxumu\u015fdur.<\/li><li>1988-ci ild\u0259 G\u0259nc\u0259 \u015f\u0259h\u0259rind\u0259 tam orta m\u0259kt\u0259bind\u0259\u00a0 t\u0259hsil alm\u0131\u015f, h\u0259min m\u0259kt\u0259bi bitirmi\u015fdir Ail\u0259lidir 3 \u00f6vlad\u0131 var.YAP-\u0131n \u00fczv\u00fcd\u00fcr.<\/li><\/ul>\n\n\n\n<p class=\"has-medium-font-size\"><strong>T\u018fHS\u0130L\u0130 v\u0259 ELM\u0130 D\u018fR\u018fC\u018f ADLARI<\/strong><\/p>\n\n\n\n<ul class=\"has-medium-font-size wp-block-list\"><li>1993-c\u00fc ild\u0259 H\u0259s\u0259nb\u0259y Z\u0259rdabi ad\u0131na G\u0259nc\u0259 D\u00f6vl\u0259t \u0130nstitutunun&nbsp; UTEF-informatika&nbsp; fakult\u0259sinin&nbsp; bitirmi\u015fdir.<\/li><li>2005-ci ild\u0259 Az\u0259rbaycan M\u00fc\u0259lliml\u0259r \u0130nstitutu G\u0259nc\u0259 filial\u0131n\u0131n Yenid\u0259nhaz\u0131rlama fak\u00fclt\u0259sinin&nbsp; Riyaziyyat- informatika&nbsp; ixtisas\u0131 \u00fczr\u0259 Yenid\u0259nhaz\u0131rlama&nbsp; kursunu&nbsp; bitirmi\u015fdir.<\/li><\/ul>\n\n\n\n<p class=\"has-medium-font-size\"><strong>\u00a0\u018fM\u018fK F\u018fAL\u0130YY\u018fT\u0130<\/strong><\/p>\n\n\n\n<ul class=\"has-medium-font-size wp-block-list\"><li>1993-1996-c\u0131 ill\u0259rd\u0259 Mir C\u0259lal Pa\u015fayev ad\u0131na 39 sayl\u0131 m\u0259kt\u0259bd\u0259 informatika m\u00fc\u0259llimi<\/li><li>2015-2016 -c\u0131 ild\u0259&nbsp; GDU-nun \u00dcmumi riyaziyyat kafedras\u0131nda&nbsp; saat hesab\u0131 m\u00fc\u0259llim<\/li><li>2016-2017 \u2013 ci ild\u0259 GDU \u2013 nunn \u00dcmumi riyaziyyat kafedras\u0131nda&nbsp; yar\u0131 \u015ftat&nbsp; m\u00fc\u0259llim<\/li><li>2019-2021 ci ild\u0259 \u018flav\u0259 t\u0259hsil fak\u00fclt\u0259sind\u0259 metodist, \u0130nnformatika kafedras\u0131nda yar\u0131m \u015ftat&nbsp; m\u00fc\u0259llim<\/li><li>2021 ci ilin sentyabr\u0131ndan \u00dcmumi riyaziyyat kafedras\u0131nda &nbsp;1\u015ftat m\u00fc\u0259llim i\u015fl\u0259yir<\/li><\/ul>\n\n\n\n<p class=\"has-medium-font-size\"><strong>ELM\u0130 \u018fS\u018fRL\u018fR\u0130<\/strong><\/p>\n\n\n\n<p class=\"has-medium-font-size\">\u00a0\u00a0\u00a0\u00a05 elmi m\u0259qal\u0259, 1 f\u0259nn proqram\u0131n\u0131n m\u00fc\u0259llifidir.<\/p>\n\n\n\n<ol type=\"1\" class=\"has-medium-font-size wp-block-list\"><li>Verilmi\u015f modula g\u00f6r\u0259 \u00e7\u0131x\u0131qlar halqas\u0131<\/li><li>Riyaziyyat t\u0259limind\u0259 \u00fcmumil\u0259\u015fdirm\u0259<\/li><li>Sistematik \u0259d\u0259dl\u0259r v\u0259 onlar\u0131n elektron hesablay\u0131c\u0131 ma\u015f\u0131nlarda t\u0259tbiqin\u0259 dair<\/li><li>How to simplify the solution of irrational equations<\/li><li>Planning the stages of teaching mathematics by lesson type<\/li><li>\u018fm\u0259liyyat&nbsp; t\u0259dqiqi v\u0259 oyunlar n\u0259z\u0259riyy\u0259si (F\u0259nn proqram\u0131)<\/li><\/ol>\n","protected":false},"excerpt":{"rendered":"<p>M\u00fc\u0259llim H\u0259s\u0259nova M\u0259tan\u0259t \u018fliqulu q\u0131z\u0131 QISA B\u0130OQRAF\u0130K M\u018fLUMAT 1972-ci il yanvar\u0131n 2-d\u0259 G\u0259nc\u0259 \u015f\u0259h\u0259rind\u0259 m\u00fc\u0259llim ail\u0259sind\u0259 \u00a0anadan olmu\u015fdur. 1978 \u2013ci\u00a0 ild\u0259 G\u0259nc\u0259 \u015f\u0259h\u0259rind\u0259 25 sayl\u0131 tam orta m\u0259kt\u0259bind\u0259 oxumu\u015fdur. 1988-ci ild\u0259 G\u0259nc\u0259 \u015f\u0259h\u0259rind\u0259 tam orta m\u0259kt\u0259bind\u0259\u00a0 t\u0259hsil alm\u0131\u015f, h\u0259min m\u0259kt\u0259bi bitirmi\u015fdir Ail\u0259lidir 3 \u00f6vlad\u0131 var.YAP-\u0131n \u00fczv\u00fcd\u00fcr. T\u018fHS\u0130L\u0130 v\u0259 ELM\u0130 D\u018fR\u018fC\u018f ADLARI 1993-c\u00fc ild\u0259 H\u0259s\u0259nb\u0259y Z\u0259rdabi<\/p>\n<p><a href=\"https:\/\/rif.gdu.edu.az\/?page_id=5750\" class=\"more-link themebutton\">Daha \u0259trafl\u0131<\/a><\/p>\n","protected":false},"author":4,"featured_media":0,"parent":0,"menu_order":0,"comment_status":"closed","ping_status":"closed","template":"","meta":{"footnotes":""},"class_list":["post-5750","page","type-page","status-publish","hentry"],"_links":{"self":[{"href":"https:\/\/rif.gdu.edu.az\/index.php?rest_route=\/wp\/v2\/pages\/5750","targetHints":{"allow":["GET"]}}],"collection":[{"href":"https:\/\/rif.gdu.edu.az\/index.php?rest_route=\/wp\/v2\/pages"}],"about":[{"href":"https:\/\/rif.gdu.edu.az\/index.php?rest_route=\/wp\/v2\/types\/page"}],"author":[{"embeddable":true,"href":"https:\/\/rif.gdu.edu.az\/index.php?rest_route=\/wp\/v2\/users\/4"}],"replies":[{"embeddable":true,"href":"https:\/\/rif.gdu.edu.az\/index.php?rest_route=%2Fwp%2Fv2%2Fcomments&post=5750"}],"version-history":[{"count":1,"href":"https:\/\/rif.gdu.edu.az\/index.php?rest_route=\/wp\/v2\/pages\/5750\/revisions"}],"predecessor-version":[{"id":5751,"href":"https:\/\/rif.gdu.edu.az\/index.php?rest_route=\/wp\/v2\/pages\/5750\/revisions\/5751"}],"wp:attachment":[{"href":"https:\/\/rif.gdu.edu.az\/index.php?rest_route=%2Fwp%2Fv2%2Fmedia&parent=5750"}],"curies":[{"name":"wp","href":"https:\/\/api.w.org\/{rel}","templated":true}]}}