{"id":5742,"date":"2024-03-02T21:11:27","date_gmt":"2024-03-02T19:11:27","guid":{"rendered":"https:\/\/rif.gdu.edu.az\/?page_id=5742"},"modified":"2024-03-02T21:14:11","modified_gmt":"2024-03-02T19:14:11","slug":"umumi-riyaziyyat-20","status":"publish","type":"page","link":"https:\/\/rif.gdu.edu.az\/?page_id=5742","title":{"rendered":"\u00dcmumi riyaziyyat"},"content":{"rendered":"\n<p class=\"has-text-align-center\" style=\"font-size:28px\"><strong>Ba\u015f m\u00fc\u0259llim Qurbanova\u00a0 Af\u0259t\u00a0 Q\u0259hr\u0259man q\u0131z\u0131<\/strong><\/p>\n\n\n\n<div class=\"wp-block-image\"><figure class=\"aligncenter size-full is-resized\"><img loading=\"lazy\" decoding=\"async\" src=\"http:\/\/rif.gdu.edu.az\/wp-content\/uploads\/2024\/03\/Af\u0259t.jpg\" alt=\"\" class=\"wp-image-5691\" width=\"341\" height=\"424\"\/><\/figure><\/div>\n\n\n\n<p class=\"has-medium-font-size\"><strong>QISA B\u0130OQRAF\u0130K M\u018fLUMAT<\/strong><\/p>\n\n\n\n<p class=\"has-medium-font-size\">14 oktyabr&nbsp; 1982-ci ild\u0259 G\u018fNC\u018f \u015f\u0259h\u0259rind\u0259 anadan olmu\u015fdur.<\/p>\n\n\n\n<p class=\"has-medium-font-size\">Ail\u0259lidir, 3 \u00f6vlad\u0131 var.2000-ci ild\u0259n YAP- \u0131n \u00fczv\u00fcd\u00fcr.<\/p>\n\n\n\n<p class=\"has-medium-font-size\"><strong>T\u018fHS\u0130L\u0130, ELM\u0130 D\u018fR\u018fC\u018fS\u0130 V\u018f ELM\u0130 ADLARI<\/strong><\/p>\n\n\n\n<ol type=\"1\" class=\"has-medium-font-size wp-block-list\"><li>1989-cu ild\u0259 M.\u015e.Vazeh ad\u0131na 16 sayl\u0131 m\u0259kt\u0259bin I sinfin\u0259 daxil olmu\u015fdur.<ol><li>1999-cu ild\u0259 h\u0259min m\u0259kt\u0259bi bitirmi\u015fdir.<\/li><\/ol><ol><li>2000-ci ild\u0259 G\u0259nc\u0259 D\u00f6vl\u0259t Universitetin\u0259 \u201cRiyaziyyat-fizika\u201d fak\u00fclt\u0259sin\u0259 daxil olub<\/li><\/ol><ol><li>2000-ci ild\u0259 G\u0259nc\u0259 D\u00f6vl\u0259t Universitetinin \u201cRiyaziyyat-fizika\u201d fak\u00fclt\u0259sin bitirmi\u015fdir<\/li><\/ol><\/li><\/ol>\n\n\n\n<p class=\"has-medium-font-size\"><strong>\u018fM\u018fK F\u018fAL\u0130YY\u018fT\u0130<\/strong><\/p>\n\n\n\n<ol type=\"1\" class=\"has-medium-font-size wp-block-list\"><li>2009-cu ild\u0259 G\u0259nc\u0259 D\u00f6vl\u0259t Universitetind\u0259 lobarant i\u015fl\u0259yib.<ol><li>2010 cu ild\u0259 0.5 \u015ftat \u00fczr\u0259 m\u00fc\u0259llim i\u015fl\u0259yib.<\/li><\/ol><ol><li>2018 ci ild\u0259 tam \u015ftat \u00fczr\u0259 m\u00fc\u0259llim i\u015fl\u0259yib<\/li><\/ol><\/li><\/ol>\n\n\n\n<p class=\"has-medium-font-size\">&nbsp;&nbsp;&nbsp;&nbsp;&nbsp; 12-d\u0259n art\u0131q &nbsp;elmi m\u0259qal\u0259l\u0259rin v\u0259 konfrans materiallar\u0131 v\u0259 f\u0259nn proqramlar\u0131n\u0131n &nbsp;m\u00fc\u0259llifidir.<\/p>\n\n\n\n<p><strong>ELMI \u018fS\u018fRL\u018fR<\/strong><\/p>\n\n\n\n<ol type=\"1\" class=\"has-medium-font-size wp-block-list\"><li>Introduction of limit and continuiti concepts.<\/li><li>Bir\u00f6l\u00e7\u00fcl\u00fc Ermit splaynlar\u0131.<\/li><li>Application of&nbsp; Picard Method sequential inteqration in differential inequaliles.<\/li><li>Existence and uniqueness of solutions for nonlinear fractional differential equations&nbsp; with two-point boundary conditions.<\/li><li>New stratedic method for fractional mitigating internet&nbsp; bottleneck with quadratic \u2013 cubic nonlinearity.<\/li><li>Multiple rogue and soliton wave solitions to the generalized Konopelchenko-Dubrovsky-Kaup-Kupershmidt equation arising in fluid mechanics and plasma physics.<\/li><li>\u0426\u0435\u043b\u044b\u0435 \u0444\u0443\u043d\u043a\u0446\u0438\u0438 \u043a\u043e\u043d\u0435\u0447\u043d\u043e\u0433\u043e \u043f\u043e\u0440\u044f\u0434\u043a\u0430.<\/li><li>Periodic,Cross_kink and interaction between Stripe and Periodic WaveSolutions for Generalized Hietarinta Equation: Prospects for Applications in Environmental&nbsp; Engineering.<\/li><li>N-Lump Solutions to a(3+1) Dimensional Variable-Coefficient Generalized Nonlinear Wave Equation in a Liquid with Gas Bubbles.<\/li><li>Qeyri-lokal \u015f\u0259rtli inteqro-diferensial t\u0259nlikl\u0259rl\u0259 t\u0259svir olunan optimal idar\u0259etm\u0259 m\u0259s\u0259l\u0259si.<\/li><li>Qeyri-lokal \u015f\u0259rtli inteqro-diferensial t\u0259nlikl\u0259rl\u0259 t\u0259svir olunan optimal idar\u0259etm\u0259 m\u0259s\u0259l\u0259si.<\/li><\/ol>\n","protected":false},"excerpt":{"rendered":"<p>Ba\u015f m\u00fc\u0259llim Qurbanova\u00a0 Af\u0259t\u00a0 Q\u0259hr\u0259man q\u0131z\u0131 QISA B\u0130OQRAF\u0130K M\u018fLUMAT 14 oktyabr&nbsp; 1982-ci ild\u0259 G\u018fNC\u018f \u015f\u0259h\u0259rind\u0259 anadan olmu\u015fdur. Ail\u0259lidir, 3 \u00f6vlad\u0131 var.2000-ci ild\u0259n YAP- \u0131n \u00fczv\u00fcd\u00fcr. T\u018fHS\u0130L\u0130, ELM\u0130 D\u018fR\u018fC\u018fS\u0130 V\u018f ELM\u0130 ADLARI 1989-cu ild\u0259 M.\u015e.Vazeh ad\u0131na 16 sayl\u0131 m\u0259kt\u0259bin I sinfin\u0259 daxil olmu\u015fdur. 1999-cu ild\u0259 h\u0259min m\u0259kt\u0259bi bitirmi\u015fdir. 2000-ci ild\u0259 G\u0259nc\u0259 D\u00f6vl\u0259t Universitetin\u0259 \u201cRiyaziyyat-fizika\u201d fak\u00fclt\u0259sin\u0259 daxil<\/p>\n<p><a href=\"https:\/\/rif.gdu.edu.az\/?page_id=5742\" class=\"more-link themebutton\">Daha \u0259trafl\u0131<\/a><\/p>\n","protected":false},"author":4,"featured_media":0,"parent":0,"menu_order":0,"comment_status":"closed","ping_status":"closed","template":"","meta":{"footnotes":""},"class_list":["post-5742","page","type-page","status-publish","hentry"],"_links":{"self":[{"href":"https:\/\/rif.gdu.edu.az\/index.php?rest_route=\/wp\/v2\/pages\/5742","targetHints":{"allow":["GET"]}}],"collection":[{"href":"https:\/\/rif.gdu.edu.az\/index.php?rest_route=\/wp\/v2\/pages"}],"about":[{"href":"https:\/\/rif.gdu.edu.az\/index.php?rest_route=\/wp\/v2\/types\/page"}],"author":[{"embeddable":true,"href":"https:\/\/rif.gdu.edu.az\/index.php?rest_route=\/wp\/v2\/users\/4"}],"replies":[{"embeddable":true,"href":"https:\/\/rif.gdu.edu.az\/index.php?rest_route=%2Fwp%2Fv2%2Fcomments&post=5742"}],"version-history":[{"count":4,"href":"https:\/\/rif.gdu.edu.az\/index.php?rest_route=\/wp\/v2\/pages\/5742\/revisions"}],"predecessor-version":[{"id":5747,"href":"https:\/\/rif.gdu.edu.az\/index.php?rest_route=\/wp\/v2\/pages\/5742\/revisions\/5747"}],"wp:attachment":[{"href":"https:\/\/rif.gdu.edu.az\/index.php?rest_route=%2Fwp%2Fv2%2Fmedia&parent=5742"}],"curies":[{"name":"wp","href":"https:\/\/api.w.org\/{rel}","templated":true}]}}