{"id":5461,"date":"2024-02-09T20:45:25","date_gmt":"2024-02-09T18:45:25","guid":{"rendered":"https:\/\/rif.gdu.edu.az\/?page_id=5461"},"modified":"2025-04-18T09:41:40","modified_gmt":"2025-04-18T07:41:40","slug":"riyazi-analiz-3","status":"publish","type":"page","link":"https:\/\/rif.gdu.edu.az\/?page_id=5461","title":{"rendered":"R\u0130YAZ\u0130 ANAL\u0130Z"},"content":{"rendered":"\n<p class=\"has-text-align-center has-medium-font-size\"><strong>A\u011fazad\u0259 Aysel Elman q\u0131z\u0131<\/strong><\/p>\n\n\n<div class=\"wp-block-image\">\n<figure class=\"aligncenter size-full is-resized\"><img loading=\"lazy\" decoding=\"async\" width=\"192\" height=\"265\" src=\"https:\/\/rif.gdu.edu.az\/wp-content\/uploads\/2024\/02\/Aysel.png\" alt=\"\" class=\"wp-image-5462\" style=\"width:291px;height:401px\"\/><\/figure><\/div>\n\n\n<p class=\"has-medium-font-size\"><strong>QISA B\u0130OQRAF\u0130K M\u018fLUMAT<\/strong><\/p>\n\n\n\n<p class=\"has-medium-font-size\">2 may 1992-ci ild\u0259 G\u0259nc\u0259 \u015f\u0259h\u0259rind\u0259 anadan olmu\u015fdur.<\/p>\n\n\n\n<p class=\"has-medium-font-size\">2019-cu ild\u0259n Yap\u0131n \u00fczv\u00fcd\u00fcr.<\/p>\n\n\n\n<p class=\"has-medium-font-size\"><strong>Telefon: <\/strong>+994507675050<\/p>\n\n\n\n<p class=\"has-medium-font-size\"><strong>E-mail: <\/strong>aysel_guliyeva20@mail.ru<\/p>\n\n\n\n<p class=\"has-medium-font-size\"><strong>T\u018fHS\u0130L\u0130, ELM\u0130 D\u018fR\u018fC\u018fS\u0130 V\u018f ELM\u0130 ADLARI<\/strong><strong><\/strong><\/p>\n\n\n\n<ol class=\"wp-block-list has-medium-font-size\">\n<li>2009-2013-c\u00fc ill\u0259r G\u0259nc\u0259 D\u00f6vl\u0259t Universiteti, Riyaziyyat ixtisas\u0131<\/li>\n\n\n\n<li><strong>2013-2015-ci<\/strong>ill\u0259r G\u0259nc\u0259 D\u00f6vl\u0259t Universitetinin \u0259yani, magistratura<\/li>\n\n\n\n<li>2015-2018-ci ill\u0259r GDU \u0259yani Doktorantura<\/li>\n<\/ol>\n\n\n\n<p class=\"has-medium-font-size\"><strong>\u018fM\u018fK F\u018fAL\u0130YY\u018fT\u0130<\/strong><\/p>\n\n\n\n<p class=\"has-medium-font-size\"><strong>2019-c\u00fc ild\u0259 GDU-da m\u00fc\u0259llim<\/strong><\/p>\n\n\n\n<p class=\"has-medium-font-size\"><strong>BEYN\u018fLXALQ SEM\u0130NAR, S\u0130MPOZ\u0130UM V\u018f KONFRANSLARDA \u0130\u015eT\u0130RAKI<\/strong><\/p>\n\n\n\n<p class=\"has-medium-font-size\">\u2022 6-dan art\u0131q Beyn\u0259lxalq v\u0259 respublika elmi konfransda \u00e7\u0131x\u0131\u015f etmi\u015fdir.<\/p>\n\n\n\n<p class=\"has-medium-font-size\"><strong>SE\u00c7\u0130LM\u0130\u015e \u018fS\u018fRL\u018fR\u0130<\/strong><\/p>\n\n\n\n<p class=\"has-medium-font-size\">\u2022 On the solvability of Riemann problem in the weighted Smirnovclasses- Analysis Math 2018<\/p>\n\n\n\n<p class=\"has-medium-font-size\">\u2022 On Riemann problem in weighted Smirnov classes with general weight.- Acta Et Commentationes Universitatis Tartuensis De Mathematica June 2021<strong><\/strong><\/p>\n\n\n\n<p class=\"has-medium-font-size\">\u2022 Bases of the perturbed system of exponents in weighted Lebesgue space with a general weight- Kragujevac Journal of Mathematics 2022<\/p>\n\n\n\n<p class=\"has-medium-font-size\">\u2022 Hardy Banach Spaces, Cauchy Formula and Riesz Theorem.- Azerbaijan Journal of Mathematics 2020<strong><\/strong><\/p>\n\n\n\n<p class=\"has-medium-font-size\">\u2022 Isomorphism of Two Bases of Exponentials in Weighted Lebesgue Spaces- Azerbaijan Journal of Mathematics 2022<strong><\/strong><\/p>\n\n\n\n<p class=\"has-medium-font-size\">\u2022 On Basicity of a Certain Trigonometric System in a Weighted Lebesgue Space- Lobachevskii Journal of Mathematics 2022<strong><\/strong><\/p>\n\n\n\n<p class=\"has-medium-font-size\">\u2022 Riemann-Hilbert\u2019s homogeneous problem in weighted Smirnov classes- Khazar University, 2nd International Conference &#8220;Operators, Functions, and Systems of Mathematical Physics&#8221;. Baku, June&nbsp;10\u201314,&nbsp;2019 Azerbaijan<strong><\/strong><\/p>\n\n\n\n<p class=\"has-medium-font-size\">\u2022 On the solvability of the nonhomogeneous Riemann problem in the weighted Smirnov classes<\/p>\n\n\n\n<p class=\"has-medium-font-size\">International Conference &#8220;Modern Problems of Mathematics and Mechanics&#8221; devoted to the 60 th anniversary of the Institute of Mathematics and Mechanics. Baku, Azerbaijan-23-25 October, 2019<strong><\/strong><\/p>\n\n\n\n<p class=\"has-medium-font-size\">\u2022 Hardy Banach Spaces, Cauchy Formula and Riesz Theorem-3rd International Conference on Mathematical Advances and Applications.&nbsp; ICOMAA. Istanbul, Turkey 24-27 June, 2020<strong><\/strong><\/p>\n\n\n\n<p class=\"has-medium-font-size\">\u2022On basicity of a certain trigonometric system- Akademik \u0130brahim \u0130brahimovun anadan olmas\u0131n\u0131n 110 illik yubileyin\u0259 h\u0259sr olunmu\u015f \u201cFunksiyalar n\u0259z\u0259riyy\u0259si, funksional analiz v\u0259 onlar\u0131n t\u0259tbiql\u0259ri\u201d m\u00f6vzusunda 28-29 Noyabr, 2022<\/p>\n","protected":false},"excerpt":{"rendered":"<p>A\u011fazad\u0259 Aysel Elman q\u0131z\u0131 QISA B\u0130OQRAF\u0130K M\u018fLUMAT 2 may 1992-ci ild\u0259 G\u0259nc\u0259 \u015f\u0259h\u0259rind\u0259 anadan olmu\u015fdur. 2019-cu ild\u0259n Yap\u0131n \u00fczv\u00fcd\u00fcr. Telefon: +994507675050 E-mail: aysel_guliyeva20@mail.ru T\u018fHS\u0130L\u0130, ELM\u0130 D\u018fR\u018fC\u018fS\u0130 V\u018f ELM\u0130 ADLARI \u018fM\u018fK F\u018fAL\u0130YY\u018fT\u0130 2019-c\u00fc ild\u0259 GDU-da m\u00fc\u0259llim BEYN\u018fLXALQ SEM\u0130NAR, S\u0130MPOZ\u0130UM V\u018f KONFRANSLARDA \u0130\u015eT\u0130RAKI \u2022 6-dan art\u0131q Beyn\u0259lxalq v\u0259 respublika elmi konfransda \u00e7\u0131x\u0131\u015f etmi\u015fdir. SE\u00c7\u0130LM\u0130\u015e \u018fS\u018fRL\u018fR\u0130 \u2022 On<\/p>\n<p><a href=\"https:\/\/rif.gdu.edu.az\/?page_id=5461\" class=\"more-link themebutton\">Daha \u0259trafl\u0131<\/a><\/p>\n","protected":false},"author":4,"featured_media":0,"parent":0,"menu_order":0,"comment_status":"closed","ping_status":"closed","template":"","meta":{"footnotes":""},"class_list":["post-5461","page","type-page","status-publish","hentry"],"_links":{"self":[{"href":"https:\/\/rif.gdu.edu.az\/index.php?rest_route=\/wp\/v2\/pages\/5461","targetHints":{"allow":["GET"]}}],"collection":[{"href":"https:\/\/rif.gdu.edu.az\/index.php?rest_route=\/wp\/v2\/pages"}],"about":[{"href":"https:\/\/rif.gdu.edu.az\/index.php?rest_route=\/wp\/v2\/types\/page"}],"author":[{"embeddable":true,"href":"https:\/\/rif.gdu.edu.az\/index.php?rest_route=\/wp\/v2\/users\/4"}],"replies":[{"embeddable":true,"href":"https:\/\/rif.gdu.edu.az\/index.php?rest_route=%2Fwp%2Fv2%2Fcomments&post=5461"}],"version-history":[{"count":5,"href":"https:\/\/rif.gdu.edu.az\/index.php?rest_route=\/wp\/v2\/pages\/5461\/revisions"}],"predecessor-version":[{"id":7358,"href":"https:\/\/rif.gdu.edu.az\/index.php?rest_route=\/wp\/v2\/pages\/5461\/revisions\/7358"}],"wp:attachment":[{"href":"https:\/\/rif.gdu.edu.az\/index.php?rest_route=%2Fwp%2Fv2%2Fmedia&parent=5461"}],"curies":[{"name":"wp","href":"https:\/\/api.w.org\/{rel}","templated":true}]}}