{"id":5358,"date":"2024-01-31T09:29:17","date_gmt":"2024-01-31T07:29:17","guid":{"rendered":"https:\/\/rif.gdu.edu.az\/?page_id=5358"},"modified":"2025-02-24T13:10:48","modified_gmt":"2025-02-24T11:10:48","slug":"informatika-v%c9%99-c%c9%99br-3","status":"publish","type":"page","link":"https:\/\/rif.gdu.edu.az\/?page_id=5358","title":{"rendered":"\u0130nformatika  v\u0259  C\u0259br"},"content":{"rendered":"\n<p class=\"has-text-align-center has-medium-font-size\"><strong>R\u0259himova  Lal\u0259  Kamal  q\u0131z\u0131<\/strong><\/p>\n\n\n<div class=\"wp-block-image\">\n<figure class=\"aligncenter size-full is-resized\"><img loading=\"lazy\" decoding=\"async\" width=\"472\" height=\"709\" src=\"http:\/\/rif.gdu.edu.az\/wp-content\/uploads\/2024\/05\/IMG-20240508-WA0001.jpg\" alt=\"\" class=\"wp-image-6068\" style=\"width:264px;height:394px\"\/><\/figure><\/div>\n\n\n<p class=\"has-medium-font-size\"><strong>QISA B\u0130OQRAF\u0130K M\u018fLUMAT<\/strong><\/p>\n\n\n\n<p class=\"has-medium-font-size\">23 iyul 1994-c\u00fc ild\u0259 G\u0259nc\u0259 \u015f\u0259h\u0259rind\u0259 anadan olmu\u015fdur.<\/p>\n\n\n\n<p class=\"has-medium-font-size\">2012-ci ild\u0259n Yeni Az\u0259rbaycan Partiyas\u0131n\u0131n \u00fczv\u00fcd\u00fcr.<\/p>\n\n\n\n<p class=\"has-medium-font-size\"><strong>Telefon: <\/strong>+994558930080&nbsp;&nbsp;&nbsp;&nbsp;<\/p>\n\n\n\n<p class=\"has-medium-font-size\"><strong>E-mail : <\/strong>rahimova.lala@yandex.ru<\/p>\n\n\n\n<p class=\"has-medium-font-size\"><strong>T\u018fHS\u0130L\u0130, ELM\u0130 D\u018fR\u018fC\u018fS\u0130 V\u018f ELM\u0130 ADLARI<\/strong><\/p>\n\n\n\n<p class=\"has-medium-font-size\">2000-2011-ci ill\u0259rd\u0259 G\u0259nc\u0259 \u015f\u0259h\u0259ri 17 sayl\u0131 tam orta m\u0259kt\u0259bd\u0259 t\u0259hsil alm\u0131\u015fd\u0131r.<\/p>\n\n\n\n<p class=\"has-medium-font-size\">2011-2015-ci ill\u0259rd\u0259 G\u0259nc\u0259 D\u00f6vl\u0259t Universitetinin Riyaziyyat-\u0130nformatika fak\u00fclt\u0259sinin \u201cRiyaziyyat v\u0259 informatika m\u00fc\u0259llimliyi\u201d ixtisas\u0131nda t\u0259hsil alm\u0131\u015f v\u0259 f\u0259rql\u0259nm\u0259 diplomu il\u0259 bitirmi\u015fdir.<\/p>\n\n\n\n<p class=\"has-medium-font-size\">2015-2017-ci ill\u0259rd\u0259 G\u0259nc\u0259 D\u00f6vl\u0259t Universitetinin \u201cKomp\u00fcter elml\u0259ri\u201d ixtisas\u0131 \u00fczr\u0259 magistr d\u0259r\u0259c\u0259sini f\u0259rql\u0259nm\u0259 diplomu il\u0259 bitirmi\u015fdir.<\/p>\n\n\n\n<p class=\"has-medium-font-size\">2019-cu ild\u0259 G\u0259nc\u0259 D\u00f6vl\u0259t Universitetinin 5801.01 &#8211; \u201cT\u0259lim v\u0259 t\u0259rbiy\u0259nin n\u0259z\u0259riyy\u0259si v\u0259 (\u0130nformatikan\u0131n t\u0259drisi metodikas\u0131)\u201d ixtisas\u0131 \u00fczr\u0259 doktoranturaya q\u0259bul olub, hal-haz\u0131rda elmi i\u015f \u00fcz\u0259rind\u0259 i\u015fl\u0259yir.<\/p>\n\n\n\n<p class=\"has-medium-font-size\"><strong>\u018fM\u018fK F\u018fAL\u0130YY\u018fT\u0130<\/strong><\/p>\n\n\n\n<p class=\"has-medium-font-size\">2019-cu ild\u0259n G\u0259nc\u0259 D\u00f6vl\u0259t Universitetinin \u0130nformatika v\u0259 C\u0259br kafedras\u0131nda m\u00fc\u0259llim kimi \u00e7al\u0131\u015f\u0131r.<\/p>\n\n\n\n<p class=\"has-medium-font-size\">\u201dProqramla\u015fd\u0131rma dill\u0259ri-1\u201d,&nbsp; \u201cProqramla\u015fd\u0131rma dill\u0259ri-2\u201d, \u201cC++ proqramla\u015fd\u0131rma dili\u201d,&nbsp; \u0130nformatika v\u0259 T\u0259hsild\u0259 \u0130KT\u201d, \u201d M\u00fcasir proqramla\u015fd\u0131rma dill\u0259ri\u201d,&nbsp; \u201dVeril\u0259nl\u0259r bazas\u0131(Elektron c\u0259dv\u0259ll\u0259r)\u201d,&nbsp; \u201c\u0130nformatikan\u0131n T\u0259drisi Metodikas\u0131\u201d, \u201c \u0130nformatika\u201d, \u201c\u018fS v\u0259 komp\u00fcterin arxitekturas\u0131\u201d, \u201cKomp\u00fcterin proqram t\u0259minat\u0131 \u201d v\u0259 s. f\u0259nnl\u0259ri \u00fczr\u0259 seminar v\u0259 laboratoriya d\u0259rsl\u0259ri apar\u0131r.<\/p>\n\n\n\n<p class=\"has-medium-font-size\"><strong>T\u018fDQ\u0130QAT SAH\u018fS\u0130<\/strong><\/p>\n\n\n\n<p class=\"has-medium-font-size\">\u201c\u0130nformatikan\u0131n t\u0259drisind\u0259 t\u0259l\u0259b\u0259l\u0259rd\u0259 \u0130KT s\u0259ri\u015ft\u0259liliyinin formala\u015fd\u0131r\u0131lmas\u0131 \u00fczr\u0259 i\u015fin sistemi\u201d<\/p>\n\n\n\n<p class=\"has-medium-font-size\"><strong>BEYN\u018fLXALQ SEM\u0130NAR, S\u0130MPOZ\u0130UM V\u018f KONFRANSLARDA \u0130\u015eT\u0130RAKI<\/strong><\/p>\n\n\n\n<p class=\"has-medium-font-size\">10-dan art\u0131q beyn\u0259lxalq v\u0259 respublika elmi konfranslar\u0131nda m\u00fcxt\u0259lif m\u00f6vzulu m\u0259ruz\u0259l\u0259rl\u0259 \u00e7\u0131x\u0131\u015f etmi\u015fdir.<\/p>\n\n\n\n<p class=\"has-medium-font-size\"><strong>SE\u00c7\u0130LM\u0130\u015e \u018fS\u018fRL\u018fR\u0130<\/strong><\/p>\n\n\n\n<p class=\"has-medium-font-size\">1. \u201cT\u0259hsilin r\u0259q\u0259msalla\u015fd\u0131r\u0131lmas\u0131 kontekstind\u0259 universitet t\u0259l\u0259b\u0259l\u0259rinin \u0130KT kompetensiyalar\u0131n\u0131n formala\u015fmas\u0131\u201d-&nbsp;&nbsp;&nbsp;&nbsp;&nbsp;&nbsp;&nbsp;&nbsp;&nbsp;&nbsp;&nbsp; AMEA G\u0259nc\u0259 b\u00f6lm\u0259si, X\u0259b\u0259rl\u0259r M\u0259cmu\u0259si, \u2116 1(2), G\u0259nc\u0259 2021&nbsp;&nbsp;&nbsp;&nbsp;&nbsp;&nbsp;&nbsp;&nbsp;<\/p>\n\n\n\n<p class=\"has-medium-font-size\">2. \u201cLocal v\u0259 global d\u0259yi\u015f\u0259nl\u0259r.Lambda funksiyalar\u201d &#8211; ADAU-nun Elmi \u018fs\u0259rl\u0259ri, \u2116 1, G\u0259nc\u0259 2021&nbsp;&nbsp;&nbsp;&nbsp;&nbsp;&nbsp;&nbsp;<\/p>\n\n\n\n<p class=\"has-medium-font-size\">3. \u201c3D q\u0259l\u0259m v\u0259 t\u0259tbiq sah\u0259l\u0259ri\u201d- Bak\u0131 Slavyan Universitetinin Elmi \u018fs\u0259rl\u0259ri, \u0130ctimai-siyasi elml\u0259r seriyas\u0131 , \u21162, Bak\u0131 2021&nbsp;&nbsp;&nbsp;<\/p>\n\n\n\n<p class=\"has-medium-font-size\">4. \u201cS\u00fcni intellekt \u00fcmumi t\u0259hsilin yenilik komponenti: d\u00fcnya t\u0259cr\u00fcb\u0259sinin t\u0259hlili v\u0259 daxili perspektivl\u0259r\u201d- Az\u0259rbaycan Respublikas\u0131 T\u0259hsil \u0130nstitutu .Elmi \u0259s\u0259rl\u0259r cild 89, \u2116 1, 2022.&nbsp;&nbsp;<\/p>\n\n\n\n<p class=\"has-medium-font-size\">5. \u201c\u041d\u0435\u043f\u0440\u0435\u0440\u044b\u0432\u043d\u043e\u0435 \u043f\u043e\u0432\u044b\u0448\u0435\u043d\u0438\u0435 \u0418\u041a\u0422- \u043a\u043e\u043c\u043f\u0435\u0442\u0435\u043d\u0446\u0438\u0438 \u0443\u0447\u0438\u0442\u0435\u043b\u0435\u0439 \u043a\u0430\u043a \u0432\u0430\u0436\u043d\u044b\u0439 \u0444\u0430\u043a\u0442\u043e\u0440 \u043f\u043e\u0432\u044b\u0448\u0435\u043d\u0438\u044f \u043a\u0430\u0447\u0435\u0441\u0442\u0432\u0430 \u043e\u0431\u0440\u0430\u0437\u043e\u0432\u0430\u043d\u0438\u044f\u201d- \u00ab\u041c\u0438\u0440 \u043d\u0430\u0443\u043a\u0438, \u043a\u0443\u043b\u044c\u0442\u0443\u0440\u044b, \u043e\u0431\u0440\u0430\u0437\u043e\u0432\u0430\u043d\u0438\u044f\u00bb \u21163 (94), \u0420\u043e\u0441\u0441\u0438\u044f, \u0420\u0435\u0441\u043f\u0443\u0431\u043b\u0438\u043a\u0430 \u0410\u043b\u0442\u0430\u0439 2022 \u0433. (\u0432\u044b\u0445\u043e\u0434 \u2013 \u0438\u044e\u043d\u044c)<\/p>\n\n\n\n<p class=\"has-medium-font-size\">6. \u201cPe\u015f\u0259 s\u0259ri\u015ft\u0259si anlay\u0131\u015f\u0131n\u0131n mahiyy\u0259tin\u0259 dair\u201d &#8211; Az\u0259rbaycan Respublikas\u0131 T\u0259hsil \u0130nstitutu. Elmi \u0259s\u0259rl\u0259r cild 90, \u2116 1, 2023&nbsp;&nbsp;&nbsp;<\/p>\n\n\n\n<p class=\"has-medium-font-size\">7. \u201cG\u0259l\u0259c\u0259k m\u00fc\u0259lliml\u0259rin \u0130KT s\u0259ri\u015ft\u0259l\u0259ri\u201d &#8211; Az\u0259rbaycan Respublikas\u0131 T\u0259hsil \u0130nstitutu. Elmi \u0259s\u0259rl\u0259r cild 90, \u2116 3, 2023&nbsp;&nbsp;&nbsp;<\/p>\n\n\n\n<p class=\"has-medium-font-size\">8. \u201cT\u0259hsil sah\u0259sind\u0259 m\u00fcasir informasiya texnologiyalar\u0131: imkanlar v\u0259 perspektivl\u0259r\u201d- Az\u0259rbaycan Respublikas\u0131 T\u0259hsil \u0130nstitutu. Elmi \u0259s\u0259rl\u0259r cild 90, \u2116 4, 2023&nbsp;&nbsp;&nbsp;&nbsp;&nbsp;&nbsp;&nbsp;&nbsp;&nbsp;<\/p>\n\n\n\n<p class=\"has-medium-font-size\">9. \u201c\u0130btidai sinif m\u00fc\u0259lliminin \u0130KT sah\u0259sind\u0259 pe\u015f\u0259 s\u0259ri\u015ft\u0259liyi\u201d &#8211; Az\u0259rbaycan D\u00f6vl\u0259t Pedaqoji Universiteti, 3. BEYN\u018fLXALQ ELM V\u018f T\u018fHS\u0130LD\u018f \u0130NNOVAT\u0130V TEXNOLOG\u0130YALAR S\u0130MPOZ\u0130UMU Volume II, 2021<\/p>\n\n\n\n<p class=\"has-medium-font-size\">10. \u201cT\u0259l\u0259b\u0259l\u0259rin \u0130KT s\u0259ri\u015ft\u0259liliyinin formala\u015fmas\u0131 probleml\u0259ri\u201d &#8211; ELM\u0130 \u0130\u015e beyn\u0259lxalq elmi jurnal , VII RESPUBL\u0130KA ELM\u0130 QAYNAQLAR KONFRANSININ MATER\u0130ALLAR I, 2022&nbsp;&nbsp;&nbsp;&nbsp;&nbsp;<\/p>\n\n\n\n<p class=\"has-medium-font-size\">11. \u201cT\u0259l\u0259b\u0259l\u0259rin \u0130KT s\u0259ri\u015ft\u0259liyi\u201d &#8211; Az\u0259rbaycan D\u00f6vl\u0259t Pedaqoji Universiteti, 7-ci BEYN\u018fLXALQ ELM V\u018f T\u018fHS\u0130LD\u018f \u0130NNOVAT\u0130V TEXNOLOG\u0130YALAR KONFRANSI, 2023<\/p>\n","protected":false},"excerpt":{"rendered":"<p>R\u0259himova Lal\u0259 Kamal q\u0131z\u0131 QISA B\u0130OQRAF\u0130K M\u018fLUMAT 23 iyul 1994-c\u00fc ild\u0259 G\u0259nc\u0259 \u015f\u0259h\u0259rind\u0259 anadan olmu\u015fdur. 2012-ci ild\u0259n Yeni Az\u0259rbaycan Partiyas\u0131n\u0131n \u00fczv\u00fcd\u00fcr. Telefon: +994558930080&nbsp;&nbsp;&nbsp;&nbsp; E-mail : rahimova.lala@yandex.ru T\u018fHS\u0130L\u0130, ELM\u0130 D\u018fR\u018fC\u018fS\u0130 V\u018f ELM\u0130 ADLARI 2000-2011-ci ill\u0259rd\u0259 G\u0259nc\u0259 \u015f\u0259h\u0259ri 17 sayl\u0131 tam orta m\u0259kt\u0259bd\u0259 t\u0259hsil alm\u0131\u015fd\u0131r. 2011-2015-ci ill\u0259rd\u0259 G\u0259nc\u0259 D\u00f6vl\u0259t Universitetinin Riyaziyyat-\u0130nformatika fak\u00fclt\u0259sinin \u201cRiyaziyyat v\u0259 informatika m\u00fc\u0259llimliyi\u201d ixtisas\u0131nda<\/p>\n<p><a href=\"https:\/\/rif.gdu.edu.az\/?page_id=5358\" class=\"more-link themebutton\">Daha \u0259trafl\u0131<\/a><\/p>\n","protected":false},"author":4,"featured_media":0,"parent":0,"menu_order":0,"comment_status":"closed","ping_status":"closed","template":"","meta":{"footnotes":""},"class_list":["post-5358","page","type-page","status-publish","hentry"],"_links":{"self":[{"href":"https:\/\/rif.gdu.edu.az\/index.php?rest_route=\/wp\/v2\/pages\/5358","targetHints":{"allow":["GET"]}}],"collection":[{"href":"https:\/\/rif.gdu.edu.az\/index.php?rest_route=\/wp\/v2\/pages"}],"about":[{"href":"https:\/\/rif.gdu.edu.az\/index.php?rest_route=\/wp\/v2\/types\/page"}],"author":[{"embeddable":true,"href":"https:\/\/rif.gdu.edu.az\/index.php?rest_route=\/wp\/v2\/users\/4"}],"replies":[{"embeddable":true,"href":"https:\/\/rif.gdu.edu.az\/index.php?rest_route=%2Fwp%2Fv2%2Fcomments&post=5358"}],"version-history":[{"count":3,"href":"https:\/\/rif.gdu.edu.az\/index.php?rest_route=\/wp\/v2\/pages\/5358\/revisions"}],"predecessor-version":[{"id":6910,"href":"https:\/\/rif.gdu.edu.az\/index.php?rest_route=\/wp\/v2\/pages\/5358\/revisions\/6910"}],"wp:attachment":[{"href":"https:\/\/rif.gdu.edu.az\/index.php?rest_route=%2Fwp%2Fv2%2Fmedia&parent=5358"}],"curies":[{"name":"wp","href":"https:\/\/api.w.org\/{rel}","templated":true}]}}