{"id":5269,"date":"2024-01-30T14:28:31","date_gmt":"2024-01-30T12:28:31","guid":{"rendered":"https:\/\/rif.gdu.edu.az\/?page_id=5269"},"modified":"2025-02-24T12:34:05","modified_gmt":"2025-02-24T10:34:05","slug":"5269-2","status":"publish","type":"page","link":"https:\/\/rif.gdu.edu.az\/?page_id=5269","title":{"rendered":"Bayramova Nat\u0259van Q\u0259dim q\u0131z\u0131"},"content":{"rendered":"<div class=\"wp-block-image\">\n<figure class=\"aligncenter size-full is-resized\"><img loading=\"lazy\" decoding=\"async\" width=\"160\" height=\"200\" src=\"http:\/\/rif.gdu.edu.az\/wp-content\/uploads\/2024\/01\/Nat\u0259van.jpg\" alt=\"\" class=\"wp-image-5266\" style=\"width:311px;height:389px\"\/><\/figure><\/div>\n\n\n<h3 class=\"wp-block-heading\">1981-ci ild\u0259 G\u0259nc\u0259 \u015f\u0259h\u0259rind\u0259 anadan olmu\u015fdur.<\/h3>\n\n\n\n<p class=\"has-medium-font-size\"><strong>Tel: (+99450) 340- 74- 79<\/strong><\/p>\n\n\n\n<p class=\"has-medium-font-size\"><strong>E-mail: <a href=\"mailto:natavanmamedovamm@gmail.com\">natavanmamedovamm@gmail.com<\/a><\/strong><\/p>\n\n\n\n<h3 class=\"wp-block-heading\">1.&nbsp;&nbsp;&nbsp;&nbsp;&nbsp; 1988-ci ild\u0259 K\u0259p\u0259z rayonu A. Nekrasov adina 19 n\u00f6mr\u0259li tam orta m\u0259kt\u0259b\u0259 daxil olaraq, 1998 \u2013ci ild\u0259 h\u0259min m\u0259kt\u0259bi <em>f\u0259rql\u0259nm\u0259 attestat\u0131<\/em> il\u0259 (q\u0131z\u0131l medalla) bitirmi\u015fdir.<\/h3>\n\n\n\n<h3 class=\"wp-block-heading\">2.&nbsp;&nbsp;&nbsp;&nbsp;&nbsp; El\u0259 h\u0259min ild\u0259 Bak\u0131 D\u00f6vl\u0259t Universitetinin mexanika-riyaziyyat fak\u00fclt\u0259sin\u0259 daxil olmu\u015fdur. 1998-2002-c\u00fc ill\u0259rd\u0259 Bak\u0131 D\u00f6vl\u0259t Universitetinin Mexanika-Riyaziyyat fak\u00fclt\u0259sind\u0259 \u201cRiyaziyyat\u201d ixtisas\u0131 \u00fczr\u0259 bakalavr t\u0259hsili alm\u0131\u015fdir.<\/h3>\n\n\n\n<h3 class=\"wp-block-heading\">3.&nbsp;&nbsp;&nbsp;&nbsp;&nbsp; 2002-ci ild\u0259 Bak\u0131 D\u00f6vl\u0259t Universitetinin \u201cHesablama- riyaziyyat\u0131\u201d ixtisasla\u015fmas\u0131 \u00fczr\u0259 magistratura pill\u0259sin\u0259 q\u0259bul olunmu\u015f v\u0259 2004-c\u00fc ild\u0259 oran\u0131 <em>f\u0259rql\u0259nm\u0259 diplomu<\/em> il\u0259 bitirmi\u015fdir.<\/h3>\n\n\n\n<h3 class=\"wp-block-heading\">4.&nbsp;&nbsp;&nbsp;&nbsp;&nbsp; 2004-ci ild\u0259n G\u0259nc\u0259 D\u00f6vl\u0259t Universitetinin Riyaziyyat v\u0259 \u0130nformatika fak\u00fclt\u0259sind\u0259 \u201c\u0130nformatika v\u0259 Hesablama texnikas\u0131\u201d kafedras\u0131nda m\u00fc\u0259llim v\u0259zif\u0259sind\u0259 \u00e7al\u0131\u015f\u0131r.<\/h3>\n\n\n\n<h3 class=\"wp-block-heading\">5.&nbsp;&nbsp;&nbsp;&nbsp;&nbsp; <strong>2007-2010<\/strong> \u2013cu ill\u0259rd\u0259 Bak\u0131 D\u00f6vl\u0259t Universitetinin Aspirantura pill\u0259sind\u0259 t\u0259hsilini davam etdirmi\u015fdi.<strong><\/strong><\/h3>\n\n\n\n<h3 class=\"wp-block-heading\">6.&nbsp;&nbsp;&nbsp;&nbsp;&nbsp; <strong>2014-<\/strong>c\u0131 ild\u0259 riyaziyyat \u00fczr\u0259 f\u0259ls\u0259f\u0259 doktoru elmi d\u0259r\u0259c\u0259si almaq \u00fc\u00e7\u00fcn Aradan qald\u0131r\u0131la bil\u0259n elliptik&nbsp; v\u0259 parabolik t\u0259nlikl\u0259r v\u0259 onlar\u0131n t\u0259qribi h\u0259ll\u0259ri <strong><em>(\u201d\u0423\u0441\u0442\u0440\u0430\u043d\u0438\u043c\u044b\u0435 \u043c\u043d\u043e\u0436\u0435\u0441\u0442\u0432\u0430 \u0440\u0435\u0448\u0435\u043d\u0438\u0439 \u044d\u043b\u043b\u0438\u043f\u0442\u0438\u0447\u0435\u0441\u043a\u0438\u0445 \u0438 \u043f\u0430\u0440\u0430\u0431\u043e\u043b\u0438\u0447\u0435\u0441\u043a\u0438\u0445 \u0443\u0440\u0430\u0432\u043d\u0435\u043d\u0438\u0439 \u0438 \u0438\u0445 \u043f\u0440\u0438\u0431\u043b\u0438\u0436\u0435\u043d\u043d\u044b\u0435 \u0440\u0435\u0448\u0435\u043d\u0438\u044f\u201d)<\/em>&nbsp; <\/strong>m\u00f6vzusunda dissertasiya i\u015fi m\u00fcdafi\u0259 edib.<strong><\/strong><\/h3>\n\n\n\n<h3 class=\"wp-block-heading\">7.&nbsp;&nbsp;&nbsp;&nbsp;&nbsp; <strong>2014<\/strong>-c\u00fc ild\u0259 Az\u0259rbaycan Respublikas\u0131 Prezidenti yan\u0131nda AAK-in q\u0259rar\u0131 il\u0259 ona riyaziyyat \u00fczr\u0259 f\u0259ls\u0259f\u0259 doktoru elmi d\u0259r\u0259c\u0259si, <strong><\/strong><\/h3>\n\n\n\n<h3 class=\"wp-block-heading\">8.&nbsp;&nbsp;&nbsp;&nbsp;&nbsp; <strong>2021<\/strong>-ci ild\u0259 elmi-pedaqoji f\u0259aliyy\u0259t\u0259 g\u00f6r\u0259 Az\u0259rbaycan Respublikas\u0131 Prezidenti yan\u0131nda AAK-\u0131n q\u0259rar\u0131na \u0259sas\u0259n Riyaziyyat elm sah\u0259si \u00fczr\u0259 \u201cdosent\u201d elmi ad\u0131 verilmi\u015fdir.<strong><\/strong><\/h3>\n\n\n\n<h2 class=\"wp-block-heading\">\u018fM\u018fK F\u018fAL\u0130YY\u018fT\u0130<\/h2>\n\n\n\n<h3 class=\"wp-block-heading\">16.11.2004-c\u00fc ild\u0259n G\u0259nc\u0259 D\u00f6vl\u0259t Universitetinin \u0130nformatika v\u0259 Hesablama texnikas\u0131 kafedras\u0131n\u0131n m\u00fc\u0259llimi;<\/h3>\n\n\n\n<h3 class=\"wp-block-heading\">2007-2010 \u2013cu ill\u0259rd\u0259 Bak\u0131 D\u00f6vl\u0259t Universitetinin aspirant\u0131;<\/h3>\n\n\n\n<h3 class=\"wp-block-heading\">28.06.2012-ci ild\u0259n GDU-nin \u0130nformatika kafedras\u0131n\u0131n ba\u015f m\u00fc\u0259llimi;<\/h3>\n\n\n\n<h3 class=\"wp-block-heading\">05.04.2018-ci ild\u0259n el\u0259 h\u0259min universitetin \u0130nformatika kafedras\u0131n\u0131n dosenti (attestats\u0131z);<\/h3>\n\n\n\n<h3 class=\"wp-block-heading\">29.06.2021-ci ild\u0259n GDU-nin \u0130nformatika kafedras\u0131n\u0131n ARP yan\u0131nda AAK-in q\u0259rar\u0131na \u0259sas\u0259n dosenti.<\/h3>\n\n\n\n<h3 class=\"wp-block-heading\">T\u018fDQ\u0130QAT&nbsp; SAH\u018fS\u0130<\/h3>\n\n\n\n<h3 class=\"wp-block-heading\">Komp\u00fcter Modell\u0259\u015fdirm\u0259si, Riyazi Proqramla\u015fd\u0131rma, M\u00fcasir Elektron T\u0259dris Texnologiyalar\u0131, Komp\u00fcterl\u0259\u015fdirilmi\u015f T\u0259dris Vasit\u0259l\u0259ri, M\u00fcasir Komp\u00fcter Texnologiyalar\u0131, \u0130nstrumental Proqram Vasit\u0259l\u0259ri v\u0259 s.<\/h3>\n\n\n\n<h3 class=\"wp-block-heading\">ELM\u0130 D\u018fR\u018fC\u018f V\u018f YA&nbsp; ELM\u0130 AD<\/h3>\n\n\n\n<h3 class=\"wp-block-heading\"><strong>1.&nbsp;&nbsp;&nbsp;&nbsp;&nbsp; <\/strong>Az\u0259rbaycan Respublikas\u0131 Prezidenti yan\u0131nda AAK-in 14.10.2014-c\u00fc il tarixli q\u0259rar\u0131 il\u0259 riyaziyyat \u00fczr\u0259 f\u0259ls\u0259f\u0259 doktoru elmi d\u0259r\u0259c\u0259si;<\/h3>\n\n\n\n<h3 class=\"wp-block-heading\"><strong>2.&nbsp;&nbsp;&nbsp;&nbsp;&nbsp; <\/strong>Az\u0259rbaycan Respublikas\u0131 Prezidenti yan\u0131nda AAK-in 29.06.2021-ci il tarixli q\u0259rar\u0131 il\u0259 elmi-pedaqoji f\u0259aliyy\u0259t\u0259 g\u00f6r\u0259 Riyaziyyat elm sah\u0259si \u00fczr\u0259 dosent elmi ad\u0131 verilmi\u015fdir.<\/h3>\n\n\n\n<h3 class=\"wp-block-heading\">SE\u00c7\u0130LM\u0130\u015e \u018fS\u018fRL\u018fR\u0130<\/h3>\n\n\n\n<h3 class=\"wp-block-heading\"><strong>1.&nbsp;&nbsp;&nbsp;&nbsp;&nbsp; <\/strong>Directions of The Gamification Technologies in the teaching process. \u00abSCIENTIFIC WORK\u00bb Internat\u0131onal Sc\u0131ent\u0131f\u0131c Journal \u2013 XIII Internat\u0131onal Sc\u0131ent\u0131f\u0131c Research Conference. Konfrans material\u0131. Baku 2023. N.Q. M\u0259mm\u0259dova&nbsp; <strong><\/strong><\/h3>\n\n\n\n<h3 class=\"wp-block-heading\"><strong>2.&nbsp;&nbsp;&nbsp;&nbsp;&nbsp; <\/strong>The role and \u0131mportance of gam\u0131f\u0131cat\u0131on technology \u0131n the educat\u0131onal process. III &#8211; Internat\u0131onal Conference on the Foundations of Science and Education. Konfrans material\u0131. Baku 2023. N.Q. M\u0259mm\u0259dova, R.Q. Quliyev<\/h3>\n\n\n\n<h3 class=\"wp-block-heading\"><strong>3.&nbsp;&nbsp;&nbsp;&nbsp;&nbsp; <\/strong>The Role and significance of personal information resources in the process of&nbsp; lifelong education. VI-Republ\u0131c Conference of Sc\u0131ent\u0131f\u0131c Sources. M\u0259qal\u0259. Baku 2022. N.Q. M\u0259mm\u0259dova<\/h3>\n\n\n\n<h3 class=\"wp-block-heading\"><strong>4.&nbsp;&nbsp;&nbsp;&nbsp;&nbsp; <\/strong>Byod texnologiyas\u0131n\u0131n mah\u0131yy\u0259ti v\u0259 elektron t\u0259hsild\u0259 istifad\u0259si. \u201cSCIENTIFIC Research\u201d \u0130nternational Online Scientific Journal \u201cCollection of theses on Scientific Resources\u201d M\u0259qal\u0259. Baku 2022. N.Q. M\u0259mm\u0259dova, L.M. K\u0259rimova<\/h3>\n\n\n\n<h3 class=\"wp-block-heading\"><strong>5.&nbsp;&nbsp;&nbsp;&nbsp;&nbsp; <\/strong>Davaml\u0131 t\u0259hsil prosesind\u0259 personal informasiya resurslar\u0131n\u0131n rolu v\u0259 \u0259h\u0259miyy\u0259ti. Davamli \u0130nki\u015faf Strategiyasi: Qlobal Trendl\u0259r, Milli T\u0259cr\u00fcb\u0259l\u0259r v\u0259 Yeni H\u0259d\u0259fl\u0259r I Beyn\u0259lxalq Elmi Konfrans\u0131n materiallari 10-11 Dekabr 2021.Mingachevir 2021. N.Q. M\u0259mm\u0259dova<strong><\/strong><\/h3>\n\n\n\n<h3 class=\"wp-block-heading\"><strong>6.&nbsp;&nbsp;&nbsp;&nbsp;&nbsp; <\/strong>\u041c\u0430\u0442\u0435\u043c\u0430\u0442\u0438\u0447\u0435\u0441\u043a\u0430\u044f&nbsp; \u043c\u043e\u0434\u0435\u043b\u044c \u0431\u044e\u0434\u0436\u0435\u0442\u0430 \u0438 \u043d\u0435\u043a\u043e\u0442\u043e\u0440\u044b\u0435 \u043f\u0440\u0438\u043c\u0435\u043d\u0435\u043d\u0438\u044f. \u041d\u0430\u0443\u0447\u043d\u043e-\u0438\u0437\u0434\u0430\u0442\u0435\u043b\u044c\u0441\u043a\u0438\u0439 \u0446\u0435\u043d\u0442\u0440 \u00ab\u0410\u043a\u0442\u0443\u0430\u043b\u044c\u043d\u043e\u0441\u0442\u044c. \u0420\u0424\u00bb \u0420\u043e\u0441\u0441\u0438\u0439\u0441\u043a\u0430\u044f \u043d\u0430\u0443\u043a\u0430 \u0432 \u0441\u043e\u0432\u0440\u0435\u043c\u0435\u043d\u043d\u043e\u043c \u043c\u0438\u0440\u0435. XXVIII \u043c\u0435\u0436\u0434\u0443\u043d\u0430\u0440\u043e\u0434\u043d\u0430\u044f \u043d\u0430\u0443\u0447\u043d\u043e-\u043f\u0440\u0430\u043a\u0442\u0438\u0447\u0435\u0441\u043a\u0430\u044f&nbsp; \u043a\u043e\u043d\u0444\u0435\u0440\u0435\u043d\u0446\u0438\u044f. Konfrans material\u0131. \u041c\u043e\u0441\u043a\u0432a 2020. \u041c\u0430\u043c\u0435\u0434\u043e\u0432 \u0424.\u0413., \u041d.\u0413. \u041c\u0430\u043c\u0435\u0434\u043e\u0432\u0430.<\/h3>\n\n\n\n<h3 class=\"wp-block-heading\"><strong>7.&nbsp;&nbsp;&nbsp;&nbsp;&nbsp; <\/strong>\u0420\u0435\u0448\u0435\u043d\u0438\u0435&nbsp; \u0433\u0440\u0430\u043d\u0438\u0447\u043d\u043e\u0439&nbsp; \u0437\u0430\u0434\u0430\u0447\u0438 \u043e\u0431\u044b\u043a\u043d\u043e\u0432\u0435\u043d\u043d\u043e\u0433\u043e \u0434\u0438\u0444\u0444\u0435\u0440\u0435\u043d\u0446\u0438\u0430\u043b\u044c\u043d\u043e\u0433\u043e \u0443\u0440\u0430\u0432\u043d\u0435\u043d\u0438\u044f \u0432\u0442\u043e\u0440\u043e\u0433\u043e \u043f\u043e\u0440\u044f\u0434\u043a\u0430 \u043c\u0435\u0442\u043e\u0434\u043e\u043c \u0440\u0435\u0448\u0435\u0442\u043e\u043a \u0432 \u0441\u0440\u0435\u0434\u0435&nbsp; MATHCAD. \u041d\u0430\u0443\u0447\u043d\u043e-\u043f\u0440\u0430\u043a\u0442\u0438\u0447\u0435\u0441\u043a\u0438\u0435 \u0438\u0441\u0441\u043b\u0435\u0434\u043e\u0432\u0430\u043d\u0438\u044f. (\u0436\u0443\u0440\u043d\u0430\u043b \u0432\u044b\u043f\u0443\u0441\u043a\u0430\u0435\u0442\u0441\u044f \u043f\u043e \u043c\u0430\u0442\u0435\u0440\u0438\u0430\u043b\u0430\u043c \u043c\u0435\u0436\u0434\u0443\u043d\u0430\u0440\u043e\u0434\u043d\u043e\u0439 \u043d\u0430\u0443\u0447\u043d\u043e-\u043f\u0440\u0430\u043a\u0442\u0438\u0447\u0435\u0441\u043a\u043e\u0439 \u043a\u043e\u043d\u0444\u0435\u0440\u0435\u043d\u0446\u0438\u0438). Konfrans material\u0131. \u041e\u043c\u0441\u043a 2020. N.Q. M\u0259mm\u0259dova.<\/h3>\n\n\n\n<h3 class=\"wp-block-heading\"><strong>8.&nbsp;&nbsp;&nbsp;&nbsp;&nbsp; <\/strong>\u0412\u043e\u0437\u043c\u043e\u0436\u043d\u043e\u0441\u0442\u0438 \u0440\u0435\u0448\u0435\u043d\u0438\u044f \u0437\u0430\u0434\u0430\u0447 \u043c\u0430\u0442\u0435\u043c\u0430\u0442\u0438\u0447\u0435\u0441\u043a\u043e\u0433\u043e \u043f\u0440\u043e\u0433\u0440\u0430\u043c\u043c\u0438\u0440\u043e\u0432\u0430\u043d\u0438\u044f \u0432 \u0441\u0440\u0435\u0434\u0435 MATHCAD. \u0410\u042d\u0422\u0415\u0420\u041d\u0410. \u041d\u0430\u0443\u0447\u043d\u043e-\u0438\u0437\u0434\u0430\u0442\u0435\u043b\u044c\u0441\u043a\u0438\u0439 \u0446\u0435\u043d\u0442\u0440. \u0422\u0435\u0445\u043d\u043e\u043b\u043e\u0433\u0438\u0447\u0435\u0441\u043a\u0438\u0439 \u043e\u0442\u0432\u0435\u0442 \u043d\u0430 \u0432\u044b\u0437\u043e\u0432\u044b \u0441\u043e\u0432\u0440\u0435\u043c\u0435\u043d\u043d\u043e\u0441\u0442\u0438. \u0421\u0431\u043e\u0440\u043d\u0438\u043a \u0441\u0442\u0430\u0442\u0435\u0439 \u043c\u0435\u0436\u0434\u0443\u043d\u0430\u0440\u043e\u0434\u043d\u043e\u0439 \u043d\u0430\u0443\u0447\u043d\u043e-\u043f\u0440\u0430\u043a\u0442\u0438\u0447\u0435\u0441\u043a\u043e\u0439 \u043a\u043e\u043d\u0444\u0435\u0440\u0435\u043d\u0446\u0438\u0438. Konfrans material\u0131. \u0423\u0444\u0430 2020. N.Q. M\u0259mm\u0259dova.<\/h3>\n\n\n\n<h3 class=\"wp-block-heading\"><strong>9.&nbsp;&nbsp;&nbsp;&nbsp;&nbsp; <\/strong>KOMP\u00dcTER RIYAZIYYATI. X\u00dcSUSI T\u00d6R\u018fM\u018fLI DIFERENSIAL T\u018fNLIKL\u018fRD\u018fN PRAKTIKUM. D\u018fRS V\u018fSAITI. GDU-nun 19.04.2019-cu il tarixli 5\/113 sayl\u0131 \u0259mri il\u0259 t\u0259sdiq edilmi\u015fdir. G\u0259nc\u0259 2019. F.H.M\u0259mm\u0259dov, N.Q. M\u0259mm\u0259dova, R.M.M\u0259mm\u0259dov.<\/h3>\n\n\n\n<h3 class=\"wp-block-heading\"><strong>10.&nbsp; <\/strong>RIYAZI PROQRAMLA\u015eDIRMA. METODIK G\u00d6ST\u018fRI\u015e. GDU-nun 03.12.2019-cu il tarixli 5\/356 sayl\u0131 \u0259mrin\u0259 \u0259sas\u0259n t\u0259sdiq edilmi\u015fdir. G\u0259nc\u0259 2019. N.Q. M\u0259mm\u0259dova.<\/h3>\n\n\n\n<h3 class=\"wp-block-heading\"><strong>11.&nbsp; <\/strong>Opportunities&nbsp; for&nbsp; solving&nbsp; integral&nbsp; equations by approximate methods in matchad condition. M\u0259qal\u0259. \u041c\u0435\u0436\u0434\u0443\u043d\u0430\u0440\u043e\u0434\u043d\u044b\u0439 \u043d\u0430\u0443\u0447\u043d\u044b\u0439 \u0436\u0443\u0440\u043d\u0430\u043b&nbsp; \u041d\u0430\u0443\u0447\u043d\u044b\u0439 \u0438\u043d\u043d\u043e\u0432\u0430\u0446\u0438\u043e\u043d\u043d\u044b\u0439&nbsp; \u0446\u0435\u043d\u0442\u0440 \u043c\u0435\u0436\u0434\u0443\u043d\u0430\u0440\u043e\u0434\u043d\u044b\u0439 \u0438\u043d\u0441\u0442\u0438\u0442\u0443\u0442 \u0441\u0442\u0440\u0430\u0442\u0435\u0433\u0438\u0447\u0435\u0441\u043a\u0438\u0445 \u0438\u0441\u0441\u043b\u0435\u0434\u043e\u0432\u0430\u043d\u0438\u0439. \u00ab\u0412\u0435\u0441\u0442\u043d\u0438\u043a \u041d\u0418\u0426&nbsp; \u041c\u0418\u0421\u0418: \u0410\u043a\u0442\u0443\u0430\u043b\u044c\u043d\u044b\u0435 \u0432\u043e\u043f\u0440\u043e\u0441\u044b \u0441\u043e\u0432\u0440\u0435\u043c\u0435\u043d\u043d\u043e\u0439 \u043d\u0430\u0443\u043a\u0438\u00bb. \u041c\u043e\u0441\u043a\u0432\u0430 2019. N.Q. M\u0259mm\u0259dova.<\/h3>\n\n\n\n<h3 class=\"wp-block-heading\"><strong>12.&nbsp; <\/strong>One Remark&nbsp; on the Eigenvalues of the Schrodinger operator with Growing Potensial. M\u0259qal\u0259. Caspian Journal of Applied Mathematics. Ecology&nbsp; and Economics. 2019. A.Kh.Khanmamedov<\/h3>\n\n\n\n<h3 class=\"wp-block-heading\"><strong>13.&nbsp; <\/strong>KOMP\u00dcTER MODELL\u018f\u015eDIRM\u018fSI. F\u018fNN PROQRAMI. Az\u0259rbaycan Respublikas\u0131 T\u0259hsil Nazirliyinin 14.09.2018-ci il F-642 sayl\u0131 \u0259mri il\u0259 t\u0259sdiq olunmu\u015fdur. G\u0259nc\u0259 2018. N.Q. M\u0259mm\u0259dova, A.\u0130. P\u00fcrhani.<\/h3>\n\n\n\n<h3 class=\"wp-block-heading\"><strong>14.&nbsp; <\/strong>Bases from generalized Faber polynomials in weighted Smirnov spaces. M\u0259qal\u0259.Transactions of NAS of Azerbaijan, \u0130ssue Mathematics,. Series of Physical-Technical and Mathematical Sciences. Baku. 2018 N.Q. M\u0259mm\u0259dova S.R. Sadigova&nbsp;&nbsp; Z.V.Mammadova.<\/h3>\n\n\n\n<h3 class=\"wp-block-heading\"><strong>15.&nbsp; <\/strong>Spektral properties of a problem of vibrations of a loaded string in Lebesgue spaces. M\u0259qal\u0259 Transactions of NAS of Azerbaijan, \u0130ssue Mathematics. Series of Physical-Technical and Mathematical Sciences. Baku 2018.T.B.Gasymov G.V.Maharramova, N.Q.M\u0259mm\u0259dova.<\/h3>\n\n\n\n<h3 class=\"wp-block-heading\"><strong>16.&nbsp; <\/strong>RIYAZI PROQRAMLA\u015eDIRMA. D\u018fRS V\u018fSA\u0130T\u0130. Az\u0259rbaycan Respublikas\u0131 T\u0259hsil Nazirliyinin 22.07.2015-ci il tarixli 829 sayl\u0131 \u0259mri il\u0259 d\u0259rs v\u0259saiti kimi t\u0259sdiq edilmi\u015fdir. G\u0259nc\u0259 2016. N.Q. M\u0259mm\u0259dova.<\/h3>\n","protected":false},"excerpt":{"rendered":"<p>1981-ci ild\u0259 G\u0259nc\u0259 \u015f\u0259h\u0259rind\u0259 anadan olmu\u015fdur. Tel: (+99450) 340- 74- 79 E-mail: natavanmamedovamm@gmail.com 1.&nbsp;&nbsp;&nbsp;&nbsp;&nbsp; 1988-ci ild\u0259 K\u0259p\u0259z rayonu A. Nekrasov adina 19 n\u00f6mr\u0259li tam orta m\u0259kt\u0259b\u0259 daxil olaraq, 1998 \u2013ci ild\u0259 h\u0259min m\u0259kt\u0259bi f\u0259rql\u0259nm\u0259 attestat\u0131 il\u0259 (q\u0131z\u0131l medalla) bitirmi\u015fdir. 2.&nbsp;&nbsp;&nbsp;&nbsp;&nbsp; El\u0259 h\u0259min ild\u0259 Bak\u0131 D\u00f6vl\u0259t Universitetinin mexanika-riyaziyyat fak\u00fclt\u0259sin\u0259 daxil olmu\u015fdur. 1998-2002-c\u00fc ill\u0259rd\u0259 Bak\u0131 D\u00f6vl\u0259t Universitetinin<\/p>\n<p><a href=\"https:\/\/rif.gdu.edu.az\/?page_id=5269\" class=\"more-link themebutton\">Daha \u0259trafl\u0131<\/a><\/p>\n","protected":false},"author":4,"featured_media":0,"parent":0,"menu_order":0,"comment_status":"closed","ping_status":"closed","template":"","meta":{"footnotes":""},"class_list":["post-5269","page","type-page","status-publish","hentry"],"_links":{"self":[{"href":"https:\/\/rif.gdu.edu.az\/index.php?rest_route=\/wp\/v2\/pages\/5269","targetHints":{"allow":["GET"]}}],"collection":[{"href":"https:\/\/rif.gdu.edu.az\/index.php?rest_route=\/wp\/v2\/pages"}],"about":[{"href":"https:\/\/rif.gdu.edu.az\/index.php?rest_route=\/wp\/v2\/types\/page"}],"author":[{"embeddable":true,"href":"https:\/\/rif.gdu.edu.az\/index.php?rest_route=\/wp\/v2\/users\/4"}],"replies":[{"embeddable":true,"href":"https:\/\/rif.gdu.edu.az\/index.php?rest_route=%2Fwp%2Fv2%2Fcomments&post=5269"}],"version-history":[{"count":3,"href":"https:\/\/rif.gdu.edu.az\/index.php?rest_route=\/wp\/v2\/pages\/5269\/revisions"}],"predecessor-version":[{"id":6883,"href":"https:\/\/rif.gdu.edu.az\/index.php?rest_route=\/wp\/v2\/pages\/5269\/revisions\/6883"}],"wp:attachment":[{"href":"https:\/\/rif.gdu.edu.az\/index.php?rest_route=%2Fwp%2Fv2%2Fmedia&parent=5269"}],"curies":[{"name":"wp","href":"https:\/\/api.w.org\/{rel}","templated":true}]}}