{"id":358,"date":"2015-12-17T16:18:17","date_gmt":"2015-12-17T14:18:17","guid":{"rendered":"http:\/\/rif.gdu.edu.az\/?page_id=358"},"modified":"2025-10-02T13:01:31","modified_gmt":"2025-10-02T11:01:31","slug":"umumi-riyaziyyat","status":"publish","type":"page","link":"https:\/\/rif.gdu.edu.az\/?page_id=358","title":{"rendered":"\u00dcmumi Riyaziyyat"},"content":{"rendered":"\n<h1 class=\"wp-block-heading has-text-align-center\"><strong>\u00dcMUM<\/strong><strong>\u0130<\/strong><strong>&nbsp;<\/strong> <strong>R<\/strong><strong>\u0130<\/strong><strong>YAZ<\/strong><strong>\u0130<\/strong><strong>YYAT&nbsp; KAFEDRASI<\/strong><\/h1>\n\n\n<div class=\"wp-block-image\">\n<figure class=\"aligncenter size-full\"><img loading=\"lazy\" decoding=\"async\" width=\"1324\" height=\"883\" src=\"https:\/\/rif.gdu.edu.az\/wp-content\/uploads\/2025\/03\/IMG_4951.jpg\" alt=\"\" class=\"wp-image-7131\" srcset=\"https:\/\/rif.gdu.edu.az\/wp-content\/uploads\/2025\/03\/IMG_4951.jpg 1324w, https:\/\/rif.gdu.edu.az\/wp-content\/uploads\/2025\/03\/IMG_4951-768x512.jpg 768w, https:\/\/rif.gdu.edu.az\/wp-content\/uploads\/2025\/03\/IMG_4951-1140x760.jpg 1140w, https:\/\/rif.gdu.edu.az\/wp-content\/uploads\/2025\/03\/IMG_4951-570x380.jpg 570w, https:\/\/rif.gdu.edu.az\/wp-content\/uploads\/2025\/03\/IMG_4951-380x254.jpg 380w, https:\/\/rif.gdu.edu.az\/wp-content\/uploads\/2025\/03\/IMG_4951-285x190.jpg 285w\" sizes=\"auto, (max-width: 1324px) 100vw, 1324px\" \/><\/figure><\/div>\n\n\n<h2 class=\"wp-block-heading\"><strong>Kafedra (1969-1970- ci ill\u0259rd\u0259)&nbsp; &nbsp;\u201cElementar riyaziyyat v\u0259 onun t\u0259drisi metodikas\u0131\u201d ad\u0131 il\u0259 yaranm\u0131\u015fd\u0131r.H\u0259min ild\u0259 kafedran\u0131n t\u0259rkibi &nbsp;4 n\u0259f\u0259r elml\u0259r namiz\u0259di, 6 n\u0259f\u0259r ba\u015f m\u00fc\u0259llim, 10 n\u0259f\u0259r m\u00fc\u0259llim&nbsp; v\u0259 2 laborantdan&nbsp; ibar\u0259t idi. 1975-ci ild\u0259 kafedran\u0131n profilin\u0259 uy\u011fun olaraq &nbsp;\u201cRiyaziyyat\u0131n t\u0259drisi metodikas\u0131\u201d ad\u0131 alt\u0131nda f\u0259aliyy\u0259t g\u00f6st\u0259rmi\u015fdir. 1999-cu ild\u0259 kafedra m\u00fcdiri &nbsp;fizika-riyaziyyat elml\u0259r namiz\u0259di, dosent &nbsp;May\u0131l Mustafayev se\u00e7ilmi\u015fdir. 2011-ci ild\u0259 \u201cRiyaziyyat\u0131n t\u0259drisi metodikas\u0131\u201d kafedras\u0131n\u0131n ad\u0131 \u201c\u00dcmumi riyaziyyat\u201d ad\u0131 il\u0259 \u0259v\u0259z edil\u0259r\u0259k f\u0259aliyy\u0259t g\u00f6st\u0259rmi\u015fdir. &nbsp;2022-ci ild\u0259n \u201c\u00dcmumi riyaziyyat\u201d kafedras\u0131na dosent Zeynall\u0131 S\u00fcbhiyy\u0259 r\u0259hb\u0259rlik edir. Hal haz\u0131rda kafedrada 19 n\u0259f\u0259r professor-m\u00fc\u0259llim, 5 n\u0259f\u0259r t\u0259dris-k\u00f6m\u0259k\u00e7i hey\u0259t \u00e7al\u0131\u015f\u0131r.<\/strong><\/h2>\n\n\n\n<h3 class=\"wp-block-heading\"><strong>Kafedra \u0259m\u0259kda\u015flar\u0131n\u0131n<\/strong>&nbsp;<strong>say\u0131,<\/strong>&nbsp;<strong>d\u0259r\u0259c\u0259lik<\/strong>&nbsp;<strong>v\u0259ziyy\u0259ti.<\/strong><\/h3>\n\n\n\n<ol class=\"wp-block-list\">\n<li><h3><strong><a href=\"http:\/\/rif.gdu.edu.az\/?page_id=811\">Dosent<\/a> <a href=\"http:\/\/rif.gdu.edu.az\/?page_id=811\">Zeynall\u0131 S\u00fcbhiyy\u0259 M\u0259mm\u0259d q\u0131z\u0131<\/a><\/strong><\/h3><\/li>\n\n\n\n<li><h3><strong><a href=\"http:\/\/rif.gdu.edu.az\/?page_id=500\" target=\"_blank\" rel=\"noopener noreferrer\">Dosent Qocayeva Lal\u0259 \u0130slam q.<\/a><\/strong><\/h3><\/li>\n\n\n\n<li><h3><strong><a href=\"http:\/\/rif.gdu.edu.az\/?page_id=819\">R.F.D., ba\u015f m\u00fc\u0259llim M\u0259mm\u0259dov Rauf M\u0259mm\u0259d o\u011flu<\/a><\/strong><\/h3><\/li>\n\n\n\n<li><h3><strong><a href=\"http:\/\/rif.gdu.edu.az\/?page_id=793\">P.F.D.,ba\u015f m\u00fc\u0259llim Qaybal\u0131yeva K\u0259mal\u0259 Yunis q\u0131z\u0131<\/a><\/strong><\/h3><\/li>\n\n\n\n<li><h3><strong><a href=\"http:\/\/rif.gdu.edu.az\/?page_id=801\">Ba\u015f m\u00fc\u0259llim M\u0259mm\u0259dova C\u0259b\u0259rr\u00fcd M\u00fcz\u0259ff\u0259r q\u0131z\u0131<\/a><\/strong><\/h3><\/li>\n\n\n\n<li><h3><strong><a href=\"http:\/\/rif.gdu.edu.az\/?page_id=803\">Ba\u015f m\u00fc\u0259llim H\u00fcseynova \u015e\u0259raf\u0259t N\u0259riman q\u0131z\u0131<\/a><\/strong><\/h3><\/li>\n\n\n\n<li><h3><strong><a href=\"http:\/\/rif.gdu.edu.az\/?page_id=799\">P.F.D., ba\u015f m\u00fc\u0259llim Qarayeva V\u00fcsal\u0259 M\u0259mm\u0259d q\u0131z\u0131<\/a><\/strong><\/h3><\/li>\n\n\n\n<li><h3><strong><a href=\"http:\/\/rif.gdu.edu.az\/?page_id=805\">P.F.D., ba\u015f m\u00fc\u0259llim&nbsp; C\u0259f\u0259rli Esmira Vahid q\u0131z\u0131<\/a><\/strong><\/h3><\/li>\n\n\n\n<li><h3><strong><a href=\"http:\/\/rif.gdu.edu.az\/?page_id=807\">Ba\u015f m\u00fc\u0259llim Abbasova Samir\u0259 Vaqif q\u0131z\u0131<\/a><\/strong><\/h3><\/li>\n\n\n\n<li><h3><a data-wplink-url-error=\"true\" href=\"https:\/\/rif.gdu.edu.az\/?page_id=5742(opens in a new tab)\"><strong>Ba\u015f m\u00fc\u0259llim Qurbanova Af\u0259t Q\u0259hr\u0259man q\u0131z\u0131<\/strong><\/a><\/h3><\/li>\n\n\n\n<li><h3><strong><a href=\"http:\/\/rif.gdu.edu.az\/?page_id=809\">Ba\u015f m\u00fc\u0259llim&nbsp; Mustafayeva P\u0259rvin May\u0131l q\u0131z\u0131<\/a><\/strong><\/h3><\/li>\n\n\n\n<li><h3><a href=\"https:\/\/rif.gdu.edu.az\/?page_id=5750\"><strong>Ba\u015f m\u00fc\u0259llim H\u0259s\u0259nova M\u0259tan\u0259t \u018fliqulu q\u0131z\u0131<\/strong><\/a><\/h3><\/li>\n\n\n\n<li><h3><a href=\"https:\/\/rif.gdu.edu.az\/?page_id=5753\"><strong>M\u00fc\u0259llim H\u0259s\u0259nova Ramid\u0259 S\u0259l\u0259ddin q\u0131z\u0131<\/strong><\/a><\/h3><\/li>\n\n\n\n<li><h3><a href=\"https:\/\/rif.gdu.edu.az\/?page_id=5756\"><strong>M\u00fc\u0259llim Ba\u011f\u0131rova Leyla Faiq q\u0131z\u0131<\/strong><\/a><\/h3><\/li>\n\n\n\n<li><h3><a href=\"https:\/\/rif.gdu.edu.az\/?page_id=5758\"><strong>M\u00fc\u0259llim \u0130brahimova \u0130lah\u0259 Q\u0259dir q\u0131z\u0131&nbsp;<\/strong><\/a><\/h3><\/li>\n\n\n\n<li><h3><a href=\"https:\/\/rif.gdu.edu.az\/?page_id=5760\"><strong>M\u00fc\u0259llim \u018fliyeva T\u00fcrkan \u018fl\u0259sg\u0259r q\u0131z\u0131<\/strong><\/a><\/h3><\/li>\n\n\n\n<li><h3><a href=\"https:\/\/rif.gdu.edu.az\/?page_id=5764\"><strong>M\u00fc\u0259llim Quliyeva N\u0259zrin Ceyhun q\u0131z\u0131&nbsp;<\/strong><\/a><\/h3><\/li>\n\n\n\n<li><h3><a href=\"https:\/\/rif.gdu.edu.az\/?page_id=5766\"><strong>M\u00fc\u0259llim Babayeva Humay Rza q\u0131z\u0131<\/strong><\/a><\/h3><\/li>\n\n\n\n<li><h3><a href=\"https:\/\/rif.gdu.edu.az\/?page_id=5770\"><strong>Laboratoriya m\u00fcdiri M\u0259mm\u0259dova Reyhan Vilay\u0259t q\u0131z\u0131<\/strong><\/a><\/h3><\/li>\n\n\n\n<li><h3><a href=\"https:\/\/rif.gdu.edu.az\/?page_id=5772\"><strong>Kabin\u0259 m\u00fcdiri M\u0259mm\u0259dova \u015e\u0259hla Eldar q\u0131z\u0131<\/strong><\/a><\/h3><\/li>\n\n\n\n<li><h3><a href=\"https:\/\/rif.gdu.edu.az\/?page_id=5774\"><strong>Laborant Zeynalova Nazil\u0259 Firuddin q\u0131z\u0131<\/strong><\/a><\/h3><\/li>\n\n\n\n<li><h3><a href=\"https:\/\/rif.gdu.edu.az\/?page_id=5776\"><strong>Laborant M\u0259simova Ziba Kamil q\u0131z\u0131<\/strong><\/a><\/h3><\/li>\n<\/ol>\n\n\n\n<h3 class=\"wp-block-heading has-text-align-center\" style=\"font-size:22px\">\u00dcmumi riyaziyyat kafedras\u0131n\u0131n m\u00fcdiri, dosent Zeynall\u0131 S\u00fcbhiyy\u0259 M\u0259mm\u0259d q\u0131z\u0131<\/h3>\n\n\n<div class=\"wp-block-image\">\n<figure class=\"aligncenter size-full is-resized\"><img loading=\"lazy\" decoding=\"async\" width=\"267\" height=\"242\" src=\"http:\/\/rif.gdu.edu.az\/wp-content\/uploads\/2024\/03\/Subhiyy\u0259.jpg\" alt=\"\" class=\"wp-image-5687\" style=\"width:505px;height:auto\"\/><\/figure><\/div>","protected":false},"excerpt":{"rendered":"<p>\u00dcMUM\u0130&nbsp; R\u0130YAZ\u0130YYAT&nbsp; KAFEDRASI Kafedra (1969-1970- ci ill\u0259rd\u0259)&nbsp; &nbsp;\u201cElementar riyaziyyat v\u0259 onun t\u0259drisi metodikas\u0131\u201d ad\u0131 il\u0259 yaranm\u0131\u015fd\u0131r.H\u0259min ild\u0259 kafedran\u0131n t\u0259rkibi &nbsp;4 n\u0259f\u0259r elml\u0259r namiz\u0259di, 6 n\u0259f\u0259r ba\u015f m\u00fc\u0259llim, 10 n\u0259f\u0259r m\u00fc\u0259llim&nbsp; v\u0259 2 laborantdan&nbsp; ibar\u0259t idi. 1975-ci ild\u0259 kafedran\u0131n profilin\u0259 uy\u011fun olaraq &nbsp;\u201cRiyaziyyat\u0131n t\u0259drisi metodikas\u0131\u201d ad\u0131 alt\u0131nda f\u0259aliyy\u0259t g\u00f6st\u0259rmi\u015fdir. 1999-cu ild\u0259 kafedra m\u00fcdiri &nbsp;fizika-riyaziyyat elml\u0259r namiz\u0259di,<\/p>\n<p><a href=\"https:\/\/rif.gdu.edu.az\/?page_id=358\" class=\"more-link themebutton\">Daha \u0259trafl\u0131<\/a><\/p>\n","protected":false},"author":4,"featured_media":0,"parent":0,"menu_order":0,"comment_status":"closed","ping_status":"closed","template":"","meta":{"footnotes":""},"class_list":["post-358","page","type-page","status-publish","hentry"],"_links":{"self":[{"href":"https:\/\/rif.gdu.edu.az\/index.php?rest_route=\/wp\/v2\/pages\/358","targetHints":{"allow":["GET"]}}],"collection":[{"href":"https:\/\/rif.gdu.edu.az\/index.php?rest_route=\/wp\/v2\/pages"}],"about":[{"href":"https:\/\/rif.gdu.edu.az\/index.php?rest_route=\/wp\/v2\/types\/page"}],"author":[{"embeddable":true,"href":"https:\/\/rif.gdu.edu.az\/index.php?rest_route=\/wp\/v2\/users\/4"}],"replies":[{"embeddable":true,"href":"https:\/\/rif.gdu.edu.az\/index.php?rest_route=%2Fwp%2Fv2%2Fcomments&post=358"}],"version-history":[{"count":42,"href":"https:\/\/rif.gdu.edu.az\/index.php?rest_route=\/wp\/v2\/pages\/358\/revisions"}],"predecessor-version":[{"id":7787,"href":"https:\/\/rif.gdu.edu.az\/index.php?rest_route=\/wp\/v2\/pages\/358\/revisions\/7787"}],"wp:attachment":[{"href":"https:\/\/rif.gdu.edu.az\/index.php?rest_route=%2Fwp%2Fv2%2Fmedia&parent=358"}],"curies":[{"name":"wp","href":"https:\/\/api.w.org\/{rel}","templated":true}]}}