{"id":346,"date":"2015-12-17T15:54:57","date_gmt":"2015-12-17T13:54:57","guid":{"rendered":"http:\/\/rif.gdu.edu.az\/?page_id=346"},"modified":"2025-09-09T18:08:38","modified_gmt":"2025-09-09T16:08:38","slug":"dekan","status":"publish","type":"page","link":"https:\/\/rif.gdu.edu.az\/?page_id=346","title":{"rendered":"Dekan"},"content":{"rendered":"\n<h2 class=\"wp-block-heading\"><strong>R<\/strong><strong>\u0130YAZ\u0130YYAT V\u018f \u0130NFORMAT\u0130KA\u00a0FAK\u00dcLT\u018fS\u0130N\u0130N\u00a0DEKANI<\/strong><\/h2>\n\n\n\n<h2 class=\"wp-block-heading\"><strong>Dosent H\u00fcseynov Oruc Mustafa o\u011flu<\/strong><\/h2>\n\n\n<div class=\"wp-block-image\">\n<figure class=\"aligncenter\"><img loading=\"lazy\" decoding=\"async\" width=\"352\" height=\"459\" src=\"http:\/\/rif.gdu.edu.az\/wp-content\/uploads\/2021\/07\/dekan.jpg\" alt=\"\" class=\"wp-image-3208\"\/><\/figure><\/div>\n\n\n<p><\/p>\n\n\n\n<h3 class=\"wp-block-heading\">Riyaziyyat v\u0259 informatika fak\u00fclt\u0259sinin dekan\u0131<br> Fizika- riyaziyyat elml\u0259ri namiz\u0259di, Riyazi analiz kafedrsa\u0131n\u0131n dosenti,<br> E \u2013 mail: oruc.h\u00fcseynov.1954@ mail.ru<\/h3>\n\n\n\n<h3 class=\"wp-block-heading\"><strong>QISA B\u0130OQRAF\u0130K M\u018fLUMAT<br>\n<\/strong>07.06.1954 \u2013 c\u00fc ild\u0259 G\u0259nc\u0259 \u015f\u0259h\u0259rind\u0259 anadan olmu\u015fdur.<strong><br>\n<\/strong>1962 -1972 \u2013 ci ill\u0259rd\u0259 orta m\u0259kt\u0259bd\u0259 oxumu\u015fdur.<strong><br>\n<\/strong>1972 \u2013 1977 \u2013 ci ill\u0259rd\u0259 ADU \u2013nun (indiki BDU) Mexanika \u2013 riyaziyyat fak\u00fclt\u0259sind\u0259 t\u0259hsil alm\u0131\u015fd\u0131r.<strong><br>\n<\/strong>1977 \u2013 1979 \u2013 cu ill\u0259rd\u0259 Az\u0259rbaycan\u0131n Kibernetika institunda \u0259m\u0259k f\u0259aliyy\u0259tin\u0259 ba\u015flam\u0131\u015f v\u0259 1979 \u2013 1982 \u2013 ci ill\u0259rd\u0259 Kibernetika \u0130nstitununda aspirant olmu\u015fdur. 1990 \u2013 cu il\u0259 q\u0259d\u0259r Az\u0259rbaycan\u0131n Riyaziyyat v\u0259 Mexanika institunda, RHM-d\u0259, SSR\u0130 Neft v\u0259 Kimya S\u0259nayesi Nazirliyinin \u201cNeft kimya- avtomat\u201d Elm \u2013 \u0130stehsalat birliyind\u0259 elmi i\u015f\u00e7i v\u0259 ba\u015f elmi i\u015f\u00e7i v\u0259zif\u0259l\u0259rind\u0259 \u00e7al\u0131\u015fm\u0131\u015fd\u0131r.&nbsp; 1990 \u2013 c\u0131 il 2002 \u2013 ci ill\u0259rd\u0259 ADAU \u2013 nun Ali riyaziyyat&nbsp; kafedras\u0131nda , 2002 \u2013 ci ild\u0259n is\u0259 iniy\u0259n\u0259d\u0259k GDU \u2013 da \u00e7al\u0131\u015f\u0131r.<strong><br>\n<\/strong>&nbsp;<strong><br>\nT\u018fHS\u0130L\u0130 V\u018f ELM\u0130 D\u018fR\u018fC\u018fS\u0130<br>\n<\/strong>Ali, dosent<strong><br>\n<\/strong>\u0130kinci v\u0259 \u00fc\u00e7\u00fcnc\u00fc t\u0259rtib hiperbolik tip t\u0259nlikl\u0259r \u00fc\u00e7\u00fcn x\u0259tti lokal v\u0259 lokal olmayan m\u0259s\u0259l\u0259l\u0259r v\u0259 onlarla ba\u011fl\u0131 optimal idar\u0259etm\u0259 m\u0259s\u0259l\u0259l\u0259ri. (namiz\u0259dlik dissertasiyas\u0131) 1986 \u2013 c\u0131 il.<strong><br>\n<\/strong>&nbsp;<strong><br>\n\u018fM\u018fK F\u018fAL\u0130YY\u018fT\u0130<br>\n<\/strong>1977 \u2013 1982 \u2013 ci ill\u0259rd\u0259 Az\u0259rbaycan EA \u2013 n\u0131n Kibernetika institunda, 1982 \u2013 1990 \u2013 c\u0131 ill\u0259rd\u0259 Az\u0259rbaycan EA \u2013 n\u0131n Riyaziyyat v\u0259 Mexanika institutunda, RHM \u2013 d\u0259 v\u0259 SSR\u0130 Neft v\u0259 Kimya s\u0259nayesi Nazirliyinin \u201cNeft kimya avtomat\u201d Elmi \u0130stehsalat birliyind\u0259 1990 \u2013 2002 \u2013 ci ill\u0259rd\u0259 ADAU \u2013 nun Ali riyaziyyat kafedras\u0131nda, 2002 \u2013 ci ild\u0259n GDU \u2013 nun Riyazi analiz kafedras\u0131nda \u00e7al\u0131\u015f\u0131r. 2014 \u2013 c\u00fc ild\u0259n Riyaziyyat \u2013 informatika fak\u00fclt\u0259sinin dekan\u0131d\u0131r.<strong><br>\n<\/strong>40 \u2013 dan \u00e7ox m\u0259qal\u0259nin, bir ne\u00e7\u0259 metodik g\u00f6st\u0259ri\u015fin v\u0259 2 d\u0259rs v\u0259saitinin m\u00fc\u0259llifidir.<strong><br>\n<\/strong>&nbsp;<strong><br>\nT\u018fDQ\u0130QAT SAH\u018fS\u0130<br>\n<\/strong>Riyazi fizika t\u0259nlikl\u0259ri v\u0259 optimal idar\u0259etm\u0259 m\u0259s\u0259l\u0259l\u0259ri.<strong><br>\n<\/strong>&nbsp;<strong><br>\nSE\u00c7\u0130LM\u0130\u015e \u018fS\u018fRL\u018fR\u0130<br>\n<\/strong>1. \u041e\u0441\u043e\u0431\u044b\u0435 \u0443\u043f\u0440\u0430\u0432\u043b\u0435\u043d\u0438\u044f \u0432 \u0441\u0438\u0441\u0442\u0435\u043c\u0430\u0445 \u0441 \u0440\u0430\u0441\u043f\u0440\u0435\u0434\u0435\u043b\u0435\u043d\u043d\u044b\u043c \u0437\u0430\u043f\u0430\u0437\u0434\u044b\u0432\u0430\u043d\u0438\u0435\u043c. II \u043a\u043e\u043d\u0444\u0435\u0440\u0435\u043d\u0446\u0438\u044f \u043c\u043e\u043b\u043e\u0434\u044b\u0445 \u0443\u0447\u0435\u043d\u044b\u0445 \u0417\u0430\u043a\u0430\u0432\u043a\u0430\u0437\u043d\u044b\u0445 \u0440\u0435\u0441\u043f\u0443\u0431\u043b\u0438\u043a \u043f\u043e \u0430\u0432\u0442\u043e\u043c\u0430\u0442\u0438\u0447\u0435\u0441\u043a\u043e\u043c\u0443 \u0443\u043f\u0440\u0430\u0432\u043b\u0435\u043d\u0438\u044e. \u0422\u0431\u0438\u043b\u0438\u0441\u0438 1980, \u0441 114&nbsp;&nbsp;<strong><br>\n<\/strong>2. \u041f\u0440\u0435\u0434\u0441\u0442\u0430\u0432\u043b\u0435\u043d\u0438\u0435 \u0440\u0435\u0448\u0435\u043d\u0438\u044f \u043e\u0434\u043d\u043e\u0439 \u043a\u0440\u0430\u0435\u0432\u043e\u0439 \u0437\u0430\u0434\u0430\u0447\u0438 \u0434\u043b\u044f \u0433\u0438\u043f\u0435\u0440\u0431\u043e\u043b\u0438\u0447\u0435\u0441\u043a\u043e\u0433\u043e \u0443\u0440\u0430\u0432\u043d\u0435\u043d\u0438\u044f \u0442\u0440\u0435\u0442\u044c\u0435\u0433\u043e \u043f\u043e\u0440\u044f\u0434\u043a\u0430. \u041c\u0430\u0442.\u0420\u0435\u0441\u043f.\u043d\u0430\u0443\u0447.\u043a\u043e\u043d\u0444.\u0430\u0441\u043f\u0438\u0440., I&nbsp; \u043a\u043d\u0438\u0433\u0430, \u0410\u041d \u0410\u0437\u0435\u0440\u0431.\u0421\u0421\u0420, \u0411\u0430\u043a\u0443, \u00ab\u042d\u043b\u043c\u00bb, 1982, \u0441.49-52<strong><br>\n<\/strong>3. \u041e \u0441\u0443\u0449\u0435\u0441\u0442\u0432\u043e\u0432\u0430\u043d\u0438\u0438 \u0438 \u0435\u0434\u0438\u043d\u0441\u0442\u0432\u0435\u043d\u043d\u043e\u0441\u0442\u0438 \u0440\u0435\u0448\u0435\u043d\u0438\u044f \u043e\u0434\u043d\u043e\u0439 \u043d\u0435\u043b\u043e\u043a\u0430\u043b\u044c\u043d\u043e\u0439 \u043a\u0440\u0430\u0435\u0432\u043e\u0439 \u0437\u0430\u0434\u0430\u0447\u0438 \u0434\u043b\u044f \u0433\u0438\u043f\u0435\u0440\u0431\u043e\u043b\u0438\u0447\u0435\u0441\u043a\u043e\u0433\u043e \u0443\u0440\u0430\u0432\u043d\u0435\u043d\u0438\u044f \u0432\u0442\u043e\u0440\u043e\u0433\u043e \u043f\u043e\u0440\u044f\u0434\u043a\u0430 \u0438 \u0438\u043d\u0442\u0435\u0433\u0440\u0430\u043b\u044c\u043d\u043e\u0435 \u043f\u0440\u0435\u0434\u0441\u0442\u0430\u0432\u043b\u0435\u043d\u0438\u0435 \u0440\u0435\u0448\u0435\u043d\u0438\u044f. \u041c\u0430\u0442. IV \u0420\u0435\u0441\u043f.\u043a\u043e\u043d\u0444.\u043c\u043e\u043b. \u0443\u0447. \u043f\u043e \u043c\u0430\u0442. \u0438 \u043c\u0435\u0445., \u0418\u041c\u041c \u0410\u041d \u0410\u0437\u0435\u0440\u0431.\u0421\u0421\u0420, \u0411\u0430\u043a\u0443, \u00ab\u042d\u043b\u043c\u00bb, 1983, \u0441.133-136.<strong><br>\n<\/strong>4. \u041e \u0441\u0443\u0449\u0435\u0441\u0442\u0432\u043e\u0432\u0430\u043d\u0438\u0438 \u0438 \u0435\u0434\u0438\u043d\u0441\u0442\u0432\u0435\u043d\u043d\u043e\u0441\u0442\u0438 \u0440\u0435\u0448\u0435\u043d\u0438\u044f \u043d\u0435\u043a\u043e\u0442\u043e\u0440\u044b\u0445 \u043a\u0440\u0430\u0435\u0432\u044b\u0445 \u0437\u0430\u0434\u0430\u0447 \u0434\u043b\u044f \u0443\u0440\u0430\u0432\u043d\u0435\u043d\u0438\u044f \u0433\u0438\u043f\u0435\u0440\u0431\u043e\u043b\u0438\u0447\u0435\u0441\u043a\u043e\u0433\u043e \u0442\u0438\u043f\u0430 \u0442\u0440\u0435\u0442\u044c\u0435\u0433\u043e \u043f\u043e\u0440\u044f\u0434\u043a\u0430. \u0418\u0437\u0432.\u0410\u041d \u0410\u0437\u0435\u0440\u0431.\u0421\u0421\u0420, \u0441\u0435\u0440.\u0444\u0438\u0437.-\u0442\u0435\u0445\u043d. \u0438 \u043c\u0430\u0442. \u043d\u0430\u0443\u043a, 1984, \u21163, \u0441.33-39<strong><br>\n<\/strong>6. \u041e \u0441\u0443\u0449\u0435\u0441\u0442\u0432\u043e\u0432\u0430\u043d\u0438\u0438 \u0438 \u0435\u0434\u0438\u043d\u0441\u0442\u0432\u0435\u043d\u043d\u043e\u0441\u0442\u0438 \u0440\u0435\u0448\u0435\u043d\u0438\u044f \u043d\u0435\u043a\u043e\u0442\u043e\u0440\u044b\u0445 \u043a\u0440\u0430\u0435\u0432\u044b\u0445 \u0437\u0430\u0434\u0430\u0447 \u0434\u043b\u044f \u0433\u0438\u043f\u0435\u0440\u0431\u043e\u043b\u0438\u0447\u0435\u0441\u043a\u043e\u0433\u043e \u0443\u0440\u0430\u0432\u043d\u0435\u043d\u0438\u044f \u0442\u0440\u0435\u0442\u044c\u0435\u0433\u043e \u043f\u043e\u0440\u044f\u0434\u043a\u0430. \u041c\u0430\u0442.VI \u0420\u0435\u0441\u043f.\u043a\u043e\u043d\u0444.\u043c\u043e\u043b.\u0443\u0447.\u043f\u043e \u043c\u0430\u0442. \u0438 \u043c\u0435\u0445., \u0418\u041c\u041c \u0410\u041d \u0410\u0437\u0435\u0440\u0431.\u0421\u0421\u0420, \u0411\u0430\u043a\u0443, \u00ab\u042d\u043b\u043c\u00bb, 1985, \u0441.64-68<strong><br>\n<\/strong>7. \u041e \u043a\u043e\u0440\u0440\u0435\u043a\u0442\u043d\u043e\u0439 \u0440\u0430\u0437\u0440\u0435\u0448\u0438\u043c\u043e\u0441\u0442\u0438 \u0443\u0440\u0430\u0432\u043d\u0435\u043d\u0438\u044f \u0432\u043b\u0430\u0433\u043e\u043f\u0435\u0440\u0435\u043d\u043e\u0441\u0430 \u043f\u0440\u0438 \u043e\u043f\u0435\u0440\u0430\u0442\u043e\u0440\u043d\u044b\u0445 \u043a\u0440\u0430\u0435\u0432\u044b\u0445 \u0443\u0441\u043b\u043e\u0432\u0438\u044f\u0445. \u0422\u0435\u0437\u0438\u0441\u044b \u0434\u043e\u043a\u043b.\u0425\u042b \u0412\u0441\u0435\u0441\u043e\u044e\u0437\u044b.\u0448\u043a\u043e\u043b\u044b \u043f\u043e \u0442\u0435\u043e\u0440.\u043e\u043f\u0435\u0440. \u0432 \u0444\u0443\u043d\u043a\u0446.\u043f\u0440\u043e\u0441\u0442\u0440\u0430\u043d\u0441\u0442\u0432\u0430\u0445, \u0447\u0430\u0441\u0442\u044c \u042b\u042b\u042b, \u0447\u0435\u043b.\u043f\u043e\u043b.\u0438\u043d-\u0442.\u0421\u041e \u0410\u041d \u0421\u0421\u0421\u0420, \u0427\u0435\u043b\u044f\u0431\u0438\u043d\u0441\u043a, 1986 \u0441.35<strong><br>\n<\/strong>8. \u0422\u0435\u043e\u0440\u0435\u043c\u0430 \u043e\u0431 \u0438\u0437\u043e\u043c\u043e\u0440\u0444\u0438\u0437\u043c\u0435&nbsp; \u0438 \u0444\u0443\u043d\u0434\u0430\u043c\u0435\u043d-\u0442\u0430\u043b\u044c\u043d\u043e\u0435 \u0440\u0435\u0448\u0435\u043d\u0438\u0435 \u0434\u043b\u044f \u0437\u0430\u0434\u0430\u0447\u0438 \u041a\u043e\u0448\u0438, \u0441\u0432\u044f\u0437\u0430\u043d\u043d\u043e\u0439 \u0441 \u0433\u0438\u043f\u0435\u0440\u0431\u043e\u043b\u0438\u0447\u0435\u0441\u043a\u0438\u043c \u0443\u0440\u0430\u0432\u043d\u0435\u043d\u0438\u0435\u043c \u0442\u0440\u0435\u0442\u044c\u0435\u0433\u043e \u043f\u043e\u0440\u044f\u0434\u043a\u0430. \u0414\u0438\u0444\u0444\u0435\u0440\u0435\u043d\u0446\u0438\u0430\u043b\u044c\u043d\u044b\u0435 \u0443\u0440\u0430\u0432\u043d\u0435\u043d\u0438\u044f \u0441 \u0447\u0430\u0441\u0442\u043d\u044b\u043c\u0438 \u043f\u0440\u043e\u0438\u0437\u0432\u043e\u0434\u043d\u044b\u043c\u0438 \u0438 \u0438\u0445 \u043f\u0440\u0438\u043b\u043e\u0436\u0435\u043d\u0438\u044f (\u0442\u0435\u043c\u0430\u0442\u0438\u0447\u0435\u0441\u043a\u0438\u0439 \u0441\u0431\u043e\u0440\u043d\u0438\u043a \u043d\u0430\u0443\u0447\u043d\u044b\u0445 \u0442\u0440\u0443\u0434\u043e\u0432). \u0411\u0430\u043a\u0443, \u0418\u0437\u0434.\u0410\u0413\u0423, 1989 \u0441.8-17<strong><br>\n<\/strong>9. \u0424\u0443\u043d\u0434\u0430\u043c\u0435\u043d\u0442\u0430\u043b\u044c\u043d\u043e\u0435 \u0440\u0435\u0448\u0435\u043d\u0438\u0435 \u0437\u0430\u0434\u0430\u0447\u0438 \u041a\u043e\u0448\u0438 \u0434\u043b\u044f \u043e\u0431\u043e\u0431\u0449\u0435\u043d\u043d\u043e\u0433\u043e \u0443\u0440\u0430\u0432\u043d\u0435\u043d\u0438\u044f \u0432\u043b\u0430\u0433\u043e-\u043f\u0435\u0440\u0435\u043d\u043e\u0441\u0430 \u0438 \u0435\u0433\u043e \u043f\u0440\u0438\u043c\u0435\u043d\u0435\u043d\u0438\u0435 \u043a \u0437\u0430\u0434\u0430\u0447\u0430\u043c \u043e\u043f\u0442\u0438\u043c\u0430\u043b\u044c\u043d\u043e\u0433\u043e \u0443\u043f\u0440\u0430\u0432\u043b\u0435\u043d\u0438\u044f. \u0412\u0435\u0441\u0442\u043d\u0438\u043a<strong><br>\n<\/strong>\u0411\u0430\u043a\u0438\u043d\u0441\u043a\u043e\u0433\u043e \u0423\u043d\u0438\u0432\u0435\u0440\u0441\u0438\u0442\u0435\u0442\u0430 \u2013\u0411\u0430\u043a\u0443, 1992,\u2116 81 \u0441152-157<strong><br>\n<\/strong>10. \u0424\u0443\u043d\u0434\u0430\u043c\u0435\u043d\u0442\u0430\u043b\u044c\u043d\u043e\u0435 \u0440\u0435\u0448\u0435\u043d\u0438\u0435 \u043c\u043d\u043e\u0433\u043e\u0442\u043e\u0447\u0435\u0447\u043d\u044b\u0445 \u043a\u0440\u0430\u0435\u0432\u044b\u0445 \u0437\u0430\u0434\u0430\u0447 \u0434\u043b\u044f \u043e\u0431\u043e\u0431\u0449\u0435\u043d\u043d\u043e\u0433\u043e \u0443\u0440\u0430\u0432\u043d\u0435\u043d\u0438\u044f \u0432\u043b\u0430\u0433\u043e\u043f\u0435\u0440\u0435\u043d\u043e\u0441\u0430 \u0438 \u0435\u0433\u043e \u043f\u0440\u0438\u043c\u0435\u043d\u0435\u043d\u0438\u044f \u043a \u0437\u0430\u0434\u0430\u0447\u0430\u043c \u043e\u043f\u0442\u0438\u043c\u0430\u043b\u044c\u043d\u043e\u0433\u043e \u0443\u043f\u0440\u0430\u0432\u043b\u0435\u043d\u0438\u044f. \u042d\u0414\u0423. \u041f\u0440\u043e\u0444\u0435\u0441\u0441\u043e\u0440-\u043c\u0446\u044f\u043b\u043b\u0438\u043c\u043b\u044f\u0440\u0438\u043d, \u0430\u0441\u043f\u0438\u0440\u0430\u043d\u0442 \u0432\u044f \u044d\u044f\u043d\u044a \u0442\u044f\u0434\u0433\u0438\u0433\u0430\u0442\u0447\u044b\u043b\u0430\u0440\u044b\u043d \u0435\u043b\u043c\u0438 \u043a\u043e\u043d\u0444\u0440\u0430\u043d\u0441\u044b \u043c\u0430\u0442\u0435\u0440\u0438\u0430\u043b\u043b\u0430\u0440\u044b-\u0411\u0430\u043a\u044b 2005, \u0441. 20-21<strong><br>\n<\/strong>11. \u0424\u0443\u043d\u0434\u0430\u043c\u0435\u043d\u0442\u0430\u043b\u044c\u043d\u043e\u0435 \u0440\u0435\u0448\u0435\u043d\u0438\u0435 \u043e\u0434\u043d\u043e\u0439 \u043c\u043d\u043e\u0433\u043e\u0442\u043e\u0447\u0435\u0447\u043d\u043e\u0439 \u043d\u0435\u043b\u043e\u043a\u0430\u043b\u044c\u043d\u043e\u0439 \u0437\u0430\u0434\u0430\u0447\u0438 \u0434\u043b\u044f \u0433\u0438\u043f\u0435\u0440\u0431\u043e\u043b\u0438\u0447\u0435\u0441\u043a\u043e\u0433\u043e \u0443\u0440\u0430\u0432\u043d\u0435\u043d\u0438\u044f \u0432\u0442\u043e\u0440\u043e\u0433\u043e \u043f\u043e\u0440\u044f\u0434\u043a\u0430 \u0438 \u0435\u0433\u043e \u043f\u0440\u0438\u043c\u0435\u043d\u0435\u043d\u0438\u0435 \u043a \u0437\u0430\u0434\u0430\u0447\u0430\u043c \u043e\u043f\u0442\u0438\u043c\u0430\u043b\u044c\u043d\u043e\u0433\u043e \u0443\u043f\u0440\u0430\u0432\u043b\u0435\u043d\u0438\u044f. \u042d\u0414\u0423-70, \u00ab\u0420\u0438\u0439\u0430\u0437\u0438 \u043d\u044f\u0437\u044f\u0440\u0438\u0439\u0439\u044f\u043b\u044f\u0440, \u043e\u043d\u043b\u0430\u0440\u044b\u043d \u0442\u044f\u0442\u0431\u0438\u0433\u0438 \u0432\u044f \u0442\u044f\u0434\u0440\u0438\u0441\u0438 \u0441\u0430\u0449\u044f\u0441\u0438\u043d\u0434\u044f \u043e\u043b\u0430\u043d \u043f\u0440\u043e\u0431\u043b\u0435\u043c\u043b\u044f\u0440\u00bb \u043c\u044e\u0432\u0437\u0443\u0441\u0443\u043d\u0434\u0430 \u0411\u0435\u0439\u043d\u044f\u043b\u0445\u0430\u043b\u0433 \u043a\u043e\u043d\u0444\u0440\u0430\u043d\u0441\u044b\u043d \u043c\u0430\u0442\u0435\u0440\u0438\u0430\u043b\u043b\u0430\u0440\u044b. \u042d\u044f\u043d\u044a\u044f, 2008, \u0441\u044f\u0449. 189-194<strong><br>\n<\/strong>12. \u0410\u0434\u0438 \u0434\u0438\u0444\u0435\u0440\u0435\u043d\u0441\u0438\u0430\u043b \u0442\u044f\u043d\u043b\u0438\u043a\u043b\u044f\u0440\u0434\u044f\u043d \u043c\u044f\u0441\u044f\u043b\u044f \u0432\u044f \u043c\u0438\u0441\u0430\u043b\u043b\u0430\u0440 (\u043d\u0446\u043c\u0443\u043d\u044f\u043b\u044f\u0440 \u0449\u044f\u043b\u043b\u0438 \u0438\u043b\u044f \u0431\u0438\u0440\u043b\u0438\u043a\u0434\u044f) \u0411\u0430\u043a\u044b, 2009<strong><br>\n<\/strong>13. \u0424\u0443\u043d\u0434\u0430\u043c\u0435\u043d\u0442\u0430\u043b\u044c\u043d\u043e\u0435 \u0440\u0435\u0448\u0435\u043d\u0438\u0435 \u0437\u0430\u0434\u0430\u0447\u0438 \u043a\u043e\u0448\u0438 \u0434\u043b\u044f \u0433\u0438\u043f\u0435\u0440\u0431\u043e\u043b\u0438\u0447\u0435\u0441\u043a\u0438\u0445 \u0443\u0440\u0430\u0432\u043d\u0435\u043d\u0438\u0439 \u0442\u0440\u0435\u0442\u044c\u0435\u0433\u043e \u043f\u043e\u0440\u044f\u0434\u043a\u0430 \u0432 \u043f\u0440\u043e\u0441\u0442\u0440\u0430\u043d\u0441\u0442\u0432\u0430\u0445 \u0442\u0438\u043f\u0430 \u0421.\u041b.\u0421\u043e\u0431\u043e\u043b\u0435\u0432\u0430 \u0438 \u0435\u0433\u043e \u043f\u0440\u0438\u043c\u0435\u043d\u0435\u043d\u0438\u0435 \u043a \u043d\u0435\u043b\u0438\u043d\u0435\u0439\u043d\u044b\u043c \u0437\u0430\u0434\u0430\u0447\u0430\u043c \u043e\u043f\u0442\u0438\u043c\u0430\u043b\u044c\u043d\u043e\u0433\u043e \u0443\u043f\u0440\u0430\u0432\u043b\u0435\u043d\u0438\u044f. \u0421\u0431\u043e\u0440\u043d\u0438\u043a \u043d\u0430\u0443\u0447\u043d\u044b\u0445 \u0442\u0440\u0443\u0434\u043e\u0432 \u0422\u0435\u043b\u0430\u0432\u0441\u043a\u0438\u0439 \u0413\u043e\u0441\u0443\u0434\u0430\u0440\u0441\u0442\u0432\u0435\u043d\u043d\u044b\u0439 \u0423\u043d\u0438\u0432\u0435\u0440\u0441\u0438\u0442\u0435\u0442&nbsp; \u21161, 2010.<strong><br>\n<\/strong>\u0421.111-117<strong><br>\n<\/strong>14. \u0424\u0443\u043d\u0434\u0430\u043c\u0435\u043d\u0442\u0430\u043b\u044c\u043d\u043e\u0435 \u0440\u0435\u0448\u0435\u043d\u0438\u0435 \u0437\u0430\u0434\u0430\u0447\u0438 \u043a\u043e\u0448\u0438 \u0434\u043b\u044f \u043b\u0438\u043d\u0435\u0439\u043d\u043e\u0433\u043e \u0433\u0438\u043f\u0435\u0440\u0431\u043e\u043b\u0438\u0447\u0435\u0441\u043a\u043e\u0433\u043e \u0443\u0440\u0430\u0432\u043d\u0435\u043d\u0438\u044f \u0432\u0442\u043e\u0440\u043e\u0433\u043e \u043f\u043e\u0440\u044f\u0434\u043a\u0430 \u0438 \u0435\u0433\u043e \u043f\u0440\u0438\u043c\u0435\u043d\u0435\u043d\u0438\u0435 \u043a \u0437\u0430\u0434\u0430\u0447\u0430\u043c \u043e\u043f\u0442\u0438\u043c\u0430\u043b\u044c\u043d\u043e\u0433\u043e&nbsp; \u0443\u043f\u0440\u0430\u0432\u043b\u0435\u043d\u0438\u044f. \u042d\u0414\u0423, \u0411\u0435\u0439\u043d\u044f\u043b\u0445\u0430\u043b\u0433 \u043a\u043e\u043d\u0444\u0440\u0430\u043d\u0441&nbsp; \u0420\u0438\u0439\u0430\u0437\u0438\u0439\u0439\u0430\u0442 \u0432\u044f \u0418\u041a\u0422 \u0442\u044f\u0442\u0431\u0438\u0433 \u0441\u0430\u0449\u044f\u043b\u044f\u0440\u0438 \u0432\u044f \u0439\u0435\u043d\u0438 \u0442\u044f\u0434\u0440\u0438\u0441 \u0442\u0435\u0445\u043d\u0430\u043b\u043e\u044d\u0438\u0439\u0430\u043b\u0430\u0440\u044b. G\u0259nc\u0259 2014, s\u0259h.38-40<strong><br>\n<\/strong>15. \u041e \u0444\u0443\u043d\u043a\u0446\u0438\u0438 \u0420\u0438\u043c\u0430\u043d\u0430 \u043e\u0434\u043d\u043e\u0433\u043e \u0433\u0438\u043f\u0435\u0440\u0431\u043e\u043b\u0438\u0447\u0435\u0441\u043a\u043e\u0433\u043e \u0443\u0440\u0430\u0432\u043d\u0435\u043d\u0438\u044f.III \u0130NTERNAT\u0130ONAL&nbsp; SC\u0130ENT\u0130F\u0130C CONFERENCE OF YOUNG RESEARCHERS &nbsp;\u0441\u0442. 147-149 &nbsp;Baku &#8211; 2015 \u0410.\u041c\u0430\u043c\u0435\u0434\u043e\u0432\u0430, \u0421.\u0418\u043c\u0430\u043d\u043e\u0432\u0430 4 s\u0259h.<strong><br>\n<\/strong>16. ON OPT\u0130MAL\u0130TY for the limar hyperbolic equation of sekond order with numerous non \u2013lokal boundary. International Conference Baku -2015 s\u0259h.77-78<\/h3>\n","protected":false},"excerpt":{"rendered":"<p>R\u0130YAZ\u0130YYAT V\u018f \u0130NFORMAT\u0130KA\u00a0FAK\u00dcLT\u018fS\u0130N\u0130N\u00a0DEKANI Dosent H\u00fcseynov Oruc Mustafa o\u011flu Riyaziyyat v\u0259 informatika fak\u00fclt\u0259sinin dekan\u0131 Fizika- riyaziyyat elml\u0259ri namiz\u0259di, Riyazi analiz kafedrsa\u0131n\u0131n dosenti, E \u2013 mail: oruc.h\u00fcseynov.1954@ mail.ru QISA B\u0130OQRAF\u0130K M\u018fLUMAT 07.06.1954 \u2013 c\u00fc ild\u0259 G\u0259nc\u0259 \u015f\u0259h\u0259rind\u0259 anadan olmu\u015fdur. 1962 -1972 \u2013 ci ill\u0259rd\u0259 orta m\u0259kt\u0259bd\u0259 oxumu\u015fdur. 1972 \u2013 1977 \u2013 ci ill\u0259rd\u0259 ADU \u2013nun (indiki BDU)<\/p>\n<p><a href=\"https:\/\/rif.gdu.edu.az\/?page_id=346\" class=\"more-link themebutton\">Daha \u0259trafl\u0131<\/a><\/p>\n","protected":false},"author":4,"featured_media":0,"parent":0,"menu_order":0,"comment_status":"closed","ping_status":"closed","template":"","meta":{"footnotes":""},"class_list":["post-346","page","type-page","status-publish","hentry"],"_links":{"self":[{"href":"https:\/\/rif.gdu.edu.az\/index.php?rest_route=\/wp\/v2\/pages\/346","targetHints":{"allow":["GET"]}}],"collection":[{"href":"https:\/\/rif.gdu.edu.az\/index.php?rest_route=\/wp\/v2\/pages"}],"about":[{"href":"https:\/\/rif.gdu.edu.az\/index.php?rest_route=\/wp\/v2\/types\/page"}],"author":[{"embeddable":true,"href":"https:\/\/rif.gdu.edu.az\/index.php?rest_route=\/wp\/v2\/users\/4"}],"replies":[{"embeddable":true,"href":"https:\/\/rif.gdu.edu.az\/index.php?rest_route=%2Fwp%2Fv2%2Fcomments&post=346"}],"version-history":[{"count":9,"href":"https:\/\/rif.gdu.edu.az\/index.php?rest_route=\/wp\/v2\/pages\/346\/revisions"}],"predecessor-version":[{"id":7678,"href":"https:\/\/rif.gdu.edu.az\/index.php?rest_route=\/wp\/v2\/pages\/346\/revisions\/7678"}],"wp:attachment":[{"href":"https:\/\/rif.gdu.edu.az\/index.php?rest_route=%2Fwp%2Fv2%2Fmedia&parent=346"}],"curies":[{"name":"wp","href":"https:\/\/api.w.org\/{rel}","templated":true}]}}