{"id":331,"date":"2015-12-17T15:48:55","date_gmt":"2015-12-17T13:48:55","guid":{"rendered":"http:\/\/rif.gdu.edu.az\/?page_id=331"},"modified":"2024-02-25T17:54:55","modified_gmt":"2024-02-25T15:54:55","slug":"elmi-sura","status":"publish","type":"page","link":"https:\/\/rif.gdu.edu.az\/?page_id=331","title":{"rendered":"Fak\u00fclt\u0259 Elmi \u015euras\u0131"},"content":{"rendered":"<h1 style=\"text-align: center;\">Fak\u00fclt\u0259\u00a0 Elmi\u00a0 \u015euras\u0131n\u0131n yeni t\u0259rkibi<\/h1>\n<p><strong><em>\u00a0\u00a0<\/em><\/strong><\/p>\n<ol>\n<li>\n<h3>H\u00fcseynov Oruc Mustafa o\u011flu \u2013 Fak\u00fclt\u0259 dekan\u0131, dosent<\/h3>\n<\/li>\n<li>\n<h3>M\u0259mm\u0259dov Rauf M\u0259mm\u0259d o\u011flu \u2013 Dekan m\u00fcavini, r.f.d., ba\u015f m\u00fc\u0259llimi<\/h3>\n<\/li>\n<li>\n<h3>B\u0259\u015firova Nur\u0259ngiz Firuz q\u0131z\u0131 \u2013 T\u0259rbiy\u0259 i\u015fl\u0259ri \u00fczr\u0259 dekan m\u00fcavini, t.f.d., ba\u015f m\u00fc\u0259llim<\/h3>\n<\/li>\n<li>\n<h3>Rzayev Orc\u0259li H\u00fcseynqulu o\u011flu \u2013 Riyazi analiz kafedras\u0131n\u0131n m\u00fcdiri, professor.<\/h3>\n<\/li>\n<li>\n<h3>Cabbarov \u0130lqar \u015eikar o\u011flu \u2013 \u0130nformatika v\u0259 C\u0259br kafedras\u0131n\u0131n m\u00fcdiri, dosent.<\/h3>\n<\/li>\n<li>\n<h3>Zeynall\u0131 S\u00fcbhiyy\u0259 M\u0259mm\u0259d q\u0131z\u0131 &#8211; \u00dcmumi riyaziyyat kafedras\u0131n\u0131n m\u00fcdiri, dosent.<\/h3>\n<\/li>\n<li>\n<h3>\u0130smay\u0131lov Nazir \u018fli\u015f o\u011flu \u2013 FHT \u2013n\u0131n s\u0259dri, Riyazi analiz kafedras\u0131n\u0131n ba\u015f m\u00fc\u0259llimi<\/h3>\n<\/li>\n<li>\n<h3>Ta\u011f\u0131yeva N\u0259rgiz \u0130brahim q\u0131z\u0131 &#8211; \u0130nformatika v\u0259 C\u0259br kafedras\u0131n\u0131n dosenti.<\/h3>\n<\/li>\n<li>\n<h3>H\u0259s\u0259nova Mehriban A\u011fa q\u0131z\u0131 &#8211; \u0130nformatika v\u0259 C\u0259br kafedras\u0131n\u0131n dosenti.<\/h3>\n<\/li>\n<li>\n<h3>M\u0259mm\u0259dov Tahir C\u0259lil o\u011flu &#8211; Riyazi analiz kafedras\u0131n\u0131n dosenti.<\/h3>\n<\/li>\n<li>\n<h3>Abbasov Z\u0259f\u0259r Duman o\u011flu &#8211; Riyazi analiz kafedras\u0131n\u0131n dosenti<\/h3>\n<\/li>\n<li>\n<h3>Verdiyeva G\u00fclmira Zahid q\u0131z\u0131 &#8211; \u0130nformatika v\u0259 C\u0259br kafedras\u0131n\u0131n dosenti<\/h3>\n<\/li>\n<li>\n<h3>C\u0259f\u0259rli Esmira Vahid q\u0131z\u0131 &#8211; \u00dcmumi riyaziyyat kafedras\u0131n\u0131n ba\u015f m\u00fc\u0259llimi<\/h3>\n<\/li>\n<li>\n<h3>M\u0259mm\u0259dova C\u0259b\u0259rr\u00fcd &#8211; \u00dcmumi riyaziyyat kafedras\u0131n\u0131n ba\u015f m\u00fc\u0259llimi<\/h3>\n<\/li>\n<li>\n<h3>Mustafayeva Ofelya &#8211;\u00a0 Fak\u00fclt\u0259 TEC-nin s\u0259dri<\/h3>\n<\/li>\n<li>\n<h3>Pa\u015fayeva Leyla &#8211; Fak\u00fclt\u0259 THT \u2013nin s\u0259dri.<\/h3>\n<\/li>\n<li>\n<h3>\u0130smay\u0131lov \u018fli\u00a0 &#8211; Fak\u00fclt\u0259 TGT-nin s\u0259dri<\/h3>\n<\/li>\n<\/ol>\n<p><strong><em>\u00a0<\/em><\/strong><\/p>\n","protected":false},"excerpt":{"rendered":"<p>Fak\u00fclt\u0259\u00a0 Elmi\u00a0 \u015euras\u0131n\u0131n yeni t\u0259rkibi \u00a0\u00a0 H\u00fcseynov Oruc Mustafa o\u011flu \u2013 Fak\u00fclt\u0259 dekan\u0131, dosent M\u0259mm\u0259dov Rauf M\u0259mm\u0259d o\u011flu \u2013 Dekan m\u00fcavini, r.f.d., ba\u015f m\u00fc\u0259llimi B\u0259\u015firova Nur\u0259ngiz Firuz q\u0131z\u0131 \u2013 T\u0259rbiy\u0259 i\u015fl\u0259ri \u00fczr\u0259 dekan m\u00fcavini, t.f.d., ba\u015f m\u00fc\u0259llim Rzayev Orc\u0259li H\u00fcseynqulu o\u011flu \u2013 Riyazi analiz kafedras\u0131n\u0131n m\u00fcdiri, professor. Cabbarov \u0130lqar \u015eikar o\u011flu \u2013 \u0130nformatika v\u0259 C\u0259br<\/p>\n<p><a href=\"https:\/\/rif.gdu.edu.az\/?page_id=331\" class=\"more-link themebutton\">Daha \u0259trafl\u0131<\/a><\/p>\n","protected":false},"author":4,"featured_media":0,"parent":0,"menu_order":0,"comment_status":"closed","ping_status":"closed","template":"","meta":{"footnotes":""},"class_list":["post-331","page","type-page","status-publish","hentry"],"_links":{"self":[{"href":"https:\/\/rif.gdu.edu.az\/index.php?rest_route=\/wp\/v2\/pages\/331","targetHints":{"allow":["GET"]}}],"collection":[{"href":"https:\/\/rif.gdu.edu.az\/index.php?rest_route=\/wp\/v2\/pages"}],"about":[{"href":"https:\/\/rif.gdu.edu.az\/index.php?rest_route=\/wp\/v2\/types\/page"}],"author":[{"embeddable":true,"href":"https:\/\/rif.gdu.edu.az\/index.php?rest_route=\/wp\/v2\/users\/4"}],"replies":[{"embeddable":true,"href":"https:\/\/rif.gdu.edu.az\/index.php?rest_route=%2Fwp%2Fv2%2Fcomments&post=331"}],"version-history":[{"count":20,"href":"https:\/\/rif.gdu.edu.az\/index.php?rest_route=\/wp\/v2\/pages\/331\/revisions"}],"predecessor-version":[{"id":5570,"href":"https:\/\/rif.gdu.edu.az\/index.php?rest_route=\/wp\/v2\/pages\/331\/revisions\/5570"}],"wp:attachment":[{"href":"https:\/\/rif.gdu.edu.az\/index.php?rest_route=%2Fwp%2Fv2%2Fmedia&parent=331"}],"curies":[{"name":"wp","href":"https:\/\/api.w.org\/{rel}","templated":true}]}}