{"id":2758,"date":"2019-11-15T20:55:32","date_gmt":"2019-11-15T18:55:32","guid":{"rendered":"http:\/\/rif.gdu.edu.az\/?page_id=2758"},"modified":"2025-10-17T13:04:34","modified_gmt":"2025-10-17T11:04:34","slug":"v-semestr-6","status":"publish","type":"page","link":"https:\/\/rif.gdu.edu.az\/?page_id=2758","title":{"rendered":"V SEMESTR"},"content":{"rendered":"\n<h2 class=\"wp-block-heading\"><\/h2>\n\n\n\n<h3 class=\"wp-block-heading\">1. S.F. <a href=\"https:\/\/disk.yandex.ru\/d\/k_pjJZTma6YUuw\">Riyazi analizin x\u00fcsusi kursu<\/a><\/h3>\n\n\n\n<h3 class=\"wp-block-heading\">2. <a href=\"https:\/\/disk.yandex.ru\/d\/myqKRlbCj95DvQ\">S.F. Bulud texnologiyas\u0131<\/a><\/h3>\n\n\n\n<h3 class=\"wp-block-heading\">3. <a href=\"https:\/\/disk.yandex.ru\/d\/UMq308brchwR9g\">S.F. C++ proqramla\u015fd\u0131rma dill\u0259ri<\/a><\/h3>\n\n\n\n<h3 class=\"wp-block-heading\">4. <a href=\"https:\/\/disk.yandex.ru\/d\/9POzG_gA7TNiDA\">\u018fd\u0259di \u00fcsullar &#8211; 2<\/a><\/h3>\n\n\n\n<h3 class=\"wp-block-heading\">5. <a href=\"https:\/\/disk.yandex.ru\/d\/9RLf_vosfyFmj\">Veril\u0259nl\u0259r bazas\u0131<\/a><\/h3>\n\n\n\n<p class=\"has-medium-font-size\"><strong>6. <\/strong><a href=\"https:\/\/disk.yandex.ru\/i\/1udwwGN31I8Kvw\">S.F. M\u00fcasir yadda\u015f texnologiyas\u0131<\/a><\/p>\n\n\n\n<p><\/p>\n","protected":false},"excerpt":{"rendered":"<p>1. S.F. Riyazi analizin x\u00fcsusi kursu 2. S.F. Bulud texnologiyas\u0131 3. S.F. C++ proqramla\u015fd\u0131rma dill\u0259ri 4. \u018fd\u0259di \u00fcsullar &#8211; 2 5. Veril\u0259nl\u0259r bazas\u0131 6. S.F. M\u00fcasir yadda\u015f texnologiyas\u0131<\/p>\n","protected":false},"author":4,"featured_media":0,"parent":0,"menu_order":0,"comment_status":"closed","ping_status":"closed","template":"","meta":{"footnotes":""},"class_list":["post-2758","page","type-page","status-publish","hentry"],"_links":{"self":[{"href":"https:\/\/rif.gdu.edu.az\/index.php?rest_route=\/wp\/v2\/pages\/2758","targetHints":{"allow":["GET"]}}],"collection":[{"href":"https:\/\/rif.gdu.edu.az\/index.php?rest_route=\/wp\/v2\/pages"}],"about":[{"href":"https:\/\/rif.gdu.edu.az\/index.php?rest_route=\/wp\/v2\/types\/page"}],"author":[{"embeddable":true,"href":"https:\/\/rif.gdu.edu.az\/index.php?rest_route=\/wp\/v2\/users\/4"}],"replies":[{"embeddable":true,"href":"https:\/\/rif.gdu.edu.az\/index.php?rest_route=%2Fwp%2Fv2%2Fcomments&post=2758"}],"version-history":[{"count":16,"href":"https:\/\/rif.gdu.edu.az\/index.php?rest_route=\/wp\/v2\/pages\/2758\/revisions"}],"predecessor-version":[{"id":7885,"href":"https:\/\/rif.gdu.edu.az\/index.php?rest_route=\/wp\/v2\/pages\/2758\/revisions\/7885"}],"wp:attachment":[{"href":"https:\/\/rif.gdu.edu.az\/index.php?rest_route=%2Fwp%2Fv2%2Fmedia&parent=2758"}],"curies":[{"name":"wp","href":"https:\/\/api.w.org\/{rel}","templated":true}]}}