{"id":2595,"date":"2019-05-08T20:15:14","date_gmt":"2019-05-08T18:15:14","guid":{"rendered":"http:\/\/rif.gdu.edu.az\/?page_id=2595"},"modified":"2026-04-28T14:14:14","modified_gmt":"2026-04-28T12:14:14","slug":"h%c9%99nd%c9%99s%c9%99-v%c9%99-c%c9%99br-2","status":"publish","type":"page","link":"https:\/\/rif.gdu.edu.az\/?page_id=2595","title":{"rendered":"\u0130NFORMAT\u0130KA  V\u018f  C\u018fBR  kafedras\u0131"},"content":{"rendered":"\n<p style=\"font-size:30px\"><strong>2025-2026- c\u0131 il YAZ imtahan sessyas\u0131n\u0131n SUALLARI<\/strong><\/p>\n\n\n\n<p class=\"has-medium-font-size\">1. <strong><a href=\"https:\/\/disk.yandex.ru\/i\/7R1FyiYiNUg4-g\">Analitik h\u0259nd\u0259s\u0259-2<\/a><\/strong><\/p>\n\n\n\n<p class=\"has-medium-font-size\">2. <a href=\"https:\/\/disk.yandex.ru\/i\/dq-2FO86BCExjQ\"><strong>C\u0259br-2 (R\u0130M2)<\/strong><\/a><\/p>\n\n\n\n<p class=\"has-medium-font-size\">3. <strong><a href=\"https:\/\/disk.yandex.ru\/i\/lGDNqVHEmtEbNQ\">Komp\u00fcter arxitekturas\u0131 (KE1)<\/a><\/strong><\/p>\n\n\n\n<p class=\"has-medium-font-size\">4. <a href=\"https:\/\/disk.yandex.ru\/i\/F3tz4ybxksSS0Q\"><strong>Proqramla\u015fd\u0131rma dill\u0259ri-1 (R\u0130M2)<\/strong><\/a><\/p>\n\n\n\n<p class=\"has-medium-font-size\">5. <strong><a href=\"https:\/\/disk.yandex.ru\/i\/OIYh1iRTj2kc3g\">Proqramla\u015fd\u0131rma dill\u0259ri-1 (\u0130M2)<\/a><\/strong><\/p>\n\n\n\n<p class=\"has-medium-font-size\">6. <strong><a href=\"https:\/\/disk.yandex.ru\/i\/pxMnF1b0iSuXdg\">S\u00fcni intellekt (KE3)<\/a><\/strong><\/p>\n\n\n\n<p class=\"has-medium-font-size\">7. <strong><a href=\"https:\/\/disk.yandex.ru\/i\/IvJFa_gvZWBokg\">Web s\u0259n\u0259dl\u0259rin haz\u0131rlanmas\u0131 texnologiyas\u0131 (R\u0130M4)<\/a><\/strong> <\/p>\n\n\n\n<p class=\"has-medium-font-size\">8. <strong><a href=\"https:\/\/disk.yandex.ru\/i\/jt-cXAXBfu0QWg\">\u0130nformasiyan\u0131n n\u0259z\u0259ri \u0259saslar\u0131 (\u0130M1)<\/a><\/strong><\/p>\n\n\n\n<p style=\"font-size:30px\"><strong>2025-2026- c\u0131 il PAYIZ imtahan sessyas\u0131n\u0131n SUALLARI<\/strong><\/p>\n\n\n<h4>1. <a href=\"https:\/\/disk.yandex.ru\/i\/2LrirlYdDYyHeg\">C\u0259br-1 (RM1)<\/a><\/h4>\n<h4>2. <a href=\"https:\/\/disk.yandex.ru\/d\/PKXgdMv9at2AtQ\">Analitik h\u0259nd\u0259s\u0259-1 (RM1)<\/a><\/h4>\n<h4>3. <a href=\"https:\/\/disk.yandex.ru\/i\/2LrirlYdDYyHeg\">C\u0259br-1 (R\u0130M1)<\/a><\/h4>\n<h4>4. <a href=\"https:\/\/disk.yandex.ru\/d\/PKXgdMv9at2AtQ\">Analitik h\u0259nd\u0259s\u0259-1 (R\u0130M1)<\/a><\/h4>\n<h4>5. <a href=\"https:\/\/disk.yandex.ru\/d\/_4EZRzsPaPESag\">C\u0259br (\u0130M1)<\/a><\/h4>\n<h4>6. <a href=\"https:\/\/disk.yandex.ru\/i\/uNFA3lDyfWTPdw\">Analitik h\u0259nd\u0259s\u0259 (KE1)<\/a><\/h4>\n<h4>7. <a href=\"https:\/\/disk.yandex.ru\/d\/U7GY4YdvXb-yRg\">X\u0259tti c\u0259br (KE1)<\/a><\/h4>\n<h4>8. <a href=\"https:\/\/disk.yandex.ru\/d\/zWKXZ08f8Bf5Qg\">Qurmalar h\u0259nd\u0259s\u0259si (RM2)<\/a><\/h4>\n<h4>9. H\u0259nd\u0259s\u0259nin b\u0259zi m\u0259s\u0259l\u0259l\u0259ri (RM2)<\/h4>\n<h4>10. <a href=\"https:\/\/disk.yandex.ru\/i\/NPqi2XUJ_0INUA\">\u0130nformatikan\u0131n n\u0259z\u0259ri \u0259saslar\u0131 (R\u0130M2)<\/a><\/h4>\n<h4>11. <a href=\"https:\/\/disk.yandex.ru\/d\/3K3O0dLSNuuzCw\">Proqramla\u015fd\u0131rma dill\u0259ri-2 (\u0130M2)<\/a><\/h4>\n<h4>12. Web dizayn texnologiyas\u0131 (\u0130M2)<\/h4>\n<h4>13. \u0130nformasiya sisteml\u0259ri v\u0259 veril\u0259nl\u0259r bazas\u0131 (\u0130M2)<\/h4>\n<h4>14. <a href=\"https:\/\/disk.yandex.ru\/i\/keLUQUkMQ2aoKw\">\u018fm\u0259liyyat sisteml\u0259ri (KE2)<\/a><\/h4>\n<h4>15. <a href=\"https:\/\/disk.yandex.ru\/d\/J9qO1fy5VdUraw\">Veril\u0259nl\u0259r bazas\u0131n\u0131n idar\u0259 edilm\u0259si (KE2)<\/a><\/h4>\n<h4>16. \u0130KT v\u0259 t\u0259tbiq sah\u0259l\u0259ri (KE2)<\/h4>\n<h4>17.\u00a0 Diferensial h\u0259nd\u0259s\u0259 v\u0259 topologiya (RM3)<\/h4>\n<h4>18. <a href=\"https:\/\/disk.yandex.ru\/i\/xnsodRFp_baS9A\">Proqramla\u015fd\u0131rma dill\u0259ri-2 (R\u0130M3)<\/a><\/h4>\n<h4>19. T\u0259tbiqi proqram paketl\u0259ri (R\u0130M3)<\/h4>\n<h4>20. <a href=\"https:\/\/disk.yandex.ru\/d\/hzy0HY3WfvrpeA\">Komp\u00fcterd\u0259 modell\u0259\u015fdirm\u0259 (\u0130M3)<\/a><\/h4>\n<h4>21. Komp\u00fcter \u015f\u0259b\u0259k\u0259l\u0259ri v\u0259 multimedia texnologiyalar\u0131 (\u0130M3)<\/h4>\n<h4>22. <a href=\"https:\/\/disk.yandex.ru\/i\/r-eGG_IYS922xQ\">\u018fd\u0259di sisteml\u0259r (\u0130M3)<\/a><\/h4>\n<h4>23. Obyekty\u00f6nl\u00fc proqramla\u015fd\u0131rma m\u00fchiti (\u0130M3)<\/h4>\n<h4>24. <a href=\"https:\/\/disk.yandex.ru\/d\/KvSYThz1LmqCSg\">Bulud texnologiyalar\u0131 (KE3)<\/a><\/h4>\n<h4>25. <a href=\"https:\/\/disk.yandex.ru\/d\/IhY0zFjRiZk9_w\">C++ proqramla\u015fd\u0131rma dili (KE3)<\/a><\/h4>\n<h4>26. Veril\u0259nl\u0259r bazas\u0131 (KE3)<\/h4>\n<h4>27. <a href=\"https:\/\/disk.yandex.ru\/i\/mPI_wBe04g2KWA\">M\u00fcasir yadda\u015f texnologiyas\u0131 (KE3)<\/a><\/h4>\n<h4>28. \u0130nformatikan\u0131n t\u0259drisi metodikas\u0131 (R\u0130M4)<\/h4>\n<h4>29. Komp\u00fcter qrafikas\u0131 (R\u0130M4)<\/h4>\n<h4>30. <a href=\"https:\/\/disk.yandex.ru\/d\/l6h33yqVsg1erA\">Komp\u00fcter qrafikas\u0131 v\u0259 proqram t\u0259minat\u0131 (\u0130M4)<\/a><\/h4>\n<h4>31. Robot texnikas\u0131 v\u0259 proqramla\u015fd\u0131rma (\u0130M4)<\/h4>\n<h4>32. <a href=\"https:\/\/disk.yandex.ru\/d\/BdlpC6WsKuurJA\">T\u0259tbiqi proqram paketl\u0259ri (\u0130M4)<\/a><\/h4>\n<h4>33. <a href=\"https:\/\/disk.yandex.ru\/i\/8Y_Yr9DJnfv8FA\">M\u00fcasir yadda\u015f texnologiyas\u0131 (\u0130M4)<\/a><\/h4>\n<h4>34. <a href=\"https:\/\/disk.yandex.ru\/d\/3tt1WMYfgsL5Xw\">Paralel paylanm\u0131\u015f hesablamalar (KE4)<\/a><\/h4>\n<h4>35. Web texnologiyalar\u0131 (KE4)<\/h4>\n<h4>36. Proqramla\u015fd\u0131rma texnologiyalar\u0131 (KE4)<\/h4>\n<h4>37. <a href=\"https:\/\/disk.yandex.ru\/i\/4sXEPIjTciox0w\">M\u00fcasir proqramla\u015fd\u0131rma dill\u0259ri (KE4)<\/a><\/h4>\n<h4>38. T\u0259tbiqi proqram paketl\u0259rinin t\u0259tbiql\u0259ri (KE4)<\/h4>\n<h4>39. Mobil \u015f\u0259b\u0259k\u0259 texnologiyalar\u0131 (KE4)<\/h4>\n<h4>40. Obyekty\u00f6nl\u00fc proqramla\u015fd\u0131rma m\u00fchiti (R\u0130M5)<\/h4>\n<h4>41. Makroassambler proqramla\u015fd\u0131rma dill\u0259ri (R\u0130M5)<\/h4>\n<h4>42. Proqramla\u015fd\u0131rman\u0131n \u0259saslar\u0131-1 (KE1)<\/h4>\n<h4>43. <a href=\"https:\/\/disk.yandex.ru\/d\/BbEDle9LfEnr3A\">Diferensial h\u0259nd\u0259s\u0259 v\u0259 topologiya (R\u0130M5)<\/a><\/h4>","protected":false},"excerpt":{"rendered":"<p>2025-2026- c\u0131 il YAZ imtahan sessyas\u0131n\u0131n SUALLARI 1. Analitik h\u0259nd\u0259s\u0259-2 2. C\u0259br-2 (R\u0130M2) 3. Komp\u00fcter arxitekturas\u0131 (KE1) 4. Proqramla\u015fd\u0131rma dill\u0259ri-1 (R\u0130M2) 5. Proqramla\u015fd\u0131rma dill\u0259ri-1 (\u0130M2) 6. S\u00fcni intellekt (KE3) 7. Web s\u0259n\u0259dl\u0259rin haz\u0131rlanmas\u0131 texnologiyas\u0131 (R\u0130M4) 8. \u0130nformasiyan\u0131n n\u0259z\u0259ri \u0259saslar\u0131 (\u0130M1) 2025-2026- c\u0131 il PAYIZ imtahan sessyas\u0131n\u0131n SUALLARI 1. C\u0259br-1 (RM1) 2. Analitik h\u0259nd\u0259s\u0259-1 (RM1) 3.<\/p>\n<p><a href=\"https:\/\/rif.gdu.edu.az\/?page_id=2595\" class=\"more-link themebutton\">Daha \u0259trafl\u0131<\/a><\/p>\n","protected":false},"author":4,"featured_media":0,"parent":0,"menu_order":0,"comment_status":"closed","ping_status":"closed","template":"","meta":{"footnotes":""},"class_list":["post-2595","page","type-page","status-publish","hentry"],"_links":{"self":[{"href":"https:\/\/rif.gdu.edu.az\/index.php?rest_route=\/wp\/v2\/pages\/2595","targetHints":{"allow":["GET"]}}],"collection":[{"href":"https:\/\/rif.gdu.edu.az\/index.php?rest_route=\/wp\/v2\/pages"}],"about":[{"href":"https:\/\/rif.gdu.edu.az\/index.php?rest_route=\/wp\/v2\/types\/page"}],"author":[{"embeddable":true,"href":"https:\/\/rif.gdu.edu.az\/index.php?rest_route=\/wp\/v2\/users\/4"}],"replies":[{"embeddable":true,"href":"https:\/\/rif.gdu.edu.az\/index.php?rest_route=%2Fwp%2Fv2%2Fcomments&post=2595"}],"version-history":[{"count":13,"href":"https:\/\/rif.gdu.edu.az\/index.php?rest_route=\/wp\/v2\/pages\/2595\/revisions"}],"predecessor-version":[{"id":8589,"href":"https:\/\/rif.gdu.edu.az\/index.php?rest_route=\/wp\/v2\/pages\/2595\/revisions\/8589"}],"wp:attachment":[{"href":"https:\/\/rif.gdu.edu.az\/index.php?rest_route=%2Fwp%2Fv2%2Fmedia&parent=2595"}],"curies":[{"name":"wp","href":"https:\/\/api.w.org\/{rel}","templated":true}]}}