{"id":2406,"date":"2018-10-20T18:50:06","date_gmt":"2018-10-20T16:50:06","guid":{"rendered":"http:\/\/rif.gdu.edu.az\/?page_id=2406"},"modified":"2020-11-30T17:58:37","modified_gmt":"2020-11-30T15:58:37","slug":"ix-semestr","status":"publish","type":"page","link":"https:\/\/rif.gdu.edu.az\/?page_id=2406","title":{"rendered":"IX semestr"},"content":{"rendered":"<h3>1. S.f. <a href=\"https:\/\/yadi.sk\/i\/h7Qd4uRcJQoyHA\">Diferensial h\u0259nd\u0259s\u0259<\/a><\/h3>\n<h3>\u00a0 \u00a0 \u00a0 \u00a0 \u00a0 \u00a0 <a href=\"https:\/\/yadi.sk\/d\/Q8IcdTqqvwmsuA\">X\u0259tti c\u0259br<\/a><\/h3>\n<h3>2. S.f. <a href=\"https:\/\/yadi.sk\/d\/Os7t314SVcNPLw\">Komp\u00fcter qrafikas\u0131<\/a><\/h3>\n<h3>\u00a0 \u00a0 \u00a0 \u00a0 \u00a0 \u00a0<a href=\"https:\/\/yadi.sk\/d\/kHsrrwSoVnGzUw\">Elektron s\u0259n\u0259dl\u0259rin haz\u0131rlanmas\u0131 texnologiyas\u0131<\/a><\/h3>\n<h3>3. <a href=\"https:\/\/yadi.sk\/d\/TPLOXtvor2W6w\">Web s\u0259n\u0259dl\u0259rin haz\u0131rlanma texnologiyas\u0131<\/a><\/h3>\n<h3>4. <a href=\"https:\/\/yadi.sk\/i\/cGYnGw4uNMNjyA\">Riyazi proqram paketl\u0259ri<\/a><\/h3>\n<h3>5. <a href=\"https:\/\/yadi.sk\/d\/QPLnzh1qdG93L\">Variasiya hesab\u0131 v\u0259 optimalla\u015fd\u0131rma<\/a><\/h3>\n","protected":false},"excerpt":{"rendered":"<p>1. S.f. Diferensial h\u0259nd\u0259s\u0259 \u00a0 \u00a0 \u00a0 \u00a0 \u00a0 \u00a0 X\u0259tti c\u0259br 2. S.f. Komp\u00fcter qrafikas\u0131 \u00a0 \u00a0 \u00a0 \u00a0 \u00a0 \u00a0Elektron s\u0259n\u0259dl\u0259rin haz\u0131rlanmas\u0131 texnologiyas\u0131 3. Web s\u0259n\u0259dl\u0259rin haz\u0131rlanma texnologiyas\u0131 4. Riyazi proqram paketl\u0259ri 5. Variasiya hesab\u0131 v\u0259 optimalla\u015fd\u0131rma<\/p>\n","protected":false},"author":4,"featured_media":0,"parent":0,"menu_order":0,"comment_status":"closed","ping_status":"closed","template":"","meta":{"footnotes":""},"class_list":["post-2406","page","type-page","status-publish","hentry"],"_links":{"self":[{"href":"https:\/\/rif.gdu.edu.az\/index.php?rest_route=\/wp\/v2\/pages\/2406","targetHints":{"allow":["GET"]}}],"collection":[{"href":"https:\/\/rif.gdu.edu.az\/index.php?rest_route=\/wp\/v2\/pages"}],"about":[{"href":"https:\/\/rif.gdu.edu.az\/index.php?rest_route=\/wp\/v2\/types\/page"}],"author":[{"embeddable":true,"href":"https:\/\/rif.gdu.edu.az\/index.php?rest_route=\/wp\/v2\/users\/4"}],"replies":[{"embeddable":true,"href":"https:\/\/rif.gdu.edu.az\/index.php?rest_route=%2Fwp%2Fv2%2Fcomments&post=2406"}],"version-history":[{"count":10,"href":"https:\/\/rif.gdu.edu.az\/index.php?rest_route=\/wp\/v2\/pages\/2406\/revisions"}],"predecessor-version":[{"id":3092,"href":"https:\/\/rif.gdu.edu.az\/index.php?rest_route=\/wp\/v2\/pages\/2406\/revisions\/3092"}],"wp:attachment":[{"href":"https:\/\/rif.gdu.edu.az\/index.php?rest_route=%2Fwp%2Fv2%2Fmedia&parent=2406"}],"curies":[{"name":"wp","href":"https:\/\/api.w.org\/{rel}","templated":true}]}}