{"id":140,"date":"2015-12-02T23:06:52","date_gmt":"2015-12-02T21:06:52","guid":{"rendered":"http:\/\/bkf.gdu.edu.az\/?page_id=140"},"modified":"2025-10-28T11:10:54","modified_gmt":"2025-10-28T09:10:54","slug":"tutorlar","status":"publish","type":"page","link":"https:\/\/rif.gdu.edu.az\/?page_id=140","title":{"rendered":"Tyutorlar"},"content":{"rendered":"\n<h1 class=\"wp-block-heading has-x-large-font-size\">Yusifova G\u00fcnay \u0130radil q\u0131z\u0131<\/h1>\n\n\n<div class=\"wp-block-image\">\n<figure class=\"aligncenter is-resized\"><img loading=\"lazy\" decoding=\"async\" width=\"1143\" height=\"1600\" src=\"http:\/\/rif.gdu.edu.az\/wp-content\/uploads\/2024\/04\/IMG-20240430-WA0003.jpg\" alt=\"\" class=\"wp-image-6059\" style=\"width:364px;height:auto\" srcset=\"https:\/\/rif.gdu.edu.az\/wp-content\/uploads\/2024\/04\/IMG-20240430-WA0003.jpg 1143w, https:\/\/rif.gdu.edu.az\/wp-content\/uploads\/2024\/04\/IMG-20240430-WA0003-768x1075.jpg 768w, https:\/\/rif.gdu.edu.az\/wp-content\/uploads\/2024\/04\/IMG-20240430-WA0003-1097x1536.jpg 1097w\" sizes=\"auto, (max-width: 1143px) 100vw, 1143px\" \/><\/figure><\/div>\n\n\n<p><\/p>\n\n\n\n<h3 class=\"wp-block-heading has-medium-font-size\">10 oktyabr 1981-ci ild\u0259 Samux rayonunun S\u0259rkar k\u0259ndind\u0259 anadan olmu\u015fdur. 1999-2005-ci ill\u0259rd\u0259 H.Z\u0259rdabi ad\u0131na GDP\u0130, Riyaziyyat-informatika ixtisas\u0131n\u0131 bakalavr, 2005-2007-ci ill\u0259rd\u0259 G\u0259nc\u0259 D\u00f6vl\u0259t Universitetinin \u0259yani, magistratura pill\u0259sinin oxumu\u015fdur. 2016-ci ild\u0259n G\u0259nc\u0259 D\u00f6vl\u0259t Universiteti, disertant\u0131d\u0131r.<\/h3>\n\n\n\n<h3 class=\"wp-block-heading has-medium-font-size\">Telefon: +994552548488<\/h3>\n\n\n\n<h3 class=\"wp-block-heading has-medium-font-size\">E-mail&nbsp;:&nbsp;&nbsp; yusibova 81@ inbox.ru<\/h3>\n\n\n\n<h3 class=\"wp-block-heading\"><strong>===============================================================================================<\/strong><\/h3>\n\n\n\n<p class=\"has-x-large-font-size\"><strong>B\u0259d\u0259lova Leyla V\u00fcqar q\u0131z\u0131<\/strong><\/p>\n\n\n<div class=\"wp-block-image\">\n<figure class=\"aligncenter is-resized\"><img loading=\"lazy\" decoding=\"async\" width=\"2038\" height=\"2560\" src=\"http:\/\/rif.gdu.edu.az\/wp-content\/uploads\/2025\/02\/WhatsApp-Image-2025-02-24-at-14.07.13-scaled.jpeg\" alt=\"\" class=\"wp-image-6878\" style=\"width:400px;height:auto\" srcset=\"https:\/\/rif.gdu.edu.az\/wp-content\/uploads\/2025\/02\/WhatsApp-Image-2025-02-24-at-14.07.13-scaled.jpeg 2038w, https:\/\/rif.gdu.edu.az\/wp-content\/uploads\/2025\/02\/WhatsApp-Image-2025-02-24-at-14.07.13-768x965.jpeg 768w, https:\/\/rif.gdu.edu.az\/wp-content\/uploads\/2025\/02\/WhatsApp-Image-2025-02-24-at-14.07.13-1223x1536.jpeg 1223w, https:\/\/rif.gdu.edu.az\/wp-content\/uploads\/2025\/02\/WhatsApp-Image-2025-02-24-at-14.07.13-1630x2048.jpeg 1630w\" sizes=\"auto, (max-width: 2038px) 100vw, 2038px\" \/><\/figure><\/div>\n\n\n<p><\/p>\n\n\n\n<h1 class=\"wp-block-heading has-medium-font-size\">24.09.1992- ci ild\u0259 G\u0259nc\u0259 \u015f\u0259h\u0259rind\u0259 anadan olmu\u015fdur. 1999-2010-cu ill\u0259rd\u0259 Xarici dill\u0259r t\u0259ma\u00fcll\u00fc gimnaziyada oxumu\u015fdur. 2010 &#8211; 2014-c\u00fc ill\u0259rd\u0259 Az\u0259rbaycan D\u00f6vl\u0259t Aqrar Universitetinin &#8220;\u0130nformasiya texnologiyalar\u0131 v\u0259 sisteml\u0259ri m\u00fch\u0259ndisliyi&#8221; ixtisas\u0131 \u00fczr\u0259 bakalavr pill\u0259sini bitirmi\u015fdir. 2024-c\u00fc ild\u0259n G\u0259nc\u0259 D\u00f6vl\u0259t Universitetinin Riyaziyyat-informatika fak\u00fclt\u0259sind\u0259 tyutor i\u015fl\u0259yir.<\/h1>\n\n\n\n<h3 class=\"wp-block-heading\">Telefon:&nbsp; 0553706092<\/h3>\n\n\n\n<h3 class=\"wp-block-heading\">Email:&nbsp; tyutor.leyla.bedelova1992@gmail.com<\/h3>\n\n\n\n<p class=\"has-medium-font-size\"><strong>=================================================================================================<\/strong><\/p>\n\n\n\n<p class=\"has-x-large-font-size\"><strong>Qocayeva Elqan\u0259 Zabit q\u0131z\u0131 <\/strong><\/p>\n\n\n<div class=\"wp-block-image\">\n<figure class=\"aligncenter size-full is-resized\"><img loading=\"lazy\" decoding=\"async\" width=\"300\" height=\"420\" src=\"https:\/\/rif.gdu.edu.az\/wp-content\/uploads\/2025\/10\/Elqan\u0259.jpg\" alt=\"\" class=\"wp-image-7990\" style=\"width:365px;height:auto\"\/><\/figure><\/div>\n\n\n<p class=\"has-medium-font-size\"><strong>1979-cu ild\u0259 G\u0259nc\u0259 \u015f\u0259h\u0259rind\u0259 anadan olmu\u015fam. 1996-c\u0131 ild\u0259 G\u0259nc\u0259 \u015f\u0259h\u0259rind\u0259 M\u0259h\u0259mm\u0259d F\u00fczuli ad\u0131na 22 say\u0131 orta m\u0259kt\u0259bi bitirmi\u015f\u0259m. 2000-\u00e7i ild\u0259 G\u0259nc\u0259 D\u00f6vl\u0259t Universitetini bitirmi\u015f\u0259m. 2003-c\u00fc ild\u0259 Fizika kafedras\u0131nda laborant, 2023-c\u00fc ild\u0259n hal-haz\u0131rad\u0259k tyutor i\u015fl\u0259yir\u0259m.<\/strong><\/p>\n\n\n\n<p class=\"has-medium-font-size\"><strong>Telefon; 099-330-06-79<br>E-mail; tyutor.q.elqane@gmail.com<\/strong><\/p>\n\n\n\n<hr class=\"wp-block-separator has-alpha-channel-opacity\"\/>\n","protected":false},"excerpt":{"rendered":"<p>Yusifova G\u00fcnay \u0130radil q\u0131z\u0131 10 oktyabr 1981-ci ild\u0259 Samux rayonunun S\u0259rkar k\u0259ndind\u0259 anadan olmu\u015fdur. 1999-2005-ci ill\u0259rd\u0259 H.Z\u0259rdabi ad\u0131na GDP\u0130, Riyaziyyat-informatika ixtisas\u0131n\u0131 bakalavr, 2005-2007-ci ill\u0259rd\u0259 G\u0259nc\u0259 D\u00f6vl\u0259t Universitetinin \u0259yani, magistratura pill\u0259sinin oxumu\u015fdur. 2016-ci ild\u0259n G\u0259nc\u0259 D\u00f6vl\u0259t Universiteti, disertant\u0131d\u0131r. Telefon: +994552548488 E-mail&nbsp;:&nbsp;&nbsp; yusibova 81@ inbox.ru =============================================================================================== B\u0259d\u0259lova Leyla V\u00fcqar q\u0131z\u0131 24.09.1992- ci ild\u0259 G\u0259nc\u0259 \u015f\u0259h\u0259rind\u0259 anadan olmu\u015fdur.<\/p>\n<p><a href=\"https:\/\/rif.gdu.edu.az\/?page_id=140\" class=\"more-link themebutton\">Daha \u0259trafl\u0131<\/a><\/p>\n","protected":false},"author":1,"featured_media":0,"parent":0,"menu_order":0,"comment_status":"closed","ping_status":"closed","template":"","meta":{"footnotes":""},"class_list":["post-140","page","type-page","status-publish","hentry"],"_links":{"self":[{"href":"https:\/\/rif.gdu.edu.az\/index.php?rest_route=\/wp\/v2\/pages\/140","targetHints":{"allow":["GET"]}}],"collection":[{"href":"https:\/\/rif.gdu.edu.az\/index.php?rest_route=\/wp\/v2\/pages"}],"about":[{"href":"https:\/\/rif.gdu.edu.az\/index.php?rest_route=\/wp\/v2\/types\/page"}],"author":[{"embeddable":true,"href":"https:\/\/rif.gdu.edu.az\/index.php?rest_route=\/wp\/v2\/users\/1"}],"replies":[{"embeddable":true,"href":"https:\/\/rif.gdu.edu.az\/index.php?rest_route=%2Fwp%2Fv2%2Fcomments&post=140"}],"version-history":[{"count":39,"href":"https:\/\/rif.gdu.edu.az\/index.php?rest_route=\/wp\/v2\/pages\/140\/revisions"}],"predecessor-version":[{"id":7997,"href":"https:\/\/rif.gdu.edu.az\/index.php?rest_route=\/wp\/v2\/pages\/140\/revisions\/7997"}],"wp:attachment":[{"href":"https:\/\/rif.gdu.edu.az\/index.php?rest_route=%2Fwp%2Fv2%2Fmedia&parent=140"}],"curies":[{"name":"wp","href":"https:\/\/api.w.org\/{rel}","templated":true}]}}