{"id":1256,"date":"2016-11-12T19:54:30","date_gmt":"2016-11-12T17:54:30","guid":{"rendered":"http:\/\/rif.gdu.edu.az\/?page_id=1256"},"modified":"2025-10-21T11:02:36","modified_gmt":"2025-10-21T09:02:36","slug":"vii-semestr-2","status":"publish","type":"page","link":"https:\/\/rif.gdu.edu.az\/?page_id=1256","title":{"rendered":"VII  semestr"},"content":{"rendered":"\n<h3 class=\"wp-block-heading\">1. S.f.<a href=\"https:\/\/disk.yandex.ru\/d\/0Sng80wJfObFBQ\">Furye s\u0131ras\u0131<\/a><\/h3>\n\n\n\n<h3 class=\"wp-block-heading\">2.<a href=\"https:\/\/disk.yandex.ru\/d\/vKodCnnpl00htw\"> S.F. \u0130nteqral \u00e7evirm\u0259l\u0259r v\u0259 onlar\u0131n t\u0259tbiql\u0259ri<\/a><\/h3>\n\n\n\n<h3 class=\"wp-block-heading\">3. S.f. <a href=\"https:\/\/disk.yandex.ru\/d\/RyRNu6KA6Jds4w\">\u00dcmumt\u0259hsil kuriklumun \u0259saslar\u0131<\/a><\/h3>\n\n\n\n<h3 class=\"wp-block-heading\">&nbsp; &nbsp; &nbsp; S.f.&nbsp;<a href=\"https:\/\/yadi.sk\/i\/sLBy1PNgka94x\">M\u0259kt\u0259b\u015f\u00fcnasl\u0131q<\/a><\/h3>\n\n\n\n<h3 class=\"wp-block-heading\">4. <a href=\"https:\/\/yadi.sk\/d\/DGqqjtc_dBHq3\">S.f. Kompleks d\u0259yi\u015f\u0259nli funksiyalar n\u0259z\u0259riyy\u0259si<\/a><\/h3>\n\n\n\n<h3 class=\"wp-block-heading\">5. <a href=\"https:\/\/disk.yandex.ru\/d\/0Y4lbxSX_kM_EQ\">S.F. Elementar riyaziyyat v\u0259 m\u0259s\u0259l\u0259 h\u0259lli praktikumu<\/a><\/h3>\n","protected":false},"excerpt":{"rendered":"<p>1. S.f.Furye s\u0131ras\u0131 2. S.F. \u0130nteqral \u00e7evirm\u0259l\u0259r v\u0259 onlar\u0131n t\u0259tbiql\u0259ri 3. S.f. \u00dcmumt\u0259hsil kuriklumun \u0259saslar\u0131 &nbsp; &nbsp; &nbsp; S.f.&nbsp;M\u0259kt\u0259b\u015f\u00fcnasl\u0131q 4. S.f. Kompleks d\u0259yi\u015f\u0259nli funksiyalar n\u0259z\u0259riyy\u0259si 5. S.F. Elementar riyaziyyat v\u0259 m\u0259s\u0259l\u0259 h\u0259lli praktikumu<\/p>\n","protected":false},"author":4,"featured_media":0,"parent":0,"menu_order":0,"comment_status":"closed","ping_status":"closed","template":"","meta":{"footnotes":""},"class_list":["post-1256","page","type-page","status-publish","hentry"],"_links":{"self":[{"href":"https:\/\/rif.gdu.edu.az\/index.php?rest_route=\/wp\/v2\/pages\/1256","targetHints":{"allow":["GET"]}}],"collection":[{"href":"https:\/\/rif.gdu.edu.az\/index.php?rest_route=\/wp\/v2\/pages"}],"about":[{"href":"https:\/\/rif.gdu.edu.az\/index.php?rest_route=\/wp\/v2\/types\/page"}],"author":[{"embeddable":true,"href":"https:\/\/rif.gdu.edu.az\/index.php?rest_route=\/wp\/v2\/users\/4"}],"replies":[{"embeddable":true,"href":"https:\/\/rif.gdu.edu.az\/index.php?rest_route=%2Fwp%2Fv2%2Fcomments&post=1256"}],"version-history":[{"count":19,"href":"https:\/\/rif.gdu.edu.az\/index.php?rest_route=\/wp\/v2\/pages\/1256\/revisions"}],"predecessor-version":[{"id":7921,"href":"https:\/\/rif.gdu.edu.az\/index.php?rest_route=\/wp\/v2\/pages\/1256\/revisions\/7921"}],"wp:attachment":[{"href":"https:\/\/rif.gdu.edu.az\/index.php?rest_route=%2Fwp%2Fv2%2Fmedia&parent=1256"}],"curies":[{"name":"wp","href":"https:\/\/api.w.org\/{rel}","templated":true}]}}