{"id":1220,"date":"2016-11-12T19:40:42","date_gmt":"2016-11-12T17:40:42","guid":{"rendered":"http:\/\/rif.gdu.edu.az\/?page_id=1220"},"modified":"2024-02-25T19:01:47","modified_gmt":"2024-02-25T17:01:47","slug":"vi-semestr-2","status":"publish","type":"page","link":"https:\/\/rif.gdu.edu.az\/?page_id=1220","title":{"rendered":"VI  semestr"},"content":{"rendered":"<h3>1. \u0130nformasiya sisteml\u0259ri v\u0259 veril\u0259nl\u0259r bazas\u0131<\/h3>\n<h3>2. Riyazyyat tarixi<\/h3>\n<h3>3. S.F. \u0130nformasiyan\u0131n idar\u0259 edilm\u0259si<\/h3>\n<h3>4. Hesablama riyaziyyat\u0131<\/h3>\n<h3>5. \u00a0<a href=\"https:\/\/yadi.sk\/i\/3Jb2HFo5YnQPGw\">Ehtimal n\u0259z\u0259riyy\u0259si v\u0259 riyazi statistika<\/a><\/h3>\n<h3>6. H\u0259qiqi d\u0259yi\u015f\u0259nli funksiyalar n\u0259z\u0259riyy\u0259si<\/h3>\n","protected":false},"excerpt":{"rendered":"<p>1. \u0130nformasiya sisteml\u0259ri v\u0259 veril\u0259nl\u0259r bazas\u0131 2. Riyazyyat tarixi 3. S.F. \u0130nformasiyan\u0131n idar\u0259 edilm\u0259si 4. Hesablama riyaziyyat\u0131 5. \u00a0Ehtimal n\u0259z\u0259riyy\u0259si v\u0259 riyazi statistika 6. H\u0259qiqi d\u0259yi\u015f\u0259nli funksiyalar n\u0259z\u0259riyy\u0259si<\/p>\n","protected":false},"author":4,"featured_media":0,"parent":0,"menu_order":0,"comment_status":"closed","ping_status":"closed","template":"","meta":{"footnotes":""},"class_list":["post-1220","page","type-page","status-publish","hentry"],"_links":{"self":[{"href":"https:\/\/rif.gdu.edu.az\/index.php?rest_route=\/wp\/v2\/pages\/1220","targetHints":{"allow":["GET"]}}],"collection":[{"href":"https:\/\/rif.gdu.edu.az\/index.php?rest_route=\/wp\/v2\/pages"}],"about":[{"href":"https:\/\/rif.gdu.edu.az\/index.php?rest_route=\/wp\/v2\/types\/page"}],"author":[{"embeddable":true,"href":"https:\/\/rif.gdu.edu.az\/index.php?rest_route=\/wp\/v2\/users\/4"}],"replies":[{"embeddable":true,"href":"https:\/\/rif.gdu.edu.az\/index.php?rest_route=%2Fwp%2Fv2%2Fcomments&post=1220"}],"version-history":[{"count":9,"href":"https:\/\/rif.gdu.edu.az\/index.php?rest_route=\/wp\/v2\/pages\/1220\/revisions"}],"predecessor-version":[{"id":5607,"href":"https:\/\/rif.gdu.edu.az\/index.php?rest_route=\/wp\/v2\/pages\/1220\/revisions\/5607"}],"wp:attachment":[{"href":"https:\/\/rif.gdu.edu.az\/index.php?rest_route=%2Fwp%2Fv2%2Fmedia&parent=1220"}],"curies":[{"name":"wp","href":"https:\/\/api.w.org\/{rel}","templated":true}]}}