{"id":819,"date":"2016-03-14T08:12:12","date_gmt":"2016-03-14T06:12:12","guid":{"rendered":"http:\/\/rif.gdu.edu.az\/?page_id=819"},"modified":"2024-03-02T20:19:24","modified_gmt":"2024-03-02T18:19:24","slug":"umumi-riyaziyyat-18","status":"publish","type":"page","link":"http:\/\/rif.gdu.edu.az\/?page_id=819","title":{"rendered":"\u00dcmumi   riyaziyyat"},"content":{"rendered":"<h2 style=\"text-align: center;\"><strong>R.F.D., Ba\u015f m\u00fc\u0259llim M\u0259mm\u0259dov Rauf M\u0259mm\u0259d o\u011flu<\/strong><\/h2>\n<p><img loading=\"lazy\" decoding=\"async\" class=\"wp-image-5706 aligncenter\" src=\"http:\/\/rif.gdu.edu.az\/wp-content\/uploads\/2024\/03\/Rauf.jpg\" alt=\"\" width=\"327\" height=\"410\" \/><\/p>\n<h3><strong>QISA B\u0130OQRAF\u0130K M\u018fLUMAT<\/strong><\/h3>\n<h3><strong>22 mart 1955-ci ild\u0259 G\u0259nc\u0259 \u015f\u0259h\u0259rind\u0259 anadan olmu\u015fdur.<\/strong><\/h3>\n<h3><strong>Ail\u0259lidir, 2 \u00f6vlad\u0131 var. 2000-ci ild\u0259n YAP- \u0131n \u00fczv\u00fcd\u00fcr.<\/strong><\/h3>\n<h3><strong>T\u018fHS\u0130L\u0130, ELM\u0130 D\u018fR\u018fC\u018fS\u0130 V\u018f ELM\u0130 ADLARI<\/strong><\/h3>\n<h3><strong>1. 1972-ci ild\u0259 Politexnik (indiki Texniki Universitet) , \u0130n\u015faat m\u00fch\u0259ndisi<\/strong><\/h3>\n<h3><strong>2.1986-1990-ci ill\u0259rd\u0259n indiki ADAU-nun Ali riyaziyyat kafedras\u0131n\u0131n aspirant\u0131 (qiyabi)<\/strong><\/h3>\n<h3><strong>1991-ci ild\u0259 disertasiya i\u015fini m\u00fcdafi\u0259 ed\u0259r\u0259k Riyaziyyat \u00fczr\u0259 f\u0259ls\u0259f\u0259 doktoru<\/strong><\/h3>\n<h3><strong>\u018fM\u018fK F\u018fAL\u0130YY\u018fT\u0130<\/strong><\/h3>\n<h3><strong>1.1978-1981-ci ill\u0259rd\u0259 K\u0259nd tikinti layih\u0259 \u0130nstitunda m\u00fch\u0259ndis konstruktur<\/strong><\/h3>\n<h3><strong>1981-1988-ci ill\u0259rd\u0259 Yol tikinti trestind\u0259 B\u00f6y\u00fck m\u00fch\u0259ndis<\/strong><\/h3>\n<h3><strong>1988-2003-c\u00fc ill\u0259rd\u0259 indiki ADAU-nun Mexanika kafedras\u0131nda laborant, asient v\u0259 ba\u015f m\u00fc\u0259llim<\/strong><\/h3>\n<h3><strong>2004-d\u0259n hal-haz\u0131ra q\u0259d\u0259r GDU-da ba\u015f m\u00fc\u0259llim<\/strong><\/h3>\n<h3><strong>2011-ci ild\u0259n hal-haz\u0131ra q\u0259d\u0259r T\u0259dris i\u015fl\u0259ri \u00fczr\u0259 dekan m\u00fcavini<\/strong><\/h3>\n<h3><strong>2016-c\u0131 ild\u0259n qabaqc\u0131l t\u0259hsil i\u015f\u00e7isi<\/strong><\/h3>\n<h3><strong>GDU-nun Azad H\u0259mkarlar t\u0259\u015fkilat\u0131n\u0131n idar\u0259 hey\u0259tinin \u00fczv\u00fc<\/strong><\/h3>\n<h3><strong>2020-c\u0131 ild\u0259n Respublika H\u0259mkarlar \u0130ttifaq\u0131n\u0131n y\u00fczilliyi il\u0259 \u0259laq\u0259dar olraq f\u0259xri d\u00f6\u015f ni\u015fan\u0131<\/strong><\/h3>\n<h3><strong>\u00a0\u00a0\u00a0\u00a0 ELM\u0130 \u018fS\u018fRL\u018fR\u0130 <\/strong><\/h3>\n<h3><strong>40-dan \u00e7ox m\u0259qal\u0259rin v\u0259 metodik g\u00f6st\u0259ri\u015fin m\u00fc\u0259llifidir.<\/strong><\/h3>\n<ol>\n<li>\n<h3><strong>Ta\u0433\u0438\u0435\u0432 \u0418.\u0413, \u041c\u0430\u043c\u0435\u0434\u043e\u0432.\u0420.\u041c. \u0423\u0440\u0430\u0432\u043d\u0435\u043d\u0438\u044f \u0434\u0432\u0438\u0436\u0435\u043d\u0438\u044f \u0440\u0435\u0431\u0440\u0438\u0441\u0442\u044b\u0445 \u043e\u0431\u043e\u043b\u043e\u0447\u0435\u043a \u0441 \u0443\u0447\u0435\u0442\u043e\u043c \u043f\u043e\u043f\u0435\u0440\u0435\u0447\u043d\u043e\u0433\u043e \u0441\u0434\u0432\u0438\u0433\u0430. \u0420\u0435\u0444\u0435\u0440\u0430\u0442\u0438\u0432\u043d\u044b\u0439 \u0436\u0443\u0440\u043d\u0430\u043b. \u041c\u0435\u0445\u0430\u043d\u0438\u0437\u0430\u0446\u0438\u0438, 1987 \u0433.<\/strong><\/h3>\n<\/li>\n<li>\n<h3><strong>\u041c\u0430\u043c\u0435\u0434\u043e\u0432.\u0420.\u041c. -\u0420\u0430\u0441\u0447\u0435\u0442 \u043f\u043e\u043b\u043e\u0433\u0438\u0445 \u0440\u0435\u0431\u0440\u0438\u0441\u0442\u044b\u0445 \u043e\u0431\u043e\u043b\u043e\u0447\u0435\u043a \u0441 \u0443\u0447\u0435\u0442\u043e\u043c \u0434\u0435\u0444\u043e\u0440\u043c\u0430\u0446\u0438\u0438 \u043f\u043e\u043f\u0435\u0440\u0435\u0447\u043d\u043e\u0433\u043e \u0441\u0434\u0432\u0438\u0433\u0430. \u041c\u0430\u0442\u0435\u0440\u0438\u0430\u043b\u044b I\u0425 \u0420\u0435\u0441\u043f\u0443\u0431\u043b\u0438\u043a\u0430\u043d\u0441\u043a\u043e\u0439 \u043a\u043e\u043d\u0444\u0435\u0440\u0435\u043d\u0446\u0438\u0438 \u043c\u043e\u043b\u043e\u0434\u044b\u0445 \u0443\u0447\u0435\u043d\u043d\u044b\u0445 \u043f\u043e \u043c\u0430\u0442\u0435\u043c\u0430\u0442\u0438\u043a\u0435 \u0438 \u043c\u0435\u0445\u0430\u043d\u0438\u043a\u0435. \u0411\u0430\u043a\u0443, \u0438\u0437\u0434. E\u043b\u043c, 1989 \u0433.<\/strong><\/h3>\n<\/li>\n<li>\n<h3><strong>\u041c\u0430\u043c\u0435\u0434\u043e\u0432.\u0420.\u041c. &#8211; \u041a \u0440\u0435\u0448\u0435\u043d\u0438\u044e \u0437\u0430\u0434\u0430\u0447 \u0438\u0437\u0433\u0438\u0431\u0430 \u043f\u043e\u043b\u043e\u0433\u0438\u0445 \u0440\u0435\u0431\u0440\u0438\u0441\u0442\u044b\u0445 \u043e\u0431\u043e\u043b\u043e\u00ad\u0447\u0435\u043a \u0441 \u0443\u0447\u0435\u0442\u043e\u043c \u0434\u0435\u0444\u043e\u0440\u043c\u0430\u0446\u0438\u0438 \u043f\u043e\u043f\u0435\u0440\u0435\u0447\u043d\u043e\u0433\u043e \u0441\u0434\u0432\u0438\u0433\u0430. \u041c\u0430\u0442\u0435\u0440\u0438\u0430\u043b\u044b \u0425II \u0420\u0435\u0441\u043f\u0443\u0431\u043b\u0438\u043a\u0430\u043d\u0441\u043a\u043e\u0439 \u043d\u0430\u0443\u0447\u043d\u044b\u0439 \u043a\u043e\u043d\u0444\u0435\u0440\u0435\u043d\u0446\u0438\u0438 \u0430\u0441\u043f\u0438\u0440\u0430\u043d\u0442\u043e\u0432 \u0432\u0443\u0437\u043e\u0432 \u0410\u0437\u0435\u0440\u0431\u0430\u0439\u0434\u0436\u0430\u043d\u0430, \u0411\u0430\u043a\u0443, 1989 \u0433.<\/strong><\/h3>\n<\/li>\n<li>\n<h3><strong>\u041c\u0430\u043c\u0435\u0434\u043e\u0432.\u0420.\u041c. -\u0420\u0435\u0448\u0435\u043d\u0438\u0438 \u043e\u0434\u043d\u043e\u0439 \u043a\u0440\u0430\u0435\u0432\u043e\u0439 \u0437\u0430\u0434\u0430\u0447\u0438 \u043e \u043f\u0440\u043e\u0434\u043e\u043b\u044c\u043d\u043e \u2013 \u0441\u0436\u0430\u0442\u043e\u0439 \u0440\u0435\u0431\u0440\u0438\u0441\u0442\u043e\u0439 \u0446\u0438\u043b\u0438\u043d\u0434\u0440\u0438\u0447\u0435\u0441\u043a\u043e\u0439 \u043e\u0431\u043e\u043b\u043e\u0447\u043a\u0438 \u0441 \u0443\u0447\u0435\u0442\u043e\u043c \u0434\u0435\u0444\u043e\u0440\u043c\u0430\u0446\u0438\u0438 \u043f\u043e\u043f\u0435\u0440\u0435\u0447\u043d\u043e\u0433\u043e \u0441\u0434\u0432\u0438\u0433\u0430. \u0412\u0441\u0435\u0441\u043e\u044e\u0437\u043d\u043e\u0439 \u043a\u043e\u043d\u0444\u0435\u0440\u0435\u043d\u0446\u0438\u0438 \u0441\u0442\u0443\u0434\u0435\u043d\u0442\u043e\u0432, \u043c\u043e\u043b\u043e\u0434\u044b\u0445 \u0443\u0447\u0435\u043d\u044b\u0445 \u0438 \u0441\u043f\u0435\u0446\u0438\u0430\u043b\u0438\u0441\u0442\u043e\u0432, \u0413\u044f\u043d\u0434\u0436\u0430, 1991 \u0433.<\/strong><\/h3>\n<\/li>\n<li>\n<h3><strong>\u041c\u0430\u043c\u0435\u0434\u043e\u0432.\u0420.\u041c. &#8211; \u0420\u0430\u0441\u0447\u0435\u0442 \u0441\u043e\u0431\u0441\u0442\u0432\u0435\u043d\u043d\u044b\u0445 \u0447\u0430\u0441\u0442\u043e\u0442 \u0440\u0435\u0431\u0440\u0438\u0441\u0442\u043e\u0439 \u0446\u0438\u043b\u0438\u043d\u0434\u0440\u0438\u00ad\u0447\u0435\u0441\u043a\u043e\u0439 \u043e\u0431\u043e\u043b\u043e\u0447\u043a\u0438 \u0441 \u0443\u0447\u0435\u0442\u043e\u043c \u0434\u0435\u0444\u043e\u0440\u043c\u0430\u0446\u0438\u0438 \u043f\u043e\u043f\u0435\u0440\u0435\u0447\u043d\u043e\u0433\u043e \u0441\u0434\u0432\u0438\u0433\u0430. \u0412\u0441\u0435\u0441\u043e\u044e\u0437\u043d\u043e\u0439 \u043a\u043e\u043d\u0444\u0435\u0440\u0435\u043d\u0446\u0438\u0438 \u0441\u0442\u0443\u0434\u0435\u043d\u0442\u043e\u0432, \u043c\u043e\u043b\u043e\u0434\u044b\u0445 \u0443\u0447\u0435\u043d\u044b\u0445 \u0438 \u0441\u043f\u0435\u0446\u0438\u0430\u043b\u0438\u0441\u0442\u043e\u0432, \u0413\u044f\u043d\u0434\u0436\u0430, 1991 \u0433.<\/strong><\/h3>\n<\/li>\n<li>\n<h3><strong>\u041c\u0430\u043c\u0435\u0434\u043e\u0432.\u0420.\u041c. &#8211; \u0420\u0435\u0448\u0435\u043d\u0438\u0435 \u043a\u0440\u0430\u0435\u0432\u044b\u0445 \u0437\u0430\u0434\u0430\u0447 \u0440\u0435\u0431\u0440\u0438\u0441\u0442\u044b\u0445 \u0446\u0438\u043b\u0438\u043d\u00ad\u0434\u0440\u0438\u0447\u0435\u0441\u043a\u0438\u0445 \u043e\u0431\u043e\u043b\u043e\u0447\u0435\u043a \u043f\u0440\u0438\u043c\u0435\u043d\u0435\u043d\u0438\u0435\u043c \u043f\u043e\u043b\u0438\u043d\u043e\u043c\u043e\u043c \u0421.\u041d.\u0411\u0435\u0440\u0435\u043d\u0448\u0442\u0435\u0439\u043d\u0430. \u0410\u0433\u0440\u0430\u0440\u043d\u0430\u044f \u043d\u0430\u0443\u043a\u0430 \u0410\u0437\u0435\u0440\u0431\u0430\u0439\u0434\u0436\u0430\u043d\u0430. \u0411\u0430\u043a\u0443. 1997 \u0433.<\/strong><\/h3>\n<\/li>\n<li>\n<h3><strong>M\u0259mm\u0259dov R. M, Ta\u011f\u0131yeva N.\u0130, Ta\u011f\u0131yev \u0130.H. &#8211; S\u0259lis \u00f6rt\u00fckl\u0259rin s\u0259rh\u0259d m\u0259s\u0259l\u0259l\u0259rinin dekompozisiya \u00fcsulu il\u0259 h\u0259lli. AKTA. Elmi \u0259s\u0259rl\u0259r, G\u0259nc\u0259 1997<\/strong><\/h3>\n<\/li>\n<li>\n<h3><strong>\u041c\u0430\u043c\u0435\u0434\u043e\u0432.\u0420.\u041c, \u0422\u0430\u0433\u0438\u0435\u0432 \u0418.\u0413, \u0413\u0443\u0441\u0435\u0439\u043d\u043e\u0432 \u041e.\u041c &#8211; \u0420\u0435\u0448\u0435\u043d\u0438\u0435 \u0442\u0435\u043c\u043f\u0435\u0440\u0430\u0442\u0443\u0440\u043d\u044b\u0445 \u0437\u0430\u0434\u0430\u0447 \u0440\u0435\u0431\u0440\u0438\u0441\u0442\u044b\u0445 \u0446\u0438\u043b\u0438\u043d\u0434\u0440\u0438\u0447\u0435\u0441\u043a\u0438\u0445 \u043e\u0431\u043e\u043b\u043e\u0447\u0435\u043a. ADKTA. Elmi \u0259s\u0259rl\u0259r toplusu, G\u0259nc\u0259 1999<\/strong><\/h3>\n<\/li>\n<li>\n<h3><strong>\u041c\u0430\u043c\u0435\u0434\u043e\u0432.\u0420.\u041c. -\u0420\u0435\u0448\u0435\u043d\u0438\u0435 \u043a\u0440\u0430\u0435\u0432\u044b\u0445 \u0437\u0430\u0434\u0430\u0447 \u043f\u043e\u043b\u043e\u0433\u0438\u0445 \u0442\u0440\u0435\u0445\u0441\u043b\u043e\u0439\u043d\u044b\u0445 \u043e\u0431\u043e\u043b\u043e\u0447\u0435\u043a \u0441\u043e \u0441\u0440\u0435\u0434\u043d\u0438\u043c \u0441\u0435\u0442\u0447\u0430\u0442\u044b\u043c \u0441\u043b\u043e\u0435\u043c. AKTA. Elmi \u0259s\u0259rl\u0259r toplusu, G\u0259nc\u0259 2001<\/strong><\/h3>\n<\/li>\n<\/ol>\n<h3><strong>V\u0259 s.<\/strong><\/h3>\n<h3><strong>BEYN\u018fLXALQ SEM\u0130NAR, S\u0130MPOZ\u0130UM V\u018f KONFRANSLARDA \u0130\u015eT\u0130RAKI<\/strong><\/h3>\n<h3><strong>7-d\u0259n art\u0131q m\u00fcxt\u0259lif m\u00f6vzulu beyn\u0259lxalq v\u0259 respublika elmi konfranslar\u0131nda i\u015ftirak etmi\u015fdir.<\/strong><\/h3>\n","protected":false},"excerpt":{"rendered":"<p>R.F.D., Ba\u015f m\u00fc\u0259llim M\u0259mm\u0259dov Rauf M\u0259mm\u0259d o\u011flu QISA B\u0130OQRAF\u0130K M\u018fLUMAT 22 mart 1955-ci ild\u0259 G\u0259nc\u0259 \u015f\u0259h\u0259rind\u0259 anadan olmu\u015fdur. Ail\u0259lidir, 2 \u00f6vlad\u0131 var. 2000-ci ild\u0259n YAP- \u0131n \u00fczv\u00fcd\u00fcr. T\u018fHS\u0130L\u0130, ELM\u0130 D\u018fR\u018fC\u018fS\u0130 V\u018f ELM\u0130 ADLARI 1. 1972-ci ild\u0259 Politexnik (indiki Texniki Universitet) , \u0130n\u015faat m\u00fch\u0259ndisi 2.1986-1990-ci ill\u0259rd\u0259n indiki ADAU-nun Ali riyaziyyat kafedras\u0131n\u0131n aspirant\u0131 (qiyabi) 1991-ci ild\u0259 disertasiya<\/p>\n<p><a href=\"http:\/\/rif.gdu.edu.az\/?page_id=819\" class=\"more-link themebutton\">Daha \u0259trafl\u0131<\/a><\/p>\n","protected":false},"author":4,"featured_media":0,"parent":0,"menu_order":0,"comment_status":"closed","ping_status":"closed","template":"","meta":{"footnotes":""},"class_list":["post-819","page","type-page","status-publish","hentry"],"_links":{"self":[{"href":"http:\/\/rif.gdu.edu.az\/index.php?rest_route=\/wp\/v2\/pages\/819","targetHints":{"allow":["GET"]}}],"collection":[{"href":"http:\/\/rif.gdu.edu.az\/index.php?rest_route=\/wp\/v2\/pages"}],"about":[{"href":"http:\/\/rif.gdu.edu.az\/index.php?rest_route=\/wp\/v2\/types\/page"}],"author":[{"embeddable":true,"href":"http:\/\/rif.gdu.edu.az\/index.php?rest_route=\/wp\/v2\/users\/4"}],"replies":[{"embeddable":true,"href":"http:\/\/rif.gdu.edu.az\/index.php?rest_route=%2Fwp%2Fv2%2Fcomments&post=819"}],"version-history":[{"count":5,"href":"http:\/\/rif.gdu.edu.az\/index.php?rest_route=\/wp\/v2\/pages\/819\/revisions"}],"predecessor-version":[{"id":5726,"href":"http:\/\/rif.gdu.edu.az\/index.php?rest_route=\/wp\/v2\/pages\/819\/revisions\/5726"}],"wp:attachment":[{"href":"http:\/\/rif.gdu.edu.az\/index.php?rest_route=%2Fwp%2Fv2%2Fmedia&parent=819"}],"curies":[{"name":"wp","href":"https:\/\/api.w.org\/{rel}","templated":true}]}}