{"id":811,"date":"2016-03-14T07:35:05","date_gmt":"2016-03-14T05:35:05","guid":{"rendered":"http:\/\/rif.gdu.edu.az\/?page_id=811"},"modified":"2024-03-02T20:10:33","modified_gmt":"2024-03-02T18:10:33","slug":"umumi-riyaziyyat-14","status":"publish","type":"page","link":"http:\/\/rif.gdu.edu.az\/?page_id=811","title":{"rendered":"\u00dcmumi   riyaziyyat"},"content":{"rendered":"<h2 style=\"text-align: center;\"><strong>Dosent Zeynall\u0131 S\u00fcbhiyy\u0259 M\u0259mm\u0259d q\u0131z\u0131<\/strong><\/h2>\n<h3 style=\"text-align: center;\"><strong>\u00dcmumi riyaziyyat kafedras\u0131n\u0131n m\u00fcdiri<\/strong><\/h3>\n<h3 style=\"text-align: center;\"><strong>\u00a0<\/strong><img loading=\"lazy\" decoding=\"async\" class=\"wp-image-3888 aligncenter\" src=\"http:\/\/rif.gdu.edu.az\/wp-content\/uploads\/2022\/09\/Subhiyy\u0259-mu\u0259llim\u0259.jpeg\" alt=\"\" width=\"350\" height=\"478\" srcset=\"http:\/\/rif.gdu.edu.az\/wp-content\/uploads\/2022\/09\/Subhiyy\u0259-mu\u0259llim\u0259.jpeg 988w, http:\/\/rif.gdu.edu.az\/wp-content\/uploads\/2022\/09\/Subhiyy\u0259-mu\u0259llim\u0259-768x1049.jpeg 768w\" sizes=\"auto, (max-width: 350px) 100vw, 350px\" \/><\/h3>\n<h3><strong>QISA B\u0130OQRAF\u0130K M\u018fLUMAT<\/strong><\/h3>\n<h3><strong>03 dekabr 1978-ci ild\u0259 Samux rayonunun \u0130nstitu q\u0259s\u0259b\u0259sind\u0259 anadan olmu\u015fdur.<\/strong><\/h3>\n<h3><strong>Ail\u0259lidir, 2 \u00f6vlad\u0131 var. 2020-ci ild\u0259n YAP- \u0131n \u00fczv\u00fcd\u00fcr.<\/strong><\/h3>\n<h3><strong>T\u018fHS\u0130L\u0130, ELM\u0130 D\u018fR\u018fC\u018fS\u0130 V\u018f ELM\u0130 ADLARI<\/strong><\/h3>\n<ol>\n<li>\n<h3><strong>1999-c\u00fc ill\u0259rd\u0259 H.Z\u0259rdabi ad\u0131na G\u0259nc\u0259 D\u00f6vl\u0259t Pedaqoji \u0130nstitutunun riyaziyyat-informatika fak\u00fclt\u0259sini f\u0259rql\u0259nm\u0259 diplomu il\u0259 bitirmi\u015fdir.<\/strong><\/h3>\n<\/li>\n<li>\n<h3><strong>2014-c\u00fc ild\u0259 Bak\u0131 D\u00f6vl\u0259t Universitetind\u0259 f\u0259ls\u0259f\u0259 doktoru proqram\u0131 \u00fczr\u0259 dissertasiyan\u0131 m\u00fcdafi\u0259 etmi\u015fdir.<\/strong><\/h3>\n<\/li>\n<li>\n<h3><strong>2022-ci ld\u0259 dosent elmi ad\u0131n\u0131 alm\u0131\u015fd\u0131r.<\/strong><\/h3>\n<\/li>\n<\/ol>\n<h3><strong>\u018fM\u018fK F\u018fAL\u0130YY\u018fT\u0130<\/strong><\/h3>\n<ol>\n<li>\n<h3><strong>2003-2013-c\u00fc ill\u0259rd\u0259 G\u0259nc\u0259 D\u00f6vl\u0259t Universiteti, m\u00fc\u0259llim<\/strong><\/h3>\n<\/li>\n<li>\n<h3><strong>2011-2014-c\u00fc ill\u0259rd\u0259 Bak\u0131 D\u00f6vl\u0259t Universiteti, dissertant<\/strong><\/h3>\n<\/li>\n<li>\n<h3><strong>2013-2022-ci ill\u0259rd\u0259 ba\u015f m\u00fc\u0259llim<\/strong><\/h3>\n<\/li>\n<li>\n<h3><strong>2022-2023-c\u00fc ill\u0259rd\u0259 GDU-da dosent, \u00dcmumi riyaziyyat kaferas\u0131n\u0131n m\u00fcdiri, G\u0259nc\u0259 \u201c\u018fd\u0259di \u00fcsullar\u201d, \u201cSplayn funksiyalar\u0131n t\u0259tbiqi il\u0259 diferensial t\u0259nlikl\u0259rin h\u0259lli\u201d, \u201cAdi diferensial t\u0259nlikl\u0259rin t\u0259qribi \u00fcsullarla h\u0259lli\u201d, v\u0259 s. f\u0259nnl\u0259r \u00fczr\u0259 m\u00fchazir\u0259 v\u0259 laborator d\u0259rsl\u0259r apar\u0131r.<\/strong><\/h3>\n<\/li>\n<\/ol>\n<h3><strong>Elmi f\u0259aliyy\u0259ti hesablama riyaziyyat\u0131 t\u0259dqiqi il\u0259 ba\u011fl\u0131d\u0131r.<\/strong><\/h3>\n<h3><strong>T\u018fLT\u0130FL\u018fR\u0130<\/strong><\/h3>\n<h3><strong>Az\u0259rbaycan Respublikas\u0131 T\u0259hsil Nazirliyi Kollegiyas\u0131n\u0131n 01 noyabr 2018-ci il tarixli K-1132 n\u00f6mr\u0259li \u0259mri \u201cQabaqc\u0131l t\u0259hsil i\u015f\u00e7isi\u201d d\u00f6\u015f ni\u015fan\u0131 il\u0259 t\u0259ltif edilmi\u015fdir.<\/strong><\/h3>\n<h3><strong>\u00a0\u00a0\u00a0\u00a0 ELM\u0130 \u018fS\u018fRL\u018fR\u0130 <\/strong><\/h3>\n<h3><strong>40-a yax\u0131n elmi \u0259s\u0259rin, o c\u00fcml\u0259d\u0259n 3 kitab v\u0259 f\u0259nn proqramlar\u0131n\u0131n\u00a0 m\u00fc\u0259llifidir.<\/strong><\/h3>\n<ul>\n<li>\n<h3><strong>Hesablama riyaziyyat\u0131 (d\u0259rs v\u0259saiti)<\/strong><\/h3>\n<\/li>\n<li>\n<h3><strong>\u018fd\u0259di \u00fcsullar (d\u0259rs v\u0259saiti)<\/strong><\/h3>\n<\/li>\n<li>\n<h3><strong>\u00c7al\u0131\u015fmalar vasit\u0259sil\u0259 variasiya hesab\u0131n\u0131n \u00f6yr\u0259dilm\u0259sinin optimal yollar\u0131 (metodik v\u0259sait)<\/strong><\/h3>\n<\/li>\n<\/ul>\n<ol>\n<li>\n<h3><strong>On application of the optimal control methods to solving Cauchy-Neymann problem for the second order elliptic equation.<\/strong><\/h3>\n<\/li>\n<li>\n<h3><strong>On application of optimal control methods to the solution of the Cauchy-Dirichlet problem for a second order elliptic equation<\/strong><\/h3>\n<\/li>\n<li>\n<h3><strong>\u041e \u043f\u0440\u0438\u043c\u0435\u043d\u0435\u043d\u0438\u0438 \u043c\u0435\u0442\u043e\u0434\u043e\u0432 \u043e\u043f\u0442\u0438\u043c\u0430\u043b\u044c\u043d\u043e\u0433\u043e \u0443\u043f\u0440\u0430\u0432\u043b\u0435\u043d\u0438\u044f \u043a \u0440\u0435\u0448\u0435\u043d\u0438\u044e \u0437\u0430\u0434\u0430\u0447\u0438 \u041a\u043e\u0448\u0438-\u0414\u0438\u0440\u0438\u0445\u043b\u0435 \u0434\u043b\u044f \u044d\u043b\u043b\u0438\u043f-\u0442\u0438\u0447\u0435\u0441\u043a\u043e\u0433\u043e \u0443\u0440\u0430\u0432\u043d\u0435\u043d\u0438\u044f \u0432\u0442\u043e\u0440\u043e\u0433\u043e \u043f\u043e\u0440\u044f\u0434\u043a\u0430<\/strong><\/h3>\n<\/li>\n<li>\n<h3><strong>\u041f\u0440\u0438\u043c\u0435\u043d\u0435\u043d\u0438\u0435 \u043c\u0435\u0442\u043e\u0434\u043e\u0432 \u043e\u043f\u0442\u0438\u043c\u0430\u043b\u044c\u043d\u043e\u0433\u043e \u0443\u043f\u0440\u0430\u0432-\u043b\u0435\u043d\u0438\u044f \u043a \u0440\u0435\u0448\u0435\u043d\u0438\u044e \u0437\u0430\u0434\u0430\u0447\u0438 \u041a\u043e\u0448\u0438-\u0414\u0438\u0440\u0438\u0445\u043b\u0435 \u0434\u043b\u044f \u044d\u043b\u043b\u0438\u043f\u0442\u0438\u0447\u0435\u0441\u043a\u043e\u0433\u043e \u0443\u0440\u0430\u0432\u043d\u0435\u043d\u0438\u044f \u0432\u0442\u043e\u0440\u043e\u0433\u043e \u043f\u043e\u0440\u044f\u0434\u043a\u0430,<\/strong><\/h3>\n<\/li>\n<li>\n<h3><strong>\u041e \u043f\u0440\u0438\u043c \u043c\u0435\u0442 \u043e\u043f\u0442\u0438\u043c \u0443\u043f\u0440\u0430\u0432\u043b\u0435\u043d\u0438\u044f \u043a \u0440\u0435\u0448\u0435\u043d\u0438\u044e \u0437\u0430\u0434\u0430\u0447\u0438 \u041a\u043e\u0448\u0438-\u041d\u0435\u0439\u043c\u0430\u043d\u0430 \u0434\u043b\u044f \u044d\u043b\u043b\u0438\u043f\u0442\u0438\u0447\u0435\u0441\u043a\u043e\u0433\u043e \u0443\u0440\u0430\u0432\u043d\u0435\u043d\u0438\u044f \u0432\u0442\u043e\u0440\u043e\u0433\u043e \u043f\u043e\u0440\u044f\u0434\u043a\u0430<\/strong><\/h3>\n<\/li>\n<li>\n<h3><strong>Application of the optimization methods to solution of the Cauchy-Dirichlet problem for Poisson equation<\/strong><\/h3>\n<\/li>\n<li>\n<h3><strong>Optimal control method to solving Cauchy-Dirichlet problem for elliptic equation 4<sup>th<\/sup> Conference an cjntrol and optimization with industrial applications,<\/strong><\/h3>\n<\/li>\n<li>\n<h3><strong>\u041f\u0440\u0438\u043c\u0435\u043d\u0435\u043d\u0438\u0435 \u043c\u0435\u0442\u043e\u0434 \u0432 \u043e\u043f\u0442\u0438\u043c\u0438\u0437\u0430\u0446\u0438\u0438 \u043a \u0440\u0435\u0448\u0435\u043d\u0438\u044e \u0437\u0430\u0434\u0430\u0447\u0438 \u041a\u043e\u0448\u0438-\u041d\u0435\u0439\u043c\u0430\u043d\u0430 \u0434\u043b\u044f \u0443\u0440\u0430\u0432\u043d\u0435\u043d\u0438\u044f \u0442\u0438\u043f\u0430 \u0413\u0435\u043b\u044c\u043c\u0433\u043e\u043b\u044c\u0446\u0430<\/strong><\/h3>\n<\/li>\n<li>\n<h3><strong>\u041e\u0431 \u043e\u043f\u0440\u0435\u0434\u0435\u043b\u0435\u043d\u0438\u0438 \u043a\u043e\u044d\u0444\u0444\u0438\u0446\u0438\u0435\u043d\u0442\u0430 \u043f\u0440\u0438 \u043c\u043b\u0430\u0434\u0448\u0435\u043c \u0447\u043b\u0435\u043d\u0435 \u0432 \u0443\u0440\u0430\u0432\u043d\u0435\u043d\u0438\u0438 \u043a\u043e\u043b\u0435\u0431\u0430\u043d\u0438\u0439 \u0441\u0442\u0440\u0443\u043d\u044b<\/strong><\/h3>\n<\/li>\n<li>\n<h3><strong>Optimal control methods for solving the Cauchy-Neymann problem for the Poisson equation<\/strong><\/h3>\n<\/li>\n<li>\n<h3><strong>On a determination of the right hand side of the string vibratiions equation, Int. Conf.,<\/strong><\/h3>\n<\/li>\n<li>\n<h3><strong>\u041f\u0440\u0438\u043c\u0435\u043d\u0435\u043d\u0438\u0435 \u043c\u0435\u0442\u043e\u0434\u043e\u0432 \u043e\u043f\u0442\u0438\u043c\u0438\u0437\u0430\u0446\u0438\u0438 \u043a \u0440\u0435\u0448\u0435\u043d\u0438\u044e \u0437\u0430\u0434\u0430\u0447\u0438 \u043a\u043e\u0448\u0438-\u0434\u0438\u0440\u0438\u0445\u043b\u0435 \u0434\u043b\u044f \u044d\u043b\u043b\u0438\u043f\u0442\u0438\u0447\u0435\u0441\u043a\u043e\u0433\u043e \u0443\u0440\u0430\u0432\u043d\u0435\u043d\u0438\u044f \u0432\u0442\u043e\u0440\u043e\u0433\u043e \u043f\u043e\u0440\u044f\u0434\u043a\u0430<\/strong><\/h3>\n<\/li>\n<li>\n<h3><strong>Pe\u015f\u0259 litseyl\u0259rind\u0259 f\u0259nl\u0259raras\u0131 \u0259laq\u0259nin mahiyy\u0259ti<\/strong><\/h3>\n<\/li>\n<li>\n<h3><strong>Qeyri-lokal \u015f\u0259rtli inteqro-diferensial t\u0259nlikl\u0259rl\u0259 t\u0259svir olunan optimal idar\u0259etm\u0259 m\u0259s\u0259l\u0259si<\/strong><\/h3>\n<\/li>\n<li>\n<h3><strong>Ali v\u0259 orta m\u0259kt\u0259bd\u0259 riyaziyyat\u0131n \u0259laq\u0259li t\u0259drisi<\/strong><\/h3>\n<\/li>\n<li>\n<h3><strong>\u0424\u043e\u0440\u043c\u044b \u0443\u0447\u0435\u0431\u043d\u043e\u0439\u00a0 \u0434\u0435\u044f\u0442\u0435\u043b\u044c\u043d\u043e\u0441\u0442\u0438,\u0441\u043f\u043e\u0441\u043e\u0431\u0441\u0442\u0432\u0443\u044e\u0449\u0438\u0435\u00a0 \u0444\u043e\u0440\u043c\u0438\u0440\u043e\u0432\u0430\u043d\u0438\u044e \u0441\u043e\u0432\u0435\u0441\u0442\u043b\u0438\u0432\u043e\u0441\u0442\u0438<\/strong><\/h3>\n<\/li>\n<li>\n<h3><strong>Application of variational calculus methods in the sturm-Liouville problem<\/strong><\/h3>\n<\/li>\n<li>\n<h3><strong>Bir\u00f6l\u00e7\u00fcl\u00fc Ermit splaynlar\u0131<\/strong><\/h3>\n<\/li>\n<li>\n<h3><strong>Application of Picard Method sequential inteqration in differential inequaliles<\/strong><\/h3>\n<\/li>\n<li>\n<h3><strong>Existence and uniqueness of solutions for nonlinear fractional differential equations with two-point boundary conditions<\/strong><\/h3>\n<\/li>\n<li>\n<h3><strong>\u0420\u0435\u0448\u0435\u043d\u0438\u0435 \u0437\u0430\u0434\u0430\u0447 \u0438 \u043f\u0440\u0438\u043c\u0435\u0440\u043e\u0432 \u0432 \u043f\u0440\u0438\u043c\u0435\u043d\u0435\u043d\u0438\u0438 \u0444\u0443\u043d\u043a\u0446\u0438\u0438 \u00ab\u0430\u043d\u0442\u044c\u0435\u00bb<\/strong><\/h3>\n<\/li>\n<li>\n<h3><strong>Application of the Cowell method for integrating a second order differential equation<\/strong><\/h3>\n<\/li>\n<li>\n<h3><strong>Introduction of limit and continuiti concepts<\/strong><\/h3>\n<\/li>\n<li>\n<h3><strong>\u0420\u0435\u0448\u0435\u043d\u0438\u0435 \u0437\u0430\u0434\u0430\u0447\u0438 \u041a\u043e\u0448\u0438-\u041d\u0435\u0439\u043c\u0430\u043d\u0430 \u0434\u043b\u044f \u0443\u0440\u0430\u0432\u043d\u0435\u043d\u0438\u044f \u041b\u0430\u043f\u043b\u0430\u0441\u0430 \u043c\u0435\u0442\u043e\u0434\u043e\u043c \u0424\u0443\u0440\u044c\u0435 \u0438 \u043e\u043f\u0440\u0435\u0434\u0435\u043b\u0435\u043d\u0438\u044f \u043d\u0435 \u0442\u0440\u0438\u0432\u0438\u0430\u043b\u044c\u043d\u044b\u0445 \u043f\u0435\u0440\u0435\u043c\u0435\u043d\u043d\u044b\u0445<\/strong><\/h3>\n<\/li>\n<li>\n<h3><strong>Hesablama riyaziyyat\u0131<\/strong><\/h3>\n<\/li>\n<li>\n<h3><strong>\u0426\u0435\u043b\u044b\u0435 \u0444\u0443\u043d\u043a\u0446\u0438\u0438 \u043a\u043e\u043d\u0435\u0447\u043d\u043e\u0433\u043e \u043f\u043e\u0440\u044f\u0434\u043a\u0430<\/strong><\/h3>\n<\/li>\n<li>\n<h3><strong>New stratedic method for fractional mitigating internet bottleneck with quadratic \u2013 cubic nonlinearity<\/strong><\/h3>\n<\/li>\n<li>\n<h3><strong>Multiple rogue and soliton wave solitions to the generalized Konopelchenko-Dubrovsky-Kaup-Kupershmidt equation arising in fluid mechanics and plasma physics<\/strong><\/h3>\n<\/li>\n<li>\n<h3><strong>Periodic, Cross-Kink, and Interaction between Stripe and Periodic<\/strong><\/h3>\n<\/li>\n<li>\n<h3><strong>Periodic, Cross-Kink, and Interaction between Stripe and Periodic, WaveSolutions for Generalized Hietarinta Equation: Prospects for,Applications in Environmental Engineering<\/strong><\/h3>\n<\/li>\n<li>\n<h3><strong>N-Lump Solutions to a(3+1) Dimensional Variable-Coefficient Generalized Nonlinear Wave Equation in a Liquid with Gas Bubbles<\/strong><\/h3>\n<\/li>\n<li>\n<h3><strong>Riyaziyyatin orta v\u0259 ali kursunun \u0259laq\u0259li t\u0259drisi metodika metodikasi<\/strong><\/h3>\n<\/li>\n<li>\n<h3><strong>Splayn funksiyalar\u0131n t\u0259tbiqi il\u0259 diferensial t\u0259nlikl\u0259rin h\u0259lli<\/strong><\/h3>\n<\/li>\n<li>\n<h3><strong>Ali riyaziyyat\u0131n elementl\u0259ri<\/strong><\/h3>\n<\/li>\n<li>\n<h3><strong>Elementar riyaziyyat<\/strong><\/h3>\n<\/li>\n<li>\n<h3><strong>\u0418\u0434\u0435\u044f \u043c\u0435\u0442\u043e\u0434\u0430 \u041c\u043e\u043d\u0442\u0435-\u041a\u0430\u0440\u043b\u043e \u0438 \u0435\u0435 \u043f\u0440\u0438\u043c\u0435\u043d\u0435\u043d\u0438\u0435<\/strong><\/h3>\n<\/li>\n<li>\n<h3><strong>Variasiya hesab\u0131 v\u0259 optimalla\u015fd\u0131rma<\/strong><\/h3>\n<\/li>\n<li>\n<h3><strong>Variasiya m\u0259s\u0259l\u0259sinin \u0259d\u0259di \u00fcsullarla h\u0259lli<\/strong><\/h3>\n<\/li>\n<li>\n<h3><strong>Qeyri-korrekt m\u0259s\u0259l\u0259l\u0259r<\/strong><\/h3>\n<\/li>\n<\/ol>\n<h3><strong>BEYN\u018fLXALQ SEM\u0130NAR, S\u0130MPOZ\u0130UM V\u018f KONFRANSLARDA \u0130\u015eT\u0130RAKI<\/strong><\/h3>\n<h3><strong>7-d\u0259n art\u0131q beyn\u0259lxalq v\u0259 respublika elmi konfranslar\u0131nda m\u00fcxt\u0259lif m\u00f6vzulu<\/strong><\/h3>\n","protected":false},"excerpt":{"rendered":"<p>Dosent Zeynall\u0131 S\u00fcbhiyy\u0259 M\u0259mm\u0259d q\u0131z\u0131 \u00dcmumi riyaziyyat kafedras\u0131n\u0131n m\u00fcdiri \u00a0 QISA B\u0130OQRAF\u0130K M\u018fLUMAT 03 dekabr 1978-ci ild\u0259 Samux rayonunun \u0130nstitu q\u0259s\u0259b\u0259sind\u0259 anadan olmu\u015fdur. Ail\u0259lidir, 2 \u00f6vlad\u0131 var. 2020-ci ild\u0259n YAP- \u0131n \u00fczv\u00fcd\u00fcr. T\u018fHS\u0130L\u0130, ELM\u0130 D\u018fR\u018fC\u018fS\u0130 V\u018f ELM\u0130 ADLARI 1999-c\u00fc ill\u0259rd\u0259 H.Z\u0259rdabi ad\u0131na G\u0259nc\u0259 D\u00f6vl\u0259t Pedaqoji \u0130nstitutunun riyaziyyat-informatika fak\u00fclt\u0259sini f\u0259rql\u0259nm\u0259 diplomu il\u0259 bitirmi\u015fdir. 2014-c\u00fc ild\u0259 Bak\u0131<\/p>\n<p><a href=\"http:\/\/rif.gdu.edu.az\/?page_id=811\" class=\"more-link themebutton\">Daha \u0259trafl\u0131<\/a><\/p>\n","protected":false},"author":4,"featured_media":0,"parent":0,"menu_order":0,"comment_status":"closed","ping_status":"closed","template":"","meta":{"footnotes":""},"class_list":["post-811","page","type-page","status-publish","hentry"],"_links":{"self":[{"href":"http:\/\/rif.gdu.edu.az\/index.php?rest_route=\/wp\/v2\/pages\/811","targetHints":{"allow":["GET"]}}],"collection":[{"href":"http:\/\/rif.gdu.edu.az\/index.php?rest_route=\/wp\/v2\/pages"}],"about":[{"href":"http:\/\/rif.gdu.edu.az\/index.php?rest_route=\/wp\/v2\/types\/page"}],"author":[{"embeddable":true,"href":"http:\/\/rif.gdu.edu.az\/index.php?rest_route=\/wp\/v2\/users\/4"}],"replies":[{"embeddable":true,"href":"http:\/\/rif.gdu.edu.az\/index.php?rest_route=%2Fwp%2Fv2%2Fcomments&post=811"}],"version-history":[{"count":7,"href":"http:\/\/rif.gdu.edu.az\/index.php?rest_route=\/wp\/v2\/pages\/811\/revisions"}],"predecessor-version":[{"id":5719,"href":"http:\/\/rif.gdu.edu.az\/index.php?rest_route=\/wp\/v2\/pages\/811\/revisions\/5719"}],"wp:attachment":[{"href":"http:\/\/rif.gdu.edu.az\/index.php?rest_route=%2Fwp%2Fv2%2Fmedia&parent=811"}],"curies":[{"name":"wp","href":"https:\/\/api.w.org\/{rel}","templated":true}]}}