{"id":809,"date":"2016-03-14T07:32:37","date_gmt":"2016-03-14T05:32:37","guid":{"rendered":"http:\/\/rif.gdu.edu.az\/?page_id=809"},"modified":"2024-03-02T21:05:55","modified_gmt":"2024-03-02T19:05:55","slug":"umumi-riyaziyyat-13","status":"publish","type":"page","link":"http:\/\/rif.gdu.edu.az\/?page_id=809","title":{"rendered":"\u00dcmumi   riyaziyyat"},"content":{"rendered":"<h2 style=\"text-align: center;\"><strong>Ba\u015f m\u00fc\u0259llim Mustafayeva P\u0259rvin May\u0131l q\u0131z\u0131<\/strong><\/h2>\n<h3 style=\"text-align: center;\"><img loading=\"lazy\" decoding=\"async\" class=\"alignnone  wp-image-5703\" src=\"http:\/\/rif.gdu.edu.az\/wp-content\/uploads\/2024\/03\/P\u0259rvin.jpg\" alt=\"\" width=\"303\" height=\"415\" \/><\/h3>\n<h3><strong>QISA B\u0130OQRAF\u0130K M\u018fLUMAT<\/strong><\/h3>\n<ul>\n<li>\n<h3>31 avqust\u00a0 1981-ci ild\u0259 G\u018fNC\u018f \u015f\u0259h\u0259rind\u0259 anadan olmu\u015fdur.<\/h3>\n<\/li>\n<li>\n<h3>Ail\u0259lidir, 3 \u00f6vlad\u0131 var. 2000-ci ild\u0259n YAP- \u0131n \u00fczv\u00fcd\u00fcr.<\/h3>\n<\/li>\n<\/ul>\n<h3><strong>T\u018fHS\u0130L\u0130, ELM\u0130 D\u018fR\u018fC\u018fS\u0130 V\u018f ELM\u0130 ADLARI<\/strong><\/h3>\n<ul>\n<li>\n<h3>1988 ci ild\u0259 39 sayl\u0131 Mir C\u0259lal Pa\u015fayev ad\u0131na m\u0259kt\u0259bin I sinfin\u0259 daxil olub.<\/h3>\n<\/li>\n<li>\n<h3>1988 ci ild\u0259 39 sayl\u0131 Mir C\u0259lal Pa\u015fayev ad\u0131na m\u0259kt\u0259bi bitirib.<\/h3>\n<\/li>\n<li>\n<h3>2002-c\u00fc ill\u0259rd\u0259 H.Z\u0259rdabi ad\u0131na G\u0259nc\u0259 D\u00f6vl\u0259t Pedaqoji \u0130nstitutunun riyaziyyat-informatika fak\u00fclt\u0259sini bitirmi\u015fdir.<\/h3>\n<\/li>\n<li>\n<h3>2002-2005-ci ill\u0259rd\u0259 G\u0259nc\u0259 D\u00f6vl\u0259t Universitetind\u0259 magistratura \u015f\u00f6b\u0259sininin \u201cRiyaziyyat\u0131n t\u0259drisi metodikas\u0131 v\u0259 metodologiyas\u0131\u201d ixtisas\u0131n\u0131 f\u0259rql\u0259nm\u0259 diplomu il\u0259 bitirmi\u015fdir.<\/h3>\n<\/li>\n<\/ul>\n<h3><strong>\u018fM\u018fK F\u018fAL\u0130YY\u018fT\u0130<\/strong><\/h3>\n<ul>\n<li>\n<h3>2014-2023-c\u00fc ill\u0259rd\u0259 G\u0259nc\u0259 D\u00f6vl\u0259t Universiteti, m\u00fc\u0259llim,G\u0259nc\u0259<\/h3>\n<\/li>\n<li>\n<h3>2024-c\u00fc ild\u0259b ba\u015f m\u00fc\u0259llim, G\u0259nc\u0259<\/h3>\n<\/li>\n<li>\n<h3>\u201cRiyaziyyat\u0131n t\u0259drisi metodikas\u0131\u201d, \u201cM\u0259kt\u0259b riyaziyyat kursunun \u0259laq\u0259li t\u0259drisi\u201d, \u201cOrta m\u0259kt\u0259b proqram materiallar\u0131n\u0131n t\u0259drisi\u201d, \u201cAli v\u0259 orta m\u0259kt\u0259bd\u0259 riyaziyyat\u0131n \u0259laq\u0259li t\u0259drisi\u201d v\u0259 s. f\u0259nnl\u0259r \u00fczr\u0259 m\u00fchazir\u0259, seminar v\u0259 laborator d\u0259rsl\u0259r apar\u0131r.<\/h3>\n<\/li>\n<li>\n<h3>15 elmi \u0259s\u0259rin, bir ne\u00e7\u0259 f\u0259nn proqram\u0131n\u0131n m\u00fc\u0259llifidir.<\/h3>\n<\/li>\n<li>\n<h3>Elmi f\u0259aliyy\u0259ti Riyaziyyat\u0131n t\u0259drisi metodikas\u0131 il\u0259 ba\u011fl\u0131d\u0131r.<\/h3>\n<\/li>\n<\/ul>\n<h3><strong>ELMI \u018fS\u018fRL\u018fR<\/strong><\/h3>\n<ol>\n<li>\n<h3>M\u00fc\u0259yy\u0259n inteqral\u0131n h\u0259nd\u0259si cisiml\u0259rin\u00a0 h\u0259cml\u0259rinini hesablanmas\u0131na t\u0259tbiqinin t\u0259drisi.<\/h3>\n<\/li>\n<li>\n<h3>M\u0259kt\u0259b riyaziyyat kursunun t\u0259tbiqinin h\u0259yata ke\u00e7irilm\u0259si yollar\u0131.<\/h3>\n<\/li>\n<li>\n<h3>M\u0259kt\u0259b riyaziyyat kursunda x\u0259tti proqramla\u015fd\u0131rma m\u0259s\u0259l\u0259l\u0259ri.<\/h3>\n<\/li>\n<li>\n<h3>Riyaziyyat\u0131n t\u0259drisind\u0259 tarixilik.<\/h3>\n<\/li>\n<li>\n<h3>M\u0259kt\u0259b h\u0259nd\u0259s\u0259 kursunda m\u0259s\u0259l\u0259l\u0259rin rolu v\u0259 t\u0259rtibinin \u0259h\u0259miyy\u0259ti.<\/h3>\n<\/li>\n<li>\n<h3>\u0130stehsalat m\u0259zmunlu m\u0259s\u0259l\u0259l\u0259r h\u0259lli t\u0259cr\u00fcb\u0259sind\u0259n.<\/h3>\n<\/li>\n<li>\n<h3>\u0423\u0441\u043b\u043e\u0432\u0438\u0435\u043c \u044d\u0444\u0444\u0435\u043a\u0442\u0438\u0432\u043d\u043e\u0441\u0442\u0438 \u0444\u043e\u0440\u043c\u0438\u0440\u043e\u0432\u0430\u043d\u0438\u044f \u043d\u0440\u0430\u0432\u0441\u0442\u0432\u0435\u043d\u043d\u044b\u0445 \u043e\u0442\u043d\u043e\u0448\u0435\u043d\u0438\u0439<\/h3>\n<\/li>\n<li>\n<h3>Optimal vays of teaching the topic \u201ctriqonometric equations\u201d in the school mathematics course<\/h3>\n<\/li>\n<li>\n<h3>Orta m\u0259kt\u0259b \u015fagirdl\u0259rin\u0259 riyaziyyat\u00a0 f\u0259nninin onlayn t\u0259drisind\u0259 s\u0259m\u0259r\u0259li metodlar<\/h3>\n<\/li>\n<li>\n<h3>Wave profile, paul-painleve approaches and phase plane analysis to the generalized (3+1) dimensional shallow water ware model<\/h3>\n<\/li>\n<li>\n<h3>\u041e\u0441\u043d\u043e\u0432\u043d\u044b\u0435 \u0441\u0432\u043e\u0439\u0441\u0442\u0432\u0430 \u0438 \u0441\u043f\u043e\u0441\u043e\u0431\u044b \u043d\u0430\u0445\u043e\u0436\u0434\u0435\u043d\u0438\u044f \u043d\u0435\u043e\u043f\u0440\u0435\u0434\u0435\u043b\u0435\u043d\u043d\u043e\u0433\u043e \u0438\u043d\u0442\u0435\u0433\u0440\u0430\u043b\u0430 \u0432 \u043f\u0440\u0430\u043a\u0442\u0438\u043a\u0435 \u0441\u0442\u0443\u0434\u0435\u043d\u0442\u043e\u0432<\/h3>\n<\/li>\n<li>\n<h3>Riyaziyyat\u0131n ibtidai kursunun t\u0259drisind\u0259 m\u0259s\u0259l\u0259l\u0259r h\u0259lli zaman\u0131 \u0259yanilik prinsipi<\/h3>\n<\/li>\n<li>\n<h3>\u0130qtisadi m\u0259zmunlu m\u0259s\u0259l\u0259l\u0259rin t\u0259nlik v\u0259 b\u0259rab\u0259rsizlikl\u0259r sistemi nin k\u00f6m\u0259yi il\u0259 h\u0259ll.<\/h3>\n<\/li>\n<li>\n<h3>H\u0259nd\u0259si m\u0259zmunlu m\u0259s\u0259l\u0259l\u0259rin t\u0259nlik qurmaqla h\u0259lli \u00fcsul-lar\u0131n\u0131n \u00f6yr\u0259nilm\u0259si metodikas\u0131.<\/h3>\n<\/li>\n<li>\n<h3>\u018fsas elementar funksiyalar\u0131n t\u0259drisinin \u0259lveri\u015fli yollar\u0131<\/h3>\n<\/li>\n<li>\n<h3>Elementar riyaziyyat (f\u0259nn proqram\u0131)<\/h3>\n<\/li>\n<li>\n<h3>Riyaziyyat\u0131n t\u0259drisi metodikas\u0131 (f\u0259nn proqram\u0131)<\/h3>\n<\/li>\n<\/ol>\n<h3><strong> BEYN\u018fLXALQ SEM\u0130NAR, S\u0130MPOZ\u0130UM V\u018f KONFRANSLARDA \u0130\u015eT\u0130RAKI<\/strong><\/h3>\n<h3>\u00a0\u00a0\u00a0\u00a0\u00a0\u00a0\u00a0 Beyn\u0259lxalq v\u0259 respublika elmi konfranslar\u0131nda m\u00fcxt\u0259lif m\u00f6vzulu m\u0259ruz\u0259l\u0259rl\u0259 \u00e7\u0131x\u0131\u015f etmi\u015fdir.<\/h3>\n","protected":false},"excerpt":{"rendered":"<p>Ba\u015f m\u00fc\u0259llim Mustafayeva P\u0259rvin May\u0131l q\u0131z\u0131 QISA B\u0130OQRAF\u0130K M\u018fLUMAT 31 avqust\u00a0 1981-ci ild\u0259 G\u018fNC\u018f \u015f\u0259h\u0259rind\u0259 anadan olmu\u015fdur. Ail\u0259lidir, 3 \u00f6vlad\u0131 var. 2000-ci ild\u0259n YAP- \u0131n \u00fczv\u00fcd\u00fcr. T\u018fHS\u0130L\u0130, ELM\u0130 D\u018fR\u018fC\u018fS\u0130 V\u018f ELM\u0130 ADLARI 1988 ci ild\u0259 39 sayl\u0131 Mir C\u0259lal Pa\u015fayev ad\u0131na m\u0259kt\u0259bin I sinfin\u0259 daxil olub. 1988 ci ild\u0259 39 sayl\u0131 Mir C\u0259lal Pa\u015fayev ad\u0131na<\/p>\n<p><a href=\"http:\/\/rif.gdu.edu.az\/?page_id=809\" class=\"more-link themebutton\">Daha \u0259trafl\u0131<\/a><\/p>\n","protected":false},"author":4,"featured_media":0,"parent":0,"menu_order":0,"comment_status":"closed","ping_status":"closed","template":"","meta":{"footnotes":""},"class_list":["post-809","page","type-page","status-publish","hentry"],"_links":{"self":[{"href":"http:\/\/rif.gdu.edu.az\/index.php?rest_route=\/wp\/v2\/pages\/809","targetHints":{"allow":["GET"]}}],"collection":[{"href":"http:\/\/rif.gdu.edu.az\/index.php?rest_route=\/wp\/v2\/pages"}],"about":[{"href":"http:\/\/rif.gdu.edu.az\/index.php?rest_route=\/wp\/v2\/types\/page"}],"author":[{"embeddable":true,"href":"http:\/\/rif.gdu.edu.az\/index.php?rest_route=\/wp\/v2\/users\/4"}],"replies":[{"embeddable":true,"href":"http:\/\/rif.gdu.edu.az\/index.php?rest_route=%2Fwp%2Fv2%2Fcomments&post=809"}],"version-history":[{"count":3,"href":"http:\/\/rif.gdu.edu.az\/index.php?rest_route=\/wp\/v2\/pages\/809\/revisions"}],"predecessor-version":[{"id":5740,"href":"http:\/\/rif.gdu.edu.az\/index.php?rest_route=\/wp\/v2\/pages\/809\/revisions\/5740"}],"wp:attachment":[{"href":"http:\/\/rif.gdu.edu.az\/index.php?rest_route=%2Fwp%2Fv2%2Fmedia&parent=809"}],"curies":[{"name":"wp","href":"https:\/\/api.w.org\/{rel}","templated":true}]}}