{"id":807,"date":"2016-03-14T07:30:53","date_gmt":"2016-03-14T05:30:53","guid":{"rendered":"http:\/\/rif.gdu.edu.az\/?page_id=807"},"modified":"2024-03-02T21:03:11","modified_gmt":"2024-03-02T19:03:11","slug":"umumi-riyaziyyat-12","status":"publish","type":"page","link":"http:\/\/rif.gdu.edu.az\/?page_id=807","title":{"rendered":"\u00dcmumi   riyaziyyat"},"content":{"rendered":"<h2 style=\"text-align: center;\"><strong>Ba\u015f m\u00fc\u0259llim Abbasova Samir\u0259 Vaqif q\u0131z\u0131<\/strong><\/h2>\n<p><img loading=\"lazy\" decoding=\"async\" class=\"wp-image-5707 aligncenter\" src=\"http:\/\/rif.gdu.edu.az\/wp-content\/uploads\/2024\/03\/Samir\u0259.jpg\" alt=\"\" width=\"317\" height=\"406\" \/><\/p>\n<h3><\/h3>\n<h3><strong>QISA B\u0130OQRAF\u0130K M\u018fLUMAT<\/strong><\/h3>\n<ul>\n<li>\n<h3>20 iyul 1981-ci ild\u0259 G\u018fNC\u018f \u015f\u0259h\u0259rind\u0259 anadan olmu\u015fdur.<\/h3>\n<\/li>\n<li>\n<h3>Ail\u0259lidir, 3 \u00f6vlad\u0131 var.2000-ci ild\u0259n YAP- \u0131n \u00fczv\u00fcd\u00fcr.<\/h3>\n<\/li>\n<\/ul>\n<h3><strong>T\u018fHS\u0130L\u0130, ELM\u0130 D\u018fR\u018fC\u018fS\u0130 V\u018f ELM\u0130 ADLARI<\/strong><\/h3>\n<ul>\n<li>\n<h3>1988 ci ild\u0259 29 sayl\u0131 K.D.U\u015finski ad\u0131na m\u0259kt\u0259bin I sinfin\u0259 daxil olub.<\/h3>\n<\/li>\n<li>\n<h3>1988 ci ild\u0259 29 sayl\u0131 K.D.U\u015finski ad\u0131na m\u0259kt\u0259bini bitirib.<\/h3>\n<\/li>\n<li>\n<h3>2002-c\u00fc ill\u0259rd\u0259 H.Z\u0259rdabi ad\u0131na G\u0259nc\u0259 D\u00f6vl\u0259t Pedaqoji \u0130nstitutunun riyaziyyat-informatika fak\u00fclt\u0259sini bitirmi\u015fdir.<\/h3>\n<\/li>\n<li>\n<h3>2002-2004 -c\u00fc ill\u0259rd\u0259 G\u0259nc\u0259 D\u00f6vl\u0259t Universitetind\u0259 magistratura \u015f\u00f6b\u0259sini f\u0259rql\u0259nm\u0259 diplomu il\u0259 bitirmi\u015fdir.<\/h3>\n<\/li>\n<\/ul>\n<h3><strong>\u018fM\u018fK F\u018fAL\u0130YY\u018fT\u0130<\/strong><\/h3>\n<ul>\n<li>\n<h3>2004-2013-c\u00fc ill\u0259rd\u0259 G\u0259nc\u0259 D\u00f6vl\u0259t Universiteti, m\u00fc\u0259llim,G\u0259nc\u0259<\/h3>\n<\/li>\n<li>\n<h3>2014-2023-ci ill\u0259rd\u0259 ba\u015f m\u00fc\u0259llim, G\u0259nc\u0259<\/h3>\n<\/li>\n<li>\n<h3>\u201c\u018fd\u0259di \u00fcsullar\u201d, \u201cHesablama riyaziyyat\u0131\u201d, \u201cVariasiya hesab\u0131 v\u0259 optimalla\u015fd\u0131rma\u201d,\u201cSplayn funksiyalar\u0131n t\u0259tbiqi il\u0259 diferensial t\u0259nlikl\u0259rin h\u0259lli\u201d, \u201cAdi diferensial t\u0259nlikl\u0259rin t\u0259qribi \u00fcsullarla h\u0259lli\u201d, v\u0259 s. f\u0259nnl\u0259r \u00fczr\u0259 m\u00fchazir\u0259 v\u0259 laborator d\u0259rsl\u0259r apar\u0131r.<\/h3>\n<\/li>\n<li>\n<h3>15 elmi \u0259s\u0259rin m\u00fc\u0259llifidir.<\/h3>\n<\/li>\n<li>\n<h3>Elmi f\u0259aliyy\u0259ti hesablama riyaziyyat\u0131 t\u0259dqiqi il\u0259 ba\u011fl\u0131d\u0131r.<\/h3>\n<\/li>\n<\/ul>\n<h3><strong>ELM\u0130 \u018fS\u018fRL\u018fR<\/strong><\/h3>\n<ol>\n<li>\n<h3>\u0423\u0440\u0430\u0432\u043d\u0435\u043d\u0438\u0435 \u0441\u0432\u0435\u0440\u0442\u043a\u0438 \u0438 \u0440\u0435\u0448\u0435\u043d\u0438\u0435 \u0443\u0440\u0430\u0432\u043d\u0435\u043d\u0438\u044f \u0441\u0432\u0435\u0440\u0442\u043a\u0438.<\/h3>\n<\/li>\n<li>\n<h3>\u041d\u0435\u043a\u043e\u0442\u043e\u0440\u044b\u0435 \u0441\u043f\u0435\u0446\u0438\u0444\u0438\u0447\u0435\u0441\u043a\u0438\u0435 \u043e\u0441\u043e\u0431\u0435\u043d\u043d\u043e\u0441\u0442\u0438 \u0440\u0435\u0448\u0435\u043d\u0438\u0439 \u0434\u0438\u0444\u0444\u0435\u0440\u0435\u043d\u0446\u0438\u0430\u043b\u044c\u043d\u044b\u0445 \u0443\u0440\u0430\u0432\u043d\u0435\u043d\u0438\u0439 \u0441 \u043e\u0442\u043a\u043b\u043e\u043d\u044f\u044e\u0449\u0438\u043c\u0441\u044f \u0430\u0440\u0433\u0443\u043c\u0435\u043d\u0442\u043e\u043c.<\/h3>\n<\/li>\n<li>\n<h3>Eyler v\u0259 Eyler-Puasson t\u0259nlikl\u0259rin\u0259 aid m\u0259s\u0259l\u0259 h\u0259llinin metodikas\u0131.<\/h3>\n<\/li>\n<li>\n<h3>Variasiya hesab\u0131 n\u0259 dem\u0259kdir? \u2013S.V.Abbasova, M.M.Mustafayev, N.M.\u018fliyev.<\/h3>\n<\/li>\n<li>\n<h3>\u0424\u043e\u0440\u043c\u044b \u0443\u0447\u0435\u0431\u043d\u043e\u0439 \u0434\u0435\u044f\u0442\u0435\u043b\u044c\u043d\u043e\u0441\u0442\u0438, \u0441\u043f\u043e\u0441\u043e\u0431\u0441\u0442\u0432\u0443\u044e\u0449\u0438\u0435 \u0444\u043e\u0440\u043c\u0438\u0440\u043e\u0432\u0430\u043d\u0438\u044e \u0441\u043e\u0432\u0435\u0441\u0442\u043b\u0438\u0432\u043e\u0441\u0442\u0438.<\/h3>\n<\/li>\n<\/ol>\n<h3>6.Application\u00a0 of variational calculus methods in the Sturm-Liouville problem.<\/h3>\n<h3><strong>BEYN\u018fLXALQ SEM\u0130NAR, S\u0130MPOZ\u0130UM V\u018f KONFRANSLARDA \u0130\u015eT\u0130RAKI<\/strong><\/h3>\n<h3>\u00a0\u00a0\u00a0\u00a0\u00a0\u00a0\u00a0\u00a0\u00a0 Beyn\u0259lxalq v\u0259 respublika elmi konfranslar\u0131nda m\u00fcxt\u0259lif m\u00f6vzulu m\u0259ruz\u0259l\u0259rl\u0259 \u00e7\u0131x\u0131\u015f etmi\u015fdir.<\/h3>\n","protected":false},"excerpt":{"rendered":"<p>Ba\u015f m\u00fc\u0259llim Abbasova Samir\u0259 Vaqif q\u0131z\u0131 QISA B\u0130OQRAF\u0130K M\u018fLUMAT 20 iyul 1981-ci ild\u0259 G\u018fNC\u018f \u015f\u0259h\u0259rind\u0259 anadan olmu\u015fdur. Ail\u0259lidir, 3 \u00f6vlad\u0131 var.2000-ci ild\u0259n YAP- \u0131n \u00fczv\u00fcd\u00fcr. T\u018fHS\u0130L\u0130, ELM\u0130 D\u018fR\u018fC\u018fS\u0130 V\u018f ELM\u0130 ADLARI 1988 ci ild\u0259 29 sayl\u0131 K.D.U\u015finski ad\u0131na m\u0259kt\u0259bin I sinfin\u0259 daxil olub. 1988 ci ild\u0259 29 sayl\u0131 K.D.U\u015finski ad\u0131na m\u0259kt\u0259bini bitirib. 2002-c\u00fc ill\u0259rd\u0259 H.Z\u0259rdabi<\/p>\n<p><a href=\"http:\/\/rif.gdu.edu.az\/?page_id=807\" class=\"more-link themebutton\">Daha \u0259trafl\u0131<\/a><\/p>\n","protected":false},"author":4,"featured_media":0,"parent":0,"menu_order":0,"comment_status":"closed","ping_status":"closed","template":"","meta":{"footnotes":""},"class_list":["post-807","page","type-page","status-publish","hentry"],"_links":{"self":[{"href":"http:\/\/rif.gdu.edu.az\/index.php?rest_route=\/wp\/v2\/pages\/807","targetHints":{"allow":["GET"]}}],"collection":[{"href":"http:\/\/rif.gdu.edu.az\/index.php?rest_route=\/wp\/v2\/pages"}],"about":[{"href":"http:\/\/rif.gdu.edu.az\/index.php?rest_route=\/wp\/v2\/types\/page"}],"author":[{"embeddable":true,"href":"http:\/\/rif.gdu.edu.az\/index.php?rest_route=\/wp\/v2\/users\/4"}],"replies":[{"embeddable":true,"href":"http:\/\/rif.gdu.edu.az\/index.php?rest_route=%2Fwp%2Fv2%2Fcomments&post=807"}],"version-history":[{"count":2,"href":"http:\/\/rif.gdu.edu.az\/index.php?rest_route=\/wp\/v2\/pages\/807\/revisions"}],"predecessor-version":[{"id":5738,"href":"http:\/\/rif.gdu.edu.az\/index.php?rest_route=\/wp\/v2\/pages\/807\/revisions\/5738"}],"wp:attachment":[{"href":"http:\/\/rif.gdu.edu.az\/index.php?rest_route=%2Fwp%2Fv2%2Fmedia&parent=807"}],"curies":[{"name":"wp","href":"https:\/\/api.w.org\/{rel}","templated":true}]}}