{"id":799,"date":"2016-03-14T07:05:31","date_gmt":"2016-03-14T05:05:31","guid":{"rendered":"http:\/\/rif.gdu.edu.az\/?page_id=799"},"modified":"2024-03-02T21:00:26","modified_gmt":"2024-03-02T19:00:26","slug":"umumi-riyaziyyat-8","status":"publish","type":"page","link":"http:\/\/rif.gdu.edu.az\/?page_id=799","title":{"rendered":"\u00dcmumi   riyaziyyat"},"content":{"rendered":"<h2 style=\"text-align: center;\"><strong>P.F.D., ba\u015f m\u00fc\u0259llim Qarayeva V\u00fcsal\u0259 M\u0259mm\u0259d q\u0131z\u0131<\/strong><\/h2>\n<h3><img loading=\"lazy\" decoding=\"async\" class=\"wp-image-5712 aligncenter\" src=\"http:\/\/rif.gdu.edu.az\/wp-content\/uploads\/2024\/03\/Vusal\u0259.jpg\" alt=\"\" width=\"295\" height=\"427\" \/><\/h3>\n<h3><strong>\u00a0\u00a0\u00a0\u00a0 QISA B\u0130OQRAF\u0130K M\u018fLUMAT<\/strong><\/h3>\n<ul>\n<li>\n<h3>1979-ci il 02 iyun ay\u0131nda G\u0259nc\u0259 \u015f\u0259h\u0259rind\u0259 anadan olmu\u015fdur.<\/h3>\n<\/li>\n<li>\n<h3>1985 \u2013c\u0131 ild\u0259 G\u0259nc\u0259 \u015f\u0259h\u0259rind\u0259 7 sayl\u0131 tam orta m\u0259kt\u0259bind\u0259 oxumu\u015fdur.<\/h3>\n<\/li>\n<li>\n<h3>1995-ci ild\u0259 G\u0259nc\u0259 \u015f\u0259h\u0259rind\u0259 tam orta m\u0259kt\u0259bind\u0259 t\u0259hsil alm\u0131\u015f, h\u0259min m\u0259kt\u0259bi bitirmi\u015fdir. Ail\u0259lidir, 2 \u00f6vlad\u0131 var. Yap-\u0131n \u00fczv\u00fcd\u00fcr.<\/h3>\n<\/li>\n<\/ul>\n<h3><strong>\u00a0 T\u018fHS\u0130L\u0130 v\u0259 ELM\u0130 D\u018fR\u018fC\u018f ADLARI<\/strong><\/h3>\n<ul>\n<li>\n<h3>1999-cu ild\u0259 Z\u0259rdabi ad\u0131na G\u0259nc\u0259 Pedaqoji institunun riyaziyyat ixtisas\u0131n\u0131 bitirmi\u015fdir.<\/h3>\n<\/li>\n<li>\n<h3>1999-2001-ci ild\u0259 G\u0259nc\u0259 D\u00f6vl\u0259t universitetinin \u201cRiyaziyyat\u0131n t\u0259drisi medodologiyas\u0131 v\u0259 metodikas\u0131\u201d ixtisas\u0131 \u00fczr\u0259 magistraturan\u0131 f\u0259rql\u0259nm\u0259 diplomu il\u0259 bitirmi\u015fdir.<\/h3>\n<\/li>\n<li>\n<h3>2001-ci ild\u0259 G\u0259nc\u0259 D\u00f6vl\u0259t Universitetind\u0259 Riyaziyyat\u0131n t\u0259drisi metodikas\u0131nda m\u00fc\u0259llim kimi ba\u015flam\u0131\u015fd\u0131r.<\/h3>\n<\/li>\n<\/ul>\n<ul>\n<li>\n<h3>2022-ci ild\u0259 pedaqogika (riyaziyyat\u0131n t\u0259drisi metodikas\u0131) elm sah\u0259si \u00fczr\u0259 f\u0259ls\u0259f\u0259 doktoru elmi d\u0259r\u0259c\u0259si alm\u0131\u015fd\u0131r.<\/h3>\n<\/li>\n<\/ul>\n<h3><strong>\u018fM\u018fK F\u018fAL\u0130YY\u018fT\u0130<\/strong><\/h3>\n<ul>\n<li>\n<h3>2021-2022-ci ild\u0259 G\u0259nc\u0259 D\u00f6vl\u0259t Universitetinin \u201cRiyaziyyat v\u0259 onun t\u0259drisi\u201d metodikas\u0131 kafedras\u0131nda m\u00fc\u0259llim.<\/h3>\n<\/li>\n<li>\n<h3>2021-2022-ci ild\u0259 G\u0259nc\u0259 D\u00f6vl\u0259t Universitetinin \u201cRiyaziyyat v\u0259 onun t\u0259drisi\u201d metodikas\u0131 kafedras\u0131nda ba\u015f m\u00fc\u0259llim.<\/h3>\n<\/li>\n<li>\n<h3>\u201cElemantar riyaziyyat,\u201d Ali v\u0259 orta m\u0259kt\u0259bd\u0259 riyaziyyat\u0131n \u0259laq\u0259li t\u0259drisi,\u201d\u018fm\u0259liyyatlar\u0131n t\u0259dqiqi v\u0259 oyunlar n\u0259z\u0259riyy\u0259si\u201d f\u0259nl\u0259ri \u00fczr\u0259 m\u00fchazir\u0259 d\u0259rsl\u0259ri apar\u0131r. 20 elmi m\u0259qal\u0259nin m\u00fc\u0259llifidir.<\/h3>\n<\/li>\n<\/ul>\n<h3><strong>\u00a0T\u018fDQ\u0130QAT SAH\u018fS\u0130<\/strong><\/h3>\n<ul>\n<li>\n<h3>Riyaziyyat\u0131n t\u0259drisi metodikas\u0131<\/h3>\n<\/li>\n<\/ul>\n<h3><strong>ELM\u0130 \u018fS\u018fRL\u018fR\u0130<\/strong><\/h3>\n<ol>\n<li>\n<h3>\u201cRiyaziyyat t\u0259limind\u0259 \u00fcmumil\u0259\u015fdirm\u0259\u201d- ADPU. Pedaqoji Universitet x\u0259b\u0259rl\u0259ri. \u2116 3, Bak\u0131, 2015. S\u0259h.479-481-(3 s\u0259h) H\u0259midov S.S.<\/h3>\n<\/li>\n<li>\n<h3>\u201cRiyaziyyat t\u0259limind\u0259 m\u0259ntiq elementl\u0259ri\u201d &#8211; GDU. G\u0259nc aliml\u0259rin II beyn\u0259lxalq elmi kon-frans\u0131. Konfrans material-lar\u0131.26-27 oktyabr. G\u0259nc\u0259 2017, s\u0259h. 329-330.<\/h3>\n<\/li>\n<li>\n<h3>\u201cM\u0259kt\u0259b riyaziyyat\u0131n\u0131n t\u0259limind\u0259 \u00fcmumil\u0259\u015f-dirm\u0259 v\u0259 konkretl\u0259\u015fdirm\u0259\u201d &#8211; Bak\u0131 Q\u0131zlar Universiteti. Elmi \u0259s\u0259rl\u0259r, \u2116 2, Bak\u0131, 2018. S\u0259h 199-201.<\/h3>\n<\/li>\n<li>\n<h3>\u201cRiyaziyyat\u0131n t\u0259drisind\u0259 \u00fcmumil\u0259\u015fdirm\u0259 v\u0259 analogiyadan istifad\u0259d\u0259 varislik prinsipi\u201d. Az\u0259rbaycan Respublikas\u0131n\u0131n T\u0259hsil \u0130nstitutu. Elmi \u0259s\u0259rl\u0259r. \u2116 5,cild 85, Bak\u0131 2018. S\u0259h 145-147.<\/h3>\n<\/li>\n<li>\n<h3>\u201c\u042d\u043b\u0435\u043c\u0435\u043d\u0442\u044b \u043b\u043e\u0433\u0438\u043a\u0438 \u0432 \u043e\u0431\u0443\u0447\u0435\u043d\u0438\u0438 \u0448\u043a\u043e\u043b\u044c\u043d\u043e\u0439 \u043c\u0430\u0442\u0435\u043c\u0430\u0442\u0438\u043a\u0435\u201d. \u0130SSN 2520-6990 (Wars-zawa, Polska) Mi\u00e7dzyna-rodowe czasopismo naukowe. Colloquim journal. Cr\u00e7sc 1. \u2116 1(12) 2018. S\u0259h. 11-13.<\/h3>\n<\/li>\n<li>\n<h3>\u201cAnalogiyalar \u201cn\u00fcv\u0259\u201dsinin formala\u015fma metodikas\u0131\u201d. &#8211; G\u0259nc\u0259 D\u00f6vl\u0259t Universi-teti. G\u0259nc aliml\u0259rin III beyn\u0259lxalq elmi konfrans\u0131.Konfrans universi-tetin 80 illiyin\u0259 h\u0259sr olunur.17-18 oktyabr, G\u0259nc\u0259 2018, s\u0259h. 267-270.<\/h3>\n<\/li>\n<\/ol>\n<h3><strong>BEYNALXALQ V\u018f RESPUBL\u0130KA S\u0130MPOZ\u0130UM V\u018f KONFRANSLARDA \u0130\u015eT\u0130RAKI:<\/strong><\/h3>\n<ul>\n<li>\n<h3>10-dan \u00e7ox beyn\u0259lxalq v\u0259 respublika elmi konfranslar\u0131nda m\u00fcxt\u0259lif m\u00f6vzulu m\u0259ruz\u0259l\u0259rl\u0259 \u00e7\u0131x\u0131\u015f etmi\u015fdir.<\/h3>\n<\/li>\n<\/ul>\n","protected":false},"excerpt":{"rendered":"<p>P.F.D., ba\u015f m\u00fc\u0259llim Qarayeva V\u00fcsal\u0259 M\u0259mm\u0259d q\u0131z\u0131 \u00a0\u00a0\u00a0\u00a0 QISA B\u0130OQRAF\u0130K M\u018fLUMAT 1979-ci il 02 iyun ay\u0131nda G\u0259nc\u0259 \u015f\u0259h\u0259rind\u0259 anadan olmu\u015fdur. 1985 \u2013c\u0131 ild\u0259 G\u0259nc\u0259 \u015f\u0259h\u0259rind\u0259 7 sayl\u0131 tam orta m\u0259kt\u0259bind\u0259 oxumu\u015fdur. 1995-ci ild\u0259 G\u0259nc\u0259 \u015f\u0259h\u0259rind\u0259 tam orta m\u0259kt\u0259bind\u0259 t\u0259hsil alm\u0131\u015f, h\u0259min m\u0259kt\u0259bi bitirmi\u015fdir. Ail\u0259lidir, 2 \u00f6vlad\u0131 var. Yap-\u0131n \u00fczv\u00fcd\u00fcr. \u00a0 T\u018fHS\u0130L\u0130 v\u0259 ELM\u0130 D\u018fR\u018fC\u018f ADLARI<\/p>\n<p><a href=\"http:\/\/rif.gdu.edu.az\/?page_id=799\" class=\"more-link themebutton\">Daha \u0259trafl\u0131<\/a><\/p>\n","protected":false},"author":4,"featured_media":0,"parent":0,"menu_order":0,"comment_status":"closed","ping_status":"closed","template":"","meta":{"footnotes":""},"class_list":["post-799","page","type-page","status-publish","hentry"],"_links":{"self":[{"href":"http:\/\/rif.gdu.edu.az\/index.php?rest_route=\/wp\/v2\/pages\/799","targetHints":{"allow":["GET"]}}],"collection":[{"href":"http:\/\/rif.gdu.edu.az\/index.php?rest_route=\/wp\/v2\/pages"}],"about":[{"href":"http:\/\/rif.gdu.edu.az\/index.php?rest_route=\/wp\/v2\/types\/page"}],"author":[{"embeddable":true,"href":"http:\/\/rif.gdu.edu.az\/index.php?rest_route=\/wp\/v2\/users\/4"}],"replies":[{"embeddable":true,"href":"http:\/\/rif.gdu.edu.az\/index.php?rest_route=%2Fwp%2Fv2%2Fcomments&post=799"}],"version-history":[{"count":3,"href":"http:\/\/rif.gdu.edu.az\/index.php?rest_route=\/wp\/v2\/pages\/799\/revisions"}],"predecessor-version":[{"id":5736,"href":"http:\/\/rif.gdu.edu.az\/index.php?rest_route=\/wp\/v2\/pages\/799\/revisions\/5736"}],"wp:attachment":[{"href":"http:\/\/rif.gdu.edu.az\/index.php?rest_route=%2Fwp%2Fv2%2Fmedia&parent=799"}],"curies":[{"name":"wp","href":"https:\/\/api.w.org\/{rel}","templated":true}]}}