{"id":675,"date":"2016-03-12T22:48:14","date_gmt":"2016-03-12T20:48:14","guid":{"rendered":"http:\/\/rif.gdu.edu.az\/?page_id=675"},"modified":"2025-02-24T13:01:15","modified_gmt":"2025-02-24T11:01:15","slug":"nat%c9%99van","status":"publish","type":"page","link":"http:\/\/rif.gdu.edu.az\/?page_id=675","title":{"rendered":"\u0130nformatika v\u0259 C\u0259br"},"content":{"rendered":"<h2 style=\"text-align: center;\">H\u0259s\u0259nova Nat\u0259van Sabir q\u0131z\u0131<\/h2>\n<p style=\"text-align: center;\"><img loading=\"lazy\" decoding=\"async\" class=\"alignnone  wp-image-5327\" src=\"http:\/\/rif.gdu.edu.az\/wp-content\/uploads\/2024\/01\/H.Nat\u0259van.jpg\" alt=\"\" width=\"224\" height=\"300\" \/><\/p>\n<h3><strong>QISA B\u0130OQRAF\u0130K M\u018fLUMAT<\/strong><\/h3>\n<h3><strong>17 aprel\u00a0 1973 -ci ild\u0259 G\u0259nc\u0259 \u00a0\u015f\u0259h\u0259rind\u0259 \u00a0\u00a0anadan olmu\u015fdur.<\/strong><\/h3>\n<h3><strong>2009-ci ild\u0259n YAP-\u0131n \u00fczv\u00fcd\u00fcr.<\/strong><\/h3>\n<h3><strong>\u00a0\u00a0\u00a0\u00a0 Telefon :+994556169156<\/strong><\/h3>\n<h3><strong>\u00a0\u00a0\u00a0\u00a0\u00a0 E-mail : hnatavan@mail.ru<\/strong><\/h3>\n<h3><strong>T\u018fHS\u0130L\u0130, ELM\u0130 D\u018fR\u018fC\u018fS\u0130 V\u018f ELM\u0130 ADLARI<\/strong><\/h3>\n<h3><strong>1990-1995-c\u00fc ill\u0259r G\u0259nc\u0259 D\u00f6vl\u0259t Universitet<\/strong><\/h3>\n<h3><strong>\u018fM\u018fK F\u018fAL\u0130YY\u018fT\u0130<\/strong><\/h3>\n<h3><strong>2003-ci ild\u0259n G\u0259nc\u0259 D\u00f6vl\u0259t Universitetind\u0259 \u0130nformatika v\u0259 C\u0259br kafedras\u0131nda\u00a0\u00a0 \u00e7al\u0131\u015f\u0131r.<\/strong><\/h3>\n<h3><strong>\u201cC\u0259br -1\u201d, \u201cX\u0259tti c\u0259br v\u0259 riyazi analiz\u00a0 \u201d, \u201d C\u0259brin b\u0259zi m\u0259s\u0259\u0131\u0259\u0131\u0259ri\u201d, \u201cC\u0259br-2\u201d, v\u0259 s. f\u0259nnl\u0259r \u00fczr\u0259 m\u00fchazir\u0259 d\u0259rsl\u0259ri apar\u0131r.<\/strong><\/h3>\n<h3><strong>T\u018fDQ\u0130QAT SAH\u018fS\u0130<\/strong><\/h3>\n<h3><strong>BEYN\u018fLXALQ SEM\u0130NAR, S\u0130MPOZ\u0130UM V\u018f KONFRANSLARDA \u0130\u015eT\u0130RAKI<\/strong><\/h3>\n<ul>\n<li>\n<h3><strong>beyn\u0259lxalq v\u0259 respublika elmi konfranslar\u0131nda m\u00fcxt\u0259lif m\u00f6vzulu m\u0259ruz\u0259l\u0259rl\u0259 \u00e7\u0131x\u0131\u015f etmi\u015fdir.<\/strong><\/h3>\n<\/li>\n<\/ul>\n<h3><strong>SE\u00c7\u0130LM\u0130\u015e \u018fS\u018fRL\u018fR\u0130<\/strong><\/h3>\n<ol>\n<li>\n<h3><strong>Access veril\u0259nl\u0259r bazas\u0131nda c\u0259dv\u0259ll\u0259r v\u0259 t\u0259rtibatlat, GDU Elmi \u0259s\u0259rl\u0259r m\u0259cmu\u0259si,Bak\u0131-\u201cNurlan\u201d-2004<\/strong><\/h3>\n<\/li>\n<li>\n<h3><strong>Turbo Paskal alqoritml\u0259\u015fdirm\u0259 dilind\u0259 laboratoriya i\u015fl\u0259rinin yerin\u0259 yetirilmsin\u0259 dair metodik g\u00f6st\u0259ri\u015f, Bak\u0131, \u201dNurlan-2007\u201d<\/strong><\/h3>\n<\/li>\n<li>\n<h3><strong>\u0418\u0437\u0433\u0438\u0431 \u043f\u043b\u0430\u0441\u0442\u0438\u043d\u044b \u043f\u0435\u0440\u0435\u043c\u0435\u043d\u043d\u043e\u0439 \u0442\u043e\u043b\u0449\u0438\u043d\u044b \u0441\u043e\u0441\u0440\u0435\u0434\u043e\u0442\u043e\u0447\u0435\u043d\u043d\u044b\u043c\u0438 \u043c\u043e\u043c\u0435\u043d\u0442\u0430\u043c\u0438, AzTU Elmi \u0259s\u0259rl\u0259r fundamental elml\u0259r, Bak\u0131-2012<\/strong><\/h3>\n<\/li>\n<li>\n<h3><strong>\u041f\u043e\u043f\u0435\u0440\u0435\u0447\u043d\u044b\u0439 \u0438\u0437\u0433\u0438\u0431 \u043f\u043b\u0430\u0441\u0442\u0438\u043d\u044b \u043f\u0435\u0440\u0435\u043c\u0435\u043d\u043d\u043e\u0439 \u0442\u043e\u043b\u0449\u0438\u043d\u044b, \u043e\u0441\u043b\u0430\u0431\u043b\u0435\u043d\u043d\u043e\u0439 \u043e\u0434\u043d\u043e\u0439 \u0441\u043a\u0432\u043e\u0437\u043d\u043e\u0439 \u043f\u0440\u044f\u043c\u043e\u043b\u0438\u043d\u0435\u0439\u043d\u043e\u0439 \u0442\u0440\u0435\u0449\u0438\u043d\u043e\u0439 AzTU Elmi \u0259s\u0259rl\u0259r fundamental elml\u0259r, Bak\u0131-2012<\/strong><\/h3>\n<\/li>\n<li>\n<h3><strong>\u0130btidai sinifl\u0259rd\u0259 informatika kursunun t\u0259drisinin propedevtik m\u0259rh\u0259l\u0259sinin metodiki x\u00fcsusiyy\u0259tl\u0259riADPU ,T\u0259hsild\u0259\u00a0\u00a0\u0130KT, 2017\u00a0\u00a0\u00a0\u21164<\/strong><\/h3>\n<\/li>\n<li>\n<h3><strong>Riyazi proqram paketl\u0259rinin t\u0259dris prosessind\u0259 rolu, ADPU Elmi-metodik jurnal, Bak\u0131-2019<\/strong><\/h3>\n<\/li>\n<li>\n<h3><strong>M\u00fcasir d\u00f6vrd\u0259 veril\u0259nl\u0259rin yadda saxlanmas\u0131n\u0131n intellektual sisteml\u0259ri, GDU Elmi x\u0259b\u0259rl\u0259r, G\u0259nc\u0259-2019<\/strong><\/h3>\n<\/li>\n<li>\n<h3><strong>M\u00fcasir informasiya sisteml\u0259ri v\u0259 onlar\u0131n iqtisadiyyatda rolu, UTECA Elmi x\u0259b\u0259rl\u0259r,G\u0259nc\u0259-2019<\/strong><\/h3>\n<\/li>\n<li>\n<h3><strong>Suni intellektin t\u0259hsild\u0259 t\u0259tbiqi v\u0259 rolu, Riyaziyyat\u0131n fundamental probleml\u0259ri v\u0259 intellektual texnologiyalar\u0131n t\u0259hsild\u0259 t\u0259tbiqi, Respublika elmi konfrans\u0131, Sumqay\u0131t-2020<\/strong><\/h3>\n<\/li>\n<li>\n<h3><strong>X\u0259tti t\u0259nlikl\u0259r sisteminin h\u0259ll \u00fcsullar\u0131n\u0131n komp\u00fcter riyazi sisteml\u0259rind\u0259(Mathcad) realizasiyas\u0131, GDU Elmi x\u0259b\u0259rl\u0259r, G\u0259nc\u0259-2022<\/strong><\/h3>\n<\/li>\n<li>\n<h3><strong>\u041e\u0441\u043d\u043e\u0432\u043d\u044b\u0435 \u043f\u0440\u0435\u0438\u043c\u0443\u0449\u0435\u0441\u0442\u0432\u0430 \u043f\u0440\u0438\u043c\u0435\u043d\u0435\u043d\u0438\u044f \u043e\u0431\u043b\u0430\u0447\u043d\u044b\u0445 \u0442\u0435\u0445\u043d\u043e\u043b\u043e\u0433\u0438\u0439 \u0432 \u0441\u0438\u0441\u0442\u0435\u043c\u0435 \u0440\u0430\u0431\u043e\u0442\u044b \u043e\u0431\u0440\u0430\u0437\u043e\u0432\u0430\u0442\u0435\u043b\u044c\u043d\u043e\u0433\u043e \u0443\u0447\u0440\u0435\u0436\u0434\u0435\u043d\u0438\u044f, \u041c\u0435\u0436\u0434\u0435\u043d\u0430\u0440\u043e\u0434\u043d\u044b\u0439 \u043d\u0430\u0443\u0447\u043d\u044b\u0439 \u0436\u0443\u0440\u043d\u0430\u043b \u0418\u043d\u043d\u043e\u0432\u0430\u0446\u0438\u043e\u043d\u043d\u0430\u044f \u043d\u0430\u0443\u043a\u0430, \u0420\u043e\u0441\u0441\u0438\u044f-2022<\/strong><\/h3>\n<\/li>\n<li>\n<h3><strong>\u041a\u0432\u0430\u043d\u0442\u043e\u0432\u044b\u0435 \u043a\u043e\u043c\u043f\u044c\u044e\u0442\u0435\u0440\u044b \u043a\u0430\u043a \u0437\u0430\u043b\u043e\u0433 \u0440\u0430\u0437\u0432\u0438\u0442\u0438\u044f \u0432\u044b\u0441\u043e\u043a\u0438\u0445 \u0442\u0435\u0445\u043d\u0438\u043b\u043e\u0433\u0438\u0439, Proceedings of XIII international scientific and practical conference, Tokyo-2022<\/strong><\/h3>\n<\/li>\n<li>\n<h3><strong>\u041f\u0440\u0438\u043c\u0435\u043d\u0435\u043d\u0438\u0435 \u0441\u0438\u0441\u0442\u0435\u043c\u044b RFID \u0432 \u0441\u043e\u0432\u0440\u0435\u043c\u0435\u043d\u043d\u043e\u0439 \u0441\u0438\u0441\u0442\u0435\u043c\u0435 \u043e\u0431\u0440\u0430\u0437\u043e\u0432\u0430\u043d\u0438\u044f, Collogium-yournal, Chess-2023<\/strong><\/h3>\n<\/li>\n<li>\n<h3><strong>Python proqramla\u015fdlrma dilind\u0259 geot\u0259tbiql\u0259rin emal edilm\u0259si, GDU Elmi x\u0259b\u0259rl\u0259r, G\u0259nc\u0259-2023<\/strong><\/h3>\n<\/li>\n<li>\n<h3><strong>Pyhon dilinin NumPy kitabxanas\u0131, GDU Elmi x\u0259b\u0259rl\u0259r, G\u0259nc\u0259-2023<\/strong><\/h3>\n<\/li>\n<\/ol>\n<h3><strong>DIL BILGISI<\/strong><\/h3>\n<h3><strong>Rus dili m\u00fck\u0259mm\u0259l, qism\u0259n ingilis dili.<\/strong><\/h3>\n\n\n<p><\/p>\n","protected":false},"excerpt":{"rendered":"<p>H\u0259s\u0259nova Nat\u0259van Sabir q\u0131z\u0131 QISA B\u0130OQRAF\u0130K M\u018fLUMAT 17 aprel\u00a0 1973 -ci ild\u0259 G\u0259nc\u0259 \u00a0\u015f\u0259h\u0259rind\u0259 \u00a0\u00a0anadan olmu\u015fdur. 2009-ci ild\u0259n YAP-\u0131n \u00fczv\u00fcd\u00fcr. \u00a0\u00a0\u00a0\u00a0 Telefon :+994556169156 \u00a0\u00a0\u00a0\u00a0\u00a0 E-mail : hnatavan@mail.ru T\u018fHS\u0130L\u0130, ELM\u0130 D\u018fR\u018fC\u018fS\u0130 V\u018f ELM\u0130 ADLARI 1990-1995-c\u00fc ill\u0259r G\u0259nc\u0259 D\u00f6vl\u0259t Universitet \u018fM\u018fK F\u018fAL\u0130YY\u018fT\u0130 2003-ci ild\u0259n G\u0259nc\u0259 D\u00f6vl\u0259t Universitetind\u0259 \u0130nformatika v\u0259 C\u0259br kafedras\u0131nda\u00a0\u00a0 \u00e7al\u0131\u015f\u0131r. \u201cC\u0259br -1\u201d, \u201cX\u0259tti c\u0259br v\u0259<\/p>\n<p><a href=\"http:\/\/rif.gdu.edu.az\/?page_id=675\" class=\"more-link themebutton\">Daha \u0259trafl\u0131<\/a><\/p>\n","protected":false},"author":4,"featured_media":0,"parent":0,"menu_order":0,"comment_status":"closed","ping_status":"closed","template":"","meta":{"footnotes":""},"class_list":["post-675","page","type-page","status-publish","hentry"],"_links":{"self":[{"href":"http:\/\/rif.gdu.edu.az\/index.php?rest_route=\/wp\/v2\/pages\/675","targetHints":{"allow":["GET"]}}],"collection":[{"href":"http:\/\/rif.gdu.edu.az\/index.php?rest_route=\/wp\/v2\/pages"}],"about":[{"href":"http:\/\/rif.gdu.edu.az\/index.php?rest_route=\/wp\/v2\/types\/page"}],"author":[{"embeddable":true,"href":"http:\/\/rif.gdu.edu.az\/index.php?rest_route=\/wp\/v2\/users\/4"}],"replies":[{"embeddable":true,"href":"http:\/\/rif.gdu.edu.az\/index.php?rest_route=%2Fwp%2Fv2%2Fcomments&post=675"}],"version-history":[{"count":5,"href":"http:\/\/rif.gdu.edu.az\/index.php?rest_route=\/wp\/v2\/pages\/675\/revisions"}],"predecessor-version":[{"id":6902,"href":"http:\/\/rif.gdu.edu.az\/index.php?rest_route=\/wp\/v2\/pages\/675\/revisions\/6902"}],"wp:attachment":[{"href":"http:\/\/rif.gdu.edu.az\/index.php?rest_route=%2Fwp%2Fv2%2Fmedia&parent=675"}],"curies":[{"name":"wp","href":"https:\/\/api.w.org\/{rel}","templated":true}]}}