{"id":54,"date":"2014-10-09T19:24:01","date_gmt":"2014-10-09T17:24:01","guid":{"rendered":"http:\/\/localhost\/wordpress\/?page_id=54"},"modified":"2025-10-15T16:07:46","modified_gmt":"2025-10-15T14:07:46","slug":"bizim-haqqimizda","status":"publish","type":"page","link":"http:\/\/rif.gdu.edu.az\/?page_id=54","title":{"rendered":"Fak\u00fclt\u0259 haqq\u0131nda"},"content":{"rendered":"\n<figure class=\"wp-block-gallery has-nested-images columns-default is-cropped wp-block-gallery-1 is-layout-flex wp-block-gallery-is-layout-flex\">\n<figure class=\"wp-block-image size-large\"><img loading=\"lazy\" decoding=\"async\" width=\"1324\" height=\"883\" data-id=\"7131\" src=\"https:\/\/rif.gdu.edu.az\/wp-content\/uploads\/2025\/03\/IMG_4951.jpg\" alt=\"\" class=\"wp-image-7131\" srcset=\"http:\/\/rif.gdu.edu.az\/wp-content\/uploads\/2025\/03\/IMG_4951.jpg 1324w, http:\/\/rif.gdu.edu.az\/wp-content\/uploads\/2025\/03\/IMG_4951-768x512.jpg 768w, http:\/\/rif.gdu.edu.az\/wp-content\/uploads\/2025\/03\/IMG_4951-1140x760.jpg 1140w, http:\/\/rif.gdu.edu.az\/wp-content\/uploads\/2025\/03\/IMG_4951-570x380.jpg 570w, http:\/\/rif.gdu.edu.az\/wp-content\/uploads\/2025\/03\/IMG_4951-380x254.jpg 380w, http:\/\/rif.gdu.edu.az\/wp-content\/uploads\/2025\/03\/IMG_4951-285x190.jpg 285w\" sizes=\"auto, (max-width: 1324px) 100vw, 1324px\" \/><\/figure>\n\n\n\n<figure class=\"wp-block-image size-large\"><img loading=\"lazy\" decoding=\"async\" width=\"1524\" height=\"1016\" data-id=\"7127\" src=\"https:\/\/rif.gdu.edu.az\/wp-content\/uploads\/2025\/03\/IMG_4922.jpg\" alt=\"\" class=\"wp-image-7127\" srcset=\"http:\/\/rif.gdu.edu.az\/wp-content\/uploads\/2025\/03\/IMG_4922.jpg 1524w, http:\/\/rif.gdu.edu.az\/wp-content\/uploads\/2025\/03\/IMG_4922-768x512.jpg 768w, http:\/\/rif.gdu.edu.az\/wp-content\/uploads\/2025\/03\/IMG_4922-1140x760.jpg 1140w, http:\/\/rif.gdu.edu.az\/wp-content\/uploads\/2025\/03\/IMG_4922-570x380.jpg 570w, http:\/\/rif.gdu.edu.az\/wp-content\/uploads\/2025\/03\/IMG_4922-380x254.jpg 380w, http:\/\/rif.gdu.edu.az\/wp-content\/uploads\/2025\/03\/IMG_4922-285x190.jpg 285w\" sizes=\"auto, (max-width: 1524px) 100vw, 1524px\" \/><\/figure>\n\n\n\n<figure class=\"wp-block-image size-large\"><img loading=\"lazy\" decoding=\"async\" width=\"2024\" height=\"1349\" data-id=\"5224\" src=\"https:\/\/rif.gdu.edu.az\/wp-content\/uploads\/2024\/01\/IMG_0082.jpg\" alt=\"\" class=\"wp-image-5224\" srcset=\"http:\/\/rif.gdu.edu.az\/wp-content\/uploads\/2024\/01\/IMG_0082.jpg 2024w, http:\/\/rif.gdu.edu.az\/wp-content\/uploads\/2024\/01\/IMG_0082-768x512.jpg 768w, http:\/\/rif.gdu.edu.az\/wp-content\/uploads\/2024\/01\/IMG_0082-1536x1024.jpg 1536w, http:\/\/rif.gdu.edu.az\/wp-content\/uploads\/2024\/01\/IMG_0082-1140x760.jpg 1140w, http:\/\/rif.gdu.edu.az\/wp-content\/uploads\/2024\/01\/IMG_0082-570x380.jpg 570w, http:\/\/rif.gdu.edu.az\/wp-content\/uploads\/2024\/01\/IMG_0082-380x254.jpg 380w, http:\/\/rif.gdu.edu.az\/wp-content\/uploads\/2024\/01\/IMG_0082-285x190.jpg 285w\" sizes=\"auto, (max-width: 2024px) 100vw, 2024px\" \/><\/figure>\n<\/figure>\n\n\n\n<p>Fak\u00fclt\u0259 ilk d\u0259f\u0259 1938-ci ild\u0259 Kirovabad 2 illik M\u00fc\u0259lliml\u0259r institutu n\u0259zdind\u0259 fizika-riyaziyyat ad\u0131 il\u0259 f\u0259aliyy\u0259t\u0259 ba\u015flam\u0131\u015fd\u0131r. H\u0259min ild\u0259 fak\u00fcl\u0259t\u0259y\u0259 130 n\u0259f\u0259r t\u0259l\u0259b\u0259 q\u0259bul olunmu\u015fdur.<\/p>\n\n\n\n<p>1938\/39-cu t\u0259dris ilind\u0259 fak\u00fclt\u0259d\u0259 yarad\u0131lm\u0131\u015f riyaziyyat v\u0259 fizika kafedralar\u0131n\u0131n h\u0259r birind\u0259 iki n\u0259f\u0259r \u0259m\u0259kda\u015f var idi. Riyaziyyat kafedras\u0131nda \u018fh\u0259d Veysov (kafedra m\u00fcdiri, Hiday\u0259t Abdullayev; fizika kafedras\u0131nda Mirz\u0259 M\u0259mm\u0259dov kafedra m\u00fcdiri v\u0259 \u0130brahim \u0130brahimov.<br>\nFak\u00fclt\u0259nin ilk burax\u0131l\u0131\u015f\u0131 1940-c\u0131 ild\u0259 olmu\u015fdur v\u0259 49 n\u0259f\u0259r institutu bitirmi\u015fdir. M\u0259zunlar aras\u0131nda respublikam\u0131z\u0131n tan\u0131nm\u0131\u015f ziyal\u0131lar\u0131 \u0130sg\u0259nd\u0259r Ba\u011f\u0131rov, Almaz Ba\u011f\u0131rova, Bahadur A\u011fayev olmu\u015flar.<br>\n1944\/45-ci ill\u0259rd\u0259 art\u0131q 4 illik KDPS-nin n\u0259zdind\u0259 f\u0259aliyy\u0259t g\u00f6st\u0259r\u0259n fizika-riyaziyyat fak\u00fclt\u0259sin\u0259 11 n\u0259f\u0259r t\u0259l\u0259b\u0259 q\u0259bul olunmu\u015fdur.<br>\nB\u00f6y\u00fck V\u0259t\u0259n M\u00fcharib\u0259sind\u0259n sonrak\u0131 dinc quruculuq d\u00f6vr\u00fcnd\u0259, y\u0259ni 1947-ci ild\u0259 fizika-riyaziyyat fak\u00fclt\u0259sinin ilk burax\u0131l\u0131\u015f\u0131nda fak\u00fclt\u0259ni 7 n\u0259f\u0259r bitirmi\u015f v\u0259 onlar tam ali t\u0259hsilli m\u00fc\u0259llim kimi \u00fcmumt\u0259hsil m\u0259kt\u0259bl\u0259rind\u0259 i\u015fl\u0259m\u0259y\u0259 g\u00f6nd\u0259rilmi\u015fl\u0259r.<br>\n1951\/52-ci t\u0259dris ilind\u0259 fak\u00fclt\u0259d\u0259 yaln\u0131z riyaziyyat kafedras\u0131 m\u00f6vcud idi.<br>\n1952\/53-c\u00fc t\u0259dris ilind\u0259 h\u0259min kafedra iki yer\u0259 ayr\u0131l\u0131r:<br>\n1. Riyazi analiz v\u0259 ali c\u0259br \u2013 4 n\u0259f\u0259r \u0259m\u0259kda\u015f<br>\n2. H\u0259nd\u0259s\u0259 v\u0259 elementar riyaziyyat- 3 n\u0259f\u0259r \u0259m\u0259kda\u015f<br>\n1968\/69-cu t\u0259dris ilind\u0259 bu iki kafedran\u0131n \u0259sas\u0131nda 3 kafedra yarad\u0131lm\u0131\u015fd\u0131r:<br>\n1. H\u0259nd\u0259s\u0259 v\u0259 ali c\u0259br-11 n\u0259f\u0259r \u0259m\u0259kda\u015f<br>\n2. Riyazi analiz-16 n\u0259f\u0259r \u0259m\u0259kda\u015f<br>\n3. Riyaziyyat\u0131n t\u0259drisi metodikas\u0131-19 n\u0259f\u0259r \u0259m\u0259kda\u015f<br>\n1968-ci ild\u0259 fak\u00fclt\u0259nin yaranmas\u0131n\u0131n 30 illiyi qeyd edildiyi d\u00f6vrd\u0259 fak\u00fclt\u0259d\u0259 1264 n\u0259f\u0259r, o c\u00fcml\u0259d\u0259n \u0259yani \u015f\u00f6b\u0259d\u0259 795 n\u0259f\u0259r, qiyabi \u015f\u00f6b\u0259d\u0259 372 n\u0259f\u0259r, ax\u015fam \u015f\u00f6b\u0259sind\u0259 is\u0259 97 n\u0259f\u0259r t\u0259l\u0259b\u0259 t\u0259hsil al\u0131rd\u0131.<br>\n1978-ci ild\u0259 fak\u00fclt\u0259nin 40 illiyind\u0259 \u0259yani \u015f\u00f6b\u0259d\u0259 816, qiyabi \u015f\u00f6b\u0259d\u0259 607 n\u0259f\u0259r olmaqla fak\u00fclt\u0259d\u0259 1423 n\u0259f\u0259r t\u0259l\u0259b\u0259 t\u0259hsil al\u0131rd\u0131.<br>\nFak\u00fclt\u0259nin 50 illiyind\u0259 \u0259yani \u015f\u00f6b\u0259d\u0259 587, qiyabi \u015f\u00f6b\u0259d\u0259 i\u0259s 558 n\u0259f\u0259r olmaqla 1145 n\u0259f\u0259r t\u0259l\u0259b\u0259 t\u0259hsil al\u0131rd\u0131.<br>\nFak\u00fclt\u0259d\u0259 m\u00fc\u0259lliml\u0259rin t\u0259rkibinin keyfiyy\u0259tc\u0259 yax\u015f\u0131la\u015fd\u0131r\u0131lmas\u0131 h\u0259mi\u015f\u0259 diqq\u0259t m\u0259rk\u0259zind\u0259 olmu\u015fdur. Bel\u0259 ki, 1967\/68-ci t\u0259dris ilind\u0259 fak\u00fclt\u0259d\u0259 \u00e7al\u0131\u015fan 41 \u0259m\u0259kda\u015fdan c\u0259mi 6 n\u0259f\u0259rinin elmi d\u0259r\u0259c\u0259si oldu\u011fu halda, haz\u0131rda 75 n\u0259f\u0259r \u0259m\u0259kda\u015fdan 1 n\u0259f\u0259r e\/d professor, 31 n\u0259f\u0259ri is\u0259 elml\u0259r namiz\u0259di dosentdir.<br>\nFa\u00fcklt\u0259d\u0259 \u0130nformatika v\u0259 EHM f\u0259nl\u0259ri \u00fczr\u0259 d\u0259rs saatlar\u0131n\u0131n miqdar\u0131n\u0131n art\u0131r\u0131lmas\u0131, informatikay\u00f6n\u00fcml\u00fc ixtisaslar \u00fczr\u0259 kadr haz\u0131rl\u0131\u011f\u0131 il\u0259 \u0259laq\u0259dar fak\u00fclt\u0259nin ad\u0131 d\u0259yi\u015fdiril\u0259r\u0259k Fizika-riyaziyyat v\u0259 \u00dcTF adland\u0131r\u0131lm\u0131\u015fd\u0131r.<br>\n1994\/95-ci t\u0259dris ilind\u0259 informatika t\u0259may\u00fcll\u00fc f\u0259nn v\u0259 ixtisaslar\u0131n yaranmas\u0131 il\u0259 \u0259laq\u0259dar Riyazi analiz kafedras\u0131n\u0131nbazas\u0131 \u0259sas\u0131nda yeni bir kafedra \u2013 \u0130nformatika v\u0259 hesablama texnikas\u0131n\u0131n \u0259saslar\u0131 kafedras\u0131 yarad\u0131lm\u0131\u015fd\u0131r.<\/p>\n\n\n\n<p>1990\/91-ci t\u0259dris ilind\u0259 fak\u00fclt\u0259 iki yer\u0259 ayr\u0131lm\u0131\u015fd\u0131r:<br>\n1. Riyaziyyat-informatika<br>\n2. M\u00fch\u0259ndis-pedaqoji<br>\n2004\/2005-ci t\u0259dris ilind\u0259 qiym\u0259tl\u0259ndirm\u0259 \u00e7oxball\u0131 sistem\u0259 ke\u00e7irilmi\u015f v\u0259 2007\/2008-ci t\u0259dris ilind\u0259 ilk burax\u0131l\u0131\u015f olmu\u015fdur.<br>\n2006\/2007-ci t\u0259dris ilind\u0259 fak\u00fclt\u0259d\u0259 ilk d\u0259f\u0259 olaraq informatika ixtisas\u0131 \u00fczr\u0259 Boloniya \u2013 kredit sistemin\u0259 ke\u00e7irilmi\u015f, 2007\/2008-ci t\u0259dris ilind\u0259n etibar\u0259n tamamil\u0259 bu sistem\u0259 ba\u015flanm\u0131\u015fd\u0131r. 2009-cu ild\u0259n fak\u00fclt\u0259d\u0259 yeni ixtisaslar \u00fczr\u0259 bakalavr haz\u0131rl\u0131\u011f\u0131 yerin\u0259 yetirilir.<br>\nFak\u00fclt\u0259d\u0259 a\u015fa\u011f\u0131dak\u0131 ixtisaslar vard\u0131r:<br>\n1. Riyaziyyat<br>\n2. Riyaziyyat m\u00fc\u0259llimliyi<br>\n3. Riyaziyyat v\u0259 informatika m\u00fc\u0259llimliyi (az\u0259rb. v\u0259 rus b\u00f6lm\u0259si)<br>\n4. Informatika m\u00fc\u0259llimliyi<br>\n5. Komp\u00fcter elml\u0259ri<br>\n2014-c\u00fc ild\u0259 fak\u00fclt\u0259d\u0259 fak\u00fclt\u0259d\u0259 a\u015fa\u011f\u0131dak\u0131 ixtisaslar vard\u0131r:<br>\n1. Riyaziyyat m\u00fc\u0259llimliyi<br>\n2. Riyaziyyat v\u0259 informatika m\u00fc\u0259llimliyi (az\u0259rb. v\u0259 rus b\u00f6lm\u0259si)<br>\n3. Informatika m\u00fc\u0259llimliyi<br>\n4. Komp\u00fcter elml\u0259ri<br>\nFak\u00fclt\u0259d\u0259 4 kafedra f\u0259aliyy\u0259t g\u00f6st\u0259rir:<br>\n1. Riyazi analiz (kafedra m\u00fcdiri dos.B.Mustafayev)<br>\n2. H\u0259nd\u0259s\u0259 v\u0259 c\u0259br (kafedra m\u00fcdiri dos. \u0130.Cabbarov)<br>\n3. \u00dcmumi riyaziyyat (kafedra m\u00fcdiri dos.M.Mustafayev)<br>\n4. \u0130nformatika (kafedra m\u00fcdiri dos.\u018f.Aslanov)<\/p>\n\n\n\n<p>Fak\u00fclt\u0259d\u0259 \u00e7al\u0131\u015fan professor-m\u00fc\u0259llim v\u0259 t\u0259dris-k\u00f6m\u0259k\u00e7i hey\u0259tinin d\u0259r\u0259c\u0259liyi a\u015fa\u011f\u0131dak\u0131 kimidir:<br>\nRiyazi analiz kafedras\u0131: 1 n\u0259f\u0259r professor, 7 n\u0259f\u0259r &#8211; dosent, 6 n\u0259f\u0259r \u2013 ba\u015f m\u00fc\u0259llim, 4 n\u0259f\u0259r &#8211; m\u00fc\u0259llim, 2 n\u0259f\u0259r \u2013 ba\u015f laborant, 2 n\u0259f\u0259r laborant, 1 n\u0259f\u0259r operator<br>\nH\u0259nd\u0259s\u0259 v\u0259 c\u0259br kafedras\u0131: 4 n\u0259f\u0259r &#8211; dosent, 1 n\u0259f\u0259r f\u0259ls\u0259f\u0259 doktoru ba\u015f m\u00fc\u0259llim, 3 n\u0259f\u0259r \u2013 ba\u015f m\u00fc\u0259llim, 5 n\u0259f\u0259r &#8211; m\u00fc\u0259llim, 3 n\u0259f\u0259r \u2013 ba\u015f laborant, 1 n\u0259f\u0259r \u2013 operator.<br>\n\u0130nformatika kafedras\u0131: 4 n\u0259f\u0259r &#8211; dosent, 2 n\u0259f\u0259r \u2013 f\u0259ls\u0259f\u0259 doktoru, ba\u015f m\u00fc\u0259llim, 11 n\u0259f\u0259r \u2013 ba\u015f m\u00fc\u0259llim, 5 n\u0259f\u0259r &#8211; m\u00fc\u0259llim, 2 n\u0259f\u0259r \u2013 m\u00fch\u0259ndis proqram\u00e7\u0131, 1 n\u0259f\u0259r \u2013 m\u00fch\u0259ndis elektron\u00e7u, 1 n\u0259f\u0259r \u2013 laborant.<br>\n\u00dcmumi Riyaziyyat kafedras\u0131: 2 n\u0259f\u0259r professor, 6 n\u0259f\u0259r &#8211; dosent, 1 n\u0259f\u0259r &#8211; elml\u0259r namiz\u0259di ba\u015f m\u00fc\u0259llim, 9 n\u0259f\u0259r \u2013 ba\u015f m\u00fc\u0259llim, 4 n\u0259f\u0259r &#8211; m\u00fc\u0259llim, 1 n\u0259f\u0259r laboratoriya m\u00fcdiri, 3 n\u0259f\u0259r \u2013 ba\u015f laborant, 1 n\u0259f\u0259r laborant.<br>\nC\u0259mi fak\u00fclt\u0259 \u00fczr\u0259: 2 n\u0259f\u0259r professor, 22 n\u0259f\u0259r dosent, elml\u0259r namiz\u0259di, ba\u015f m\u00fc\u0259llim 1 n\u0259f\u0259r, f\u0259ls\u0259f\u0259 doktoru, ba\u015f m\u00fc\u0259llim 3 n\u0259f\u0259r, 29 n\u0259f\u0259r ba\u015f m\u00fc\u0259llim, 18 n\u0259f\u0259r m\u00fc\u0259llim, 1 n\u0259f\u0259r laboratoriya m\u00fcdiri, 8 n\u0259f\u0259r ba\u015f laborant, 4 n\u0259f\u0259r laborant, 2 n\u0259f\u0259r m\u00fch\u0259ndis proqramist, 1 n\u0259f\u0259r m\u00fch\u0259ndis elektron, 2 n\u0259f\u0259r operator.<br>\n28 oktyabr 2008-ci ild\u0259 riyaziyyat &#8211; informatika fak\u00fclt\u0259sind\u0259 fak\u00fclt\u0259 dekan\u0131 dos. \u018f.U.Quliyevin t\u0259\u015f\u0259bb\u00fcs\u00fc il\u0259 fak\u00fclt\u0259 \u0259m\u0259kda\u015flar\u0131n\u0131n \u015f\u0259xsi kitab fondlar\u0131 hesab\u0131na kitabxana yarad\u0131lm\u0131\u015fd\u0131r. Kitabxanada riyazi analiz, c\u0259br, h\u0259nd\u0259s\u0259, ali riyaziyyat, adi v\u0259 x\u00fcsusi t\u00f6r\u0259m\u0259li diferensial t\u0259nlikl\u0259r, riyaziyyat v\u0259 informatikan\u0131n t\u0259drisi metodikas\u0131, kompleks v\u0259 h\u0259qiqi d\u0259yi\u015f\u0259nli funksiyalar n\u0259z\u0259riyy\u0259si, informatika v\u0259 hesablama \u00fcsullar\u0131 v\u0259 s. aid 3500 n\u00fcsx\u0259d\u0259n art\u0131q kitab vard\u0131r.<br>\nFak\u00fclt\u0259d\u0259 t\u0259cr\u00fcb\u0259li m\u00fc\u0259lliml\u0259rin d\u0259rsl\u0259rinin video-yaz\u0131l\u0131\u015f\u0131 bir ne\u00e7\u0259 ildir ki, b\u00fct\u00fcn semester \u0259rzind\u0259 apar\u0131l\u0131r. H\u0259r bir f\u0259nn \u00fczr\u0259 yaz\u0131lm\u0131\u015f d\u0259rsl\u0259r\u0259 t\u0259l\u0259b\u0259l\u0259r kitabxanadak\u0131 komp\u00fcterl\u0259rd\u0259n yenid\u0259n dinl\u0259m\u0259l\u0259ri \u00fc\u00e7\u00fcn \u015f\u0259rait yarad\u0131lm\u0131\u015fd\u0131r. Bu d\u0259rsl\u0259rin yaz\u0131l\u0131\u015f\u0131 universitetin sayt\u0131nda yerl\u0259\u015fdirilir. Fak\u00fclt\u0259nin m\u00fc\u0259lliml\u0259ri, aspirantlar\u0131, magistl\u0259ri v\u0259 t\u0259l\u0259b\u0259l\u0259ri kitabxanadan istifad\u0259 edirl\u0259r. Riyaziyyat \u2013 informatika fak\u00fclt\u0259sinin professor m\u00fc\u0259llim hey\u0259ti daima t\u0259l\u0259b\u0259 v\u0259 magistrantlar\u0131n elmi t\u0259dqiqatlar\u0131na diqq\u0259t yetirilir.<br>\n2007-ci ilin noyabr ay\u0131nda elmi praktik konfrans kecirilmi\u015fdir. \u201c\u0130nformasiya \u2013 kommunikasiya texnologiyalar\u0131 v\u0259 elektron t\u0259hsilin aktual probleml\u0259ri. Elektron idar\u0259etm\u0259\u201dadli m\u0259cmu\u0259 \u00e7ap olunmu\u015fdur. Burada m\u00fcasir informasiya kommunikasiya texnologiyalar\u0131 v\u0259 elektron t\u0259hsilin aktual probleml\u0259rin\u0259 h\u0259sr olunmu\u015f, h\u0259m\u00e7inin Komp\u00fcter Riyaziyyat\u0131 istiqam\u0259tli m\u0259qal\u0259l\u0259r toplanm\u0131\u015fd\u0131r.<br>\nG\u0259nc\u0259 D\u00f6vl\u0259t Universitetinin 70 illik yubileyin\u0259 h\u0259sr edilmi\u015f \u201cRiyazi n\u0259z\u0259riyy\u0259l\u0259r , onlarin t\u0259tbiqi v\u0259 t\u0259drisi sah\u0259sind\u0259 olan probleml\u0259r\u201d m\u00f6vzusunda beyn\u0259lxalq konfrans 2008 &#8211; ci ild\u0259 kecirilmi\u015fdir. Bu konfransda m\u0259zmunlu v\u0259 aktual m\u00f6vzular \u00fczr\u0259 \u00e7\u0131x\u0131\u015flar ed\u0259n professor &#8211; m\u00fc\u0259lliml\u0259rin m\u0259ruz\u0259l\u0259rinin m\u0259tnl\u0259ri bu m\u0259cmu\u0259d\u0259 \u00e7ap olunmu\u015fdur. Burada x\u00fcsusi il\u0259 dosent \u018f.U.Quliyevin, dosent N.N\u0259srullayevin, dosent F.M.\u018fl\u0259sg\u0259rovun, dosent M.Mustafayevin, dosent B.A.Mustafayevin v\u0259 ba\u015fqalar\u0131n\u0131n m\u0259ruz\u0259l\u0259rini qeyd etm\u0259k olar.<br>\n2011-ci ild\u0259 Nizami G\u0259nc\u0259vini 870 illik yubileyin\u0259 h\u0259sr olunmu\u015f \u201cRiyazi n\u0259z\u0259riyy\u0259l\u0259r, onlarin t\u0259tbiqi v\u0259 t\u0259drisi sah\u0259sind\u0259 olan probleml\u0259r\u201d m\u00f6vzusunda beyn\u0259lxalq konfrans kecirilmi\u015fdir. Konfransda dosent N.V.\u0130badovun, dosent \u018f.U.Quliyevin, dosent N.L.N\u0259srullayevin, dosent F.H.M\u0259mm\u0259dovun v\u0259 ba\u015fqalar\u0131n\u0131n m\u0259ruz\u0259l\u0259rini qeyd etm\u0259k olar.<\/p>\n","protected":false},"excerpt":{"rendered":"<p>Fak\u00fclt\u0259 ilk d\u0259f\u0259 1938-ci ild\u0259 Kirovabad 2 illik M\u00fc\u0259lliml\u0259r institutu n\u0259zdind\u0259 fizika-riyaziyyat ad\u0131 il\u0259 f\u0259aliyy\u0259t\u0259 ba\u015flam\u0131\u015fd\u0131r. H\u0259min ild\u0259 fak\u00fcl\u0259t\u0259y\u0259 130 n\u0259f\u0259r t\u0259l\u0259b\u0259 q\u0259bul olunmu\u015fdur. 1938\/39-cu t\u0259dris ilind\u0259 fak\u00fclt\u0259d\u0259 yarad\u0131lm\u0131\u015f riyaziyyat v\u0259 fizika kafedralar\u0131n\u0131n h\u0259r birind\u0259 iki n\u0259f\u0259r \u0259m\u0259kda\u015f var idi. Riyaziyyat kafedras\u0131nda \u018fh\u0259d Veysov (kafedra m\u00fcdiri, Hiday\u0259t Abdullayev; fizika kafedras\u0131nda Mirz\u0259 M\u0259mm\u0259dov kafedra m\u00fcdiri v\u0259<\/p>\n<p><a href=\"http:\/\/rif.gdu.edu.az\/?page_id=54\" class=\"more-link themebutton\">Daha \u0259trafl\u0131<\/a><\/p>\n","protected":false},"author":1,"featured_media":0,"parent":0,"menu_order":0,"comment_status":"open","ping_status":"closed","template":"","meta":{"footnotes":""},"class_list":["post-54","page","type-page","status-publish","hentry"],"_links":{"self":[{"href":"http:\/\/rif.gdu.edu.az\/index.php?rest_route=\/wp\/v2\/pages\/54","targetHints":{"allow":["GET"]}}],"collection":[{"href":"http:\/\/rif.gdu.edu.az\/index.php?rest_route=\/wp\/v2\/pages"}],"about":[{"href":"http:\/\/rif.gdu.edu.az\/index.php?rest_route=\/wp\/v2\/types\/page"}],"author":[{"embeddable":true,"href":"http:\/\/rif.gdu.edu.az\/index.php?rest_route=\/wp\/v2\/users\/1"}],"replies":[{"embeddable":true,"href":"http:\/\/rif.gdu.edu.az\/index.php?rest_route=%2Fwp%2Fv2%2Fcomments&post=54"}],"version-history":[{"count":7,"href":"http:\/\/rif.gdu.edu.az\/index.php?rest_route=\/wp\/v2\/pages\/54\/revisions"}],"predecessor-version":[{"id":7834,"href":"http:\/\/rif.gdu.edu.az\/index.php?rest_route=\/wp\/v2\/pages\/54\/revisions\/7834"}],"wp:attachment":[{"href":"http:\/\/rif.gdu.edu.az\/index.php?rest_route=%2Fwp%2Fv2%2Fmedia&parent=54"}],"curies":[{"name":"wp","href":"https:\/\/api.w.org\/{rel}","templated":true}]}}