{"id":527,"date":"2015-12-29T11:59:55","date_gmt":"2015-12-29T09:59:55","guid":{"rendered":"http:\/\/rif.gdu.edu.az\/?page_id=527"},"modified":"2025-02-24T08:00:05","modified_gmt":"2025-02-24T06:00:05","slug":"f-s-seyidova","status":"publish","type":"page","link":"http:\/\/rif.gdu.edu.az\/?page_id=527","title":{"rendered":"Riyazi analiz"},"content":{"rendered":"<h2 style=\"text-align: center;\"><strong>Mehdiyeva Fidan \u015eahin q\u0131z\u0131<\/strong><\/h2>\n<h3><img loading=\"lazy\" decoding=\"async\" class=\"wp-image-5455 aligncenter\" src=\"http:\/\/rif.gdu.edu.az\/wp-content\/uploads\/2024\/02\/Fidan.png\" alt=\"\" width=\"289\" height=\"399\" \/><\/h3>\n<h3><strong>QISA B\u0130OQRAF\u0130K M\u018fLUMAT<\/strong><\/h3>\n<h3><strong>9 oktyabr 1990-c\u0131 ild\u0259 G\u0259nc\u0259 \u015f\u0259h\u0259rind\u0259 anadan olmu\u015fdur.<\/strong><\/h3>\n<h3><strong>2008-ci ild\u0259n YAP-\u0131n \u00fczv\u00fcd\u00fcr.<\/strong><\/h3>\n<h3><strong>Telefon: +994557290046<\/strong><\/h3>\n<h3><strong>E-mail: seyidovaf69@gmail.com<\/strong><\/h3>\n<h3><\/h3>\n<h3><strong>T\u018fHS\u0130L\u0130, ELM\u0130 D\u018fR\u018fC\u018fS\u0130 V\u018f ELM\u0130 ADLARI<\/strong><\/h3>\n<ol>\n<li>\n<h3><strong>2008-2012-ci ill\u0259r G\u0259nc\u0259 D\u00f6vl\u0259t Universiteti, Riyaziyyat ixtisas\u0131<\/strong><\/h3>\n<\/li>\n<li>\n<h3><strong>2012-2014-c\u00fc ill\u0259r G\u0259nc\u0259 D\u00f6vl\u0259t Universitetinin \u0259yani, magistratura<\/strong><\/h3>\n<\/li>\n<li>\n<h3><strong>2017-ci ild\u0259 G\u0259nc\u0259 D\u00f6vl\u0259t Universiteti, doktorant<\/strong><\/h3>\n<\/li>\n<\/ol>\n<h3><\/h3>\n<h3><strong>\u018fM\u018fK F\u018fAL\u0130YY\u018fT\u0130<\/strong><\/h3>\n<h3><strong>2014-c\u00fc ild\u0259n G\u0259nc\u0259 D\u00f6vl\u0259t Universitetind\u0259 m\u00fc\u0259llim<\/strong><\/h3>\n<h3><\/h3>\n<h3><strong>T\u018fDQ\u0130QAT SAH\u018fS\u0130<\/strong><\/h3>\n<ul>\n<li>\n<h3><strong>Qeyri-standart Hardi f\u0259zalar\u0131nda Riman s\u0259rh\u0259d m\u0259s\u0259l\u0259sinin h\u0259llolunanl\u0131\u011f\u0131 v\u0259 bazislik m\u0259s\u0259l\u0259l\u0259rin\u0259 t\u0259tbiqi<\/strong><\/h3>\n<\/li>\n<\/ul>\n<h3><strong>\u00a0<\/strong><\/h3>\n<h3><strong>BEYN\u018fLXALQ SEM\u0130NAR, S\u0130MPOZ\u0130UM V\u018f KONFRANSLARDA \u0130\u015eT\u0130RAKI<\/strong><\/h3>\n<ul>\n<li>\n<h3><strong>6-dan art\u0131q beyn\u0259lxalq v\u0259 respublika elmi konfranslar\u0131nda m\u00fcxt\u0259lif m\u00f6vzulu m\u0259ruz\u0259l\u0259rl\u0259 \u00e7\u0131x\u0131\u015f etmi\u015fdir.<\/strong><\/h3>\n<\/li>\n<\/ul>\n<h3><\/h3>\n<h3><strong>SE\u00c7\u0130LM\u0130\u015e \u018fS\u018fRL\u018fR\u0130<\/strong><\/h3>\n<ol>\n<li>\n<h3><strong>Bases properties of the system of exponents in weighted Morrey spacees- Modern methods of the boundary-value problems Meory. Procedings of the International Conference dedicated to 90<sup>th<\/sup> anniversary of V.A.leyn, Russian, Moscow, 2-6 May, p.252-254<\/strong><\/h3>\n<\/li>\n<li>\n<h3><strong>On Korovkin type theorems in non-standard spaces and their statistical variants- International Conference on Mathematical Advences and Applications, Istanbul, May 11-13, 2018, p.33<\/strong><\/h3>\n<\/li>\n<li>\n<h3><strong>On Korovkin type theorems in non-standard spaces and their statistical variants- Transaction of NAS of Azerbaijan Series of Physical \u2013 Technical and Mathematical Sciences, Vol.39, Bak\u0131, 2019, p.151-161<\/strong><\/h3>\n<\/li>\n<li>\n<h3><strong>On the basicity of a perturbed system of exponents with a unit in Morrey-type spaces- International Workshop \u201cSpedral Theory and its applications\u201d dedicated to 80<sup>th<\/sup> anniversary of outstanding mathematician, academician MirabbasGasimov, 2019, p.131-133<\/strong><\/h3>\n<\/li>\n<li>\n<h3><strong>Basicity of a system of exponents with a piecewise linear phase in Morrey-type spaces- Turkish journal of\u00a0 mathematics, vol.43, \u0130stanbul, 2019, p.1850-1866<\/strong><\/h3>\n<\/li>\n<li>\n<h3><strong>Basicity of system of exponents with a piecewise linear phase in Morrey-type spaces- Operabors, functions and system of mathematical phystics conference Khazar University, Bak\u0131, 2019, p.89-90<\/strong><\/h3>\n<\/li>\n<li>\n<h3><strong>General solution of homogeneous Riemann problem in Hardy-Morrey classes- Operators, functions and system of mathematical physics conference,Khazar University Bak\u0131, 2019, p.89-90<\/strong><\/h3>\n<\/li>\n<li>\n<h3><strong>Basis properties of a perturbed exponential system with a unit in Morrey-type spaces- Operaters, functionas and system of mathematical physies conference, KhazarUniverity, Baku, 2019, p.91<\/strong><\/h3>\n<\/li>\n<li>\n<h3><strong>On the solvability of the homogeneous Riemann problem in Morrey \u2013 Hardy classes&#8211; The reports of Sciences National Academy of Azerbaijan Vol LXXVI, \u2116 1-2, Baku, 2020, 14-17<\/strong><\/h3>\n<\/li>\n<\/ol>\n<ul>\n<li>\n<h3><strong>On basicity of perturbed exponential system withpiecewise linear phase in Morrey-type spaces.- Africa Mathematca, vol 32, \u21161, Heidelberg, 2020, p.151-166<\/strong><\/h3>\n<\/li>\n<li>\n<h3><strong>On basicity of perturbed exponential system with piecewise linear phase in Morrey \u2013 type space- International E- Conference on Mathematical Advences and Applications, Istanbul, May 26-29, 2021, p- 198<\/strong><\/h3>\n<\/li>\n<\/ul>\n<h3><\/h3>\n","protected":false},"excerpt":{"rendered":"<p>Mehdiyeva Fidan \u015eahin q\u0131z\u0131 QISA B\u0130OQRAF\u0130K M\u018fLUMAT 9 oktyabr 1990-c\u0131 ild\u0259 G\u0259nc\u0259 \u015f\u0259h\u0259rind\u0259 anadan olmu\u015fdur. 2008-ci ild\u0259n YAP-\u0131n \u00fczv\u00fcd\u00fcr. Telefon: +994557290046 E-mail: seyidovaf69@gmail.com T\u018fHS\u0130L\u0130, ELM\u0130 D\u018fR\u018fC\u018fS\u0130 V\u018f ELM\u0130 ADLARI 2008-2012-ci ill\u0259r G\u0259nc\u0259 D\u00f6vl\u0259t Universiteti, Riyaziyyat ixtisas\u0131 2012-2014-c\u00fc ill\u0259r G\u0259nc\u0259 D\u00f6vl\u0259t Universitetinin \u0259yani, magistratura 2017-ci ild\u0259 G\u0259nc\u0259 D\u00f6vl\u0259t Universiteti, doktorant \u018fM\u018fK F\u018fAL\u0130YY\u018fT\u0130 2014-c\u00fc ild\u0259n G\u0259nc\u0259 D\u00f6vl\u0259t<\/p>\n<p><a href=\"http:\/\/rif.gdu.edu.az\/?page_id=527\" class=\"more-link themebutton\">Daha \u0259trafl\u0131<\/a><\/p>\n","protected":false},"author":4,"featured_media":0,"parent":0,"menu_order":0,"comment_status":"closed","ping_status":"closed","template":"","meta":{"footnotes":""},"class_list":["post-527","page","type-page","status-publish","hentry"],"_links":{"self":[{"href":"http:\/\/rif.gdu.edu.az\/index.php?rest_route=\/wp\/v2\/pages\/527","targetHints":{"allow":["GET"]}}],"collection":[{"href":"http:\/\/rif.gdu.edu.az\/index.php?rest_route=\/wp\/v2\/pages"}],"about":[{"href":"http:\/\/rif.gdu.edu.az\/index.php?rest_route=\/wp\/v2\/types\/page"}],"author":[{"embeddable":true,"href":"http:\/\/rif.gdu.edu.az\/index.php?rest_route=\/wp\/v2\/users\/4"}],"replies":[{"embeddable":true,"href":"http:\/\/rif.gdu.edu.az\/index.php?rest_route=%2Fwp%2Fv2%2Fcomments&post=527"}],"version-history":[{"count":6,"href":"http:\/\/rif.gdu.edu.az\/index.php?rest_route=\/wp\/v2\/pages\/527\/revisions"}],"predecessor-version":[{"id":6865,"href":"http:\/\/rif.gdu.edu.az\/index.php?rest_route=\/wp\/v2\/pages\/527\/revisions\/6865"}],"wp:attachment":[{"href":"http:\/\/rif.gdu.edu.az\/index.php?rest_route=%2Fwp%2Fv2%2Fmedia&parent=527"}],"curies":[{"name":"wp","href":"https:\/\/api.w.org\/{rel}","templated":true}]}}