{"id":525,"date":"2015-12-29T11:58:30","date_gmt":"2015-12-29T09:58:30","guid":{"rendered":"http:\/\/rif.gdu.edu.az\/?page_id=525"},"modified":"2025-02-24T07:59:10","modified_gmt":"2025-02-24T05:59:10","slug":"g-x-m%c9%99mm%c9%99dova","status":"publish","type":"page","link":"http:\/\/rif.gdu.edu.az\/?page_id=525","title":{"rendered":"Riyazi analiz"},"content":{"rendered":"<h2 style=\"text-align: center;\"><strong>\u0130manova G\u00fclnara Xanlar q\u0131z\u0131<\/strong><\/h2>\n<p><img loading=\"lazy\" decoding=\"async\" class=\"wp-image-5450 aligncenter\" src=\"http:\/\/rif.gdu.edu.az\/wp-content\/uploads\/2024\/02\/Gulnara.png\" alt=\"\" width=\"273\" height=\"383\" \/><\/p>\n<h3><strong>QISA B\u0130OQRAF\u0130K M\u018fLUMAT<\/strong><\/h3>\n<h3><strong>10 oktyabr 1985-ci ild\u0259 G\u0259nc\u0259 \u015f\u0259h\u0259rind\u0259 anadan olmu\u015fdur.<\/strong><\/h3>\n<h3><strong>2010-cu ild\u0259n YAP-\u0131n \u00fczv\u00fcd\u00fcr.<\/strong><\/h3>\n<h3><strong>Telefon: +994554129399<\/strong><\/h3>\n<h3><strong>E-mail: gulya.mamedova85@mail.ru<\/strong><\/h3>\n<h3>\u00a0<\/h3>\n<h3><strong>T\u018fHS\u0130L\u0130, ELM\u0130 D\u018fR\u018fC\u018fS\u0130 V\u018f ELM\u0130 ADLARI<\/strong><\/h3>\n<ol>\n<li>\n<h3><strong>2003-2007-ci ill\u0259r G\u0259nc\u0259 D\u00f6vl\u0259t Universiteti, Riyaziyyat-informatika fak\u00fclt\u0259si<\/strong><\/h3>\n<\/li>\n<li>\n<h3><strong>2007-2009-cu ill\u0259r G\u0259nc\u0259 D\u00f6vl\u0259t Universitetinin \u0259yani, magistratura<\/strong><\/h3>\n<\/li>\n<li>\n<h3><strong>2012-ci ild\u0259 G\u0259nc\u0259 D\u00f6vl\u0259t Universiteti, doktorant<\/strong><\/h3>\n<\/li>\n<\/ol>\n<h3>\u00a0<\/h3>\n<h3><strong>\u018fM\u018fK F\u018fAL\u0130YY\u018fT\u0130<\/strong><\/h3>\n<h3><strong>2010-2015-ci ild\u0259n G\u0259nc\u0259 D\u00f6vl\u0259t Universitetind\u0259 m\u00fc\u0259llim<\/strong><\/h3>\n<h3><strong>2016-c\u0131 ild\u0259 G\u0259nc\u0259 D\u00f6vl\u0259t Universitetind\u0259 ba\u015f m\u00fc\u0259llim<\/strong><\/h3>\n<h3>\u00a0<\/h3>\n<h3><strong>T\u018fDQ\u0130QAT SAH\u018fS\u0130<\/strong><\/h3>\n<ul>\n<li>\n<h3><strong>Funksiyan\u0131n sinqulyar inteqrallarla yax\u0131nla\u015fd\u0131r\u0131lmas\u0131n\u0131n b\u0259zi m\u0259s\u0259l\u0259l\u0259ri<\/strong><\/h3>\n<\/li>\n<\/ul>\n<h3><strong>\u00a0<\/strong><\/h3>\n<h3><strong>BEYN\u018fLXALQ SEM\u0130NAR, S\u0130MPOZ\u0130UM V\u018f KONFRANSLARDA \u0130\u015eT\u0130RAKI<\/strong><\/h3>\n<ul>\n<li>\n<h3><strong>6-dan art\u0131q beyn\u0259lxalq v\u0259 respublika elmi konfranslar\u0131nda m\u00fcxt\u0259lif m\u00f6vzulu m\u0259ruz\u0259l\u0259rl\u0259 \u00e7\u0131x\u0131\u015f etmi\u015fdir.<\/strong><\/h3>\n<\/li>\n<\/ul>\n<h3>\u00a0<\/h3>\n<h3><strong>SE\u00c7\u0130LM\u0130\u015e \u018fS\u018fRL\u018fR\u0130<\/strong><\/h3>\n<ul>\n<li>\n<h3><strong>On the approximation of functions by some singular integrals. Proc. IMM NAS of Azerb.,2018, v.44, \u21162, p.238-249.<\/strong><\/h3>\n<\/li>\n<li>\n<h3><strong>\u041e \u043f\u0440\u0438\u0431\u043b\u0438\u0436\u0435\u043d\u0438\u0438 \u0444\u0443\u043d\u043a\u0446\u0438\u0439 \u043a\u043e\u043d\u043a\u0440\u0435\u0442\u043d\u044b\u043c\u0438 \u0441\u0438\u043d\u0433\u0443\u043b\u044f\u0440\u043d\u044b\u043c\u0438 \u0438\u043d\u0442\u0435\u0433\u0440\u0430\u043b\u0430\u043c\u0438. \u0418\u0437\u0432\u0435\u0441\u0442\u0438\u044f \u043f\u0435\u0434\u0430\u0433\u043e\u0433\u0438\u0447\u0435\u0441\u043a\u043e\u0433\u043e \u0443\u043d\u0438\u0432\u0435\u0440\u0441\u0438\u0442\u0435\u0442\u0430, 2018, \u0442.66, \u21163, \u0441.22-30<\/strong><\/h3>\n<\/li>\n<li>\n<h3><strong>\u041e \u043d\u0435\u043a\u0430\u0441\u0430\u0442\u0435\u043b\u044c\u043d\u043e\u0439 \u0441\u0445\u043e\u0434\u0438\u043c\u043e\u0441\u0442\u0438 \u0441\u0438\u043d\u0433\u0443\u043b\u044f\u0440\u043d\u044b\u0445 \u0438\u043d\u0442\u0435\u0433\u0440\u0430\u043b\u043e\u0432. \u0418\u0437\u0432\u0435\u0441\u0442\u0438\u044f \u043f\u0435\u0434\u0430\u0433\u043e\u0433\u0438\u0447\u0435\u0441\u043a\u043e\u0433\u043e \u0443\u043d\u0438\u0432\u0435\u0440\u0441\u0438\u0442\u0435\u0442\u0430, 2019, \u0442.67, \u21162, \u0441. (\u0432 \u043f\u0435\u0447\u0430\u0442\u0438)<\/strong><\/h3>\n<\/li>\n<li>\n<h3><strong>TH INTERNATIONAL CONGRESS ON INNOVATIVE SCIENTIFIC APPROACHES Samsun, Turkeyheld on May 19-20, 2022<\/strong><\/h3>\n<\/li>\n<\/ul>\n\n\n<p><\/p>\n","protected":false},"excerpt":{"rendered":"<p>\u0130manova G\u00fclnara Xanlar q\u0131z\u0131 QISA B\u0130OQRAF\u0130K M\u018fLUMAT 10 oktyabr 1985-ci ild\u0259 G\u0259nc\u0259 \u015f\u0259h\u0259rind\u0259 anadan olmu\u015fdur. 2010-cu ild\u0259n YAP-\u0131n \u00fczv\u00fcd\u00fcr. Telefon: +994554129399 E-mail: gulya.mamedova85@mail.ru \u00a0 T\u018fHS\u0130L\u0130, ELM\u0130 D\u018fR\u018fC\u018fS\u0130 V\u018f ELM\u0130 ADLARI 2003-2007-ci ill\u0259r G\u0259nc\u0259 D\u00f6vl\u0259t Universiteti, Riyaziyyat-informatika fak\u00fclt\u0259si 2007-2009-cu ill\u0259r G\u0259nc\u0259 D\u00f6vl\u0259t Universitetinin \u0259yani, magistratura 2012-ci ild\u0259 G\u0259nc\u0259 D\u00f6vl\u0259t Universiteti, doktorant \u00a0 \u018fM\u018fK F\u018fAL\u0130YY\u018fT\u0130 2010-2015-ci ild\u0259n<\/p>\n<p><a href=\"http:\/\/rif.gdu.edu.az\/?page_id=525\" class=\"more-link themebutton\">Daha \u0259trafl\u0131<\/a><\/p>\n","protected":false},"author":4,"featured_media":0,"parent":0,"menu_order":0,"comment_status":"closed","ping_status":"closed","template":"","meta":{"footnotes":""},"class_list":["post-525","page","type-page","status-publish","hentry"],"_links":{"self":[{"href":"http:\/\/rif.gdu.edu.az\/index.php?rest_route=\/wp\/v2\/pages\/525","targetHints":{"allow":["GET"]}}],"collection":[{"href":"http:\/\/rif.gdu.edu.az\/index.php?rest_route=\/wp\/v2\/pages"}],"about":[{"href":"http:\/\/rif.gdu.edu.az\/index.php?rest_route=\/wp\/v2\/types\/page"}],"author":[{"embeddable":true,"href":"http:\/\/rif.gdu.edu.az\/index.php?rest_route=\/wp\/v2\/users\/4"}],"replies":[{"embeddable":true,"href":"http:\/\/rif.gdu.edu.az\/index.php?rest_route=%2Fwp%2Fv2%2Fcomments&post=525"}],"version-history":[{"count":6,"href":"http:\/\/rif.gdu.edu.az\/index.php?rest_route=\/wp\/v2\/pages\/525\/revisions"}],"predecessor-version":[{"id":6864,"href":"http:\/\/rif.gdu.edu.az\/index.php?rest_route=\/wp\/v2\/pages\/525\/revisions\/6864"}],"wp:attachment":[{"href":"http:\/\/rif.gdu.edu.az\/index.php?rest_route=%2Fwp%2Fv2%2Fmedia&parent=525"}],"curies":[{"name":"wp","href":"https:\/\/api.w.org\/{rel}","templated":true}]}}