{"id":517,"date":"2015-12-29T11:46:44","date_gmt":"2015-12-29T09:46:44","guid":{"rendered":"http:\/\/rif.gdu.edu.az\/?page_id=517"},"modified":"2025-02-24T07:57:24","modified_gmt":"2025-02-24T05:57:24","slug":"s-s-ibrahimova","status":"publish","type":"page","link":"http:\/\/rif.gdu.edu.az\/?page_id=517","title":{"rendered":"Riyazi analiz"},"content":{"rendered":"<h2 style=\"text-align: center;\">\u0130brahimova S\u0259bin\u0259 S\u0259yavu\u015f q\u0131z\u0131<\/h2>\n<h5 style=\"text-align: center;\"><img loading=\"lazy\" decoding=\"async\" class=\"alignnone  wp-image-5447\" src=\"http:\/\/rif.gdu.edu.az\/wp-content\/uploads\/2024\/02\/S\u0259bin\u0259.png\" alt=\"\" width=\"272\" height=\"373\" \/><\/h5>\n<h3><strong>QISA B\u0130OQRAF\u0130K M\u018fLUMAT<\/strong><\/h3>\n<h3><strong>17 oktyabr 1979-cu ild\u0259 G\u0259nc\u0259 \u015f\u0259h\u0259rind\u0259 anadan olmu\u015fdur.<\/strong><\/h3>\n<h3><strong>2002-ci ild\u0259n YAP-\u0131n \u00fczv\u00fcd\u00fcr.<\/strong><\/h3>\n<h3><strong>Telefon :\u00a0<\/strong><strong>+994505323507<\/strong><\/h3>\n<h3><strong>E-mail: <\/strong><strong>\u00a0sabinova-ibraqimova@lenta.ru<\/strong><\/h3>\n<h3><\/h3>\n<h3><strong>T\u018fHS\u0130L\u0130, ELM\u0130 D\u018fR\u018fC\u018fS\u0130 V\u018f ELM\u0130 ADLARI<\/strong><\/h3>\n<ol>\n<li>\n<h3><strong>1996-2000-ci ill\u0259r Bak\u0131 D\u00f6vl\u0259t Universiteti, ixt<\/strong><\/h3>\n<\/li>\n<li>\n<h3><strong>200-2002-ci ill\u0259r Bak\u0131 D\u00f6vl\u0259t Universitetinin \u0259yani, magistr<\/strong><\/h3>\n<\/li>\n<li>\n<h3><strong>2017-ci ild\u0259 G\u0259nc\u0259 D\u00f6vl\u0259t Universiteti, qiyabi-doktorant<\/strong><\/h3>\n<\/li>\n<\/ol>\n<h3><\/h3>\n<h3><strong>\u018fM\u018fK F\u018fAL\u0130YY\u018fT\u0130<\/strong><\/h3>\n<h3><strong>2002-ci ild\u0259n G\u0259nc\u0259 D\u00f6vl\u0259t Universitetind\u0259 m\u00fc\u0259llim<\/strong><\/h3>\n<h3><strong>\u00a0<\/strong><\/h3>\n<h3><strong>BEYN\u018fLXALQ SEM\u0130NAR, S\u0130MPOZ\u0130UM V\u018f KONFRANSLARDA \u0130\u015eT\u0130RAKI<\/strong><\/h3>\n<ul>\n<li>\n<h3><strong>6-dan art\u0131q beyn\u0259lxalq v\u0259 respublika elmi konfranslar\u0131nda m\u00fcxt\u0259lif m\u00f6vzulu m\u0259ruz\u0259l\u0259rl\u0259 \u00e7\u0131x\u0131\u015f etmi\u015fdir.<\/strong><\/h3>\n<\/li>\n<\/ul>\n<h3><\/h3>\n<h3><strong>SE\u00c7\u0130LM\u0130\u015e \u018fS\u018fRL\u018fR\u0130<\/strong><\/h3>\n<ol>\n<li>\n<h3><strong>On integral equation of Fredholm type for the class of bounded functions on real axes-Proseedings of the 8 th International Conference on \u201cControl and optimization with industrial applications \u201d Bak\u0131 \u2013 2022<\/strong><\/h3>\n<\/li>\n<li>\n<h3><strong>On an integral equation of Fredholm type for the class of bounded functions on real axes- Methods of functional analysis and topoloji<\/strong><\/h3>\n<\/li>\n<\/ol>\n<h3><strong>\u00a0<\/strong><\/h3>\n<p><strong>\u00a0<\/strong><\/p>\n<p><strong>\u00a0<\/strong><\/p>\n<h5><\/h5>\n","protected":false},"excerpt":{"rendered":"<p>\u0130brahimova S\u0259bin\u0259 S\u0259yavu\u015f q\u0131z\u0131 QISA B\u0130OQRAF\u0130K M\u018fLUMAT 17 oktyabr 1979-cu ild\u0259 G\u0259nc\u0259 \u015f\u0259h\u0259rind\u0259 anadan olmu\u015fdur. 2002-ci ild\u0259n YAP-\u0131n \u00fczv\u00fcd\u00fcr. Telefon :\u00a0+994505323507 E-mail: \u00a0sabinova-ibraqimova@lenta.ru T\u018fHS\u0130L\u0130, ELM\u0130 D\u018fR\u018fC\u018fS\u0130 V\u018f ELM\u0130 ADLARI 1996-2000-ci ill\u0259r Bak\u0131 D\u00f6vl\u0259t Universiteti, ixt 200-2002-ci ill\u0259r Bak\u0131 D\u00f6vl\u0259t Universitetinin \u0259yani, magistr 2017-ci ild\u0259 G\u0259nc\u0259 D\u00f6vl\u0259t Universiteti, qiyabi-doktorant \u018fM\u018fK F\u018fAL\u0130YY\u018fT\u0130 2002-ci ild\u0259n G\u0259nc\u0259 D\u00f6vl\u0259t Universitetind\u0259<\/p>\n<p><a href=\"http:\/\/rif.gdu.edu.az\/?page_id=517\" class=\"more-link themebutton\">Daha \u0259trafl\u0131<\/a><\/p>\n","protected":false},"author":4,"featured_media":0,"parent":0,"menu_order":0,"comment_status":"closed","ping_status":"closed","template":"","meta":{"footnotes":""},"class_list":["post-517","page","type-page","status-publish","hentry"],"_links":{"self":[{"href":"http:\/\/rif.gdu.edu.az\/index.php?rest_route=\/wp\/v2\/pages\/517","targetHints":{"allow":["GET"]}}],"collection":[{"href":"http:\/\/rif.gdu.edu.az\/index.php?rest_route=\/wp\/v2\/pages"}],"about":[{"href":"http:\/\/rif.gdu.edu.az\/index.php?rest_route=\/wp\/v2\/types\/page"}],"author":[{"embeddable":true,"href":"http:\/\/rif.gdu.edu.az\/index.php?rest_route=\/wp\/v2\/users\/4"}],"replies":[{"embeddable":true,"href":"http:\/\/rif.gdu.edu.az\/index.php?rest_route=%2Fwp%2Fv2%2Fcomments&post=517"}],"version-history":[{"count":6,"href":"http:\/\/rif.gdu.edu.az\/index.php?rest_route=\/wp\/v2\/pages\/517\/revisions"}],"predecessor-version":[{"id":6862,"href":"http:\/\/rif.gdu.edu.az\/index.php?rest_route=\/wp\/v2\/pages\/517\/revisions\/6862"}],"wp:attachment":[{"href":"http:\/\/rif.gdu.edu.az\/index.php?rest_route=%2Fwp%2Fv2%2Fmedia&parent=517"}],"curies":[{"name":"wp","href":"https:\/\/api.w.org\/{rel}","templated":true}]}}