{"id":511,"date":"2015-12-29T11:39:22","date_gmt":"2015-12-29T09:39:22","guid":{"rendered":"http:\/\/rif.gdu.edu.az\/?page_id=511"},"modified":"2025-02-24T07:52:01","modified_gmt":"2025-02-24T05:52:01","slug":"a-r-qasimova","status":"publish","type":"page","link":"http:\/\/rif.gdu.edu.az\/?page_id=511","title":{"rendered":"R\u0130YAZ\u0130  ANAL\u0130Z"},"content":{"rendered":"<h2 style=\"text-align: center;\"><strong>Qas\u0131mova\u00a0 Aynur\u00a0 Ramazan q\u0131z\u0131<\/strong><\/h2>\n<p><img loading=\"lazy\" decoding=\"async\" class=\"wp-image-5408 aligncenter\" src=\"http:\/\/rif.gdu.edu.az\/wp-content\/uploads\/2024\/02\/IMG_3983.jpg\" alt=\"\" width=\"287\" height=\"383\" \/><\/p>\n<h3><strong>QISA B\u0130OQRAF\u0130K M\u018fLUMAT<\/strong><br \/>\n<strong>07 avqust 1979-cu ild\u0259 G\u00fcrc\u00fcstan Respublikas\u0131n\u0131n Dmanisi rayonunda ziyal\u0131 ail\u0259sind\u0259 anadan olub. <\/strong><\/h3>\n<h3><strong>2000-ci ild\u0259n YAP-n\u0131n \u00fczv\u00fcd\u00fcr.<\/strong><\/h3>\n<h3><strong>Telefon: +994505251178<\/strong><br \/>\n<strong>E-mail: aynur.qasimova@gdu.ed.az, aynur_gasimova7@mail.ru<\/strong><\/h3>\n<h3><strong>T\u018fHS\u0130L\u0130, ELM\u0130 D\u018fR\u018fC\u018fS\u0130 V\u018f ELM\u0130 ADLARI<\/strong><br \/>\n<strong>\u2022 1996 \u2013 c\u0131 ild\u0259 Mir C\u0259lal Pa\u015fayev ad\u0131na 39 sayl\u0131 tam orta m\u0259kt\u0259bi bitirib.<\/strong><br \/>\n<strong>\u2022 2000 \u2013 ci ild\u0259 Bak\u0131 D\u00f6vl\u0259t Universitetinin Mexanika \u2013 riyaziyyat fak\u00fclt\u0259sinin Riyaziyyat ixtisas\u0131 \u00fczr\u0259 bakalavr pill\u0259sini bitirib.<\/strong><br \/>\n<strong>\u2022 2002 \u2013 ci ild\u0259 Bak\u0131 D\u00f6vl\u0259t Universitetinin Mexanika \u2013 riyaziyyat fak\u00fclt\u0259sind\u0259 Funksiyalar n\u0259z\u0259riyy\u0259si v\u0259 funksional analiz ixtisas\u0131 \u00fczr\u0259 magistratura pill\u0259sini f\u0259rql\u0259nm\u0259 il\u0259 bitirib.<\/strong><br \/>\n<strong>\u2022 2002-2005 \u2013 ci ill\u0259rd\u0259 AMEA-n\u0131n Riyaziyyat v\u0259 Mexanika \u0130nstutunun doktorant\u0131 olmu\u015fdur.<\/strong><br \/>\n<strong>\u2022 2016-c\u0131 ild\u0259 Riyaziyyat \u00fczr\u0259 f\u0259ls\u0259f\u0259 doktoru elmi d\u0259r\u0259c\u0259sini al\u0131b.<\/strong><\/h3>\n<h3><strong>T\u018fDQ\u0130QAT S\u018fH\u018fS\u0130<\/strong><br \/>\n<strong>\u2022 S\u0259pilm\u0259 n\u0259z\u0259riyy\u0259sinin t\u0259rs m\u0259s\u0259l\u0259l\u0259ri.<\/strong><\/h3>\n<h3><strong>\u018fM\u018fK F\u018fAL\u0130YY\u018fT\u0130<\/strong><br \/>\n<strong>\u2022 2002-2005 \u2013 ci ill\u0259rd\u0259 AMEA-n\u0131n Riyaziyyat v\u0259 Mexanika Elmi T\u0259dqiqat \u0130nstitutunun Funksiyalar N\u0259z\u0259riyy\u0259si \u015f\u00f6b\u0259sind\u0259 ki\u00e7ik elmi i\u015f\u00e7i.<\/strong><br \/>\n<strong>\u2022 2005-2010 G\u0259nc\u0259 D\u00f6vl\u0259t Universiteti, Riyazi analiz kafedras\u0131nda m\u00fc\u0259llim.<\/strong><br \/>\n<strong>\u2022 2007-2020 G\u0259nc\u0259 D\u00f6vl\u0259t Universiteti, Riyaziyyat-informatika fak\u00fclt\u0259sind\u0259 T\u0259rbiy\u0259 i\u015fl\u0259ri \u00fczr\u0259 dekan m\u00fcavini.<\/strong><br \/>\n<strong>\u2022 2010-2020-ci ill\u0259rd\u0259 G\u0259nc\u0259 D\u00f6vl\u0259t Universitetinin Riyazi analiz kafedras\u0131nda Ba\u015f m\u00fc\u0259llim.<\/strong><br \/>\n<strong>\u2022 2020-ci ild\u0259n G\u0259nc\u0259 D\u00f6vl\u0259t Universiteti, \u0130nnovasiyalar Departamentind\u0259 \u0130nformasiya resurslar\u0131n\u0131n formala\u015fmas\u0131 \u015f\u00f6b\u0259sinin m\u00fcdiri.<\/strong><\/h3>\n<h3><strong>BEYN\u018fLXALQ SEM\u0130NAR, S\u0130MPOZ\u0130UM V\u018f KONFRASLARDA \u0130\u015eT\u0130RAKI<\/strong><br \/>\n<strong>\u2022 Az\u0259rbaycan Respublikas\u0131 Elml\u0259r Akademiyas\u0131n\u0131n m\u00fcxbir \u00fczv\u00fc, professor Y.C. M\u0259mm\u0259dovun 70-illik yubileyin\u0259 h\u0259sr edilmi\u015f elmi konfrans. Bak\u0131, 2001<\/strong><br \/>\n<strong>\u2022 \u018fm\u0259kdar Elm Xadimi professor \u018f.\u015e.H\u0259bibzad\u0259nin 85-illik yubileyin\u0259 h\u0259sr edilmi\u015f elmi konfrans. Bak\u0131, 2001<\/strong><br \/>\n<strong>\u2022 G\u0259nc\u0259 D\u00f6vl\u0259t Universitetinin 70 illik yubileyin\u0259 h\u0259sr edilmi\u015f Elmi-praktikikonfrans. 29-30 noyabr. G\u0259nc\u0259 2007<\/strong><br \/>\n<strong>\u2022 \u201cRiyazi n\u0259z\u0259riyy\u0259l\u0259r onlar\u0131n t\u0259tbiqi v\u0259 t\u0259drisi sah\u0259sind\u0259 olan probleml\u0259r\u201d. Elmi-praktiki konfrans. G\u0259nc\u0259 D\u00f6vl\u0259t Universiteti. G\u0259nc\u0259 2008<\/strong><br \/>\n<strong>\u2022 \u00abSpektral n\u0259z\u0259riyy\u0259 v\u0259 onun t\u0259tbiql\u0259ri\u00bb. Akademik F.Q.Maqsudovun yubileyin\u0259 h\u0259sr edilmi\u015f beyn\u0259lxalq konfrans. Bak\u0131 2010<\/strong><br \/>\n<strong>\u2022 \u00abRiyazi n\u0259z\u0259riyy\u0259l\u0259r, onlar\u0131n t\u0259tbiqi v\u0259 t\u0259drisi probleml\u0259ri\u00bb II Beyn\u0259lxalq konfrans. G\u0259nc\u0259 2011<\/strong><br \/>\n<strong>\u2022 \u00abRiyaziyyat\u0131n v\u0259 \u0130KT-nin t\u0259tbiq sah\u0259l\u0259ri\u00bb Beyn\u0259lxalq konfrans. G\u0259nc\u0259 2014<\/strong><br \/>\n<strong>\u2022 III International Scientific Conference of Young Researchers. Qafqaz Universiteti. Bak\u0131 2015-ci il<\/strong><br \/>\n<strong>\u2022 Operator, functions and systems of mathematical Physics conference\/ International conference. Khazar University. June 2019<\/strong><br \/>\n<strong>\u2022 \u00ab\u041d\u0430\u0443\u0447\u043d\u044b\u0439 \u0444\u043e\u0440\u0443\u043c: \u0422\u0435\u0445\u043d\u0438\u0447\u0435\u0441\u043a\u0438\u0435 \u0438 \u0444\u0438\u0437\u0438\u043a\u043e-\u043c\u0430\u0442\u0435\u043c\u0430\u0442\u0438\u0447\u0435\u0441\u043a\u0438\u0435 \u043d\u0430\u0443\u043a\u0438\u00bbXXXI \u041c\u0435\u0436\u0434\u0443\u043d\u0430\u0440\u043e\u0434\u043d\u0430\u044f \u043d\u0430\u0443\u0447\u043d\u043e-\u043f\u0440\u0430\u043a\u0442\u0438\u0447\u0435\u0441\u043a\u0430\u044f \u043a\u043e\u043d\u0444\u0435\u0440\u0435\u043d\u0446\u0438\u044f, \u041c\u043e\u0441\u043a\u0432\u0430, \u0444\u0435\u0432\u0440\u0430\u043b\u044c 2020<\/strong><br \/>\n<strong>\u2022 \u00abSCIENCEANDTECHNOLOGYINNOVATIONS\u00bb.II \u041c\u0435\u0436\u0434\u0443\u043d\u0430\u0440\u043e\u0434\u043d\u0430\u044f \u043d\u0430\u0443\u0447\u043d\u043e-\u043f\u0440\u0430\u043a\u0442\u0438\u0447\u0435\u0441\u043a\u0430\u044f \u043a\u043e\u043d\u0444\u0435\u0440\u0435\u043d\u0446\u0438\u044f. \u041f\u0435\u0442\u0440\u043e\u0437\u0430\u0432\u043e\u0434\u0441\u043a. \u041c\u0430\u0440\u0442, 2020. <\/strong><br \/>\n<strong>\u2022 \u00abDISCOVERYSCIENCERESEARCH\u00bbV\u041c\u0435\u0436\u0434\u0443\u043d\u0430\u0440\u043e\u0434\u043d\u0430\u044f \u043d\u0430\u0443\u0447\u043d\u043e-\u043f\u0440\u0430\u043a\u0442\u0438\u0447\u0435\u0441\u043a\u0430\u044f \u043a\u043e\u043d\u0444\u0435\u0440\u0435\u043d\u0446\u0438\u044f. \u041f\u0435\u0442\u0440\u043e\u0437\u0430\u0432\u043e\u0434\u0441\u043a. 2020<\/strong><br \/>\n<strong>\u2022 1st International Symposium On Recent Advances InFundemental And Applied Sciences (Isfas-2021)&#8221;. Atat\u00fcrk University, Erzurum, Turkey. 10 September, 2021<\/strong><br \/>\n<strong>\u2022 \u00ab\u0422\u0435\u0445\u043d\u0438\u0447\u0435\u0441\u043a\u0438\u0435 \u0438 \u0444\u0438\u0437\u0438\u043a\u043e-\u043c\u0430\u0442\u0435\u043c\u0430\u0442\u0438\u0447\u0435\u0441\u043a\u0438\u0435 \u043d\u0430\u0443\u043a\u0438\u00bb LIV \u041c\u0435\u0436\u0434\u0443\u043d\u0430\u0440\u043e\u0434\u043d\u0430\u044f \u043d\u0430\u0443\u0447\u043d\u043e-\u043f\u0440\u0430\u043a\u0442\u0438\u0447\u0435\u0441\u043a\u0430\u044f \u043a\u043e\u043d\u0444\u0435\u0440\u0435\u043d\u0446\u0438\u044f. 2022.<\/strong><br \/>\n<strong>\u2022 ScienceAndTechnologyResearch. II \u041c\u0435\u0436\u0434\u0443\u043d\u0430\u0440\u043e\u0434\u043d\u0430\u044f \u043d\u0430\u0443\u0447\u043d\u043e-\u043f\u0440\u0430\u043a\u0442\u0438\u0447\u0435\u0441\u043a\u0430\u044f \u043a\u043e\u043d\u0444\u0435\u0440\u0435\u043d\u0446\u0438\u044f. \u041f\u0435\u0442\u0440\u043e\u0437\u0430\u0432\u043e\u0434\u0441\u043a. 06.04. 2023<\/strong><\/h3>\n<h3><strong>SE\u00c7\u0130LM\u0130\u015e \u018fS\u018fRL\u018fR\u0130<\/strong><br \/>\n<strong>\u2022 A.R.Qas\u0131mova. \u041f\u043e\u0441\u0442\u0440\u043e\u0435\u043d\u0438\u0435 \u043e\u043f\u0435\u0440\u0430\u0442\u043e\u0440\u0430 \u043f\u0440\u0435\u043e\u0431\u0440\u0430\u0437\u043e\u0432\u0430\u043d\u0438\u044f \u0441 \u0443\u0441\u043b\u043e\u0432\u0438\u0435\u043c \u043d\u0430 \u0431\u0435\u0441\u043a\u043e\u043d\u0435\u0447\u043d\u043e\u0441\u0442\u0438 \u0434\u043b\u044f \u043e\u0434\u043d\u043e\u0433\u043e \u043a\u043b\u0430\u0441\u0441\u0430 \u043f\u043e\u0442\u0435\u043d\u0446\u0438\u0430\u043b\u043e\u0432. \/\/ Az\u0259rbaycan Texniki Universiteti, \u00abElmi \u0259s\u0259rl\u0259r\u00bb \u21161, Bak\u0131, 2018 s\u0259h.121-12<\/strong><br \/>\n<strong>http:\/\/aztu.edu.az\/azp\/\/elmi_tedqiqat\/scientific_research_2\/az\/files\/jurnal_2018_1\/25.pdf<\/strong><br \/>\n<strong>\u2022 A.R.Qas\u0131mova. \u041f\u0440\u0438\u043c\u0435\u043d\u0435\u043d\u0438\u0435 \u043c\u0435\u0442\u043e\u0434\u0430 \u043e\u0431\u0440\u0430\u0442\u043d\u043e\u0439 \u0437\u0430\u0434\u0430\u0447\u0438 \u0442\u0435\u043e\u0440\u0438\u0438 \u0440\u0430\u0441\u0441\u0435\u044f\u043d\u0438\u044f \u043a \u043e\u0441\u0435\u0441\u0438\u043c\u043c\u0435\u0442\u0440\u0438\u0447\u0435\u0441\u043a\u043e\u043c\u0443 \u0443\u0440\u0430\u0432\u043d\u0435\u043d\u0438\u044e \u041a\u043e\u0440\u0442\u0435\u0432\u0435\u0433\u0430\u0434\u0435\u0424\u0440\u0438\u0437\u0430. \/\/ Operator, functions and systems of mathematical Physics conference\/ International conference. Khazar University. June P.151-153. 10-14. 2019<\/strong><br \/>\n<strong>\u2022 A.R.Qas\u0131mova.\u0418\u0441\u0441\u043b\u0435\u0434\u043e\u0432\u0430\u043d\u0438\u0435 \u0440\u0435\u0448\u0435\u043d\u0438\u0439 \u0432\u043e\u0437\u043c\u0443\u0449\u0435\u043d\u043d\u043e\u0433\u043e \u0443\u0440\u0430\u0432\u043d\u0435\u043d\u0438\u044f \u0428\u0442\u0443\u0440\u043c\u0430 \u041b\u0438\u0443\u0432\u0438\u043b\u043b\u044f \u043d\u0430 \u043f\u043e\u043b\u0443\u043e\u0441\u0438. \/\/ Elmi x\u0259brl\u0259r \u2116 1. G\u0259nc\u0259 D\u00f6vl\u0259t Universiteti. s\u0259h. 24-26, G\u0259nc\u0259 2019<\/strong><br \/>\n<strong>\u2022 A.R.Qas\u0131mova. \u041f\u0440\u044f\u043c\u0430\u044f \u0438 \u043e\u0431\u0440\u0430\u0442\u043d\u0430\u044f \u0437\u0430\u0434\u0430\u0447\u0430 \u0442\u0435\u043e\u0440\u0438\u0438 \u0440\u0430\u0441\u0441\u0435\u044f\u043d\u0438\u044f \u0434\u043b\u044f \u0432\u043e\u0437\u043c\u0443\u0449\u0435\u043d\u043d\u043e\u0433\u043e \u041e\u043f\u0435\u0440\u0430\u0442\u043e\u0440\u0430 \u0428\u0442\u0443\u0440\u043c\u0430-\u041b\u0438\u0443\u0432\u0438\u043b\u043b\u044f. \/\/ \u0421\u0431\u043e\u0440\u043d\u0438\u043a \u0442\u0440\u0443\u0434\u043e\u0432 XXXI \u041c\u0435\u0436\u0434\u0443\u043d\u0430\u0440\u043e\u0434\u043d\u043e\u0439 \u043d\u0430\u0443\u0447\u043d\u043e-\u043f\u0440\u0430\u043a\u0442\u0438\u0447\u0435\u0441\u043a\u043e\u0439 \u043a\u043e\u043d\u0444\u0435\u0440\u0435\u043d\u0446\u0438\u0438 \u00ab\u041d\u0430\u0443\u0447\u043d\u044b\u0439 \u0444\u043e\u0440\u0443\u043c: \u0422\u0435\u0445\u043d\u0438\u0447\u0435\u0441\u043a\u0438\u0435 \u0438 \u0444\u0438\u0437\u0438\u043a\u043e-\u043c\u0430\u0442\u0435\u043c\u0430\u0442\u0438\u0447\u0435\u0441\u043a\u0438\u0435 \u043d\u0430\u0443\u043a\u0438\u00bb, \u21162(31) \u041c\u043e\u0441\u043a\u0432\u0430, \u0441\u0442\u0440. 31-37 \u0444\u0435\u0432\u0440\u0430\u043b\u044c 2020. eLIBRARYID: 42433724 . https:\/\/nauchforum.ru\/files\/2020_02_06_teh\/2%2831%29.pdf<\/strong><br \/>\n<strong>\u2022 A.R.Qas\u0131mova. \u0424\u0443\u043d\u043a\u0446\u0438\u0438 \u0420\u0438\u043c\u0430\u043d\u0430 \u043e\u0434\u043d\u043e\u0433\u043e \u043a\u043b\u0430\u0441\u0441\u0430 \u043b\u0438\u043d\u0435\u0439\u043d\u044b\u0445 \u0434\u0438\u0444\u0444\u0435\u0440\u0435\u043d\u0446\u0438\u0430\u043b\u044c\u043d\u044b\u0445 \u0443\u0440\u0430\u0432\u043d\u0435\u043d\u0438\u0439. \/\/ \u0421\u0431\u043e\u0440\u043d\u0438\u043a \u0441\u0442\u0430\u0442\u0435\u0439 V \u041c\u0435\u0436\u0434\u0443\u043d\u0430\u0440\u043e\u0434\u043d\u043e\u0439 \u043d\u0430\u0443\u0447\u043d\u043e-\u043f\u0440\u0430\u043a\u0442\u0438\u0447\u0435\u0441\u043a\u043e\u0439 \u043a\u043e\u043d\u0444\u0435\u0440\u0435\u043d\u0446\u0438\u0438 \u00abDISCOVERYSCIENCERESEARCH\u00bb \/ \u041f\u0435\u0442\u0440\u043e\u0437\u0430\u0432\u043e\u0434\u0441\u043a. 2020https:\/\/doi.org\/10.46916\/16092020 -978-5-907327-90-00<\/strong><br \/>\n<strong>https:\/\/m.sciencen.org\/assets\/Kontent\/Konferencii\/Arhiv-konferencij\/KOF-158.pdf<\/strong><br \/>\n<strong>\u2022 A.R.Qas\u0131mova. Solution of the Simplest Nonlinear Wave Equations by the Inverse Scattering Problem Method. \/\/ 1st International Symposium On Recent Advances InFundemental And Applied Sciences (Isfas-2021)&#8221;. Atat\u00fcrk University, Erzurum, Turkey. 10 September, 2021 <\/strong><br \/>\n<strong>https:\/\/ekitap.atauni.edu.tr\/index.php\/1st-international-symposium-on-recent-advances-in-fundamental-and-applied-sciences-isfas-2021abstract-and-full-text-symposium-book\/<\/strong><br \/>\n<strong>\u2022 A.R.Qas\u0131mova. \u0427\u0430\u0441\u0442\u043d\u044b\u0435 \u0440\u0435\u0448\u0435\u043d\u0438\u044f \u043d\u0435\u0432\u043e\u0437\u043c\u0443\u0449\u0435\u043d\u043d\u043e\u0433\u043e \u0443\u0440\u0430\u0432\u043d\u0435\u043d\u0438\u044f \u0428\u0442\u0443\u0440\u043c\u0430-\u041b\u0438\u0443\u0432\u0438\u043b\u043b\u044f \u043d\u0430 \u043f\u043e\u043b\u0443\u043e\u0441\u0438. \u0422\u0435\u0445\u043d\u0438\u0447\u0435\u0441\u043a\u0438\u0435 \u0438 \u0444\u0438\u0437\u0438\u043a\u043e-\u043c\u0430\u0442\u0435\u043c\u0430\u0442\u0438\u0447\u0435\u0441\u043a\u0438\u0435 \u043d\u0430\u0443\u043a\u0438: \u0441\u0431. \u0441\u0442. \u043f\u043e \u043c\u0430\u0442\u0435\u0440\u0438\u0430\u043b\u0430\u043c LIV \u043c\u0435\u0436\u0434\u0443\u043d\u0430\u0440. \u043d\u0430\u0443\u0447.-\u043f\u0440\u0430\u043a\u0442. \u043a\u043e\u043d\u0444. \u2014 \u2116 4(54). \u2014 \u041c., \u0418\u0437\u0434. \u00ab\u041c\u0426\u041d\u041e\u00bb, 2022. \u2014 \u0421. 76-82. <\/strong><br \/>\n<strong>https:\/\/elibrary.ru\/item.asp?id=49183728&amp;pff=1<\/strong><br \/>\n<strong>\u2022 A.R.Qas\u0131mova.S.R.\u0130manova. \u041c\u0430\u0442\u0435\u043c\u0430\u0442\u0438\u0447\u0435\u0441\u043a\u0430\u044f \u043c\u043e\u0434\u0435\u043b\u044c \u0438\u0441\u0441\u043b\u0435\u0434\u043e\u0432\u0430\u043d\u0438\u044f \u043c\u0430\u0433\u043d\u0438\u0442\u043d\u044b\u0445 \u0438 \u044d\u043b\u0435\u043a\u0442\u0440\u0438\u0447\u0435\u0441\u043a\u0438\u0445 \u0441\u0432\u043e\u0439\u0441\u0442\u0432 \u043d\u0435\u043e\u0434\u043d\u043e\u0440\u043e\u0434\u043d\u043e\u0439 \u043f\u0435\u0440\u043a\u043e\u043b\u0438\u0440\u043e\u0432\u0430\u043d\u043d\u043e\u0439 \u0441\u0440\u0435\u0434\u044b \u043d\u0430 \u043e\u0441\u043d\u043e\u0432\u0435 \u0442\u0435\u043e\u0440\u0438\u0438 \u043f\u0435\u0440\u043a\u043e\u043b\u044f\u0446\u0438\u0438. PowerEngineeringProblems \/ComplexProblemsOfPowerEngineering. The Electrical Power Engineering. The Thermal Power Engineering. Electrophysics.\u0415N\u0415RG\u0415\u0422\u0130\u041a\u0410NIN PROBLEML\u018fR\u0130 Elmi \u2013 texnikijurnal. AMEA Fizika institute. ISSN 1302 \u2013 6461. Pp. 82-90. \u2116 2. 2022<\/strong><br \/>\n<strong>\u2022 A.R.Qas\u0131mova. N.B\u0259\u015firova. ScienceAndTechnologyResearch\/ \u0421\u0431\u043e\u0440\u043d\u0438\u043a \u0441\u0442\u0430\u0442\u0435\u0439 II \u041c\u0435\u0436\u0434\u0443\u043d\u0430\u0440\u043e\u0434\u043d\u043e\u0439 \u043d\u0430\u0443\u0447\u043d\u043e-\u043f\u0440\u0430\u043a\u0442\u0438\u0447\u0435\u0441\u043a\u043e\u0439 \u043a\u043e\u043d\u0444\u0435\u0440\u0435\u043d\u0446\u0438\u0438\/\/ \u0433. \u041f\u0435\u0442\u0440\u043e\u0437\u0430\u0432\u043e\u0434\u0441\u043a\/\/ 06.04.<\/strong><br \/>\n<strong>https:\/\/elibrary.ru\/item.asp?id=50482683&amp;pff=1 DOI: 10.46916\/07042023-1-978-5-00174-936-3<\/strong><\/h3>\n<h3><strong>K\u0130TABLAR<\/strong><br \/>\n<strong>\u2022 N.F.B\u0259\u015firova. A.R.Qas\u0131mova. Riyazi analiz. D\u0259rs v\u0259saiti. G\u0259nc\u0259 D\u00f6vl\u0259t Universiteti. G\u0259nc\u0259 2019 http:\/\/ek.anl.az\/lib\/item?id=chamo:785778&amp;theme=e-kataloq<\/strong><br \/>\n<strong>\u2022 A.R.Qas\u0131mova. Funksionalard\u0131c\u0131ll\u0131qlar v\u0259 funksionals\u0131ralar. T\u0259dris metodik v\u0259sait. Az\u0259rb. Resp. Elm v\u0259 T\u0259hsil Nazirliyi, G\u0259nc\u0259 D\u00f6vl\u0259t Universiteti, Riyazi analiz kafedras\u0131. G\u0259nc\u0259 10.11.2022. http:\/\/ek.anl.az\/lib\/item?id=chamo:829075&amp;theme=e-kataloq<\/strong><\/h3>\n","protected":false},"excerpt":{"rendered":"<p>Qas\u0131mova\u00a0 Aynur\u00a0 Ramazan q\u0131z\u0131 QISA B\u0130OQRAF\u0130K M\u018fLUMAT 07 avqust 1979-cu ild\u0259 G\u00fcrc\u00fcstan Respublikas\u0131n\u0131n Dmanisi rayonunda ziyal\u0131 ail\u0259sind\u0259 anadan olub. 2000-ci ild\u0259n YAP-n\u0131n \u00fczv\u00fcd\u00fcr. Telefon: +994505251178 E-mail: aynur.qasimova@gdu.ed.az, aynur_gasimova7@mail.ru T\u018fHS\u0130L\u0130, ELM\u0130 D\u018fR\u018fC\u018fS\u0130 V\u018f ELM\u0130 ADLARI \u2022 1996 \u2013 c\u0131 ild\u0259 Mir C\u0259lal Pa\u015fayev ad\u0131na 39 sayl\u0131 tam orta m\u0259kt\u0259bi bitirib. \u2022 2000 \u2013 ci ild\u0259 Bak\u0131<\/p>\n<p><a href=\"http:\/\/rif.gdu.edu.az\/?page_id=511\" class=\"more-link themebutton\">Daha \u0259trafl\u0131<\/a><\/p>\n","protected":false},"author":4,"featured_media":0,"parent":0,"menu_order":0,"comment_status":"closed","ping_status":"closed","template":"","meta":{"footnotes":""},"class_list":["post-511","page","type-page","status-publish","hentry"],"_links":{"self":[{"href":"http:\/\/rif.gdu.edu.az\/index.php?rest_route=\/wp\/v2\/pages\/511","targetHints":{"allow":["GET"]}}],"collection":[{"href":"http:\/\/rif.gdu.edu.az\/index.php?rest_route=\/wp\/v2\/pages"}],"about":[{"href":"http:\/\/rif.gdu.edu.az\/index.php?rest_route=\/wp\/v2\/types\/page"}],"author":[{"embeddable":true,"href":"http:\/\/rif.gdu.edu.az\/index.php?rest_route=\/wp\/v2\/users\/4"}],"replies":[{"embeddable":true,"href":"http:\/\/rif.gdu.edu.az\/index.php?rest_route=%2Fwp%2Fv2%2Fcomments&post=511"}],"version-history":[{"count":9,"href":"http:\/\/rif.gdu.edu.az\/index.php?rest_route=\/wp\/v2\/pages\/511\/revisions"}],"predecessor-version":[{"id":6860,"href":"http:\/\/rif.gdu.edu.az\/index.php?rest_route=\/wp\/v2\/pages\/511\/revisions\/6860"}],"wp:attachment":[{"href":"http:\/\/rif.gdu.edu.az\/index.php?rest_route=%2Fwp%2Fv2%2Fmedia&parent=511"}],"curies":[{"name":"wp","href":"https:\/\/api.w.org\/{rel}","templated":true}]}}