{"id":508,"date":"2015-12-29T11:35:46","date_gmt":"2015-12-29T09:35:46","guid":{"rendered":"http:\/\/rif.gdu.edu.az\/?page_id=508"},"modified":"2025-02-24T07:47:32","modified_gmt":"2025-02-24T05:47:32","slug":"n-%c9%99-neym%c9%99tov","status":"publish","type":"page","link":"http:\/\/rif.gdu.edu.az\/?page_id=508","title":{"rendered":"Riyazi analiz"},"content":{"rendered":"<h2 style=\"text-align: center;\">Neym\u0259tov\u00a0 Nazim\u00a0 \u018fs\u0259dulla\u00a0 o\u011flu<\/h2>\n<p><img loading=\"lazy\" decoding=\"async\" class=\"wp-image-5433 aligncenter\" src=\"http:\/\/rif.gdu.edu.az\/wp-content\/uploads\/2024\/02\/Nazim.jpeg\" alt=\"\" width=\"318\" height=\"479\" srcset=\"http:\/\/rif.gdu.edu.az\/wp-content\/uploads\/2024\/02\/Nazim.jpeg 1157w, http:\/\/rif.gdu.edu.az\/wp-content\/uploads\/2024\/02\/Nazim-768x1156.jpeg 768w, http:\/\/rif.gdu.edu.az\/wp-content\/uploads\/2024\/02\/Nazim-1021x1536.jpeg 1021w\" sizes=\"auto, (max-width: 318px) 100vw, 318px\" \/><\/p>\n<h3>QISA B\u0130OQRAF\u0130K M\u018fLUMAT<\/h3>\n<h3><strong>1 aprel 1975-ci ild\u0259 L\u0259nk\u0259ran \u015f\u0259h\u0259rind\u0259\u00a0 anadan olmu\u015fdur.<\/strong><\/h3>\n<h3><strong>2001-ci ild\u0259n YAP-\u0131n \u00fczv\u00fcd\u00fcr.<\/strong><\/h3>\n<h3><strong>Telefon: <\/strong>+994558341901<\/h3>\n<h3><strong>E-mail: <\/strong>nneymetov@yandex.ru<\/h3>\n<h3><\/h3>\n<h3>T\u018fHS\u0130L\u0130, ELM\u0130 D\u018fR\u018fC\u018fS\u0130 V\u018f ELM\u0130 ADLARI<\/h3>\n<ol>\n<li>\n<h3><strong>1994-1998-ci ill\u0259r G\u0259nc\u0259 D\u00f6vl\u0259t Universiteti, Riyaziyyat-infomatika fak\u00fclt\u0259si<\/strong><\/h3>\n<\/li>\n<li>\n<h3><strong>1998-2000-ci ill\u0259r G\u0259nc\u0259 D\u00f6vl\u0259t Universiteti, Riyazi analiz ixtisas\u0131 \u00fczr\u0259 magistr<\/strong><\/h3>\n<\/li>\n<li>\n<h3><strong>Riyaziyyat \u00fczr\u0259 f\u0259ls\u0259f\u0259 doktoru, dosent<\/strong><\/h3>\n<\/li>\n<\/ol>\n<h3><\/h3>\n<h3>\u018fM\u018fK F\u018fAL\u0130YY\u018fT\u0130<\/h3>\n<h3><strong>2000-ci ild\u0259n haz\u0131rki vaxta q\u0259d\u0259r G\u0259nc\u0259 D\u00f6vl\u0259t Universitetinin m\u00fc\u0259llimi v\u0259 ba\u015f m\u00fc\u0259llimi, dosent i\u015fl\u0259mi\u015fdir.<\/strong><\/h3>\n<h3><\/h3>\n<h3>T\u018fDQ\u0130QAT SAH\u018fS\u0130<\/h3>\n<ul>\n<li>\n<h3><strong>Funksional analiz, \u00fcmumil\u0259\u015fmi\u015f funksiyalar, daxilolma teoreml\u0259ri, riyazi m\u0259ntiq, qeyri-s\u0259lis m\u0259ntiq, diskret riyaziyyat<\/strong><\/h3>\n<\/li>\n<\/ul>\n<h3><\/h3>\n<h3>BEYN\u018fLXALQ SEM\u0130NAR, S\u0130MPOZ\u0130UM V\u018f KONFRANSLARDA \u0130\u015eT\u0130RAKI<\/h3>\n<ul>\n<li>\n<h3><strong>15-d\u0259n art\u0131q beyn\u0259lxalq v\u0259 3 respublika elmi konfranslar\u0131nda m\u00fcxt\u0259lif m\u00f6vzulu m\u0259ruz\u0259l\u0259rl\u0259 \u00e7\u0131x\u0131\u015f etmi\u015fdir.<\/strong><\/h3>\n<\/li>\n<\/ul>\n<h3><\/h3>\n<h3>SE\u00c7\u0130LM\u0130\u015e \u018fS\u018fRL\u018fR\u0130<\/h3>\n<ul>\n<li>\n<h3><strong>\u0423\u0441\u0442\u043e\u0439\u0447\u0438\u0432\u043e\u0441\u0442\u044c \u0441\u043f\u043b\u043e\u0448\u043d\u043e\u0439 \u043a\u0440\u0443\u0433\u043b\u044b\u0439, \u043d\u0435\u043e\u0434\u043d\u043e\u0440\u043e\u0434\u043d\u044b\u0439 \u043e\u0440\u0442\u043e\u0442\u0440\u043e\u043f\u043d\u043e\u0439 \u043f\u043b\u0430\u0441\u0442\u0438\u043d &#8211; \u201cElmi x\u0259b\u0259rl\u0259r\u201d T\u0259bi\u0259t elml\u0259ri b\u00f6lm\u0259si, L\u0259nk\u0259ran D\u00f6vl\u0259t Universiteti, 2018, s.213-216<\/strong><\/h3>\n<\/li>\n<li>\n<h3><strong>R<sup>3<\/sup> f\u0259zas\u0131nda 1\/r<sup>l<\/sup> funksiyas\u0131n\u0131n m\u00fcst\u0259vi dal\u011falara ayr\u0131lmas\u0131 &#8211; Elmi x\u0259b\u0259rl\u0259r.Fundamental, humanitar v\u0259 t\u0259bi\u0259t elml\u0259ri seriyas\u0131, GDU, 2019, s.19-24<\/strong><\/h3>\n<\/li>\n<li>\n<h3><strong>Unilateral Global Bifurcation from Infinity in Nonlinearizable One-Dimensional Dirac Problems (\u0130nternational Journal of Bifurcation and Chaos, World Scientific Publishing Company PTE LTD, Singapore)<\/strong><\/h3>\n<\/li>\n<li>\n<h3><strong>\u0414\u0438\u0444\u0444\u0435\u0440\u0435\u043d\u0446\u0438\u0430\u043b\u044c\u043d\u044b\u0435 \u0441\u0432\u043e\u0439\u0441\u0442\u0432\u0430 \u0444\u0443\u043d\u043a\u0446\u0438\u0439 f(x)=V(G,x). \u041c\u0435\u0436\u0434\u0443\u043d\u0430\u0440\u043e\u0434\u043d\u044b\u0439 \u043d\u0430\u0443\u0447\u043d\u043e-\u0438\u0441\u0441\u043b\u0435\u0434\u043e\u0432\u0430\u0442\u0435\u043b\u044c\u0441\u043a\u0438\u0439 \u0436\u0443\u0440\u043d\u0430\u043b \u0433. \u0415\u043a\u0430\u0442\u0435\u0440\u0438\u043d\u0431\u0443\u0440\u0433, \u0420\u043e\u0441\u0441\u0438\u044f<\/strong><\/h3>\n<\/li>\n<li>\n<h3><strong>\u0418\u0441\u0441\u043b\u0435\u0434\u043e\u0432\u0430\u043d\u0438\u0435 \u0441\u043e\u0431\u0441\u0442\u0432\u0435\u043d\u043d\u044b\u0445 \u0437\u043d\u0430\u0447\u0435\u043d\u0438\u0439, \u0441\u043e\u0431\u0441\u0442\u0432\u0435\u043d\u043d\u044b\u0445 \u0444\u0443\u043d\u043a\u0446\u0438\u0439 \u043e\u0434\u043d\u043e\u0439 <span style=\"font-size: 21.06px;\">\u043a\u0440\u0438\u0432\u043e\u0439<\/span> \u0437\u0430\u0434\u0430\u0447 &#8211; \u0412\u0435\u0441\u0442\u043d\u0438\u043a \u043d\u0430\u0443\u043a\u0438. \u0421\u0431\u043e\u0440\u043d\u0438\u043a \u0441\u0442\u0430\u0442\u0435\u0439 \u043f\u043e \u043c\u0430\u0442\u0435\u0440\u0438\u0430\u043b\u0430\u043c \u0425 \u041c\u0435\u0436\u0434\u0443\u043d\u0430\u0440\u043e\u0434\u043d\u043e\u0439 \u041d\u0430\u0443\u0447\u043d\u043e-\u041f\u0440\u0430\u043a\u0442\u0438\u0447\u0435\u0441\u043a\u043e\u0439 \u041a\u043e\u043d\u0444\u0435\u0440\u0435\u043d\u0446\u0438\u0438 \u0410\u043a\u0442\u0443\u0430\u043b\u044c\u043d\u044b\u0435 \u0432\u043e\u043f\u0440\u043e\u0441\u044b \u0441\u043e\u0432\u0440\u0435\u043c\u0435\u043d\u043d\u043e\u0439 \u043d\u0430\u0443\u043a\u0438, \u0422\u043e\u043c\u0441\u043a, 2018, s.177-183<\/strong><\/h3>\n<\/li>\n<li>\n<h3><strong>\u0413\u0440\u0430\u043d\u0438\u0447\u043d\u044b\u0435 \u0441\u0432\u043e\u0439\u0441\u0442\u0432\u0430 \u0444\u0443\u043d\u043a\u0446\u0438\u0439 \u0438\u0437 \u0432\u0435\u0441\u043e\u0432\u044b\u0445 \u043f\u0440\u043e\u0441\u0442\u0440\u0430\u043d\u0441\u0442\u0432 \u0444\u0443\u043d\u043a\u0446\u0438\u0439 \u0441\u043e \u0441\u043c\u0435\u0448\u0430\u043d\u043d\u044b\u043c\u0438 \u0434\u0438\u0444\u0444\u0435\u0440\u0435\u043d\u0446\u0438\u0430\u043b\u044c\u043d\u043e-\u0440\u0430\u0437\u043d\u043e\u0441\u0442\u043d\u044b\u043c\u0438 \u0445\u0430\u0440\u0430\u043a\u0442\u0435\u0440\u0438\u0441\u0442\u0438\u043a\u0430\u043c\u0438 SCIENCE AND TECHNOLOGY INNOVATIONS, II \u041c\u0435\u0436\u0434\u0443\u043d\u0430\u0440\u043e\u0434\u043d\u0430\u044f \u043d\u0430\u0443\u0447\u043d\u043e-\u043f\u0440\u0430\u043a\u0442\u0438\u0447\u0435\u0441\u043a\u0430\u044f \u043a\u043e\u043d\u0444\u0435\u0440\u0435\u043d\u0446\u0438\u044f, \u0433. \u041f\u0435\u0442\u0440\u043e\u0437\u0430\u0432\u043e\u0434\u0441\u043a, \u0420\u043e\u0441\u0441\u0438\u0439\u0441\u043a\u0430\u044f \u0424\u0435\u0434\u0435\u0440\u0430\u0446\u0438\u044f<\/strong><\/h3>\n<\/li>\n<li>\n<h3><strong>\u0424\u043e\u0440\u043c\u0443\u043b\u0430 \u0420\u0438\u043c\u0430\u043d\u0430 \u0438 \u043e\u0431\u043b\u0430\u0441\u0442\u0438 \u0438\u0445 \u043f\u0440\u0438\u043c\u0435\u043d\u0435\u043d\u0438\u0439 <a href=\"https:\/\/www.sciencen.org\/konferencii\/tech-research\/\">SCIENCE AND TECHNOLOGY RESEARCH<\/a><\/strong><\/h3>\n<\/li>\n<\/ul>\n<h3><strong>\u00a0\u00a0\u00a0\u00a0\u00a0\u00a0 III \u041c\u0435\u0436\u0434\u0443\u043d\u0430\u0440\u043e\u0434\u043d\u0430\u044f \u043d\u0430\u0443\u0447\u043d\u043e-\u043f\u0440\u0430\u043a\u0442\u0438-\u0447\u0435\u0441\u043a\u0430\u044f\u00a0\u043a\u043e\u043d\u0444\u0435\u0440\u0435\u043d\u0446\u0438\u044f\u0433.\u041f\u0435\u0442\u0440\u043e\u0437\u0430\u0432\u043e\u0434\u0441\u043a, \u0420\u043e\u0441\u0441\u0438\u0439\u0441\u043a\u0430\u044f \u00a0\u00a0 \u00a0\u00a0\u00a0\u00a0\u00a0\u00a0 \u0424\u0435\u0434\u0435\u0440\u0430\u0446\u0438\u044f<\/strong><\/h3>\n<ul>\n<li>\n<h3><strong>Nodal Solutions of Certain Boundary Value Problem for Fourth Order Ordinary Differential Equations &#8211; Caspian Journal of Applied Mathematics, Ecology and Economics (riyaziyyat \u00fczr\u0259), 2022, s.3-10<\/strong><\/h3>\n<\/li>\n<li>\n<h3><strong><a href=\"http:\/\/trans.imm.az\/inpress\/4301-10.pdf\">On homogeneous integral equations of Fredholm type in the spaces of Bohr almost periodic functions<\/a> &#8211; TRANSACTIONS ISSUE MATHEMATICS Series of physical-technical &amp; mathematics science\u00a0 National Academy of Sciences of Azerbaijan, 2023, s.1-12<\/strong><\/h3>\n<\/li>\n<\/ul>\n<h3><\/h3>\n<h3>K\u0130TABLAR<\/h3>\n<ol>\n<li>\n<h3><strong>Riyazi m\u0259ntiq (f\u0259nn proqram\u0131)<\/strong><\/h3>\n<\/li>\n<li>\n<h3><strong>Riyaziyyat tarixi (f\u0259nn proqram\u0131)<\/strong><\/h3>\n<\/li>\n<li>\n<h3><strong>H\u0259qiqi d\u0259yi\u015f\u0259nli funksiyalar n\u0259z\u0259riyy\u0259si (f\u0259nn proqram\u0131)<\/strong><\/h3>\n<\/li>\n<li>\n<h3><strong>Riyazi analiz. Bird\u0259yi\u015f\u0259nli diferensial hesab\u0131n\u0131n b\u0259zi elementl\u0259ri (metodik g\u00f6st\u0259ri\u015f)<\/strong><\/h3>\n<\/li>\n<li>\n<h3><strong>\u0412\u0435\u0441\u043e\u0432\u044b\u0435 <span style=\"font-size: 21.06px;\">\u0438\u043d\u0442\u0435\u0433\u0440\u0430\u043b\u044c\u043d\u044b\u0435<\/span>\u00a0\u043f\u0440\u0435\u0434\u0441\u0442\u0430\u0432\u043b\u0435\u043d\u0438\u044f \u0438 \u043d\u0435\u043a\u043e\u0442\u043e\u0440\u044b\u0435 \u0442\u0435\u043e\u0440\u0435\u043c\u044b \u0432\u043b\u043e\u0436\u0435\u043d\u0438\u044f (monoqrafiya)<\/strong><\/h3>\n<\/li>\n<li>\n<h3><strong>Riyazi m\u0259ntiq (klassik v\u0259 m\u00fcasir m\u0259ntiq) (d\u0259rs v\u0259saiti)<\/strong><\/h3>\n<\/li>\n<li>\n<h3><strong>X\u0259tti c\u0259br v\u0259 riyazi analiz. (d\u0259rs v\u0259saiti)<\/strong><\/h3>\n<\/li>\n<li>\n<h3><strong>\u018fd\u0259di s\u0131ralar. (d\u0259rs v\u0259saiti)<\/strong><\/h3>\n<\/li>\n<\/ol>\n","protected":false},"excerpt":{"rendered":"<p>Neym\u0259tov\u00a0 Nazim\u00a0 \u018fs\u0259dulla\u00a0 o\u011flu QISA B\u0130OQRAF\u0130K M\u018fLUMAT 1 aprel 1975-ci ild\u0259 L\u0259nk\u0259ran \u015f\u0259h\u0259rind\u0259\u00a0 anadan olmu\u015fdur. 2001-ci ild\u0259n YAP-\u0131n \u00fczv\u00fcd\u00fcr. Telefon: +994558341901 E-mail: nneymetov@yandex.ru T\u018fHS\u0130L\u0130, ELM\u0130 D\u018fR\u018fC\u018fS\u0130 V\u018f ELM\u0130 ADLARI 1994-1998-ci ill\u0259r G\u0259nc\u0259 D\u00f6vl\u0259t Universiteti, Riyaziyyat-infomatika fak\u00fclt\u0259si 1998-2000-ci ill\u0259r G\u0259nc\u0259 D\u00f6vl\u0259t Universiteti, Riyazi analiz ixtisas\u0131 \u00fczr\u0259 magistr Riyaziyyat \u00fczr\u0259 f\u0259ls\u0259f\u0259 doktoru, dosent \u018fM\u018fK F\u018fAL\u0130YY\u018fT\u0130 2000-ci ild\u0259n<\/p>\n<p><a href=\"http:\/\/rif.gdu.edu.az\/?page_id=508\" class=\"more-link themebutton\">Daha \u0259trafl\u0131<\/a><\/p>\n","protected":false},"author":4,"featured_media":0,"parent":0,"menu_order":0,"comment_status":"closed","ping_status":"closed","template":"","meta":{"footnotes":""},"class_list":["post-508","page","type-page","status-publish","hentry"],"_links":{"self":[{"href":"http:\/\/rif.gdu.edu.az\/index.php?rest_route=\/wp\/v2\/pages\/508","targetHints":{"allow":["GET"]}}],"collection":[{"href":"http:\/\/rif.gdu.edu.az\/index.php?rest_route=\/wp\/v2\/pages"}],"about":[{"href":"http:\/\/rif.gdu.edu.az\/index.php?rest_route=\/wp\/v2\/types\/page"}],"author":[{"embeddable":true,"href":"http:\/\/rif.gdu.edu.az\/index.php?rest_route=\/wp\/v2\/users\/4"}],"replies":[{"embeddable":true,"href":"http:\/\/rif.gdu.edu.az\/index.php?rest_route=%2Fwp%2Fv2%2Fcomments&post=508"}],"version-history":[{"count":7,"href":"http:\/\/rif.gdu.edu.az\/index.php?rest_route=\/wp\/v2\/pages\/508\/revisions"}],"predecessor-version":[{"id":6857,"href":"http:\/\/rif.gdu.edu.az\/index.php?rest_route=\/wp\/v2\/pages\/508\/revisions\/6857"}],"wp:attachment":[{"href":"http:\/\/rif.gdu.edu.az\/index.php?rest_route=%2Fwp%2Fv2%2Fmedia&parent=508"}],"curies":[{"name":"wp","href":"https:\/\/api.w.org\/{rel}","templated":true}]}}