{"id":506,"date":"2015-12-29T11:33:10","date_gmt":"2015-12-29T09:33:10","guid":{"rendered":"http:\/\/rif.gdu.edu.az\/?page_id=506"},"modified":"2025-02-24T07:51:26","modified_gmt":"2025-02-24T05:51:26","slug":"n-f-b%c9%99sirova","status":"publish","type":"page","link":"http:\/\/rif.gdu.edu.az\/?page_id=506","title":{"rendered":"Riyazi analiz"},"content":{"rendered":"<h2 style=\"text-align: center;\">B\u0259\u015firova Nur\u0259ngiz Firuz q\u0131z\u0131<\/h2>\n<p><img loading=\"lazy\" decoding=\"async\" class=\"wp-image-5439 aligncenter\" src=\"http:\/\/rif.gdu.edu.az\/wp-content\/uploads\/2024\/02\/Nur\u0259ngiz.jpeg\" alt=\"\" width=\"312\" height=\"413\" \/><\/p>\n<h3><strong>QISA B\u0130OQRAF\u0130K M\u018fLUMAT<\/strong><\/h3>\n<h3>14 avqust 1974-c\u00fc ild\u0259 -ci ild\u0259 G\u0259nc\u0259 \u015f\u0259h\u0259rind\u0259 anadan olmu\u015fdur.<\/h3>\n<h3>2000-ci ild\u0259n YAP-\u0131n \u00fczv\u00fcd\u00fcr.<\/h3>\n<h3><strong>Telefon: <\/strong>+994506434549<\/h3>\n<h3><strong>E-mail: <\/strong>nurangizbasirova@mail.ru<\/h3>\n<h3><\/h3>\n<h3><strong>T\u018fHS\u0130L\u0130, ELM\u0130 D\u018fR\u018fC\u018fS\u0130 V\u018f ELM\u0130 ADLARI<\/strong><\/h3>\n<ol>\n<li>\n<h3>1974-1978-ci ill\u0259r Az\u0259rbaycan D\u00f6vl\u0259t Pedaqoji Universiteti, Riyaziyyat fak\u00fclt\u0259si<\/h3>\n<\/li>\n<li>\n<h3><strong>2003-2005-ci<\/strong>ill\u0259r G\u0259nc\u0259 D\u00f6vl\u0259t Universitetinin Riyazi analiz kafedras\u0131nda \u2013m\u00fc\u0259llim<\/h3>\n<\/li>\n<li>\n<h3>2005-d\u0259n hal-haz\u0131rki vaxta q\u0259d\u0259r texnika \u00fczr\u0259 f\u0259ls\u0259f\u0259 doktoru, ba\u015f m\u00fc\u0259llim.<\/h3>\n<\/li>\n<\/ol>\n<h3><\/h3>\n<h3><strong>T\u018fDQ\u0130QAT SAH\u018fS\u0130<\/strong><\/h3>\n<ul>\n<li>\n<h3>Riyazi analiz, Diferensial t\u0259nlikl\u0259r, S\u0131ralar n\u0259z\u0259riyy\u0259si, Kompleks D\u0259yi\u015f\u0259nli Funksiyalar N\u0259z\u0259riyy\u0259si<\/h3>\n<\/li>\n<\/ul>\n<h3><\/h3>\n<h3><strong>BEYN\u018fLXALQ SEM\u0130NAR, S\u0130MPOZ\u0130UM V\u018f KONFRANSLARDA \u0130\u015eT\u0130RAKI<\/strong><\/h3>\n<ul>\n<li>\n<h3>8-d\u0259n art\u0131q beyn\u0259lxalq v\u0259 respublika elmi konfranslar\u0131nda m\u00fcxt\u0259lif m\u00f6vzulu m\u0259ruz\u0259l\u0259rl\u0259 \u00e7\u0131x\u0131\u015f etmi\u015fdir.<\/h3>\n<\/li>\n<\/ul>\n<h3><\/h3>\n<h3><strong>SE\u00c7\u0130LM\u0130\u015e \u018fS\u018fRL\u018fR\u0130<\/strong><\/h3>\n<ol>\n<li>\n<h3>\u0422\u0435\u043f\u043b\u043e\u0432\u044b\u0435 \u043d\u0430\u043f\u0440\u044f\u0436\u0435\u043d\u0438\u044f \u0432 \u0434\u043b\u0438\u043d\u043d\u043e\u043c \u0441\u043f\u043b\u043e\u0448\u043d\u043e\u043c \u0446\u0438\u043b\u0438\u043d\u0434\u0440\u0435 \u043f\u0440\u0438 \u043f\u043b\u043e\u0441\u043a\u043e\u043c \u043e\u0441\u0435\u0441\u0438\u043c\u043c\u0435\u0442\u0440\u0438\u0447\u043d\u043e\u043c \u0442\u0435\u043c\u043f\u0435\u0440\u0430\u0442\u0443\u0440\u043d\u043e\u043c \u043f\u043e\u043b\u0435. Telavi D\u00f6vl\u0259t Universiteti 2018.<\/h3>\n<\/li>\n<li>\n<h3>Y\u00fcks\u0259kt\u0259rtibli x\u00fcsusi t\u00f6r\u0259m\u0259lidiferensial t\u0259nlik \u00fc\u00e7\u00fcn bir qar\u0131\u015f\u0131q m\u0259s\u0259l\u0259\u00a0\u00a0\u00a0\u00a0\u00a0\u00a0\u00a0\u00a0 GDU-nun Elmi x\u0259b\u0259rl\u0259ri 2019<\/h3>\n<\/li>\n<li>\n<h3>Riyaziyyat m\u00fc\u0259llimliyi, Riyaziyyat v\u0259 informatika m\u00fc\u0259llimliyi, \u0130nformatika m\u00fc\u0259llimliyi, Komp\u00fcter elml\u0259ri ixtisaslar\u0131nda Riyazi analiz f\u0259nnind\u0259n f\u0259nn proqramlar\u0131.<\/h3>\n<\/li>\n<li>\n<h3>\u041f\u0440\u0438\u043c\u0435\u043d\u0435\u043d\u0438\u0435 \u043c\u0435\u0442\u043e\u0434\u0430 \u0424\u0443\u0440\u044c\u0435 \u043a \u0441\u043c\u0435\u0448\u0430\u043d\u043d\u043e \u0433\u0440\u0430\u043d\u0438\u0447\u043d\u043e\u0439 \u0437\u0430\u0434\u0430\u0447\u0438. Telavi D\u00f6vl\u0259t Universiteti 2018.<\/h3>\n<\/li>\n<li>\n<h3>\u041c\u0430\u0442\u0440\u0438\u0446\u0430 \u0440\u0430\u0441\u0441\u0435\u044f\u043d\u0438\u044f \u0432\u043e\u0437\u043c\u0443\u0449\u0435\u043d\u043d\u043e\u0433\u043e \u0443\u0440\u0430\u0432\u043d\u0435\u043d\u0438\u044f \u0428\u0440\u0435\u0434\u0438\u043d\u0433\u0435\u0440\u0430. \u0421\u0431\u043e\u0440\u043d\u0438\u043a \u0441\u0442\u0430\u0442\u0435\u0439 II \u041c\u0435\u0436\u0434\u0443\u043d\u0430\u0440\u043e\u0434\u043d\u043e\u0439 \u043d\u0430\u0443\u0447\u043d\u043e-\u043f\u0440\u0430\u043a\u0442\u0438\u0447\u0435\u0441\u043a\u043e\u0439 \u043a\u043e\u043d\u0444\u0435\u0440\u0435\u043d\u0446\u0438\u0438 \u00abSCIENCEANDTECHNOLOGYINNOVATIONS\u00bb. 2023<\/h3>\n<\/li>\n<li>\n<h3>\u041f\u0440\u0438\u0432\u0435\u0434\u0435\u043d\u0438\u0435 \u043d\u0435\u043a\u043e\u0442\u043e\u0440\u043e\u0433\u043e \u043a\u043b\u0430\u0441\u0441\u0430 \u043b\u0438\u043d\u0435\u0439\u043d\u044b\u0445 \u0434\u0438\u0444\u0444\u0435\u0440\u0435\u043d\u0446\u0438\u0430\u043b\u044c\u043d\u044b\u0445 \u0443\u0440\u0430\u0432\u043d\u0435\u043d\u0438\u0439 \u0433\u0438\u043f\u0435\u0440\u0431\u043e\u043b\u0438\u0447\u0435\u0441\u043a\u043e\u0433\u043e \u0442\u0438\u043f\u0430 \u043a \u043a\u043e\u043c\u043f\u0430\u043a\u0442\u043d\u044b\u043c \u0443\u0440\u0430\u0432\u043d\u0435\u043d\u0438\u044f\u043c. \u0421\u0431\u043e\u0440\u043d\u0438\u043a \u0441\u0442\u0430\u0442\u0435\u0439 II \u041c\u0435\u0436\u0434\u0443\u043d\u0430\u0440\u043e\u0434\u043d\u043e\u0439 \u043d\u0430\u0443\u0447\u043d\u043e-\u043f\u0440\u0430\u043a\u0442\u0438\u0447\u0435\u0441\u043a\u043e\u0439 \u043a\u043e\u043d\u0444\u0435\u0440\u0435\u043d\u0446\u0438\u0438 \u00abSCIENCEANDTECHNOLOGYINNOVATIONS\u00bb. 2023<\/h3>\n<\/li>\n<\/ol>\n<h3><\/h3>\n<h3><strong>K\u0130TABLARI<\/strong><\/h3>\n<ol>\n<li>\n<h3>B\u0259\u015firova, A.Qas\u0131mova \u201cRiyazi analiz\u201d D\u0259rslik G\u0259nc\u0259 2020<\/h3>\n<\/li>\n<li>\n<h3>B\u0259\u015firova \u201cFurye s\u0131ras\u0131 v\u0259 Furye \u00e7evrilm\u0259l\u0259ri\u201d Metodik v\u0259sait G\u0259nc\u0259 2022<\/h3>\n<\/li>\n<\/ol>\n","protected":false},"excerpt":{"rendered":"<p>B\u0259\u015firova Nur\u0259ngiz Firuz q\u0131z\u0131 QISA B\u0130OQRAF\u0130K M\u018fLUMAT 14 avqust 1974-c\u00fc ild\u0259 -ci ild\u0259 G\u0259nc\u0259 \u015f\u0259h\u0259rind\u0259 anadan olmu\u015fdur. 2000-ci ild\u0259n YAP-\u0131n \u00fczv\u00fcd\u00fcr. Telefon: +994506434549 E-mail: nurangizbasirova@mail.ru T\u018fHS\u0130L\u0130, ELM\u0130 D\u018fR\u018fC\u018fS\u0130 V\u018f ELM\u0130 ADLARI 1974-1978-ci ill\u0259r Az\u0259rbaycan D\u00f6vl\u0259t Pedaqoji Universiteti, Riyaziyyat fak\u00fclt\u0259si 2003-2005-ciill\u0259r G\u0259nc\u0259 D\u00f6vl\u0259t Universitetinin Riyazi analiz kafedras\u0131nda \u2013m\u00fc\u0259llim 2005-d\u0259n hal-haz\u0131rki vaxta q\u0259d\u0259r texnika \u00fczr\u0259 f\u0259ls\u0259f\u0259 doktoru,<\/p>\n<p><a href=\"http:\/\/rif.gdu.edu.az\/?page_id=506\" class=\"more-link themebutton\">Daha \u0259trafl\u0131<\/a><\/p>\n","protected":false},"author":4,"featured_media":0,"parent":0,"menu_order":0,"comment_status":"closed","ping_status":"closed","template":"","meta":{"footnotes":""},"class_list":["post-506","page","type-page","status-publish","hentry"],"_links":{"self":[{"href":"http:\/\/rif.gdu.edu.az\/index.php?rest_route=\/wp\/v2\/pages\/506","targetHints":{"allow":["GET"]}}],"collection":[{"href":"http:\/\/rif.gdu.edu.az\/index.php?rest_route=\/wp\/v2\/pages"}],"about":[{"href":"http:\/\/rif.gdu.edu.az\/index.php?rest_route=\/wp\/v2\/types\/page"}],"author":[{"embeddable":true,"href":"http:\/\/rif.gdu.edu.az\/index.php?rest_route=\/wp\/v2\/users\/4"}],"replies":[{"embeddable":true,"href":"http:\/\/rif.gdu.edu.az\/index.php?rest_route=%2Fwp%2Fv2%2Fcomments&post=506"}],"version-history":[{"count":8,"href":"http:\/\/rif.gdu.edu.az\/index.php?rest_route=\/wp\/v2\/pages\/506\/revisions"}],"predecessor-version":[{"id":6859,"href":"http:\/\/rif.gdu.edu.az\/index.php?rest_route=\/wp\/v2\/pages\/506\/revisions\/6859"}],"wp:attachment":[{"href":"http:\/\/rif.gdu.edu.az\/index.php?rest_route=%2Fwp%2Fv2%2Fmedia&parent=506"}],"curies":[{"name":"wp","href":"https:\/\/api.w.org\/{rel}","templated":true}]}}