{"id":504,"date":"2015-12-29T11:27:32","date_gmt":"2015-12-29T09:27:32","guid":{"rendered":"http:\/\/rif.gdu.edu.az\/?page_id=504"},"modified":"2025-02-24T07:26:07","modified_gmt":"2025-02-24T05:26:07","slug":"z-d-abbasov","status":"publish","type":"page","link":"http:\/\/rif.gdu.edu.az\/?page_id=504","title":{"rendered":"Riyazi analiz"},"content":{"rendered":"<h2 style=\"text-align: center;\"><strong>Abbasov Z\u0259f\u0259r Duman o\u011flu<\/strong><\/h2>\n<p><img loading=\"lazy\" decoding=\"async\" class=\" wp-image-5428 aligncenter\" src=\"http:\/\/rif.gdu.edu.az\/wp-content\/uploads\/2024\/02\/Z\u0259f\u0259r.png\" alt=\"\" width=\"296\" height=\"386\"><\/p>\n\n\n<p class=\"has-medium-font-size\"><strong>QISA B\u0130OQRAF\u0130K M\u018fLUMAT<\/strong><\/p>\n\n\n\n<p class=\"has-medium-font-size\">2 iyul 1971-ci ild\u0259 G\u0259d\u0259b\u0259y rayonu \u00c7obank\u0259nd k\u0259ndind\u0259 anadan olmu\u015fdur.<\/p>\n\n\n\n<p class=\"has-medium-font-size\"><strong>Telefon<\/strong>: +994517516694<\/p>\n\n\n\n<p class=\"has-medium-font-size\"><strong>E-mail<\/strong>: dumanl\u0131.zefer@mail.ru<\/p>\n\n\n\n<p class=\"has-medium-font-size\"><strong>T\u018fHS\u0130L\u0130, ELM\u0130 D\u018fR\u018fC\u018fS\u0130 V\u018f ELM\u0130 ADLARI<\/strong><\/p>\n\n\n\n<ol class=\"wp-block-list has-medium-font-size\">\n<li>1989-1994-c\u00fcill\u0259rBak\u0131 D\u00f6vl\u0259t Universiteti, mexanika-riyaziyyat fak\u00fclt\u0259si<\/li>\n\n\n\n<li>2007-2011-ci ill\u0259r AMEA-n\u0131n Riyaziyyat v\u0259 mexaniki \u0130nstitunda dissertant<\/li>\n\n\n\n<li>Riyaziyyat \u00fczr\u0259 f\u0259ls\u0259f\u0259 doktoru, dosent<\/li>\n\n\n\n<li>2016-c\u0131 ill\u0259r G\u0259nc\u0259 D\u00f6vl\u0259t Universitetinin Elml\u0259r doktoru proqram\u0131na uy\u011fun dissertant<\/li>\n\n\n\n<li>Az\u0259rbaycan Yaz\u0131\u00e7\u0131lar Birliyinin \u00dczv\u00fc<\/li>\n<\/ol>\n\n\n\n<p class=\"has-medium-font-size\"><strong>\u018fM\u018fK F\u018fAL\u0130YY\u018fT\u0130<\/strong><\/p>\n\n\n\n<ol class=\"wp-block-list has-medium-font-size\">\n<li>10.03.1992-30.12.1992 K\u00f6n\u00fcll\u00fc T\u0259l\u0259b\u0259 Ta\u011f\u0131m\u0131n\u0131n t\u0259rkibind\u0259 Az\u0259rbaycan Respublikas\u0131n\u0131 \u0259razi b\u00fct\u00f6vl\u00fcy\u00fc u\u011frunda ged\u0259n d\u00f6y\u00fc\u015fl\u0259rin i\u015ftirak\u00e7\u0131s\u0131, m\u00fcharib\u0259 veteran\u0131<\/li>\n\n\n\n<li>1990-1994-c\u00fc ill\u0259rd\u0259 Bak\u0131 Mayesiz Transformator Zavodunda gec\u0259 g\u00f6z\u0259t\u00e7isi<\/li>\n\n\n\n<li>1994-1995-ci ill\u0259rd\u0259 Astara rayonunun E.H\u00fcseynov ad\u0131na Supariba\u011f k\u0259nd m\u0259kt\u0259bind\u0259 fizika-riyaziyyat m\u00fc\u0259llimi<\/li>\n\n\n\n<li>1995-1997-ci ill\u0259rd\u0259 milli ordu s\u0131ralar\u0131nda h\u0259rbi xidm\u0259t ke\u00e7mi\u015fdir.<\/li>\n\n\n\n<li>1997-1998-ci iil\u0259rd\u0259 Astara rayonunun E.H\u00fcseynov ad\u0131na Supariba\u011f k\u0259nd m\u0259kt\u0259bind\u0259 fizika-riyaziyyat m\u00fc\u0259llimi<\/li>\n\n\n\n<li>2001-ci ild\u0259n hal-haz\u0131ra kimi 6 \u015feirl\u0259r kitab\u0131n\u0131n v\u0259 2 s\u0259n\u0259dli roman\u0131n m\u00fc\u0259llifi<\/li>\n\n\n\n<li>1998-2002-ci ill\u0259rAstara rayonun \u018f.\u018fliyev ad\u0131na Qap\u00e7\u0131h\u0259m\u0259ll\u0259 k\u0259nd m\u0259kt\u0259bind\u0259 direktor<\/li>\n\n\n\n<li>2002-2005<strong>&#8211;<\/strong>ci ill\u0259r G\u0259nc\u0259 D\u00f6vl\u0259t Universitetinin Riyazi analiz kafedras\u0131nda \u2013m\u00fc\u0259llim<\/li>\n\n\n\n<li>2005- 2014-c\u00fc ill\u0259r h\u0259min kafedran\u0131n ba\u015f m\u00fc\u0259llimi<\/li>\n\n\n\n<li>2014-c\u00fc ild\u0259n kafedran\u0131n dosenti<\/li>\n<\/ol>\n\n\n\n<p class=\"has-medium-font-size\"><strong>T\u018fDQ\u0130QAT SAH\u018fS\u0130<\/strong><\/p>\n\n\n\n<p class=\"has-medium-font-size\">\u2022Y\u00fcks\u0259kt\u0259rtibli x\u00fcsusi t\u00f6r\u0259m\u0259li diferensial t\u0259nlikl\u0259rin m\u00fcxt\u0259lif s\u0259rh\u0259d \u015f\u0259rtli m\u0259s\u0259l\u0259l\u0259rin h\u0259llin\u0259 t\u0259dqiqi<\/p>\n\n\n\n<p class=\"has-medium-font-size\">\u2022M\u00fcxt\u0259lif xarici t\u0259sirl\u0259r n\u0259tic\u0259sind\u0259 sonlu v\u0259 sonsuz l\u00f6vh\u0259l\u0259rd\u0259 yaranan q\u0259rarla\u015fmam\u0131\u015f elastiki temperatur v\u0259 g\u0259rginlik dal\u011falar\u0131n\u0131n riyazi modell\u0259\u015fdirilm\u0259si<strong><\/strong><\/p>\n\n\n\n<p class=\"has-medium-font-size\"><strong>BEYN\u018fLXALQ SEM\u0130NAR, S\u0130MPOZ\u0130UM V\u018f KONFRANSLARDA \u0130\u015eT\u0130RAKI<\/strong><\/p>\n\n\n\n<p class=\"has-medium-font-size\">\u2022 20-d\u0259n art\u0131q beyn\u0259lxalq v\u0259 respublika elmi konfranslar\u0131nda tezisl\u0259ri \u00e7ap olunmu\u015f v\u0259 \u00e7\u0131x\u0131\u015flar etmi\u015fdir.<\/p>\n\n\n\n<p class=\"has-medium-font-size\"><strong>SE\u00c7\u0130LM\u0130\u015e \u018fS\u018fRL\u018fR\u0130<\/strong><\/p>\n\n\n\n<p class=\"has-medium-font-size\">\u2022Pondematorq\u00fcvv\u0259l\u0259rin sonsuz laylar\u0131n temperatur v\u0259 g\u0259rginlik sah\u0259l\u0259rin\u0259 t\u0259siri haqq\u0131nda dinamik m\u0259s\u0259l\u0259, M\u00fcasir t\u0259bi\u0259t elml\u0259rinin aktual probleml\u0259ri adl\u0131 beyn\u0259lxalq konfrans, 04-05 may 2018, Bak\u0131 \u015f.<\/p>\n\n\n\n<p class=\"has-medium-font-size\">\u2022 Sonsuz uzunluqlu silindrd\u0259 g\u0259rginlik dal\u011falar\u0131n\u0131n t\u0259yinin\u0259 aid dinamik m\u0259s\u0259l\u0259, Riyaziyyat v\u0259 mexanikan\u0131 aktual probleml\u0259ri adl\u0131 elmi konfrans, 17-18 may 2018 Bak\u0131 D\u00f6vl\u0259t Universiteti<\/p>\n\n\n\n<p class=\"has-medium-font-size\">\u2022\u0422\u0435\u043f\u043b\u043e\u0432\u044b\u0435 \u043d\u0430\u043f\u0440\u044f\u0436\u0435\u043d\u0438\u044f \u0432 \u0434\u043b\u0438\u043d\u043d\u043e\u043c \u0441\u043f\u043b\u043e\u0448\u043d\u043e\u043c \u0446\u0438\u043b\u0438\u043d\u0434\u0440\u0435 \u043f\u0440\u0438 \u043f\u043b\u043e\u0441\u043a\u043e\u043c \u043e\u0441\u0435\u0441\u0438\u043c\u043c\u0435\u0442\u0440\u0438\u0447\u043d\u043e\u043c \u0442\u0435\u043c\u043f\u0435\u0440\u0430\u0442\u0443\u0440\u043d\u043e\u043c \u043f\u043e\u043b\u0435, M\u0259qal\u0259 Telavi D\u00f6vl\u0259t Universiteti, 2018<\/p>\n\n\n\n<p class=\"has-medium-font-size\">\u2022 \u041f\u0440\u0438\u043c\u0435\u043d\u0435\u043d\u0438\u0435 \u043c\u0435\u0442\u043e\u0434\u0430 \u0424\u0443\u0440\u044c\u0435 \u043a \u0441\u043c\u0435\u0448\u0430\u043d\u043d\u043e \u0433\u0440\u0430\u043d\u0438\u0447\u043d\u043e\u0439 \u0437\u0430\u0434\u0430\u0447\u0438, M\u0259qal\u0259 DOI: 10, 3618\/ESU. \u0130SSN 2411-6487, N3(60)\/2019, \u0447\u0430\u0441\u0442 4. \u0421\u0442 42-45<\/p>\n\n\n\n<p class=\"has-medium-font-size\">\u2022 \u041c\u0435\u0442\u043e\u0434\u044b \u0440\u0435\u0448\u0435\u043d\u0438\u044f \u043d\u0435\u0441\u0442\u0430\u0446\u0438\u043e\u0440\u043d\u0430\u044f \u0437\u0430\u0434\u0430\u0447\u0430 \u0442\u0435\u043f\u043b\u043e\u043f\u0440\u043e\u0432\u043e\u0434\u043d\u043e\u0441\u0442\u0438 \u0434\u043b\u044f \u0434\u043b\u0438\u043d\u043d\u043e\u0433\u043e \u043f\u043e\u043b\u043e\u0433\u043e \u0446\u0438\u043b\u0438\u043d\u0434\u0440\u0430, \u0130nternational conference 10-14 iyun 2019, Khazar University Baku<\/p>\n\n\n\n<p class=\"has-medium-font-size\">\u2022 Dair\u0259vi silindrd\u0259 istilik m\u0259nb\u0259yi intensivliyinin v\u0259 h\u0259cmi q\u00fcvv\u0259l\u0259rin t\u0259yinin\u0259 aid rabit\u0259li m\u0259s\u0259l\u0259, Riyaziyyat\u0131n t\u0259tbiqi probleml\u0259ri, Respublika konfrans\u0131. 3-4 iyun 2020, Bak\u0131 \u015f.<\/p>\n\n\n\n<p class=\"has-medium-font-size\">\u2022\u041e\u0434\u043d\u0430 \u043a\u0440\u0430\u0435\u0432\u0430\u044f \u0441\u043c\u0435\u0448\u0430\u043d\u043d\u0430\u044f \u0437\u0430\u0434\u0430\u0447\u0430 \u043c\u0435\u0442\u043e\u0434 \u0424\u0443\u0440\u044c\u0435 \u043d\u0435\u043e\u0434\u043d\u043e\u0440\u043e\u0434\u043d\u043e\u0435 \u0433\u0438\u043f\u0435\u0440\u0431\u043e\u043b\u0438\u0447\u0435\u0441\u043a\u043e\u0435 \u0443\u0440\u0430\u0432\u043d\u0435\u043d\u0438\u044f, Beyn\u0259lxalq Elmi konf, M\u00fcasir t\u0259bi\u0259t Elml\u0259ri aktual probleml\u0259ri G\u0259nc\u0259-2022<\/p>\n\n\n\n<p class=\"has-medium-font-size\">\u2022 M\u0259rk\u0259zl\u0259\u015fmi\u015f q\u00fcvv\u0259nin t\u0259siri alt\u0131nda sonlu sayda n\u00f6qt\u0259l\u0259rind\u0259n yana dart\u0131lm\u0131\u015f simin yerd\u0259yi\u015fm\u0259si, Riyaziyyat\u0131n v\u0259 Mexanikan\u0131n aktual probleml\u0259ri Respublika Elmi konfrans\u0131n\u0131n materiallar\u0131, 11-13 may 2022, Bak\u0131 \u015f.<\/p>\n\n\n\n<p class=\"has-medium-font-size\">\u2022 Sonsuz ikiqat l\u00f6vh\u0259l\u0259rd\u0259 xarici q\u00fcvv\u0259nin t\u0259siri alt\u0131nda yaranan temperatur v\u0259 g\u0259rginlik sah\u0259l\u0259rinin rabit\u0259 parametrind\u0259n as\u0131l\u0131 t\u0259yini,<\/p>\n\n\n\n<p class=\"has-medium-font-size\">Akademik \u0130brahim \u0130brahimova 110 illiyin yubileyi h\u0259sr olunmu\u015f, Respublika Elmi konfrans\u0131n\u0131n r28-29 noyabr 2022,AMEA-n\u0131n Riy. v\u0259 Mex. \u0130ns. Bak\u0131 \u015f.<\/p>\n\n\n\n<p class=\"has-medium-font-size\">\u2022 Sabit \u0259msall\u0131 y\u00fcks\u0259kt\u0259rtibli simmetrik v\u0259 qay\u0131tma diferensial t\u0259nlikl\u0259r, Elmi m\u0259qal\u0259, Beyn\u0259lxaq Elmi Jurnal\u0131 (AEM) , \u0130SSN: 2663-4619, cild:17 say\u0131 3<\/p>\n\n\n\n<p class=\"has-medium-font-size\">\u0130mport Faktor: 2,255, Bak\u0131. s\u0259h. 119-125 D01:10,36719. 2023<\/p>\n\n\n\n<p class=\"has-medium-font-size\">\u2022Displancement of a string from finitly many points under the action of centralized forces in stationary mode, Modern Problems of Mathematics and Mechanics Proceedings of the \u0130nternational Conference dedicated to the 100-th anniversary of the National Leader Heydar Al\u0131yev, Baku, 26-28 aprel 2023,26-28<\/p>\n\n\n\n<p class=\"has-medium-font-size\">. M\u0259rk\u0259zl\u0259\u015fmi\u015f q\u00fcvv\u0259nin t\u0259siri alt\u0131nda birl\u0259\u015fm\u0259 n\u00f6qt\u0259sind\u0259n&nbsp; sa\u011fa dar\u0131lm\u0131\u015f bircins olmayan elastiki \u00e7ubu\u011fun r\u0259qsi h\u0259r\u0259k\u0259ti, M\u00fcasir t\u0259bi\u0259t elml\u0259ri v\u0259 iqtisad elml\u0259rinin aktual probleml\u0259ri m\u00f6vzusunda Beyn\u0259lxalq Elmi Konfrans V hiss\u0259, 05-06 may 2023, GDU, G\u0259nc\u0259 \u015f\u0259h\u0259ri, s\u0259h. 199-201, 3 s\u0259h.<\/p>\n\n\n\n<p class=\"has-medium-font-size\">&nbsp; . Sonlu sayda n\u00f6qt\u0259l\u0259rind\u0259n sa\u011fa dart\u0131lm\u0131\u015f bircins olmayan elastiki \u00e7ubu\u011fun yerd\u0259yi\u015fm\u0259si, GDU-nun &nbsp;&nbsp;&nbsp;&nbsp;&nbsp;Elmi X\u0259b\u0259rl\u0259r Jurnal\u0131, \u21161\/(2023), s\u0259h.13-16, 4 s\u0259h.<strong><\/strong><\/p>\n\n\n\n<p class=\"has-medium-font-size\">. Sonlu sayda n\u00f6qt\u0259l\u0259rind\u0259n yana dart\u0131laraq y\u00fckl\u0259r as\u0131lm\u0131\u015f bircins simin m\u0259rk\u0259zl\u0259\u015fmi\u015f q\u00fcvv\u0259nin t\u0259siri alt\u0131nda yerd\u0259yi\u015fm\u0259si, Elmi T\u0259dqiqat Beyn\u0259lxalq Elmi Jurnal, \u0130mpakt Faktor. 0,864. 2023\/cild 3, say\u0131 7\/28-38, ISSN 2789-6919, 11 s\u0259h.<\/p>\n\n\n\n<p class=\"has-medium-font-size\">. \u0130kinci t\u0259rtib x\u00fcsusi t\u00f6r\u0259m\u0259li x\u0259tti diferensial t\u0259nlikl\u0259rin h\u0259nd\u0259si t\u0259sviri, Fizika, Riyaziyyat v\u0259 Astronomiyan\u0131n aktual probleml\u0259ri m\u00f6vzusunda III Respubilka Elmi Konfrans\u0131, 12 may 2023-c\u00fc il NDU, Nax\u00e7\u0131van \u015f\u0259h\u0259ri, 5 s\u0259h.<\/p>\n\n\n\n<p class=\"has-medium-font-size\">. Elastiki \u00e7ubu\u011fun r\u0259qsi h\u0259r\u0259k\u0259ti \u00fc\u00e7\u00fcn bir qar\u0131\u015f\u0131q m\u0259s\u0259l\u0259, Heyd\u0259r \u018fliyevin g\u00f6rm\u0259k ist\u0259diyi Universitet, AD\u0130U-nun Zaqatala filal\u0131, 08 may 2023-c\u00fc il, s\u0259h. 104-107, 4 s\u0259h.<\/p>\n\n\n\n<p class=\"has-medium-font-size\">. n \u00f6l\u00e7\u00fcl\u00fc&nbsp; dal\u011fa t\u0259nlyi \u00fc\u00e7\u00fcn bir qar\u0131\u015f\u0131q s\u0259rh\u0259d m\u0259s\u0259l\u0259si, Elmi T\u0259dqiqat Beyn\u0259lxalq Elmi Jurnal, \u0130mpakt. Faktor 0, 864.2023\/cild 3, say\u0131 8\/20-25, ISSN 2789-6919, 6 s\u0259h.<\/p>\n\n\n\n<p class=\"has-medium-font-size\">. M\u00fcxt\u0259lif s\u0259rh\u0259d m\u0259s\u0259l\u0259l\u0259ri \u00fc\u00e7\u00fcn m\u0259xsusi funksiyalar\u0131n t\u0259yini,&nbsp; AMEA-n\u0131n &nbsp;GB-nin X\u0259b\u0259rl\u0259r M\u0259cmu\u0259si T\u0259bi\u0259t v\u0259 Texnika Elml\u0259ri seriyas\u0131, \u21162(89), ISBN 5-8066-1638-4, G\u0259nc\u0259-2023, s\u0259h. 70-75, 6 s\u0259h.<\/p>\n\n\n\n<p class=\"has-medium-font-size\">. D\u0259yi\u015f\u0259n s\u0259rh\u0259d \u015f\u0259rtli r\u0259qsi proses \u00fc\u00e7\u00fcn dayan\u0131ql\u0131 h\u0259ll, Az\u0259r.Resp. Elm v\u0259 T\u0259hsil Nazir. V\u0259 ATU-nun birg\u0259 t\u0259\u015fkilat\u00e7\u0131l\u0131\u011f\u0131 il\u0259 Z\u0259f\u0259r G\u00fcn\u00fcn\u00fc\u0259 h\u0259sr olunmu\u015f\u201d Elm v\u0259 Texnologiyalar\u0131n m\u00fcasir trendl\u0259ri m\u00f6vzusunda Resp. Elmi Konfrans\u0131n\u0131n materiallar\u0131, G\u0259nc\u0259-2023, II hiss\u0259 XII b\u00f6lm\u0259, S\u0259h. 420-423, 4 s\u0259h.<\/p>\n\n\n\n<p class=\"has-medium-font-size\"><strong>K\u0130TABLAR<\/strong><\/p>\n\n\n\n<ol class=\"wp-block-list has-medium-font-size\">\n<li>Triqonometriya test, Bak\u0131 2008, 194 s\u0259h.<\/li>\n\n\n\n<li>Riyazi fizika t\u0259nlikl\u0259ri (test), Bak\u0131 2014, 254 s\u0259h.<\/li>\n\n\n\n<li>Riyazi fizika t\u0259nlikl\u0259ri, Bak\u0131 2018, 380 s\u0259h.<\/li>\n\n\n\n<li>Kompleks d\u0259yi\u015f\u0259nli funksiyalar n\u0259z\u0259riyy\u0259si, G\u0259nc\u0259 2019, 306 s\u0259h.<\/li>\n\n\n\n<li>Kompleks d\u0259yi\u015f\u0259nli funksiyalar n\u0259z\u0259riyy\u0259si, G\u0259nc\u0259 2022, 288 s\u0259h.<\/li>\n\n\n\n<li>Birt\u0259rtibli x\u00fcsusi t\u00f6r\u0259m\u0259li diferensial t\u0259nlikl\u0259r, Bak\u0131 2022, 28 s\u0259h.<\/li>\n\n\n\n<li> X\u00fcsusi T\u00f6r\u0259m\u0259li Diferensial T\u0259nlikl\u0259r, G\u0259nc\u0259 2024, 140 s\u0259h. (magistratura pill\u0259si)<\/li>\n<\/ol>\n\n\n\n<p class=\"has-medium-font-size\"><strong>&nbsp;&nbsp;&nbsp;&nbsp;&nbsp;&nbsp;&nbsp;&nbsp;&nbsp;&nbsp;&nbsp; F\u0259nn proqram\u0131:<\/strong><\/p>\n\n\n\n<ol class=\"wp-block-list has-medium-font-size\">\n<li>Riyazi fizika t\u0259nlikl\u0259ri, G\u0259nc\u0259 2018, 18 s\u0259h.<\/li>\n\n\n\n<li>X\u00fcsusi t\u00f6r\u0259m\u0259li diferensial t\u0259nlikl\u0259r, G\u0259nc\u0259 2019, 10 s\u0259h.<\/li>\n\n\n\n<li>Kompleks d\u0259yi\u015f\u0259nli funksiyalar n\u0259z\u0259riyy\u0259si, G\u0259nc\u0259 2022, 14 s\u0259h.<\/li>\n\n\n\n<li>X\u00fcsusi t\u00f6r\u0259m\u0259li diferensial t\u0259nlikl\u0259r (magistr), G\u0259nc\u0259 2023, 12 s\u0259h.<\/li>\n\n\n\n<li>Operasiya hesab\u0131 v\u0259 onun t\u0259tbiql\u0259ri (magistr), G\u0259nc\u0259 2023, 14 s\u0259h.<\/li>\n<\/ol>\n\n\n\n<p class=\"has-medium-font-size\"><strong>&nbsp;&nbsp;&nbsp;&nbsp;&nbsp;&nbsp;&nbsp;&nbsp; T\u018fLT\u0130FL\u018fR\u0130<\/strong><\/p>\n\n\n\n<ol class=\"wp-block-list has-medium-font-size\">\n<li>Az\u0259rbaycan V\u0259t\u0259n M\u00fcharib\u0259si Veteranlar \u0130ctimai Birliyi t\u0259r\u0259find\u0259n \u201cMilli Ordu-100\u201d medal\u0131<\/li>\n\n\n\n<li>Az\u0259rbaycan V\u0259t\u0259n M\u00fcharib\u0259si Veteranlar \u0130ctimai Birliyi t\u0259r\u0259find\u0259n\u00a0 \u201cM\u00fcharib\u0259 Veteran\u0131\u201d medal\u0131<\/li>\n\n\n\n<li>Az\u0259rbaycan Respublikas\u0131 Veteranlar T\u0259\u015fkilat\u0131 t\u0259r\u0259find\u0259n \u201c General H\u0259zi Aslanov\u201d ad\u0131na Yubley medal\u0131<\/li>\n\n\n\n<li>Az\u0259rbaycan V\u0259t\u0259n M\u00fcharib\u0259si Veteranlar\u0131 \u0130ctimai Birliyi t\u0259r\u0259find\u0259n\u00a0 \u201cAVMV\u0130B-25\u201d medal\u0131<\/li>\n\n\n\n<li>\u00a0V\u0259t\u0259n m\u00fcharib\u0259si veteran\u0131n d\u00f6\u015f ni\u015fan\u0131<\/li>\n\n\n\n<li>\u201cB\u00f6y\u00fck Z\u0259f\u0259r\u201d xatir\u0259 medal\u0131<\/li>\n\n\n\n<li>V\u0259t\u0259np\u0259rv\u0259rlik i\u015find\u0259 xidm\u0259tl\u0259rin\u0259 g\u00f6r\u0259 medal\u0131.<\/li>\n<\/ol>\n","protected":false},"excerpt":{"rendered":"<p>Abbasov Z\u0259f\u0259r Duman o\u011flu QISA B\u0130OQRAF\u0130K M\u018fLUMAT 2 iyul 1971-ci ild\u0259 G\u0259d\u0259b\u0259y rayonu \u00c7obank\u0259nd k\u0259ndind\u0259 anadan olmu\u015fdur. Telefon: +994517516694 E-mail: dumanl\u0131.zefer@mail.ru T\u018fHS\u0130L\u0130, ELM\u0130 D\u018fR\u018fC\u018fS\u0130 V\u018f ELM\u0130 ADLARI \u018fM\u018fK F\u018fAL\u0130YY\u018fT\u0130 T\u018fDQ\u0130QAT SAH\u018fS\u0130 \u2022Y\u00fcks\u0259kt\u0259rtibli x\u00fcsusi t\u00f6r\u0259m\u0259li diferensial t\u0259nlikl\u0259rin m\u00fcxt\u0259lif s\u0259rh\u0259d \u015f\u0259rtli m\u0259s\u0259l\u0259l\u0259rin h\u0259llin\u0259 t\u0259dqiqi \u2022M\u00fcxt\u0259lif xarici t\u0259sirl\u0259r n\u0259tic\u0259sind\u0259 sonlu v\u0259 sonsuz l\u00f6vh\u0259l\u0259rd\u0259 yaranan q\u0259rarla\u015fmam\u0131\u015f elastiki temperatur v\u0259<\/p>\n<p><a href=\"http:\/\/rif.gdu.edu.az\/?page_id=504\" class=\"more-link themebutton\">Daha \u0259trafl\u0131<\/a><\/p>\n","protected":false},"author":4,"featured_media":0,"parent":0,"menu_order":0,"comment_status":"closed","ping_status":"closed","template":"","meta":{"footnotes":""},"class_list":["post-504","page","type-page","status-publish","hentry"],"_links":{"self":[{"href":"http:\/\/rif.gdu.edu.az\/index.php?rest_route=\/wp\/v2\/pages\/504","targetHints":{"allow":["GET"]}}],"collection":[{"href":"http:\/\/rif.gdu.edu.az\/index.php?rest_route=\/wp\/v2\/pages"}],"about":[{"href":"http:\/\/rif.gdu.edu.az\/index.php?rest_route=\/wp\/v2\/types\/page"}],"author":[{"embeddable":true,"href":"http:\/\/rif.gdu.edu.az\/index.php?rest_route=\/wp\/v2\/users\/4"}],"replies":[{"embeddable":true,"href":"http:\/\/rif.gdu.edu.az\/index.php?rest_route=%2Fwp%2Fv2%2Fcomments&post=504"}],"version-history":[{"count":7,"href":"http:\/\/rif.gdu.edu.az\/index.php?rest_route=\/wp\/v2\/pages\/504\/revisions"}],"predecessor-version":[{"id":6855,"href":"http:\/\/rif.gdu.edu.az\/index.php?rest_route=\/wp\/v2\/pages\/504\/revisions\/6855"}],"wp:attachment":[{"href":"http:\/\/rif.gdu.edu.az\/index.php?rest_route=%2Fwp%2Fv2%2Fmedia&parent=504"}],"curies":[{"name":"wp","href":"https:\/\/api.w.org\/{rel}","templated":true}]}}