{"id":500,"date":"2015-12-29T11:21:17","date_gmt":"2015-12-29T09:21:17","guid":{"rendered":"http:\/\/rif.gdu.edu.az\/?page_id=500"},"modified":"2024-03-02T20:15:00","modified_gmt":"2024-03-02T18:15:00","slug":"l-i-qocayeva","status":"publish","type":"page","link":"http:\/\/rif.gdu.edu.az\/?page_id=500","title":{"rendered":"\u00dcmumi riyaziyyat"},"content":{"rendered":"<h2 style=\"text-align: center;\"><strong>Dosent Qocayeva<\/strong> <strong>Lal\u0259<\/strong> <strong>\u0130slam<\/strong> <strong>q\u0131z\u0131<\/strong><\/h2>\n<p><strong><img loading=\"lazy\" decoding=\"async\" class=\" wp-image-3260 aligncenter\" src=\"http:\/\/rif.gdu.edu.az\/wp-content\/uploads\/2021\/07\/r-17.jpg\" alt=\"\" width=\"344\" height=\"431\">&nbsp;<\/strong><\/p>\n<h3><strong>QISA B\u0130OQRAF\u0130K M\u018fLUMAT<\/strong><\/h3>\n<h3>23 iyul 1964-c\u00fc ild\u0259 Sumqay\u0131t \u015f\u0259h\u0259rind\u0259 anadan olmu\u015fdur.<\/h3>\n<h3>Ail\u0259lidir, \u00fc\u00e7 \u00f6vlad\u0131 var. 1998-ci ild\u0259n YAP-\u0131n \u00fczv\u00fcd\u00fcr.<\/h3>\n<h3><strong>Telefon:&nbsp;<\/strong>+994503450080<\/h3>\n<h3><strong>E-mail:&nbsp;<\/strong><strong>lalaqocayeva64@gmail.com<\/strong><\/h3>\n<h3><strong>T\u018fHS\u0130L\u0130, ELM\u0130 D\u018fR\u018fC\u018fS\u0130 V\u018f ELM\u0130 ADLARI<\/strong><\/h3>\n<ul>\n<li>\n<h3>1981-1986-c\u0131 ill\u0259rd\u0259 Az\u0259rbaycan D\u00f6vl\u0259t Universiteti, T\u0259tbiqi riyaziyyat<\/h3>\n<\/li>\n<li>\n<h3>1998-ci ild\u0259 RTM-d\u0259 dissertant<\/h3>\n<\/li>\n<li>\n<h3>2003-c\u00fc ild\u0259 Pedaqoji elml\u0259r namiz\u0259di<\/h3>\n<\/li>\n<li>\n<h3>2008-ci ild\u0259 Riyazi analiz kafedras\u0131n\u0131n dosenti<\/h3>\n<\/li>\n<\/ul>\n<h3><strong>\u018fM\u018fK F\u018fAL\u0130YY\u018fT\u0130<\/strong><\/h3>\n<ul>\n<li>\n<h3>1987-1988-ci ill\u0259rd\u0259 Elm k\u0259rk\u0259zind\u0259 m\u00fch\u0259ndis proqram\u00e7\u0131<\/h3>\n<\/li>\n<li>\n<h3>1998-2001-ci ill\u0259rd\u0259 GDU-nun Riyazi analiz kafedras\u0131n\u0131n stajor m\u00fc\u0259llim<\/h3>\n<\/li>\n<li>\n<h3>2001-2002- ci ill\u0259rd\u0259 GDU-nun Riyazi analiz kafedras\u0131n\u0131n m\u00fc\u0259llimi<\/h3>\n<\/li>\n<li>\n<h3>2002-2006- ci ill\u0259rd\u0259 GDU-nun Pedaqoji elml\u0259r namiz\u0259di, ba\u015f m\u00fc\u0259llim<\/h3>\n<\/li>\n<li>\n<h3>2006-2022 c\u0131 ill\u0259rd\u0259 Riyazi analiz kafedras\u0131n\u0131n dosenti<\/h3>\n<\/li>\n<\/ul>\n<h3>2023-c\u00fc ild\u0259n hal-haz\u0131ra kimi Riyazi analiz kafedras\u0131n\u0131n dosenti<\/h3>\n<h3><strong>BEYN\u018fLXALQ SEM\u0130NAR, S\u0130MPOZ\u0130UM V\u018f KONFRANSLARDA \u0130\u015eT\u0130RAKI<\/strong><\/h3>\n<ul>\n<li>\n<h3>10-dan art\u0131q Beyn\u0259lxalq v\u0259 respublika elmi konfransda \u00e7\u0131x\u0131\u015f etmi\u015fdir.<\/h3>\n<\/li>\n<\/ul>\n<h3><strong>SE\u00c7\u0130LM\u0130\u015e \u018fS\u018fRL\u018fR\u0130<\/strong><\/h3>\n<ul>\n<li>\n<h3>Riyaziyyat t\u0259limind\u0259 yeni texnologiyalar v\u0259 onlar\u0131n didaktik funksiyalar\u0131 Bak\u0131 2022<\/h3>\n<\/li>\n<li>\n<h3>Riyazi analiz f\u0259nnin t\u0259drisind\u0259 komp\u00fcter texnologitalar\u0131n\u0131n t\u0259tbiqi metodikas\u0131<\/h3>\n<\/li>\n<\/ul>\n<h3>&#8211; T\u0259hsild\u0259 \u0130KT elmi metodiki jurnal 2018<\/h3>\n<ul>\n<li>\n<h3>Virtual t\u0259lim sisteml\u0259ri &#8211; texnologiyalar\u0131-\u00abElm v\u0259 h\u0259yat\u00bb Bak\u0131 2018<\/h3>\n<\/li>\n<li>\n<h3>\u0410\u043b\u0433\u043e\u0440\u0438\u0442\u043c \u0440\u0435\u0448\u0435\u043d\u0438\u044f \u0437\u0430\u0434\u0430\u0447\u0438 \u041a\u043e\u0448\u0438 \u0434\u043b\u044f \u0441\u0442\u0430\u0446\u0438\u043e\u043d\u0430\u0440\u043d\u044b\u0445 \u043b\u0438\u043d\u0435\u0439\u043d\u044b\u0445 \u0441\u0438\u0441\u0442\u0435\u043c \u043e\u0431\u044b\u043a\u043d\u043e\u0432\u0435\u043d\u043d\u044b\u0445 \u0434\u0438\u0444\u0444\u0435\u0440\u0435\u043d\u0446\u0438\u0430\u043b\u044c\u043d\u044b\u0445 \u0443\u0440\u0430\u0432\u043d\u0435\u043d\u0438\u0439 \u0434\u0440\u043e\u0432\u043d\u043e\u0433\u043e \u043f\u043e\u0440\u044f\u0434\u043a\u0430- \u0411\u0414\u0423 \u041f\u0420\u041e\u0421\u0415\u0415\u0414\u042b\u0422\u044d\u0421 \u043e\u0444 \u0442\u0449\u0435 \u0438\u043d\u0441\u0442\u0438\u0442\u0443\u0442\u0435 \u043e\u0444 \u0430\u043f\u043f\u043b\u0438\u0435\u0434\u043c\u0430\u0442\u0449\u0435\u043c\u0430\u0442\u0438\u044a\u0441 \u04127 2018<\/h3>\n<\/li>\n<li>\n<h3>Riyaziyyat t\u0259limind\u0259 yeni texnologiyalar v\u0259 onlar\u0131n didaktik funksiyalar- BSU \u201cHumanitar elml\u0259rin \u00f6yr\u0259nilm\u0259sinin aktual probleml\u0259ri\u201d-2022<\/h3>\n<\/li>\n<\/ul>\n<h3><strong>&nbsp;&nbsp;&nbsp;&nbsp; K\u0130TABLAR<\/strong><\/h3>\n<ul>\n<li>\n<h3>Riyaziyyatdan m\u0259s\u0259l\u0259 v\u0259 misallar (h\u0259lli il\u0259) Bak\u0131 2006 (d\u0259rs v\u0259saiti)<\/h3>\n<\/li>\n<li>\n<h3>Virtual t\u0259lim sisteml\u0259ri, texnologiyalar\u0131 Bak\u0131 2018 (d\u0259rs v\u0259saiti)<\/h3>\n<\/li>\n<\/ul>\n","protected":false},"excerpt":{"rendered":"<p>Dosent Qocayeva Lal\u0259 \u0130slam q\u0131z\u0131 &nbsp; QISA B\u0130OQRAF\u0130K M\u018fLUMAT 23 iyul 1964-c\u00fc ild\u0259 Sumqay\u0131t \u015f\u0259h\u0259rind\u0259 anadan olmu\u015fdur. Ail\u0259lidir, \u00fc\u00e7 \u00f6vlad\u0131 var. 1998-ci ild\u0259n YAP-\u0131n \u00fczv\u00fcd\u00fcr. Telefon:&nbsp;+994503450080 E-mail:&nbsp;lalaqocayeva64@gmail.com T\u018fHS\u0130L\u0130, ELM\u0130 D\u018fR\u018fC\u018fS\u0130 V\u018f ELM\u0130 ADLARI 1981-1986-c\u0131 ill\u0259rd\u0259 Az\u0259rbaycan D\u00f6vl\u0259t Universiteti, T\u0259tbiqi riyaziyyat 1998-ci ild\u0259 RTM-d\u0259 dissertant 2003-c\u00fc ild\u0259 Pedaqoji elml\u0259r namiz\u0259di 2008-ci ild\u0259 Riyazi analiz kafedras\u0131n\u0131n dosenti<\/p>\n<p><a href=\"http:\/\/rif.gdu.edu.az\/?page_id=500\" class=\"more-link themebutton\">Daha \u0259trafl\u0131<\/a><\/p>\n","protected":false},"author":4,"featured_media":0,"parent":0,"menu_order":0,"comment_status":"closed","ping_status":"closed","template":"","meta":{"footnotes":""},"class_list":["post-500","page","type-page","status-publish","hentry"],"_links":{"self":[{"href":"http:\/\/rif.gdu.edu.az\/index.php?rest_route=\/wp\/v2\/pages\/500","targetHints":{"allow":["GET"]}}],"collection":[{"href":"http:\/\/rif.gdu.edu.az\/index.php?rest_route=\/wp\/v2\/pages"}],"about":[{"href":"http:\/\/rif.gdu.edu.az\/index.php?rest_route=\/wp\/v2\/types\/page"}],"author":[{"embeddable":true,"href":"http:\/\/rif.gdu.edu.az\/index.php?rest_route=\/wp\/v2\/users\/4"}],"replies":[{"embeddable":true,"href":"http:\/\/rif.gdu.edu.az\/index.php?rest_route=%2Fwp%2Fv2%2Fcomments&post=500"}],"version-history":[{"count":5,"href":"http:\/\/rif.gdu.edu.az\/index.php?rest_route=\/wp\/v2\/pages\/500\/revisions"}],"predecessor-version":[{"id":5722,"href":"http:\/\/rif.gdu.edu.az\/index.php?rest_route=\/wp\/v2\/pages\/500\/revisions\/5722"}],"wp:attachment":[{"href":"http:\/\/rif.gdu.edu.az\/index.php?rest_route=%2Fwp%2Fv2%2Fmedia&parent=500"}],"curies":[{"name":"wp","href":"https:\/\/api.w.org\/{rel}","templated":true}]}}