{"id":495,"date":"2015-12-29T11:06:19","date_gmt":"2015-12-29T09:06:19","guid":{"rendered":"http:\/\/rif.gdu.edu.az\/?page_id=495"},"modified":"2025-02-24T07:22:39","modified_gmt":"2025-02-24T05:22:39","slug":"a-m-huseynov","status":"publish","type":"page","link":"http:\/\/rif.gdu.edu.az\/?page_id=495","title":{"rendered":"Riyazi analiz"},"content":{"rendered":"<h2 style=\"text-align: center;\"><strong>H\u00fcseynov Abbas M\u00fcz\u0259ff\u0259r o\u011flu<\/strong><\/h2>\n<p><img loading=\"lazy\" decoding=\"async\" class=\"wp-image-5423 aligncenter\" src=\"http:\/\/rif.gdu.edu.az\/wp-content\/uploads\/2024\/02\/Abbas.png\" alt=\"\" width=\"276\" height=\"369\" \/><\/p>\n<h3><strong>QISA B\u0130OQRAF\u0130K M\u018fLUMAT<\/strong><\/h3>\n<h3><strong>1 yanvar 1948-ci ild\u0259 Qazax rayonu Yenik\u0259nd k\u0259ndind\u0259 anadan olmu\u015fdur.<\/strong><\/h3>\n<h3><strong>2004-c\u00fc ild\u0259n YAP-\u0131n \u00fczv\u00fcd\u00fcr.<\/strong><\/h3>\n<h3><strong>Telefon: +994556258890<\/strong><\/h3>\n<h3><strong>E-mail: hseynov.abbas@gmail.com<\/strong><\/h3>\n<h3><strong>\u00a0<\/strong><\/h3>\n<h3><strong>T\u018fHS\u0130L\u0130, ELM\u0130 D\u018fR\u018fC\u018fS\u0130 V\u018f ELM\u0130 ADLARI<\/strong><\/h3>\n<ul>\n<li>\n<h3><strong>1965-1970-ci ill\u0259r Az\u0259rbaycan D\u00f6vl\u0259t Universiteti<\/strong><\/h3>\n<\/li>\n<li>\n<h3><strong>1974-1977-ci ill\u0259r Az\u0259rbaycan D\u00f6vl\u0259t Universiteti, \u0259yani aspirantura<\/strong><\/h3>\n<\/li>\n<li>\n<h3><strong>Riyaziyyat \u00fczr\u0259 f\u0259ls\u0259f\u0259 doktoru, dosent<\/strong><\/h3>\n<\/li>\n<\/ul>\n<h3><strong>\u00a0<\/strong><\/h3>\n<h3><strong>\u018fM\u018fK F\u018fAL\u0130YY\u018fT\u0130<\/strong><\/h3>\n<h3><strong>1970-1974, 1977-1989, Kirovabad D\u00f6vl\u0259t pedaqoji \u0130nstitutu, m\u00fc\u0259llim<\/strong><\/h3>\n<h3><strong>1989-1996, Az\u0259rbaycan Texnologiya \u0130nstitutu, b\/m, dosent<\/strong><\/h3>\n<h3><strong>1996-2004 GDU, Qazax filial\u0131, kafedra m\u00fcdir, dekan<\/strong><\/h3>\n<h3><strong>2004-2012 Az\u0259rbaycan m\u00fc\u0259lliml\u0259r \u0130nstitutu, Qazax filial\u0131,dekan<\/strong><\/h3>\n<h3><strong>2012-GDU, dosent, kafedra m\u00fcdiri<\/strong><\/h3>\n<h3><\/h3>\n<h3><strong>T\u018fDQ\u0130QAT SAH\u018fS\u0130<\/strong><\/h3>\n<ul>\n<li>\n<h3><strong>C\u0131rla\u015fan v\u0259 qar\u0131\u015f\u0131q t\u0259nlikl\u0259r \u00fc\u00e7\u00fcn f\u0259rq seml\u0259ri n\u0259z\u0259riyy\u0259si<\/strong><\/h3>\n<\/li>\n<\/ul>\n<h3><strong>\u00a0<\/strong><\/h3>\n<h3><strong>BEYN\u018fLXALQ SEM\u0130NAR, S\u0130MPOZ\u0130UM V\u018f KONFRANSLARDA \u0130\u015eT\u0130RAKI<\/strong><\/h3>\n<ul>\n<li>\n<h3><strong>6-dan art\u0131q beyn\u0259lxalq v\u0259 respublika elmi konfranslar\u0131nda m\u00fcxt\u0259lif m\u00f6vzulu m\u0259ruz\u0259l\u0259rl\u0259 \u00e7\u0131x\u0131\u015f etmi\u015fdir.<\/strong><\/h3>\n<\/li>\n<\/ul>\n<h3><strong>SE\u00c7\u0130LM\u0130\u015e \u018fS\u018fRL\u018fR\u0130<\/strong><\/h3>\n<ul>\n<li>\n<h3><strong>ALGORITHM FOR FUNCTIONING AND CALCULATION OF<\/strong><\/h3>\n<\/li>\n<\/ul>\n<h3><strong>\u00a0\u00a0\u00a0\u00a0\u00a0\u00a0\u00a0\u00a0\u00a0 STRUCTURAL ELEMENTS OF TRIANGULAR FUZZY TIMED PETRI NETS<\/strong><\/h3>\n<h3><strong>\u0410\u043b\u0433\u043e\u0440\u0438\u0442\u043c \u0440\u0435\u0448\u0435\u043d\u0438\u044f \u0437\u0430\u0434\u0430\u0447\u0438 \u041a\u043e\u0448\u0438 \u0434\u043b\u044f \u0431\u0435\u0441\u043a\u043e\u043d\u0435\u0447\u043d\u043e\u0439 \u0441\u0438\u0441\u0442\u0435\u043c\u044b \u043d\u0435\u043b\u0438\u043d\u0435\u0439\u043d\u044b\u0445 \u0434\u0438\u0444\u0444\u0435\u0440\u0435\u043d\u0446\u0438\u0430\u043b\u044c\u043d\u044b\u0445 \u0443\u0440\u0430\u0432\u043d\u0435\u043d\u0438\u0439.\u00a0 \u0416\u0412\u041c \u0438 \u041c\u0424.\u041c\u043e\u0441\u043a\u0432\u0430, \u0420\u043e\u0441\u0441\u0438\u044f 1919<\/strong><\/h3>\n<ul>\n<li>\n<h3><strong>\u041c\u043e\u0434\u0435\u043b\u0438\u0440\u043e\u0432\u0430\u043d\u0438\u0435 \u043f\u0430\u0440\u0430\u043b\u043b\u0435\u043b\u044c\u043d\u043e \u0444\u0443\u043d\u043a\u0446\u0438\u043e\u043d\u0438\u0440\u0443\u044e\u0449\u0438\u0445 \u0443\u0441\u0442\u0440\u043e\u0439\u0441\u0442\u0432 \u043c\u0435\u0445\u0430\u043d\u043e\u043e\u0431\u0440\u0430\u0431\u043e\u0442\u043a\u0438 \u0441 \u043f\u0440\u0438\u043c\u0435\u043d\u0435\u043d\u0438\u0435\u043c \u0442\u0440\u0435\u0443\u0433\u043e\u043b\u044c\u043d\u044b\u0445 \u0432\u0440\u0435\u043c\u0435\u043d\u043d\u044b\u0445 \u043d\u0435\u0447\u0435\u0442\u043a\u0438\u0445 \u0441\u0435\u0442\u0435\u0439 \u041f\u0435\u0442\u0440\u0438<\/strong><\/h3>\n<\/li>\n<li>\n<h3><strong>\u041c\u043e\u0434\u0435\u043b\u044c \u043e\u0446\u0435\u043d\u043a\u0438 \u043f\u0440\u043e\u0438\u0437\u0432\u043e\u0434\u0438\u0442\u0435\u043b\u044c\u043d\u043e\u0441\u0442\u0438 \u043e\u0431\u0440\u0430\u0431\u0430\u0442\u044b\u0432\u0430\u044e\u0449\u0435\u0433\u043e \u0443\u0441\u0442\u0440\u043e\u0439\u0441\u0442\u0432\u0430 \u0432 \u0443\u0441\u043b\u043e\u0432\u0438\u044f\u0445 \u043d\u0435\u043e\u043f\u0440\u0435\u0434\u0435\u043b\u0450\u043d\u043d\u043e\u0441\u0442\u0438<\/strong><\/h3>\n<\/li>\n<\/ul>\n<h3><strong>\u00a0<\/strong><\/h3>\n<h3><strong>K\u0130TABLAR<\/strong><\/h3>\n<ol>\n<li>\n<h3><strong>\u018fm\u0259liyyatlar\u0131n t\u0259dqiqi, Bak\u0131 2014<\/strong><\/h3>\n<\/li>\n<li>\n<h3><strong>Ehtimal n\u0259z\u0259riyy\u0259si v\u0259 riyazi statistikan\u0131n elementl\u0259ri (m\u00fchazir\u0259l\u0259r) Bak\u0131 2014<\/strong><\/h3>\n<\/li>\n<li>\n<h3><strong>Ehtimal n\u0259z\u0259riyy\u0259si v\u0259 riyazi statistikan\u0131n elementl\u0259ri Bak\u0131 2017<\/strong><\/h3>\n<\/li>\n<li>\n<h3><strong>C\u0131rla\u015fan v\u0259 qar\u0131\u015f\u0131q tip diferensial t\u0259nlikl\u0259r. G\u0259nc\u0259 2019<\/strong><\/h3>\n<\/li>\n<li>\n<h3><strong>Furye \u00e7evirm\u0259si v\u0259 onun t\u0259tbiql\u0259ri, G\u0259nc\u0259 2023<\/strong><\/h3>\n<\/li>\n<\/ol>\n","protected":false},"excerpt":{"rendered":"<p>H\u00fcseynov Abbas M\u00fcz\u0259ff\u0259r o\u011flu QISA B\u0130OQRAF\u0130K M\u018fLUMAT 1 yanvar 1948-ci ild\u0259 Qazax rayonu Yenik\u0259nd k\u0259ndind\u0259 anadan olmu\u015fdur. 2004-c\u00fc ild\u0259n YAP-\u0131n \u00fczv\u00fcd\u00fcr. Telefon: +994556258890 E-mail: hseynov.abbas@gmail.com \u00a0 T\u018fHS\u0130L\u0130, ELM\u0130 D\u018fR\u018fC\u018fS\u0130 V\u018f ELM\u0130 ADLARI 1965-1970-ci ill\u0259r Az\u0259rbaycan D\u00f6vl\u0259t Universiteti 1974-1977-ci ill\u0259r Az\u0259rbaycan D\u00f6vl\u0259t Universiteti, \u0259yani aspirantura Riyaziyyat \u00fczr\u0259 f\u0259ls\u0259f\u0259 doktoru, dosent \u00a0 \u018fM\u018fK F\u018fAL\u0130YY\u018fT\u0130 1970-1974, 1977-1989, Kirovabad<\/p>\n<p><a href=\"http:\/\/rif.gdu.edu.az\/?page_id=495\" class=\"more-link themebutton\">Daha \u0259trafl\u0131<\/a><\/p>\n","protected":false},"author":4,"featured_media":0,"parent":0,"menu_order":0,"comment_status":"closed","ping_status":"closed","template":"","meta":{"footnotes":""},"class_list":["post-495","page","type-page","status-publish","hentry"],"_links":{"self":[{"href":"http:\/\/rif.gdu.edu.az\/index.php?rest_route=\/wp\/v2\/pages\/495","targetHints":{"allow":["GET"]}}],"collection":[{"href":"http:\/\/rif.gdu.edu.az\/index.php?rest_route=\/wp\/v2\/pages"}],"about":[{"href":"http:\/\/rif.gdu.edu.az\/index.php?rest_route=\/wp\/v2\/types\/page"}],"author":[{"embeddable":true,"href":"http:\/\/rif.gdu.edu.az\/index.php?rest_route=\/wp\/v2\/users\/4"}],"replies":[{"embeddable":true,"href":"http:\/\/rif.gdu.edu.az\/index.php?rest_route=%2Fwp%2Fv2%2Fcomments&post=495"}],"version-history":[{"count":8,"href":"http:\/\/rif.gdu.edu.az\/index.php?rest_route=\/wp\/v2\/pages\/495\/revisions"}],"predecessor-version":[{"id":6852,"href":"http:\/\/rif.gdu.edu.az\/index.php?rest_route=\/wp\/v2\/pages\/495\/revisions\/6852"}],"wp:attachment":[{"href":"http:\/\/rif.gdu.edu.az\/index.php?rest_route=%2Fwp%2Fv2%2Fmedia&parent=495"}],"curies":[{"name":"wp","href":"https:\/\/api.w.org\/{rel}","templated":true}]}}