{"id":492,"date":"2015-12-29T11:02:29","date_gmt":"2015-12-29T09:02:29","guid":{"rendered":"http:\/\/rif.gdu.edu.az\/?page_id=492"},"modified":"2025-02-24T07:21:48","modified_gmt":"2025-02-24T05:21:48","slug":"o-m-huseynov","status":"publish","type":"page","link":"http:\/\/rif.gdu.edu.az\/?page_id=492","title":{"rendered":"Riyazi analiz"},"content":{"rendered":"<h2 style=\"text-align: center;\"><strong>H\u00fcseynov Oruc Mustafa o\u011flu<\/strong><\/h2>\n<p><img loading=\"lazy\" decoding=\"async\" class=\" wp-image-3254 aligncenter\" src=\"http:\/\/rif.gdu.edu.az\/wp-content\/uploads\/2021\/07\/r-8.jpg\" alt=\"\" width=\"306\" height=\"384\" \/><\/p>\n<h3><strong>QISA B\u0130OQRAF\u0130K M\u018fLUMAT<\/strong><\/h3>\n<h3><strong>7 iyun 1954-c\u00fc ild\u0259 G\u0259nc\u0259 \u015f\u0259h\u0259rind\u0259 anadan olmu\u015fdur.<\/strong><\/h3>\n<h3><strong>2002-ci ild\u0259n Yap\u0131n \u00fczv\u00fcd\u00fcr.<\/strong><\/h3>\n<h3><strong>Telefon: +994556626177<\/strong><\/h3>\n<h3><strong>E-mail: dekanhuseynov@gmail.com<\/strong><\/h3>\n<h3><\/h3>\n<h3><strong>T\u018fHS\u0130L\u0130, ELM\u0130 D\u018fR\u018fC\u018fS\u0130 V\u018f ELM\u0130 ADLARI<\/strong><\/h3>\n<ol>\n<li>\n<h3><strong>1972-1977-ci ill\u0259r Bak\u0131 D\u00f6vl\u0259t Universiteti, Mexanika riyaziyyat fak\u00fclt\u0259si<\/strong><\/h3>\n<\/li>\n<li>\n<h3><strong>AMEA-n\u0131n Riyaziyyat v\u0259 Mexanika \u0130nstitunda, RHM-d\u0259, SSR\u0130 Neft v\u0259 Kimya S\u0259nayesi Nazirliyinin \u201cNeft kimya avtomat\u201d Elm \u0130stehsalat birliyind\u0259, ADAU-nun Ali Riyaziyyat kafedras\u0131nda v\u0259 hal-haz\u0131rda is\u0259 GDU-nun Riyaziyyat-\u0130nformatika fak\u00fclt\u0259sind\u0259 dekan v\u0259zif\u0259sind\u0259 \u00e7al\u0131\u015f\u0131r.<\/strong><\/h3>\n<\/li>\n<li>\n<h3><strong>1979-1982-ci ill\u0259r ARMEA-n\u0131n Kibernetika \u0130nstitunda aspirant<\/strong><\/h3>\n<\/li>\n<li>\n<h3><strong>Riyaziyyat \u00fczr\u0259 f\u0259ls\u0259f\u0259 doktoru, dosent<\/strong><\/h3>\n<\/li>\n<\/ol>\n<h3><strong>\u018fM\u018fK F\u018fAL\u0130YY\u018fT\u0130<\/strong><\/h3>\n<ol>\n<li>\n<h3><strong>1978-1981, L\u0259nk\u0259ran rayonu Port-Sloc \u015f\u0259h\u0259ri orta m\u0259kt\u0259bind\u0259 m\u00fc\u0259llim<\/strong><\/h3>\n<\/li>\n<li>\n<h3><strong>1982-1987-ci ill\u0259rd\u0259 AZN\u0130MESX<\/strong><\/h3>\n<\/li>\n<li>\n<h3><strong>1987-2008-ci ill\u0259rd\u0259 Az\u0259rbaycan Texnologiya Universitetind\u0259 m\u00fc\u0259llim, ba\u015f m\u00fc\u0259llim<\/strong><\/h3>\n<\/li>\n<li>\n<h3><strong>2008-ci ild\u0259n hal-haz\u0131da h\u0259min G\u0259nc\u0259 D\u00f6vl\u0259t Universitetind\u0259 ba\u015f m\u00fc\u0259llim, dosent<\/strong><\/h3>\n<\/li>\n<li>\n<h3><strong>2014-c\u00fc ild\u0259n Riyaziyyat \u2013 informatika fak\u00fclt\u0259sinin dekan\u0131d\u0131r.<\/strong><\/h3>\n<\/li>\n<\/ol>\n<h3><strong>\u00a0<\/strong><\/h3>\n<h3><strong>T\u018fDQ\u0130QAT SAH\u018fS\u0130<\/strong><\/h3>\n<ul>\n<li>\n<h3><strong>S.L.Sobolev tipli f\u0259zalarda y\u00fcks\u0259k t\u0259rtibli hiperbolik tip t\u0259nlikl\u0259r \u00fc\u00e7\u00fcn x\u0259tti lokal v\u0259 lokal olmayan ba\u015flan\u011f\u0131c v\u0259 s\u0259rh\u0259d m\u0259s\u0259l\u0259l\u0259ri, onlar\u0131n fundamental h\u0259ll\u0259ri v\u0259 optimal idar\u0259etm\u0259 m\u0259s\u0259l\u0259l\u0259rin\u0259 t\u0259tbiql\u0259ri<\/strong><\/h3>\n<\/li>\n<\/ul>\n<h3><strong>\u00a0<\/strong><\/h3>\n<h3><strong>BEYN\u018fLXALQ SEM\u0130NAR, S\u0130MPOZ\u0130UM V\u018f KONFRANSLARDA \u0130\u015eT\u0130RAKI<\/strong><\/h3>\n<ul>\n<li>\n<h3><strong>10-dan art\u0131q Beyn\u0259lxalq v\u0259 respublika elmi konfransda \u00e7\u0131x\u0131\u015f etmi\u015fdir.<\/strong><\/h3>\n<\/li>\n<\/ul>\n<h3><strong>\u00a0<\/strong><\/h3>\n<h3><strong>SE\u00c7\u0130LM\u0130\u015e \u018fS\u018fRL\u018fR\u0130<\/strong><\/h3>\n<ul>\n<li>\n<h3><strong>\u041e \u0437\u0430\u0434\u0430\u0447\u0430\u0445 \u0442\u0438\u043f\u0430 \u041a\u043e\u0448\u0438 \u0438 \u0413\u0443\u0440\u0441\u0430 \u043d\u0430 \u043b\u0438\u043d\u0438\u044f\u0445 \u0441 \u0445\u0430\u0440\u0430\u043a\u0442\u0435\u0440\u0438\u0441\u0442\u0438\u0447\u0435\u0441\u043a\u0438\u043c\u0438 \u0438 \u043d\u0435 \u0445\u0430\u0440\u0430\u043a\u0442\u0435\u0440\u0438\u0441-\u0442\u0438\u0447\u0435\u0441\u043a\u0438\u043c\u0438 \u043a\u0443\u0441\u043a\u0430\u043c\u0438 \u0434\u043b\u044f \u0433\u0438\u043f\u0435\u0440\u0431\u043e\u043b\u0438\u0447\u0435\u0441\u043a\u0438\u0445 \u0443\u0440\u0430\u0432\u043d\u0435\u043d\u0438\u0439 \u0442\u0440\u0435\u0442\u044c\u0435\u0433\u043e \u043f\u043e\u0440\u044f\u0434\u043a\u0430 (\u0130nternational Conf., Yune 10-10,2019, Khazar University, Baku, Azerbaijan. P158-161<\/strong><\/h3>\n<\/li>\n<li>\n<h3><strong>Fundamental solution OF Cauchy-Goursat Problem for second order Hyperbolic Equuations and related optimal control problems.<\/strong><\/h3>\n<\/li>\n<li>\n<h3><strong>Modern problems of Matematics and Mechanics. Prosedings of the \u0130nternational Conference dedicated to the 100-th anniversary of the National Leader HeydarAliyev, Baku-2023. P.198-201<\/strong><\/h3>\n<\/li>\n<li>\n<h3><strong>On optimality for the linear hyperbolic equation of second with numerouc non-local boundary. Book of abstracts.17-18 Sept. 2015, Baku, Azerbaijan. P77-79<\/strong><\/h3>\n<\/li>\n<li>\n<h3><strong>Fundamental solution OF Cauchy and Goursat Type Problems in Lines with Characteristic and Non-Characteristik Pieces for Third Order Hyperbolic Equuations<\/strong><\/h3>\n<\/li>\n<\/ul>\n<h3><strong>\u00a0<\/strong><\/h3>\n<h3><strong>K\u0130TABLAR<\/strong><\/h3>\n<ul>\n<li>\n<h3><strong>Diferensial t\u0259nlikl\u0259rd\u0259n m\u0259s\u0259l\u0259 v\u0259 misallar (n\u00fcmun\u0259l\u0259r h\u0259lli il\u0259 birlikd\u0259) D\u0259rs v\u0259saiti. Bak\u0131-2010<\/strong><\/h3>\n<\/li>\n<\/ul>\n","protected":false},"excerpt":{"rendered":"<p>H\u00fcseynov Oruc Mustafa o\u011flu QISA B\u0130OQRAF\u0130K M\u018fLUMAT 7 iyun 1954-c\u00fc ild\u0259 G\u0259nc\u0259 \u015f\u0259h\u0259rind\u0259 anadan olmu\u015fdur. 2002-ci ild\u0259n Yap\u0131n \u00fczv\u00fcd\u00fcr. Telefon: +994556626177 E-mail: dekanhuseynov@gmail.com T\u018fHS\u0130L\u0130, ELM\u0130 D\u018fR\u018fC\u018fS\u0130 V\u018f ELM\u0130 ADLARI 1972-1977-ci ill\u0259r Bak\u0131 D\u00f6vl\u0259t Universiteti, Mexanika riyaziyyat fak\u00fclt\u0259si AMEA-n\u0131n Riyaziyyat v\u0259 Mexanika \u0130nstitunda, RHM-d\u0259, SSR\u0130 Neft v\u0259 Kimya S\u0259nayesi Nazirliyinin \u201cNeft kimya avtomat\u201d Elm \u0130stehsalat birliyind\u0259,<\/p>\n<p><a href=\"http:\/\/rif.gdu.edu.az\/?page_id=492\" class=\"more-link themebutton\">Daha \u0259trafl\u0131<\/a><\/p>\n","protected":false},"author":4,"featured_media":0,"parent":0,"menu_order":0,"comment_status":"closed","ping_status":"closed","template":"","meta":{"footnotes":""},"class_list":["post-492","page","type-page","status-publish","hentry"],"_links":{"self":[{"href":"http:\/\/rif.gdu.edu.az\/index.php?rest_route=\/wp\/v2\/pages\/492","targetHints":{"allow":["GET"]}}],"collection":[{"href":"http:\/\/rif.gdu.edu.az\/index.php?rest_route=\/wp\/v2\/pages"}],"about":[{"href":"http:\/\/rif.gdu.edu.az\/index.php?rest_route=\/wp\/v2\/types\/page"}],"author":[{"embeddable":true,"href":"http:\/\/rif.gdu.edu.az\/index.php?rest_route=\/wp\/v2\/users\/4"}],"replies":[{"embeddable":true,"href":"http:\/\/rif.gdu.edu.az\/index.php?rest_route=%2Fwp%2Fv2%2Fcomments&post=492"}],"version-history":[{"count":6,"href":"http:\/\/rif.gdu.edu.az\/index.php?rest_route=\/wp\/v2\/pages\/492\/revisions"}],"predecessor-version":[{"id":6851,"href":"http:\/\/rif.gdu.edu.az\/index.php?rest_route=\/wp\/v2\/pages\/492\/revisions\/6851"}],"wp:attachment":[{"href":"http:\/\/rif.gdu.edu.az\/index.php?rest_route=%2Fwp%2Fv2%2Fmedia&parent=492"}],"curies":[{"name":"wp","href":"https:\/\/api.w.org\/{rel}","templated":true}]}}